{"id":168414,"date":"2025-04-18T16:25:19","date_gmt":"2025-04-18T16:25:19","guid":{"rendered":"https:\/\/ruumistruumi.ee\/pood\/nutikas-veelekkeandur-neo-nas-ws02w-wifi-ip67-tuya\/"},"modified":"2025-08-21T08:19:52","modified_gmt":"2025-08-21T08:19:52","slug":"nutikas-veelekkeandur-neo-nas-ws02w-wifi-ip67-tuya","status":"publish","type":"product","link":"https:\/\/blankpage.ee\/_ruumist-ruumi\/pood\/nutikas-veelekkeandur-neo-nas-ws02w-wifi-ip67-tuya\/","title":{"rendered":"Nutikas veelekkeandur NEO NAS-WS02W (WiFi, IP67, Tuya)"},"content":{"rendered":"<h3>Nutikas veelekkeandur NEO NAS-WS02W (WiFi, IP67, Tuya)<\/h3>\n<p>Nutikas veelekkeandur v\u00f5imaldab veelekked ja veekahjustused varakult avastada ning kiiresti reageerida. Seade t\u00f6\u00f6tab WiFi (2,4 GHz) kaudu ja \u00fchildub erinevate nutikodu platvormidega, sealhulgas Tuya Smart, Amazon Alexa, Google Assistant ja Tmall Genie. T\u00e4nu sellele saad lekke korral kohese teavituse oma telefoni ning saad vajadusel kohe tegutseda.<\/p>\n<p><img decoding=\"async\" src=\"https:\/\/blankpage.ee\/_ruumist-ruumi\/wp-content\/uploads\/2025\/04\/1-106.webp\" alt=\"Nutikas veelekkeandur NEO NAS-WS02W \u00fclalvaates\" \/><\/p>\n<h3>Lihtne paigaldus ja kasutajas\u00f5bralik lahendus<\/h3>\n<p>Seadme paigaldus on j\u00f5ukohane k\u00f5igile ega n\u00f5ua erioskusi. WiFi-v\u00f5rku \u00fchendamiseks j\u00e4rgi kolme sammu: \u00fchenda toide, seo seade \u00e4piga ja lisa see oma kodu automaatikasse. Veetuvastusega sensor sobib suurep\u00e4raselt k\u00f6\u00f6ki, vannituppa, pesumasina v\u00f5i n\u00f5udepesumasina juurde ning k\u00f5ikjale, kus on veeavarii oht.<\/p>\n<p><img decoding=\"async\" src=\"https:\/\/blankpage.ee\/_ruumist-ruumi\/wp-content\/uploads\/2025\/04\/2-109.webp\" alt=\"Veelekkesensor paigaldatud vannituppa\" \/><\/p>\n<h3>Kaitse oma kodu veeavariide eest<\/h3>\n<p>Veelekkedetektor tuvastab kiirelt veega kokkupuute ja saadab automaatse push-teavituse sinu telefonile. Valjuh\u00e4\u00e4lne sisseehitatud alarm muudab lekke m\u00e4rkamatuks j\u00e4\u00e4mise v\u00f5imatuks. Kompaktne disain v\u00f5imaldab paigutada seadme \u00fcle kogu kodu m\u00e4rkamatult erinevatesse kohtadesse.<\/p>\n<p><img decoding=\"async\" src=\"https:\/\/blankpage.ee\/_ruumist-ruumi\/wp-content\/uploads\/2025\/04\/4-99.webp\" alt=\"Veelekkedetektor t\u00f6\u00f6hoos veekahjustuse v\u00e4ltimiseks\" \/><\/p>\n<h3>Tehnilised andmed<\/h3>\n<div class=\"table-wrapper\">\n<table>\n<tbody>\n<tr>\n<th>Tootja<\/th>\n<td>NEO<\/td>\n<\/tr>\n<tr>\n<th>Mudel<\/th>\n<td>NAS-WS02W<\/td>\n<\/tr>\n<tr>\n<th>Toide<\/th>\n<td>CR2 patarei (komplektis)<\/td>\n<\/tr>\n<tr>\n<th>T\u00f6\u00f6aeg<\/th>\n<td>kuni 4 aastat<\/td>\n<\/tr>\n<tr>\n<th>Ooteaeg<\/th>\n<td>kuni 5 aastat<\/td>\n<\/tr>\n<tr>\n<th>T\u00f6\u00f6temperatuur<\/th>\n<td>0\u00a0\u00b0C kuni 40\u00a0\u00b0C<\/td>\n<\/tr>\n<tr>\n<th>T\u00f6\u00f6niiskus<\/th>\n<td>20% \u2013 85%<\/td>\n<\/tr>\n<tr>\n<th>V\u00f5rgutugi<\/th>\n<td>WiFi 2,4 GHz, ulatus kuni 45 m<\/td>\n<\/tr>\n<tr>\n<th>Veekindlus<\/th>\n<td>IP67<\/td>\n<\/tr>\n<tr>\n<th>M\u00f5\u00f5dud<\/th>\n<td>67\u00a0\u00d7\u00a067\u00a0\u00d7\u00a024\u00a0mm<\/td>\n<\/tr>\n<\/tbody>\n<\/table>\n<\/div>\n<p><img decoding=\"async\" src=\"https:\/\/blankpage.ee\/_ruumist-ruumi\/wp-content\/uploads\/2025\/04\/5-86.webp\" alt=\"Kompaktne nutikas veelekkeandur\" \/><\/p>\n<p>Nutikas veelekkeandur aitab suurendada kodu veeohutust ja sobib suurep\u00e4raselt automaatikalahendustesse erinevates ruumides.<\/p>\n","protected":false},"excerpt":{"rendered":"<p>Nutikas veelekkeandur NEO NAS-WS02W (WiFi, IP67, Tuya) Nutikas veelekkeandur v\u00f5imaldab veelekked ja veekahjustused varakult avastada ning kiiresti reageerida. Seade t\u00f6\u00f6tab WiFi (2,4 GHz) kaudu ja \u00fchildub erinevate nutikodu platvormidega, sealhulgas Tuya Smart, Amazon Alexa, Google Assistant ja Tmall Genie. T\u00e4nu sellele saad lekke korral kohese teavituse oma telefoni ning saad vajadusel kohe tegutseda. Lihtne paigaldus [&hellip;]<\/p>\n","protected":false},"featured_media":168419,"comment_status":"open","ping_status":"open","template":"","meta":[],"product_brand":[3067],"product_cat":[3042],"product_tag":[],"class_list":{"0":"post-168414","1":"product","2":"type-product","3":"status-publish","4":"has-post-thumbnail","6":"product_brand-neo","7":"product_cat-andurid","8":"product_shipping_class-innpro","10":"first","11":"instock","12":"sale","13":"taxable","14":"shipping-taxable","15":"purchasable","16":"product-type-simple"},"_links":{"self":[{"href":"https:\/\/blankpage.ee\/_ruumist-ruumi\/wp-json\/wp\/v2\/product\/168414","targetHints":{"allow":["GET"]}}],"collection":[{"href":"https:\/\/blankpage.ee\/_ruumist-ruumi\/wp-json\/wp\/v2\/product"}],"about":[{"href":"https:\/\/blankpage.ee\/_ruumist-ruumi\/wp-json\/wp\/v2\/types\/product"}],"replies":[{"embeddable":true,"href":"https:\/\/blankpage.ee\/_ruumist-ruumi\/wp-json\/wp\/v2\/comments?post=168414"}],"wp:featuredmedia":[{"embeddable":true,"href":"https:\/\/blankpage.ee\/_ruumist-ruumi\/wp-json\/wp\/v2\/media\/168419"}],"wp:attachment":[{"href":"https:\/\/blankpage.ee\/_ruumist-ruumi\/wp-json\/wp\/v2\/media?parent=168414"}],"wp:term":[{"taxonomy":"product_brand","embeddable":true,"href":"https:\/\/blankpage.ee\/_ruumist-ruumi\/wp-json\/wp\/v2\/product_brand?post=168414"},{"taxonomy":"product_cat","embeddable":true,"href":"https:\/\/blankpage.ee\/_ruumist-ruumi\/wp-json\/wp\/v2\/product_cat?post=168414"},{"taxonomy":"product_tag","embeddable":true,"href":"https:\/\/blankpage.ee\/_ruumist-ruumi\/wp-json\/wp\/v2\/product_tag?post=168414"}],"curies":[{"name":"wp","href":"https:\/\/api.w.org\/{rel}","templated":true}]}}