{"id":168598,"date":"2025-04-18T16:30:46","date_gmt":"2025-04-18T16:30:46","guid":{"rendered":"https:\/\/ruumistruumi.ee\/pood\/nutikas-turvakaamera-arenti-dome1-2k-wifi-oonagemise-ja-liikumistuvastusega\/"},"modified":"2025-05-05T08:35:20","modified_gmt":"2025-05-05T08:35:20","slug":"nutikas-turvakaamera-arenti-dome1-2k-wifi-oonagemise-ja-liikumistuvastusega","status":"publish","type":"product","link":"https:\/\/blankpage.ee\/_ruumist-ruumi\/pood\/nutikas-turvakaamera-arenti-dome1-2k-wifi-oonagemise-ja-liikumistuvastusega\/","title":{"rendered":"Nutikas turvakaamera Arenti Dome1 2K WiFi, \u00f6\u00f6n\u00e4gemise ja liikumistuvastusega"},"content":{"rendered":"<h3>Nutikas turvakaamera Arenti Dome1 2K \u2013 parim valik siseturvaks<\/h3>\n<p>Nutikas turvakaamera Arenti Dome1 WiFi 2K sisekaamera pakub usaldusv\u00e4\u00e4rset lahendust k\u00f5igile, kes soovivad oma kodu kaitsta moodsalt ja efektiivselt. Kaamera 2K Ultra HD lahutusv\u00f5ime tagab terava ja detailse pildikvaliteedi nii p\u00e4eval kui \u00f6\u00f6sel. T\u00e4nu arenenud liikumise- ja heli tuvastusele saad alati kiirelt teada olulistest s\u00fcndmustest, olgu see seotud laste, lemmikloomade v\u00f5i kodu \u00fcldise turvalisusega.<\/p>\n<p><img decoding=\"async\" src=\"https:\/\/blankpage.ee\/_ruumist-ruumi\/wp-content\/uploads\/2025\/04\/5-94.webp\" alt=\"nutikas turvakaamera Arenti Dome1 l\u00e4hivaates\"\/><\/p>\n<h3>Usaldusv\u00e4\u00e4rne liikumis- ja helm\u00e4rguanne<\/h3>\n<p>Arenti Dome1 tuvastab automaatselt inimeste liikumise ja kahtlased helid, salvestades need s\u00fcndmused ning saates teavitused nutitelefoni. Nii on v\u00f5imalik kohe reageerida soovimatutele olukordadele ning suurendada kodu turvalisust.<\/p>\n<p><img decoding=\"async\" src=\"https:\/\/blankpage.ee\/_ruumist-ruumi\/wp-content\/uploads\/2025\/04\/8-50.webp\" alt=\"liikumistuvastusega Valvekaamera t\u00f6\u00f6tab siseruumides\"\/><\/p>\n<h3>Selge 2K pildikvaliteet p\u00e4eval ja \u00f6\u00f6sel<\/h3>\n<p>Dome1 2K kvaliteet tagab \u00f6\u00f6p\u00e4evaringselt v\u00e4ga selge kujutise, v\u00f5imaldades selgelt eristada inimesi ja detaile kuni 10 meetri kauguselt. Kaamera loob s\u00fcndmustest l\u00fchiklippide arhiveeringu (kuni 180 sekundit), v\u00f5imaldades hiljem turvakaadreid h\u00f5lpsasti \u00fcle vaadata.<\/p>\n<p><img decoding=\"async\" src=\"https:\/\/blankpage.ee\/_ruumist-ruumi\/wp-content\/uploads\/2025\/04\/9-41.webp\" alt=\"\u00f6\u00f6n\u00e4gemisega nutikas valvekaamera n\u00e4itab pimedas teravat pilti\"\/><\/p>\n<h3>Paindlik paigaldus ja keskendatud kaitse<\/h3>\n<p>Juhtmevaba disain lubab kaamera h\u00f5lpsalt paigaldada sobivasse kohta. V\u00f5imalik on p\u00f6\u00f6rata seadet 350\u00b0 horisontaalselt ja kallutada -20\u00b0 kuni 90\u00b0, lisaks saab m\u00e4\u00e4rata individuaalsed j\u00e4lgimisalad turvalisuse suurendamiseks.<\/p>\n<p><img decoding=\"async\" src=\"https:\/\/blankpage.ee\/_ruumist-ruumi\/wp-content\/uploads\/2025\/04\/2-122.webp\" alt=\"siseturbekaamera paigaldusv\u00f5imalused erinevates tubades\"\/><\/p>\n<h3>Kahesuunaline audiofunktsioon<\/h3>\n<p>Sisse ehitatud mikrofon ja k\u00f5lar v\u00f5imaldavad h\u00f5lpsalt suhelda pereliikmete, k\u00fclaliste v\u00f5i isegi lemmikloomadega otse l\u00e4bi kaamera. V\u00f5imalik on kaugelt ka soovimatuid k\u00fclalisi hoiatada ning tagada kodurahu.<\/p>\n<p><img decoding=\"async\" src=\"https:\/\/blankpage.ee\/_ruumist-ruumi\/wp-content\/uploads\/2025\/04\/4-112.webp\" alt=\"nutika sisekaamera kahesuunaline heliside\"\/><\/p>\n<h3>Lahendused mugavaks juhtimiseks<\/h3>\n<p>Kaamerat on lihtne hallata nii iOS kui ka Android seadmetes. Salvestisi saab talletada SD-kaardil (kuni 256 GB) v\u00f5i pilveteenuses. Kaamera \u00fchildub Alexa ja Google Assistantiga, v\u00f5imaldades juhtimist h\u00e4\u00e4lk\u00e4sklustega ning kasutusmugavust igap\u00e4evaselt.<\/p>\n<p><img decoding=\"async\" src=\"https:\/\/blankpage.ee\/_ruumist-ruumi\/wp-content\/uploads\/2025\/04\/7-77.webp\" alt=\"turvakaamera kaugjuhtimine rakenduse kaudu nutiseadmel\"\/><\/p>\n<h3>Tehnilised andmed<\/h3>\n<table>\n<tbody>\n<tr>\n<th>Pildisensor<\/th>\n<td>1\/3&#8221; 3 MP CMOS<\/td>\n<\/tr>\n<tr>\n<th>Pikslite arv<\/th>\n<td>2304 x 1296<\/td>\n<\/tr>\n<tr>\n<th>Minimaalne valgustatus<\/th>\n<td>V\u00e4rviline 0,1 Lux@F2.0; mustvalge 0,01 Lux@F2.0<\/td>\n<\/tr>\n<tr>\n<th>\u00d6\u00f6n\u00e4gemise ulatus<\/th>\n<td>Kuni 10 m<\/td>\n<\/tr>\n<tr>\n<th>Objektiiv<\/th>\n<td>3,6 mm@F2.0, 100\u00b0 vaatenurk<\/td>\n<\/tr>\n<tr>\n<th>Audio<\/th>\n<td>Sisse ehitatud mikrofon ja k\u00f5lar<\/td>\n<\/tr>\n<tr>\n<th>Juhtmevaba \u00fchendus<\/th>\n<td>2.4G Wi-Fi (IEEE802.11b\/g\/n)<\/td>\n<\/tr>\n<tr>\n<th>T\u00f6\u00f6temperatuur<\/th>\n<td>-20 \u00b0C kuni +50 \u00b0C<\/td>\n<\/tr>\n<tr>\n<th>Toide<\/th>\n<td>DC 5V\/1A<\/td>\n<\/tr>\n<tr>\n<th>Salvestus<\/th>\n<td>SD-kaart (kuni 256 GB), pilvesalvestus<\/td>\n<\/tr>\n<tr>\n<th>M\u00f5\u00f5dud<\/th>\n<td>58,7 x 70 x 102 mm<\/td>\n<\/tr>\n<tr>\n<th>Kaal<\/th>\n<td>159 g<\/td>\n<\/tr>\n<\/tbody>\n<\/table>\n<h3>Komplektis<\/h3>\n<ul>\n<li>Arenti Dome1 kaamera<\/li>\n<li>Kinnitusklamber<\/li>\n<li>Adapter ja USB-kaabel<\/li>\n<li>Kruvikomplekt<\/li>\n<li>Hoiatuskleebis<\/li>\n<\/ul>\n","protected":false},"excerpt":{"rendered":"<p>Nutikas turvakaamera Arenti Dome1 2K \u2013 parim valik siseturvaks Nutikas turvakaamera Arenti Dome1 WiFi 2K sisekaamera pakub usaldusv\u00e4\u00e4rset lahendust k\u00f5igile, kes soovivad oma kodu kaitsta moodsalt ja efektiivselt. Kaamera 2K Ultra HD lahutusv\u00f5ime tagab terava ja detailse pildikvaliteedi nii p\u00e4eval kui \u00f6\u00f6sel. T\u00e4nu arenenud liikumise- ja heli tuvastusele saad alati kiirelt teada olulistest s\u00fcndmustest, olgu [&hellip;]<\/p>\n","protected":false},"featured_media":168605,"comment_status":"open","ping_status":"open","template":"","meta":[],"product_brand":[3068],"product_cat":[3056],"product_tag":[],"class_list":{"0":"post-168598","1":"product","2":"type-product","3":"status-publish","4":"has-post-thumbnail","6":"product_brand-arenti","7":"product_cat-ip-kaamerad","8":"product_shipping_class-innpro","10":"first","11":"outofstock","12":"taxable","13":"shipping-taxable","14":"purchasable","15":"product-type-simple"},"_links":{"self":[{"href":"https:\/\/blankpage.ee\/_ruumist-ruumi\/wp-json\/wp\/v2\/product\/168598","targetHints":{"allow":["GET"]}}],"collection":[{"href":"https:\/\/blankpage.ee\/_ruumist-ruumi\/wp-json\/wp\/v2\/product"}],"about":[{"href":"https:\/\/blankpage.ee\/_ruumist-ruumi\/wp-json\/wp\/v2\/types\/product"}],"replies":[{"embeddable":true,"href":"https:\/\/blankpage.ee\/_ruumist-ruumi\/wp-json\/wp\/v2\/comments?post=168598"}],"wp:featuredmedia":[{"embeddable":true,"href":"https:\/\/blankpage.ee\/_ruumist-ruumi\/wp-json\/wp\/v2\/media\/168605"}],"wp:attachment":[{"href":"https:\/\/blankpage.ee\/_ruumist-ruumi\/wp-json\/wp\/v2\/media?parent=168598"}],"wp:term":[{"taxonomy":"product_brand","embeddable":true,"href":"https:\/\/blankpage.ee\/_ruumist-ruumi\/wp-json\/wp\/v2\/product_brand?post=168598"},{"taxonomy":"product_cat","embeddable":true,"href":"https:\/\/blankpage.ee\/_ruumist-ruumi\/wp-json\/wp\/v2\/product_cat?post=168598"},{"taxonomy":"product_tag","embeddable":true,"href":"https:\/\/blankpage.ee\/_ruumist-ruumi\/wp-json\/wp\/v2\/product_tag?post=168598"}],"curies":[{"name":"wp","href":"https:\/\/api.w.org\/{rel}","templated":true}]}}