{"id":168609,"date":"2025-04-18T16:30:46","date_gmt":"2025-04-18T16:30:46","guid":{"rendered":"https:\/\/ruumistruumi.ee\/pood\/nutikas-valgusluliti-avatto-ts02-eu-w1-puutetundlik-1-nupp-valge-tuya\/"},"modified":"2025-08-21T08:19:51","modified_gmt":"2025-08-21T08:19:51","slug":"nutikas-valgusluliti-avatto-ts02-eu-w1-puutetundlik-1-nupp-valge-tuya","status":"publish","type":"product","link":"https:\/\/blankpage.ee\/_ruumist-ruumi\/pood\/nutikas-valgusluliti-avatto-ts02-eu-w1-puutetundlik-1-nupp-valge-tuya\/","title":{"rendered":"Nutikas valgusl\u00fcliti Avatto TS02-EU-W1 (puutetundlik, 1 nupp, valge, Tuya)"},"content":{"rendered":"<h3>Nutikas valgusl\u00fcliti Avatto TS02-EU-W1 (puutetundlik, 1 nupp, valge, Tuya)<\/h3>\n<p>Avatto TS02-EU-W1 on puutetundlik nutikas valgusl\u00fcliti, mis v\u00f5imaldab juhtida kodu valgustust nii traditsioonilise l\u00fcliti kaudu kui ka nutiseadmest. T\u00e4nu \u00fchilduvusele Tuya ja Smart Life rakendustega on v\u00f5imalik tulesid sisse ja v\u00e4lja l\u00fclitada otse mobiiltelefonist \u2013 s\u00f5ltumata asukohast. See nutikas l\u00fcliti \u00fchildub ka Google Assistant ja Amazon Alexa h\u00e4\u00e4leassistentidega, v\u00f5imaldades nutikat valgusl\u00fclitit mugavalt h\u00e4\u00e4lk\u00e4sklustega juhtida. Nutikas valgusl\u00fcliti sobib ideaalselt neile, kes soovivad lisada oma koju kaasaegseid nutifunktsioone.<\/p>\n<p><img decoding=\"async\" src=\"https:\/\/blankpage.ee\/_ruumist-ruumi\/wp-content\/uploads\/2025\/04\/7-78.webp\" alt=\"Valge nutikas valgusl\u00fcliti Avatto TS02-EU-W1 seinas, puhas ja modernne v\u00e4limus\" \/><\/p>\n<h3>Valgustuse kaugjuhtimine rakenduse kaudu<\/h3>\n<p>Valguste l\u00fclitamist saad h\u00f5lpsasti hallata ka eemal olles. Nutikas valgusl\u00fcliti v\u00f5imaldab seadistada ajastusi ja taimerfunktsioone, mis teevad igap\u00e4evased toimingud automaatseks. N\u00e4iteks v\u00f5id m\u00e4\u00e4rata, et tuled s\u00fcttivad hommikul ning kustuvad \u00f5htul kindlal ajal, aidates kaasa energiakokkuhoiule ja mugavusele.<\/p>\n<p><img decoding=\"async\" src=\"https:\/\/blankpage.ee\/_ruumist-ruumi\/wp-content\/uploads\/2025\/04\/4-113.webp\" alt=\"Nutitelefonist juhitav valgusl\u00fcliti rakendus \u2013 nutikas valgusl\u00fcliti ekraanil\" \/><\/p>\n<h3>Nutikad stsenaariumid ja seadmete grupijuhtimine<\/h3>\n<p>L\u00fcliti v\u00f5imaldab \u00fchendada seadmed gruppidesse ning luua nutikaid stsenaariume vastavalt soovidele. Kasuta n\u00e4iteks liikumisandurit, et valgus l\u00fclituks sisse ruumi sisenedes. Lisaks saad anda ligip\u00e4\u00e4su teistele pereliikmetele, kes saavad samuti valguste juhtimise \u00fcle v\u00f5tta otse oma seadmest.<\/p>\n<p><img decoding=\"async\" src=\"https:\/\/blankpage.ee\/_ruumist-ruumi\/wp-content\/uploads\/2025\/04\/2-123.webp\" alt=\"Nutika valgusl\u00fcliti kasutamine liikumisanduriga \u2013 valgustusskeem\" \/><\/p>\n<h3>H\u00e4\u00e4lega juhitav valgusl\u00fcliti<\/h3>\n<p>Nutikas valgusl\u00fcliti t\u00f6\u00f6tab koos Google Assistant ja Amazon Alexa h\u00e4\u00e4leassistentidega, v\u00f5imaldades valguste sisse-v\u00e4lja l\u00fclitamist lihtsalt h\u00e4\u00e4lk\u00e4sklustega \u2013 sobib eriti h\u00e4sti olukordades, kus k\u00e4ed on kinni.<\/p>\n<p><img decoding=\"async\" src=\"https:\/\/blankpage.ee\/_ruumist-ruumi\/wp-content\/uploads\/2025\/04\/5-95.webp\" alt=\"H\u00e4\u00e4leabilisega kontrollitav Avatto nutikas valgusl\u00fcliti kasutuses\" \/><\/p>\n<h3>Minimalistlik ja vastupidav disain<\/h3>\n<p>L\u00fcliti karastatud klaasist esipaneel on vastupidav, kriimustuskindel ning lihtsalt puhastatav. Minimalistlik disain sobib igasse moodsasse interj\u00f6\u00f6ri ning niiskuskindlus v\u00f5imaldab seda kasutada ka vannitoas. Taustvalgustuse saab soovi korral v\u00e4lja l\u00fclitada.<\/p>\n<p><img decoding=\"async\" src=\"https:\/\/blankpage.ee\/_ruumist-ruumi\/wp-content\/uploads\/2025\/04\/6-83.webp\" alt=\"Valge karastatud klaasiga nutikas valgusl\u00fcliti t\u00e4nap\u00e4evases interj\u00f6\u00f6ris\" \/><\/p>\n<h3>Lihtne paigaldada ja kasutada<\/h3>\n<p>Paigaldus on kiire ja lihtne t\u00e4nu selgetele juhistele. V\u00f5imalik on kasutada kahte l\u00fclitit \u00fche valgusallika juhtimiseks, n\u00e4iteks trepikojas. Paigaldamiseks on vajalik nulljuhtme olemasolu. Nutikas valgusl\u00fcliti aitab kaasa energias\u00e4\u00e4stule ja teeb igap\u00e4evase juhtimise mugavaks.<\/p>\n<p><img decoding=\"async\" src=\"https:\/\/blankpage.ee\/_ruumist-ruumi\/wp-content\/uploads\/2025\/04\/1-121.webp\" alt=\"Avatto TS02-EU-W1 nutikas valgusl\u00fcliti paigaldamine\" \/><\/p>\n<table>\n<tbody>\n<tr>\n<th>Br\u00e4nd<\/th>\n<td>Avatto<\/td>\n<\/tr>\n<tr>\n<th>Mudel<\/th>\n<td>TS02-EU-W1<\/td>\n<\/tr>\n<tr>\n<th>V\u00e4rvus<\/th>\n<td>Valge<\/td>\n<\/tr>\n<tr>\n<th>Nuppude arv<\/th>\n<td>1<\/td>\n<\/tr>\n<tr>\n<th>Nimiv\u00f5imsus<\/th>\n<td>800 W\/kanal<\/td>\n<\/tr>\n<tr>\n<th>Nimivool<\/th>\n<td>10 A<\/td>\n<\/tr>\n<tr>\n<th>Toitepinge<\/th>\n<td>AC 110\u2013240 V, 50\/60 Hz<\/td>\n<\/tr>\n<tr>\n<th>Ootere\u017eiimi energiatarve<\/th>\n<td>0,45 W \/ 0,1 mA<\/td>\n<\/tr>\n<tr>\n<th>Wi-Fi sagedusriba<\/th>\n<td>2,4 GHz<\/td>\n<\/tr>\n<tr>\n<th>Korpus<\/th>\n<td>ABS-plastik<\/td>\n<\/tr>\n<tr>\n<th>Paneeli materjal<\/th>\n<td>Karastatud klaas<\/td>\n<\/tr>\n<tr>\n<th>M\u00f5\u00f5dud<\/th>\n<td>86 x 86 x 33 mm<\/td>\n<\/tr>\n<tr>\n<th>T\u00f6\u00f6s\u00fcsteemid<\/th>\n<td>iOS 8.0, Android 4.0 ja uuemad<\/td>\n<\/tr>\n<tr>\n<th>Rakendus<\/th>\n<td>Tuya \/ Smart Life<\/td>\n<\/tr>\n<tr>\n<th>\u00dchilduvus<\/th>\n<td>Amazon Alexa, Google Home, Yandex Alice, SmartThings<\/td>\n<\/tr>\n<\/tbody>\n<\/table>\n","protected":false},"excerpt":{"rendered":"<p>Nutikas valgusl\u00fcliti Avatto TS02-EU-W1 (puutetundlik, 1 nupp, valge, Tuya) Avatto TS02-EU-W1 on puutetundlik nutikas valgusl\u00fcliti, mis v\u00f5imaldab juhtida kodu valgustust nii traditsioonilise l\u00fcliti kaudu kui ka nutiseadmest. T\u00e4nu \u00fchilduvusele Tuya ja Smart Life rakendustega on v\u00f5imalik tulesid sisse ja v\u00e4lja l\u00fclitada otse mobiiltelefonist \u2013 s\u00f5ltumata asukohast. See nutikas l\u00fcliti \u00fchildub ka Google Assistant ja Amazon [&hellip;]<\/p>\n","protected":false},"featured_media":168616,"comment_status":"open","ping_status":"open","template":"","meta":[],"product_brand":[3063],"product_cat":[3039],"product_tag":[],"class_list":{"0":"post-168609","1":"product","2":"type-product","3":"status-publish","4":"has-post-thumbnail","6":"product_brand-avatto","7":"product_cat-lulitid","8":"product_shipping_class-innpro","10":"first","11":"instock","12":"sale","13":"taxable","14":"shipping-taxable","15":"purchasable","16":"product-type-simple"},"_links":{"self":[{"href":"https:\/\/blankpage.ee\/_ruumist-ruumi\/wp-json\/wp\/v2\/product\/168609","targetHints":{"allow":["GET"]}}],"collection":[{"href":"https:\/\/blankpage.ee\/_ruumist-ruumi\/wp-json\/wp\/v2\/product"}],"about":[{"href":"https:\/\/blankpage.ee\/_ruumist-ruumi\/wp-json\/wp\/v2\/types\/product"}],"replies":[{"embeddable":true,"href":"https:\/\/blankpage.ee\/_ruumist-ruumi\/wp-json\/wp\/v2\/comments?post=168609"}],"wp:featuredmedia":[{"embeddable":true,"href":"https:\/\/blankpage.ee\/_ruumist-ruumi\/wp-json\/wp\/v2\/media\/168616"}],"wp:attachment":[{"href":"https:\/\/blankpage.ee\/_ruumist-ruumi\/wp-json\/wp\/v2\/media?parent=168609"}],"wp:term":[{"taxonomy":"product_brand","embeddable":true,"href":"https:\/\/blankpage.ee\/_ruumist-ruumi\/wp-json\/wp\/v2\/product_brand?post=168609"},{"taxonomy":"product_cat","embeddable":true,"href":"https:\/\/blankpage.ee\/_ruumist-ruumi\/wp-json\/wp\/v2\/product_cat?post=168609"},{"taxonomy":"product_tag","embeddable":true,"href":"https:\/\/blankpage.ee\/_ruumist-ruumi\/wp-json\/wp\/v2\/product_tag?post=168609"}],"curies":[{"name":"wp","href":"https:\/\/api.w.org\/{rel}","templated":true}]}}