{"id":168619,"date":"2025-04-18T16:30:46","date_gmt":"2025-04-18T16:30:46","guid":{"rendered":"https:\/\/ruumistruumi.ee\/pood\/nutikas-valgusluliti-avatto-ts02-eu-b1-1-teeline-must-wifi-tuya\/"},"modified":"2025-08-21T08:19:51","modified_gmt":"2025-08-21T08:19:51","slug":"nutikas-valgusluliti-avatto-ts02-eu-b1-1-teeline-must-wifi-tuya","status":"publish","type":"product","link":"https:\/\/blankpage.ee\/_ruumist-ruumi\/pood\/nutikas-valgusluliti-avatto-ts02-eu-b1-1-teeline-must-wifi-tuya\/","title":{"rendered":"Nutikas valgusl\u00fcliti Avatto TS02-EU-B1, 1-teeline, must, WiFi, TUYA"},"content":{"rendered":"<h3>Nutikas valgusl\u00fcliti Avatto TS02-EU-B1, 1-teeline, must, WiFi, TUYA<\/h3>\n<p><strong>Nutikas valgusl\u00fcliti<\/strong> Avatto TS02-EU-B1 on kaasaegne puutetundlik WiFi l\u00fcliti, mis sobib suurep\u00e4raselt igasse nutikodusse. See v\u00f5imaldab valgustite mugavat juhtimist ning t\u00e4nu \u00fchilduvusele TUYA ja Smart Life mobiilirakendustega saad valgusteid sisse ja v\u00e4lja l\u00fclitada mugavalt oma nutitelefoni abil ka kodust eemal olles.<\/p>\n<p><img decoding=\"async\" src=\"https:\/\/blankpage.ee\/_ruumist-ruumi\/wp-content\/uploads\/2025\/04\/7-79.webp\" border=\"0\" alt=\"Must nutikas valgusl\u00fcliti Avatto TS02-EU-B1 mobiiltelefoniga rakenduse kasutamisel\" \/><\/p>\n<h3>Targalt juhitav valgus ning automatiseerimine<\/h3>\n<p>Rakendusep\u00f5hine juhtimine v\u00f5imaldab valguste automatiseerimist \u2013 saad seada taimerid ja ajastada, et valgus l\u00fclitub soovitud ajal automaatselt sisse v\u00f5i v\u00e4lja. Samuti on v\u00f5imalik seadmeid gruppidesse jagada ning siduda l\u00fcliti teiste nutiseadmetega, et luua personaalset koduautomaatikat, n\u00e4iteks s\u00fcttib valgus liikumise tuvastamisel.<\/p>\n<p><img decoding=\"async\" src=\"https:\/\/blankpage.ee\/_ruumist-ruumi\/wp-content\/uploads\/2025\/04\/4-114.webp\" border=\"0\" alt=\"Nutika valgusl\u00fcliti kaugjuhtimine mobiilirakenduse abil\" \/><\/p>\n<h3>H\u00e4\u00e4ljuhtimine ja perega jagamine<\/h3>\n<p>L\u00fcliti toetab Google Assistant&#8217;i, Amazon Alexa ja teiste populaarsete h\u00e4\u00e4lassistentide k\u00e4sklusi, mis v\u00f5imaldab valguste sisse- ja v\u00e4ljal\u00fclitamist h\u00e4\u00e4lk\u00e4sklusega. Samuti on v\u00f5imalik l\u00fclitit jagada pereliikmete v\u00f5i kaast\u00f6\u00f6tajatega, et k\u00f5ik saaksid valgusteid oma telefonist juhtida.<\/p>\n<p><img decoding=\"async\" src=\"https:\/\/blankpage.ee\/_ruumist-ruumi\/wp-content\/uploads\/2025\/04\/2-124.webp\" border=\"0\" alt=\"Kaks inimest juhivad valgusl\u00fclitit nutikodu rakenduse abil\" \/><\/p>\n<h3>Modernne ja vastupidav disain<\/h3>\n<p>Minimalistlik ning kaasaegne ilme teeb selle valgusl\u00fcliti sobivaks igasse interj\u00f6\u00f6ri. Tugevast karastatud klaasist valmistatud paneel on lihtsalt puhastatav ja vastupidav kriimustustele, pleekimisele ning niiskusele \u2013 sobides ka vannituppa. L\u00fclitil on vajadusel sisse- v\u00f5i v\u00e4ljal\u00fclitatav taustavalgustus.<\/p>\n<p><img decoding=\"async\" src=\"https:\/\/blankpage.ee\/_ruumist-ruumi\/wp-content\/uploads\/2025\/04\/5-96.webp\" border=\"0\" alt=\"Nutika valgusl\u00fcliti puutetundliku ekraaniga k\u00e4si l\u00fclitab valgust\" \/><\/p>\n<h3>Lihtne paigaldus igas kodus<\/h3>\n<p>Nutika valgusl\u00fcliti paigaldamine on lihtne ning seda saab kasutada ka kahe l\u00fclitiga \u00fche valgusti juhtimiseks, n\u00e4iteks trepikojas. Ole t\u00e4helepanelik, et paigaldamiseks on vaja neutraaljuhet. Nutikas valgusl\u00fcliti muudab iga kodu valgustuse mugavalt juhitavaks ja kaasaegseks.<\/p>\n<p><img decoding=\"async\" src=\"https:\/\/blankpage.ee\/_ruumist-ruumi\/wp-content\/uploads\/2025\/04\/6-84.webp\" border=\"0\" alt=\"Must puutetundlik nutikas valgusl\u00fcliti roostevaba raamiga seinal\" \/><\/p>\n<p><img decoding=\"async\" src=\"https:\/\/blankpage.ee\/_ruumist-ruumi\/wp-content\/uploads\/2025\/04\/3-114.webp\" border=\"0\" alt=\"Valgusl\u00fcliti paigaldamine, juhtmete \u00fchendamine seinal\" \/><\/p>\n<div class=\"table-wrapper\">\n<table>\n<tbody>\n<tr>\n<th>Br\u00e4nd<\/th>\n<td>Avatto<\/td>\n<\/tr>\n<tr>\n<th>Mudel<\/th>\n<td>TS02-EU-B1<\/td>\n<\/tr>\n<tr>\n<th>V\u00e4rv<\/th>\n<td>Must<\/td>\n<\/tr>\n<tr>\n<th>Nuppude arv<\/th>\n<td>1<\/td>\n<\/tr>\n<tr>\n<th>Maksimaalne v\u00f5imsus<\/th>\n<td>800 W \/ kanal<\/td>\n<\/tr>\n<tr>\n<th>Nimivool<\/th>\n<td>10 A<\/td>\n<\/tr>\n<tr>\n<th>Sisendpinge<\/th>\n<td>AC 110-240 V, 50\/60 Hz<\/td>\n<\/tr>\n<tr>\n<th>Ootere\u017eiimi tarbimine<\/th>\n<td>0,45 W \/ 0,1 mA<\/td>\n<\/tr>\n<tr>\n<th>Wi-Fi sagedusala<\/th>\n<td>2,4 GHz; 2,4\/5 GHz<\/td>\n<\/tr>\n<tr>\n<th>Korpus<\/th>\n<td>ABS-plastik<\/td>\n<\/tr>\n<tr>\n<th>Paneel<\/th>\n<td>Karastatud klaas<\/td>\n<\/tr>\n<tr>\n<th>M\u00f5\u00f5dud<\/th>\n<td>86 x 86 x 33 mm<\/td>\n<\/tr>\n<tr>\n<th>Tarkvaraline tugi<\/th>\n<td>iOS 8.0 ja uuem, Android 4.0 ja uuem<\/td>\n<\/tr>\n<tr>\n<th>Rakendus<\/th>\n<td>TUYA \/ Smart Life<\/td>\n<\/tr>\n<tr>\n<th>\u00dchilduvus<\/th>\n<td>Amazon Alexa, Google Home, Yandex Alice, SmartThings<\/td>\n<\/tr>\n<\/tbody>\n<\/table>\n<\/div>\n","protected":false},"excerpt":{"rendered":"<p>Nutikas valgusl\u00fcliti Avatto TS02-EU-B1, 1-teeline, must, WiFi, TUYA Nutikas valgusl\u00fcliti Avatto TS02-EU-B1 on kaasaegne puutetundlik WiFi l\u00fcliti, mis sobib suurep\u00e4raselt igasse nutikodusse. See v\u00f5imaldab valgustite mugavat juhtimist ning t\u00e4nu \u00fchilduvusele TUYA ja Smart Life mobiilirakendustega saad valgusteid sisse ja v\u00e4lja l\u00fclitada mugavalt oma nutitelefoni abil ka kodust eemal olles. Targalt juhitav valgus ning automatiseerimine Rakendusep\u00f5hine [&hellip;]<\/p>\n","protected":false},"featured_media":168626,"comment_status":"open","ping_status":"open","template":"","meta":[],"product_brand":[3063],"product_cat":[3039],"product_tag":[],"class_list":{"0":"post-168619","1":"product","2":"type-product","3":"status-publish","4":"has-post-thumbnail","6":"product_brand-avatto","7":"product_cat-lulitid","8":"product_shipping_class-innpro","10":"first","11":"instock","12":"sale","13":"taxable","14":"shipping-taxable","15":"purchasable","16":"product-type-simple"},"_links":{"self":[{"href":"https:\/\/blankpage.ee\/_ruumist-ruumi\/wp-json\/wp\/v2\/product\/168619","targetHints":{"allow":["GET"]}}],"collection":[{"href":"https:\/\/blankpage.ee\/_ruumist-ruumi\/wp-json\/wp\/v2\/product"}],"about":[{"href":"https:\/\/blankpage.ee\/_ruumist-ruumi\/wp-json\/wp\/v2\/types\/product"}],"replies":[{"embeddable":true,"href":"https:\/\/blankpage.ee\/_ruumist-ruumi\/wp-json\/wp\/v2\/comments?post=168619"}],"wp:featuredmedia":[{"embeddable":true,"href":"https:\/\/blankpage.ee\/_ruumist-ruumi\/wp-json\/wp\/v2\/media\/168626"}],"wp:attachment":[{"href":"https:\/\/blankpage.ee\/_ruumist-ruumi\/wp-json\/wp\/v2\/media?parent=168619"}],"wp:term":[{"taxonomy":"product_brand","embeddable":true,"href":"https:\/\/blankpage.ee\/_ruumist-ruumi\/wp-json\/wp\/v2\/product_brand?post=168619"},{"taxonomy":"product_cat","embeddable":true,"href":"https:\/\/blankpage.ee\/_ruumist-ruumi\/wp-json\/wp\/v2\/product_cat?post=168619"},{"taxonomy":"product_tag","embeddable":true,"href":"https:\/\/blankpage.ee\/_ruumist-ruumi\/wp-json\/wp\/v2\/product_tag?post=168619"}],"curies":[{"name":"wp","href":"https:\/\/api.w.org\/{rel}","templated":true}]}}