{"id":168677,"date":"2025-04-18T16:33:42","date_gmt":"2025-04-18T16:33:42","guid":{"rendered":"https:\/\/ruumistruumi.ee\/pood\/nutikas-valgusluliti-avatto-zts02-eu-b1-zigbee-1-nupuline-must\/"},"modified":"2025-08-21T08:19:49","modified_gmt":"2025-08-21T08:19:49","slug":"nutikas-valgusluliti-avatto-zts02-eu-b1-zigbee-1-nupuline-must","status":"publish","type":"product","link":"https:\/\/blankpage.ee\/_ruumist-ruumi\/pood\/nutikas-valgusluliti-avatto-zts02-eu-b1-zigbee-1-nupuline-must\/","title":{"rendered":"Nutikas valgusl\u00fcliti Avatto ZTS02-EU-B1, ZigBee, 1-nupuline, must"},"content":{"rendered":"<h3>Nutikas valgusl\u00fcliti Avatto ZTS02-EU-B1, ZigBee, 1-nupuline, must<\/h3>\n<p><strong>Nutikas valgusl\u00fcliti<\/strong> Avatto ZTS02-EU-B1 on kaasaegne puutetundlik l\u00fcliti, mis sobib ideaalselt nutikodu lahendustesse. Saad l\u00fclitit juhtida otse puutetundlikult paneelilt v\u00f5i kaugelt l\u00e4bi TUYA ja Smart Life mobiilirakenduse. Lisaks t\u00f6\u00f6tab seade Google Assistanti ja Amazon Alexa h\u00e4\u00e4leassistentidega, mis v\u00f5imaldab valgustust mugavalt h\u00e4\u00e4lk\u00e4sklustega sisse v\u00f5i v\u00e4lja l\u00fclitada.<\/p>\n<p><img decoding=\"async\" src=\"https:\/\/blankpage.ee\/_ruumist-ruumi\/wp-content\/uploads\/2025\/04\/3-118.webp\" border=\"0\" alt=\"Must puutetundlik nutikas valgusl\u00fcliti Avatto ZTS02-EU-B1 modernses ruumis\" \/><\/p>\n<h3>Kaugjuhtimine ja automaatika nutikas valgusl\u00fclitis<\/h3>\n<p>Nutikas valgusl\u00fcliti v\u00f5imaldab sul kontrollida valgustust k\u00f5ikjalt \u2013 olgu see kodus v\u00f5i eemalt t\u00f6\u00f6l. Mobiilirakenduses saad koostada ajastusi ja taimerid ning panna tuled s\u00fcttima v\u00f5i kustuma just siis, kui vaja. N\u00e4iteks v\u00f5id valguse automaatselt sisse v\u00f5i v\u00e4lja l\u00fclitada vastavalt enda igap\u00e4evasele rutiinile.<\/p>\n<p><img decoding=\"async\" src=\"https:\/\/blankpage.ee\/_ruumist-ruumi\/wp-content\/uploads\/2025\/04\/6-90.webp\" border=\"0\" alt=\"Valgustuse kaugjuhtimine mobiilirakendusega intuitiivse kasutajaliidesega\" \/><\/p>\n<h3>T\u00e4iustatud nutikodu funktsioonid ja juhtimine<\/h3>\n<p>Rakendus v\u00f5imaldab seadmeid siduda omavahel ning jagada juhtimist pereliikmetega. Nutikas valgusl\u00fcliti saab t\u00f6\u00f6tada koos teiste nutikodu seadmetega, n\u00e4iteks saab valgustust aktiveerida liikumisanduri abil. Gruppide ja stseenide loomine teeb kogu valgustuse haldamise mugavaks ja paindlikuks \u00fchest kohast.<\/p>\n<p><img decoding=\"async\" src=\"https:\/\/blankpage.ee\/_ruumist-ruumi\/wp-content\/uploads\/2025\/04\/7-84.webp\" border=\"0\" alt=\"Nutikodu seadmete \u00fchildamine ja valgusl\u00fcliti integreerimine\" \/><\/p>\n<h3>Stiilne ja vastupidav disain<\/h3>\n<p>L\u00fcliti esipaneel on valmistatud karastatud klaasist, mille minimalistlik must disain sobib igasse interj\u00f6\u00f6ri. Kriimustuskindel ja pleekimiskindel pind on lihtsasti hooldatav \u2013 vajadusel piisab tolmu p\u00fchkimisest. Veekindlus v\u00f5imaldab paigaldada l\u00fcliti ka vannituppa. Taustvalgustuse saad soovi korral sisse v\u00f5i v\u00e4lja l\u00fclitada.<\/p>\n<p><img decoding=\"async\" src=\"https:\/\/blankpage.ee\/_ruumist-ruumi\/wp-content\/uploads\/2025\/04\/2-130.webp\" border=\"0\" alt=\"Puutetundliku nutikas valgusl\u00fcliti karastatud klaasist esipaneel detailvaates\" \/><\/p>\n<h3>Lihtne paigaldada ja kasutada<\/h3>\n<p>L\u00fcliti paigaldus on kiire ega n\u00f5ua erialaseid oskusi. V\u00f5imalik on kasutada kahte l\u00fclitit \u00fche valgusti juhtimiseks, mis tuleb kasuks n\u00e4iteks trepivalgustuses. Nupp on tundlik ja mugav kasutada. Paigaldamiseks on vajalik neutraaljuht (N).<\/p>\n<p><img decoding=\"async\" src=\"https:\/\/blankpage.ee\/_ruumist-ruumi\/wp-content\/uploads\/2025\/04\/4-120.webp\" border=\"0\" alt=\"Nutikas valgusl\u00fcliti paigaldusprotsess \u2013 lihtne ja kiire\" \/><\/p>\n<div class=\"table-wrapper\">\n<table>\n<tbody>\n<tr>\n<th>Br\u00e4nd<\/th>\n<td>Avatto<\/td>\n<\/tr>\n<tr>\n<th>Mudel<\/th>\n<td>ZTS02-EU-B1<\/td>\n<\/tr>\n<tr>\n<th>V\u00e4rv<\/th>\n<td>Must<\/td>\n<\/tr>\n<tr>\n<th>Nuppude arv<\/th>\n<td>1<\/td>\n<\/tr>\n<tr>\n<th>Nimiv\u00f5imsus<\/th>\n<td>800 W \/ kanal<\/td>\n<\/tr>\n<tr>\n<th>Nimivool<\/th>\n<td>10 A<\/td>\n<\/tr>\n<tr>\n<th>Sisendpinge<\/th>\n<td>AC 110\u2013240 V, 50\/60 Hz<\/td>\n<\/tr>\n<tr>\n<th>Ootere\u017eiimi voolutarve<\/th>\n<td>0,45 W \/ 0,1 mA<\/td>\n<\/tr>\n<tr>\n<th>Materjal<\/th>\n<td>ABS<\/td>\n<\/tr>\n<tr>\n<th>Paneeli materjal<\/th>\n<td>Karastatud klaas<\/td>\n<\/tr>\n<tr>\n<th>M\u00f5\u00f5dud<\/th>\n<td>86 \u00d7 86 \u00d7 33 mm<\/td>\n<\/tr>\n<tr>\n<th>Toetatud s\u00fcsteemid<\/th>\n<td>iOS 8.0, Android 4.0 ja uuemad<\/td>\n<\/tr>\n<tr>\n<th>Rakendus<\/th>\n<td>TUYA \/ Smart Life<\/td>\n<\/tr>\n<tr>\n<th>\u00dchilduvus<\/th>\n<td>Amazon Alexa, Google Home, Yandex Alice, SmartThings<\/td>\n<\/tr>\n<tr>\n<th>ZigBee protokoll<\/th>\n<td>ZigBee 3.0 (vajab eraldi ZigBee hubi)<\/td>\n<\/tr>\n<\/tbody>\n<\/table>\n<\/div>\n","protected":false},"excerpt":{"rendered":"<p>Nutikas valgusl\u00fcliti Avatto ZTS02-EU-B1, ZigBee, 1-nupuline, must Nutikas valgusl\u00fcliti Avatto ZTS02-EU-B1 on kaasaegne puutetundlik l\u00fcliti, mis sobib ideaalselt nutikodu lahendustesse. Saad l\u00fclitit juhtida otse puutetundlikult paneelilt v\u00f5i kaugelt l\u00e4bi TUYA ja Smart Life mobiilirakenduse. Lisaks t\u00f6\u00f6tab seade Google Assistanti ja Amazon Alexa h\u00e4\u00e4leassistentidega, mis v\u00f5imaldab valgustust mugavalt h\u00e4\u00e4lk\u00e4sklustega sisse v\u00f5i v\u00e4lja l\u00fclitada. Kaugjuhtimine ja automaatika [&hellip;]<\/p>\n","protected":false},"featured_media":168683,"comment_status":"open","ping_status":"open","template":"","meta":[],"product_brand":[3063],"product_cat":[3039],"product_tag":[],"class_list":{"0":"post-168677","1":"product","2":"type-product","3":"status-publish","4":"has-post-thumbnail","6":"product_brand-avatto","7":"product_cat-lulitid","8":"product_shipping_class-innpro","10":"first","11":"instock","12":"sale","13":"taxable","14":"shipping-taxable","15":"purchasable","16":"product-type-simple"},"_links":{"self":[{"href":"https:\/\/blankpage.ee\/_ruumist-ruumi\/wp-json\/wp\/v2\/product\/168677","targetHints":{"allow":["GET"]}}],"collection":[{"href":"https:\/\/blankpage.ee\/_ruumist-ruumi\/wp-json\/wp\/v2\/product"}],"about":[{"href":"https:\/\/blankpage.ee\/_ruumist-ruumi\/wp-json\/wp\/v2\/types\/product"}],"replies":[{"embeddable":true,"href":"https:\/\/blankpage.ee\/_ruumist-ruumi\/wp-json\/wp\/v2\/comments?post=168677"}],"wp:featuredmedia":[{"embeddable":true,"href":"https:\/\/blankpage.ee\/_ruumist-ruumi\/wp-json\/wp\/v2\/media\/168683"}],"wp:attachment":[{"href":"https:\/\/blankpage.ee\/_ruumist-ruumi\/wp-json\/wp\/v2\/media?parent=168677"}],"wp:term":[{"taxonomy":"product_brand","embeddable":true,"href":"https:\/\/blankpage.ee\/_ruumist-ruumi\/wp-json\/wp\/v2\/product_brand?post=168677"},{"taxonomy":"product_cat","embeddable":true,"href":"https:\/\/blankpage.ee\/_ruumist-ruumi\/wp-json\/wp\/v2\/product_cat?post=168677"},{"taxonomy":"product_tag","embeddable":true,"href":"https:\/\/blankpage.ee\/_ruumist-ruumi\/wp-json\/wp\/v2\/product_tag?post=168677"}],"curies":[{"name":"wp","href":"https:\/\/api.w.org\/{rel}","templated":true}]}}