{"id":168686,"date":"2025-04-18T16:33:42","date_gmt":"2025-04-18T16:33:42","guid":{"rendered":"https:\/\/ruumistruumi.ee\/pood\/zigbee-nutikas-valgusluliti-avatto-zts02-eu-w2-kahe-kanaliga-valge-tuya\/"},"modified":"2025-08-21T08:19:49","modified_gmt":"2025-08-21T08:19:49","slug":"zigbee-nutikas-valgusluliti-avatto-zts02-eu-w2-kahe-kanaliga-valge-tuya","status":"publish","type":"product","link":"https:\/\/blankpage.ee\/_ruumist-ruumi\/pood\/zigbee-nutikas-valgusluliti-avatto-zts02-eu-w2-kahe-kanaliga-valge-tuya\/","title":{"rendered":"Zigbee nutikas valgusl\u00fcliti Avatto ZTS02-EU-W2, kahe kanaliga, valge, TUYA"},"content":{"rendered":"<h3>Zigbee nutikas valgusl\u00fcliti Avatto ZTS02-EU-W2, kahe kanaliga, TUYA (valge)<\/h3>\n<p>Zigbee nutikas valgusl\u00fcliti Avatto ZTS02-EU-W2 on kaasaegne puutetundlik l\u00fcliti, mis sobib suurep\u00e4raselt igasse targa kodu s\u00fcsteemi. Sellega saad valgusteid mugavalt sisse ja v\u00e4lja l\u00fclitada nii puute kui ka \u00e4pi kaudu. T\u00e4nu \u00fchilduvusele TUYA ja Smart Life rakendustega on v\u00f5imalik zigbee nutikat valgusl\u00fclitit juhtida eemalt nutitelefoni abil. L\u00fcliti toetab ka h\u00e4\u00e4lk\u00e4skluseid \u2013 see \u00fchildub Google Assistanti ja Amazon Alexa k\u00f5laritega, v\u00f5imaldades erinevaid valgustuse haldusv\u00f5imalusi.<\/p>\n<p><img decoding=\"async\" src=\"https:\/\/blankpage.ee\/_ruumist-ruumi\/wp-content\/uploads\/2025\/04\/3-119.webp\" border=\"0\" alt=\"Kahe puutenuppuga zigbee nutikas valgusl\u00fcliti valge klaaspaneeliga\" \/><\/p>\n<h3>Valgustuse kaugjuhtimine ja nutiv\u00f5imalused<\/h3>\n<p>Kui soovite olla kindel, et valgus on kodust lahkudes v\u00e4lja l\u00fclitatud, piisab mobiilirakenduse avamisest. TUYA ja Smart Life \u00e4pp v\u00f5imaldavad juhtida valgustust k\u00f5ikjalt, seadistada taimerid ja ajastatud s\u00fcndmused. Nii saate valida, millisel kellaajal tuled automaatselt sisse v\u00f5i v\u00e4lja l\u00fclituvad, tuues mugavust igap\u00e4evatoimingutesse.<\/p>\n<p><img decoding=\"async\" src=\"https:\/\/blankpage.ee\/_ruumist-ruumi\/wp-content\/uploads\/2025\/04\/6-91.webp\" border=\"0\" alt=\"Nutikas valgusl\u00fcliti kaugjuhtimine mobiilirakendusega\" \/><\/p>\n<h3>Mitmek\u00fclgsed juhtimisv\u00f5imalused ja stseenide loomine<\/h3>\n<p>Rakenduse kaudu on v\u00f5imalik seadmeid omavahel \u00fchendada ning neid korraga juhtida. N\u00e4iteks saab \u00fchendada l\u00fcliti liikumisanduriga, nii et valgus l\u00fclitub automaatselt sisse kui tuppa astute. Soovi korral saab l\u00fclitit jagada ka teiste pereliikmetega, v\u00f5imaldades k\u00f5igil valgust mugavalt juhtida.<\/p>\n<p><img decoding=\"async\" src=\"https:\/\/blankpage.ee\/_ruumist-ruumi\/wp-content\/uploads\/2025\/04\/7-85.webp\" border=\"0\" alt=\"Valguse automaatne sisse l\u00fclitamine koos teiste targa kodu seadmetega\" \/><\/p>\n<h3>Valgustuse h\u00e4\u00e4ljuhtimine kodus<\/h3>\n<p>L\u00fclitit saab samuti mugavalt kasutada h\u00e4\u00e4lk\u00e4sklustega, lisades igap\u00e4evaelule veelgi lihtsust. Tootel on \u00fchilduvus Google Home\u2019i ja Amazon Alexa nutik\u00f5laritega \u2013 piisab k\u00e4sust, et valgus koos teiste targa kodu seadmetega sisse v\u00f5i v\u00e4lja l\u00fclitada.<\/p>\n<p><img decoding=\"async\" src=\"https:\/\/blankpage.ee\/_ruumist-ruumi\/wp-content\/uploads\/2025\/04\/5-102.webp\" border=\"0\" alt=\"Nutikas valgusl\u00fcliti h\u00e4\u00e4ljuhtimisega kodus\" \/><\/p>\n<h3>Modernne disain ja vastupidav klaaspaneel<\/h3>\n<p>L\u00fcliti puhas ja minimalistlik disain sobib h\u00e4sti erinevatesse interj\u00f6\u00f6ridesse. Karastatud klaaspaneel on vastupidav kriimustustele, niiskusele ja pleekimisele ning t\u00e4nu sellele saab l\u00fclitit kasutada ka vannitoas. Sisseehitatud taustvalgust saab reguleerida vastavalt vajadusele.<\/p>\n<p><img decoding=\"async\" src=\"https:\/\/blankpage.ee\/_ruumist-ruumi\/wp-content\/uploads\/2025\/04\/2-131.webp\" border=\"0\" alt=\"Valge minimalistlik valgusl\u00fcliti klaaspinnaga\" \/><\/p>\n<h3>Lihtne paigaldus<\/h3>\n<p>L\u00fcliti paigaldamine on kiire ja lihtne, sobides ka kahe l\u00fclitiga paigalduseks \u00fche lambi juhtimiseks, n\u00e4iteks trepikodades. Paigaldamiseks on vajalik neutraaljuhtme olemasolu. Zigbee nutika valgusl\u00fclitiga muutub valgustite juhtimine mugavaks ja nutikaks.<\/p>\n<p><img decoding=\"async\" src=\"https:\/\/blankpage.ee\/_ruumist-ruumi\/wp-content\/uploads\/2025\/04\/4-121.webp\" border=\"0\" alt=\"Lihtne paigaldus nutikale valgusl\u00fclitile\" \/><\/p>\n<table>\n<tbody>\n<tr>\n<th>Br\u00e4nd<\/th>\n<td>Avatto<\/td>\n<\/tr>\n<tr>\n<th>Mudel<\/th>\n<td>ZTS02-EU-W2<\/td>\n<\/tr>\n<tr>\n<th>V\u00e4rvus<\/th>\n<td>Valge<\/td>\n<\/tr>\n<tr>\n<th>Nuppude arv<\/th>\n<td>2<\/td>\n<\/tr>\n<tr>\n<th>Kanalite v\u00f5imsus<\/th>\n<td>800 W \/ kanal<\/td>\n<\/tr>\n<tr>\n<th>Nimivool<\/th>\n<td>10 A<\/td>\n<\/tr>\n<tr>\n<th>Sisendpinge<\/th>\n<td>AC 110-240 V, 50\/60 Hz<\/td>\n<\/tr>\n<tr>\n<th>Ootere\u017eiimi tarbimine<\/th>\n<td>0,45 W \/ 0,1 mA<\/td>\n<\/tr>\n<tr>\n<th>Korpus<\/th>\n<td>ABS-plastik<\/td>\n<\/tr>\n<tr>\n<th>Paneeli materjal<\/th>\n<td>Karastatud klaas<\/td>\n<\/tr>\n<tr>\n<th>M\u00f5\u00f5dud<\/th>\n<td>86 x 86 x 33 mm<\/td>\n<\/tr>\n<tr>\n<th>Toetatud s\u00fcsteemid<\/th>\n<td>iOS 8.0, Android 4.0 ja uuemad<\/td>\n<\/tr>\n<tr>\n<th>Rakendus<\/th>\n<td>TUYA \/ Smart Life<\/td>\n<\/tr>\n<tr>\n<th>\u00dchilduvus<\/th>\n<td>Amazon Alexa, Google Home, Yandex Alice, SmartThings<\/td>\n<\/tr>\n<tr>\n<th>ZigBee protokoll<\/th>\n<td>ZigBee 3.0<\/td>\n<\/tr>\n<\/tbody>\n<\/table>\n","protected":false},"excerpt":{"rendered":"<p>Zigbee nutikas valgusl\u00fcliti Avatto ZTS02-EU-W2, kahe kanaliga, TUYA (valge) Zigbee nutikas valgusl\u00fcliti Avatto ZTS02-EU-W2 on kaasaegne puutetundlik l\u00fcliti, mis sobib suurep\u00e4raselt igasse targa kodu s\u00fcsteemi. Sellega saad valgusteid mugavalt sisse ja v\u00e4lja l\u00fclitada nii puute kui ka \u00e4pi kaudu. T\u00e4nu \u00fchilduvusele TUYA ja Smart Life rakendustega on v\u00f5imalik zigbee nutikat valgusl\u00fclitit juhtida eemalt nutitelefoni abil. [&hellip;]<\/p>\n","protected":false},"featured_media":168693,"comment_status":"open","ping_status":"open","template":"","meta":[],"product_brand":[3063],"product_cat":[3039],"product_tag":[],"class_list":{"0":"post-168686","1":"product","2":"type-product","3":"status-publish","4":"has-post-thumbnail","6":"product_brand-avatto","7":"product_cat-lulitid","8":"product_shipping_class-innpro","10":"first","11":"instock","12":"sale","13":"taxable","14":"shipping-taxable","15":"purchasable","16":"product-type-simple"},"_links":{"self":[{"href":"https:\/\/blankpage.ee\/_ruumist-ruumi\/wp-json\/wp\/v2\/product\/168686","targetHints":{"allow":["GET"]}}],"collection":[{"href":"https:\/\/blankpage.ee\/_ruumist-ruumi\/wp-json\/wp\/v2\/product"}],"about":[{"href":"https:\/\/blankpage.ee\/_ruumist-ruumi\/wp-json\/wp\/v2\/types\/product"}],"replies":[{"embeddable":true,"href":"https:\/\/blankpage.ee\/_ruumist-ruumi\/wp-json\/wp\/v2\/comments?post=168686"}],"wp:featuredmedia":[{"embeddable":true,"href":"https:\/\/blankpage.ee\/_ruumist-ruumi\/wp-json\/wp\/v2\/media\/168693"}],"wp:attachment":[{"href":"https:\/\/blankpage.ee\/_ruumist-ruumi\/wp-json\/wp\/v2\/media?parent=168686"}],"wp:term":[{"taxonomy":"product_brand","embeddable":true,"href":"https:\/\/blankpage.ee\/_ruumist-ruumi\/wp-json\/wp\/v2\/product_brand?post=168686"},{"taxonomy":"product_cat","embeddable":true,"href":"https:\/\/blankpage.ee\/_ruumist-ruumi\/wp-json\/wp\/v2\/product_cat?post=168686"},{"taxonomy":"product_tag","embeddable":true,"href":"https:\/\/blankpage.ee\/_ruumist-ruumi\/wp-json\/wp\/v2\/product_tag?post=168686"}],"curies":[{"name":"wp","href":"https:\/\/api.w.org\/{rel}","templated":true}]}}