{"id":168714,"date":"2025-04-18T16:33:42","date_gmt":"2025-04-18T16:33:42","guid":{"rendered":"https:\/\/ruumistruumi.ee\/pood\/zigbee-nutikas-luliti-avatto-lzts02-eu-w1-valge-ilma-neutraaljuhtmeta-uhilduv-tuya-ga-uhe-kanaliga\/"},"modified":"2025-08-21T08:19:50","modified_gmt":"2025-08-21T08:19:50","slug":"zigbee-nutikas-luliti-avatto-lzts02-eu-w1-valge-ilma-neutraaljuhtmeta-uhilduv-tuya-ga-uhe-kanaliga","status":"publish","type":"product","link":"https:\/\/blankpage.ee\/_ruumist-ruumi\/pood\/zigbee-nutikas-luliti-avatto-lzts02-eu-w1-valge-ilma-neutraaljuhtmeta-uhilduv-tuya-ga-uhe-kanaliga\/","title":{"rendered":"Zigbee nutikas l\u00fcliti Avatto LZTS02-EU-W1, valge (ilma neutraaljuhtmeta, \u00fchilduv TUYA-ga, \u00fche kanaliga)"},"content":{"rendered":"<h3>Zigbee nutikas l\u00fcliti Avatto LZTS02-EU-W1, valge<\/h3>\n<p>Zigbee nutikas l\u00fcliti Avatto LZTS02-EU-W1 on \u00fche kanaliga puutetundlik valgusl\u00fcliti, millega saad valgust mugavalt juhtida nii otse puutepinnalt kui ka l\u00e4bi mobiilirakenduse. Uuenduslik Zigbee 3.0 protokoll tagab t\u00f6\u00f6kindluse \u2013 kasutamiseks vajad Zigbee keskust (ei ole komplektis). L\u00fcliti \u00fchildub nutikodu lahendustega, nagu TUYA ja Smart Life, v\u00f5imaldades valguste kaugjuhtimist. Seade t\u00f6\u00f6tab ka ilma neutraaljuhtmeta.<\/p>\n<p><img decoding=\"async\" src=\"https:\/\/blankpage.ee\/_ruumist-ruumi\/wp-content\/uploads\/2025\/04\/1-123.webp\" border=\"0\" alt=\"Valge Zigbee nutikas l\u00fcliti puutetundliku esipaneeli ja Avatto logoga\" \/><\/p>\n<h3>Paindlik juhtimine mobiili\u00e4piga ja h\u00e4\u00e4lk\u00e4sklustega<\/h3>\n<p>L\u00fclitit saad juhtida k\u00f5ikjalt \u2013 l\u00fclita valgus sisse v\u00f5i v\u00e4lja, seadista taimerid ning t\u00f6\u00f6ajad. Kui soovid valguste t\u00f6\u00f6d automatiseerida v\u00f5i eemalt juhtida, on see lahendus ideaalne. Zigbee nutikas l\u00fcliti \u00fchildub Alexa ja Google Assistantiga ning toetab h\u00e4\u00e4ljuhtimist.<\/p>\n<p><img decoding=\"async\" src=\"https:\/\/blankpage.ee\/_ruumist-ruumi\/wp-content\/uploads\/2025\/04\/6-94.webp\" border=\"0\" alt=\"Zigbee nutika l\u00fcliti kaugjuhtimine TUYA v\u00f5i Smart Life \u00e4piga nutitelefonis\" \/><\/p>\n<h3>Nutikodu v\u00f5imalused Zigbee nutika l\u00fclitiga<\/h3>\n<p>Rakenduse abil saab seadmeid grupeerida ja luua keerukamaid stsenaariume. N\u00e4iteks \u00fchenda Zigbee nutikas l\u00fcliti liikumisanduriga, et tuled s\u00fcttiksid automaatselt ruumi sisenedes. Samuti saad valgusl\u00fcliti jagada perekonna teiste kasutajatega, et ka nemad saaksid valgust juhtida.<\/p>\n<p><img decoding=\"async\" src=\"https:\/\/blankpage.ee\/_ruumist-ruumi\/wp-content\/uploads\/2025\/04\/4-124.webp\" border=\"0\" alt=\"Zigbee l\u00fcliti grupijuhtimise ja nutikate stsenaariumidega\" \/><\/p>\n<h3>H\u00e4\u00e4ljuhtimise tugi ja kasutusmugavus<\/h3>\n<p>Kasuta Zigbee nutika l\u00fcliti juhtimiseks h\u00e4\u00e4lk\u00e4sklusi \u2013 olgu kaks k\u00e4tt kinni v\u00f5i viibid puhkeasendis, valgust saad lihtsalt k\u00e4su peale sisse v\u00f5i v\u00e4lja l\u00fclitada. Amazon Alexa ja Google Assitanti tugi lisab mugavust ja valikuv\u00f5imalusi.<\/p>\n<p><img decoding=\"async\" src=\"https:\/\/blankpage.ee\/_ruumist-ruumi\/wp-content\/uploads\/2025\/04\/5-105.webp\" border=\"0\" alt=\"\u00dchekanaliline Zigbee puutel\u00fcliti minimalistliku disainiga\" \/><\/p>\n<h3>Stiilne ja vastupidav Zigbee valgusl\u00fcliti<\/h3>\n<p>Minimalistlik karastatud klaaspaneel sobib igasse interj\u00f6\u00f6ri ning on kriimustus-, pleekimis- ja niiskuskindel, mist\u00f5ttu sobib h\u00e4sti ka vannituppa. Taustavalgustuse saad soovi korral sisse\/v\u00e4lja l\u00fclitada. Seade on lihtsasti hooldatav.<\/p>\n<p><img decoding=\"async\" src=\"https:\/\/blankpage.ee\/_ruumist-ruumi\/wp-content\/uploads\/2025\/04\/2-134.webp\" border=\"0\" alt=\"Karastatud klaaspaneeliga valge Zigbee nutikas valgusl\u00fcliti\" \/><\/p>\n<h3>Lihtne paigaldus ja t\u00f6\u00f6kindlus<\/h3>\n<p>Seadme paigaldamiseks ei ole neutraaljuhet vaja ning \u00fchekanaliline Zigbee nutikas l\u00fcliti t\u00f6\u00f6tab kindlalt ning kasutaja saab olla kindel, et elektrikatkestuse j\u00e4rel taastub viimati kasutatud olek automaatselt.<\/p>\n<p><img decoding=\"async\" src=\"https:\/\/blankpage.ee\/_ruumist-ruumi\/wp-content\/uploads\/2025\/04\/3-122.webp\" border=\"0\" alt=\"Zigbee nutika l\u00fcliti lihtne paigaldus ja kasutusvalmis juhtmestik\" \/><\/p>\n<div class=\"table-wrapper\">\n<table>\n<tbody>\n<tr>\n<th>Tootja<\/th>\n<td>Avatto<\/td>\n<\/tr>\n<tr>\n<th>Mudel<\/th>\n<td>LZTS02-EU-W1<\/td>\n<\/tr>\n<tr>\n<th>V\u00e4rv<\/th>\n<td>Valge<\/td>\n<\/tr>\n<tr>\n<th>Nuppude arv<\/th>\n<td>1<\/td>\n<\/tr>\n<tr>\n<th>Nimiv\u00f5imsus<\/th>\n<td>3\u2013400 W \/ kanal<\/td>\n<\/tr>\n<tr>\n<th>Nimivool<\/th>\n<td>10 A<\/td>\n<\/tr>\n<tr>\n<th>Sisendpinge<\/th>\n<td>AC 110\u2013240 V, 50\/60 Hz<\/td>\n<\/tr>\n<tr>\n<th>Ootere\u017eiimi voolutarve<\/th>\n<td>0,45 W \/ 0,1 mA<\/td>\n<\/tr>\n<tr>\n<th>Wi-Fi sagedusala<\/th>\n<td>2,4 GHz<\/td>\n<\/tr>\n<tr>\n<th>Kesta materjal<\/th>\n<td>ABS<\/td>\n<\/tr>\n<tr>\n<th>Paneeli materjal<\/th>\n<td>Karastatud klaas<\/td>\n<\/tr>\n<tr>\n<th>M\u00f5\u00f5tmed<\/th>\n<td>86 \u00d7 86 \u00d7 33 mm<\/td>\n<\/tr>\n<tr>\n<th>Tarkvaraline tugi<\/th>\n<td>iOS 8.0, Android 4.0 ja uuemad<\/td>\n<\/tr>\n<tr>\n<th>Rakendus<\/th>\n<td>TUYA \/ Smart Life<\/td>\n<\/tr>\n<tr>\n<th>\u00dchilduvus<\/th>\n<td>Amazon Alexa, Google Home, Yandex Alice, SmartThings<\/td>\n<\/tr>\n<tr>\n<th>ZigBee protokoll<\/th>\n<td>ZigBee 3.0<\/td>\n<\/tr>\n<\/tbody>\n<\/table>\n<\/div>\n","protected":false},"excerpt":{"rendered":"<p>Zigbee nutikas l\u00fcliti Avatto LZTS02-EU-W1, valge Zigbee nutikas l\u00fcliti Avatto LZTS02-EU-W1 on \u00fche kanaliga puutetundlik valgusl\u00fcliti, millega saad valgust mugavalt juhtida nii otse puutepinnalt kui ka l\u00e4bi mobiilirakenduse. Uuenduslik Zigbee 3.0 protokoll tagab t\u00f6\u00f6kindluse \u2013 kasutamiseks vajad Zigbee keskust (ei ole komplektis). L\u00fcliti \u00fchildub nutikodu lahendustega, nagu TUYA ja Smart Life, v\u00f5imaldades valguste kaugjuhtimist. Seade [&hellip;]<\/p>\n","protected":false},"featured_media":168721,"comment_status":"open","ping_status":"open","template":"","meta":[],"product_brand":[3063],"product_cat":[3039],"product_tag":[],"class_list":{"0":"post-168714","1":"product","2":"type-product","3":"status-publish","4":"has-post-thumbnail","6":"product_brand-avatto","7":"product_cat-lulitid","8":"product_shipping_class-innpro","10":"first","11":"instock","12":"sale","13":"taxable","14":"shipping-taxable","15":"purchasable","16":"product-type-simple"},"_links":{"self":[{"href":"https:\/\/blankpage.ee\/_ruumist-ruumi\/wp-json\/wp\/v2\/product\/168714","targetHints":{"allow":["GET"]}}],"collection":[{"href":"https:\/\/blankpage.ee\/_ruumist-ruumi\/wp-json\/wp\/v2\/product"}],"about":[{"href":"https:\/\/blankpage.ee\/_ruumist-ruumi\/wp-json\/wp\/v2\/types\/product"}],"replies":[{"embeddable":true,"href":"https:\/\/blankpage.ee\/_ruumist-ruumi\/wp-json\/wp\/v2\/comments?post=168714"}],"wp:featuredmedia":[{"embeddable":true,"href":"https:\/\/blankpage.ee\/_ruumist-ruumi\/wp-json\/wp\/v2\/media\/168721"}],"wp:attachment":[{"href":"https:\/\/blankpage.ee\/_ruumist-ruumi\/wp-json\/wp\/v2\/media?parent=168714"}],"wp:term":[{"taxonomy":"product_brand","embeddable":true,"href":"https:\/\/blankpage.ee\/_ruumist-ruumi\/wp-json\/wp\/v2\/product_brand?post=168714"},{"taxonomy":"product_cat","embeddable":true,"href":"https:\/\/blankpage.ee\/_ruumist-ruumi\/wp-json\/wp\/v2\/product_cat?post=168714"},{"taxonomy":"product_tag","embeddable":true,"href":"https:\/\/blankpage.ee\/_ruumist-ruumi\/wp-json\/wp\/v2\/product_tag?post=168714"}],"curies":[{"name":"wp","href":"https:\/\/api.w.org\/{rel}","templated":true}]}}