{"id":168759,"date":"2025-04-18T16:36:54","date_gmt":"2025-04-18T16:36:54","guid":{"rendered":"https:\/\/ruumistruumi.ee\/pood\/nutikas-valgusluliti-avatto-lzts02-eu-b3-zigbee-3-nuppu-must-tuya-tugi-neutraaljuhet-pole-vaja\/"},"modified":"2025-08-21T08:19:48","modified_gmt":"2025-08-21T08:19:48","slug":"nutikas-valgusluliti-avatto-lzts02-eu-b3-zigbee-3-nuppu-must-tuya-tugi-neutraaljuhet-pole-vaja","status":"publish","type":"product","link":"https:\/\/blankpage.ee\/_ruumist-ruumi\/pood\/nutikas-valgusluliti-avatto-lzts02-eu-b3-zigbee-3-nuppu-must-tuya-tugi-neutraaljuhet-pole-vaja\/","title":{"rendered":"Nutikas valgusl\u00fcliti Avatto LZTS02-EU-B3, ZigBee, 3 nuppu, must, TUYA tugi, neutraaljuhet pole vaja"},"content":{"rendered":"<h3>Nutikas valgusl\u00fcliti Avatto LZTS02-EU-B3, ZigBee, 3-nupuline, must, TUYA tugi, neutraaljuhet pole vaja<\/h3>\n<p><b>Nutikas valgusl\u00fcliti<\/b> Avatto LZTS02-EU-B3 on t\u00e4nap\u00e4evane puutetundlik lahendus, mis sobib ideaalselt targa kodu s\u00fcsteemidesse. Selle abil saab valgusteid sisse ja v\u00e4lja l\u00fclitada nii l\u00fclitilt kui ka mobiilirakenduse kaudu. ZigBee 3.0 protokolli ning TUYA \/ Smart Life platvormi tugi v\u00f5imaldavad kaugjuhtimist ja v\u00f5imalust seadistada nutikaid ajakavasid ning taimerit. Seade vajab eraldi ZigBee keskust (ei kuulu komplekti).<\/p>\n<p><img decoding=\"async\" src=\"https:\/\/blankpage.ee\/_ruumist-ruumi\/wp-content\/uploads\/2025\/04\/4-129.webp\" border=\"0\" alt=\"Must 3-nupuline nutikas valgusl\u00fcliti Avatto seinal, ZigBee tugi\" \/><\/p>\n<h3>Kaugjuhtimine ja automaatika v\u00f5imalused<\/h3>\n<p>Kui oled kodust eemal, saab valgusteid h\u00f5lpsalt juhtida TUYA v\u00f5i Smart Life \u00e4piga igal ajal ja igas kohas. Samuti saab seadistada t\u00f6\u00f6ajad ning taimerid, pannes valguse automaatselt t\u00f6\u00f6le hommikul v\u00f5i kustuma \u00f5htul.<\/p>\n<p><img decoding=\"async\" src=\"https:\/\/blankpage.ee\/_ruumist-ruumi\/wp-content\/uploads\/2025\/04\/6-99.webp\" border=\"0\" alt=\"Nutikas valgusl\u00fcliti kaugjuhtimine TUYA \u00e4piga nutitelefonil\" \/><\/p>\n<h3>Targa kodu stseenid ja grupijuhtimine<\/h3>\n<p>Rakendus lubab \u00fchendada seadmeid gruppidesse ja luua automaatsed stsenaariumid \u2013 n\u00e4iteks s\u00fcttib valgus liikumisanduriga, v\u00f5i saab seadme juhtimist jagada perekonnaliikmetega. Ideaalne lahendus nutikodu elamisse v\u00f5i kontoritesse.<\/p>\n<p><img decoding=\"async\" src=\"https:\/\/blankpage.ee\/_ruumist-ruumi\/wp-content\/uploads\/2025\/04\/1-128.webp\" border=\"0\" alt=\"ZigBee valgusl\u00fcliti \u00fchendatud erinevate targa kodu seadmetega\" \/><\/p>\n<h3>K\u00e4ed-vabaks h\u00e4\u00e4ljuhtimine<\/h3>\n<p>L\u00fcliti \u00fchildub nii Google Assistanti kui ka Amazon Alexa nutiabilistega, v\u00f5imaldades valgustust juhtida h\u00e4\u00e4lk\u00e4sklustega. See sobib suurep\u00e4raselt olukordadesse, kus k\u00e4ed on kinni v\u00f5i vajad kiiret lahendust.<\/p>\n<p><img decoding=\"async\" src=\"https:\/\/blankpage.ee\/_ruumist-ruumi\/wp-content\/uploads\/2025\/04\/5-108.webp\" border=\"0\" alt=\"Must nutikas valgusl\u00fcliti h\u00e4\u00e4lega juhtimisega\" \/><\/p>\n<h3>Kaasaegne disain ja vastupidavus<\/h3>\n<p>Elegantne must puutetundlik paneel sobib iga sisekujundusega. Korpus on valmistatud vastupidavast karastatud klaasist ja ABS-plastikust. L\u00fcliti on kriimustuskindel, ei tuhmu ega ima niiskust, mist\u00f5ttu sobib ka vannituppa. Taustavalgustusega nuppe saab mugavalt kasutada ka pimedas v\u00f5i soovi korral taustavalguse v\u00e4lja l\u00fclitada.<\/p>\n<p><img decoding=\"async\" src=\"https:\/\/blankpage.ee\/_ruumist-ruumi\/wp-content\/uploads\/2025\/04\/2-138.webp\" border=\"0\" alt=\"Must puutetundlik nutikas valgusl\u00fcliti kaasaegses interj\u00f6\u00f6ris\" \/><\/p>\n<h3>Lihtne paigaldus ja mugav igap\u00e4evakasutus<\/h3>\n<p>Paigaldamisel ei vaja l\u00fcliti neutraaljuhet, seega saad seadme kiiresti t\u00f6\u00f6le panna. V\u00f5imsad kolm puutenuppu v\u00f5imaldavad juhtida erinevaid valgusallikaid mugavalt. P\u00e4rast elektrikatkestust taastab l\u00fcliti oma viimase olukorra automaatselt. Nutikas valgusl\u00fcliti lihtsustab valgustuse juhtimist kodus ja t\u00f6\u00f6keskkonnas.<\/p>\n<p><img decoding=\"async\" src=\"https:\/\/blankpage.ee\/_ruumist-ruumi\/wp-content\/uploads\/2025\/04\/3-125.webp\" border=\"0\" alt=\"Avatto ZigBee nutika valgusl\u00fcliti paigaldus ja kasutus\" \/><\/p>\n<div class=\"table-wrapper\">\n<table>\n<tbody>\n<tr>\n<th>Br\u00e4nd<\/th>\n<td>Avatto<\/td>\n<\/tr>\n<tr>\n<th>Mudel<\/th>\n<td>LZTS02-EU-B3<\/td>\n<\/tr>\n<tr>\n<th>V\u00e4rvus<\/th>\n<td>Must<\/td>\n<\/tr>\n<tr>\n<th>Nuppude arv<\/th>\n<td>3<\/td>\n<\/tr>\n<tr>\n<th>V\u00f5imsus<\/th>\n<td>3\u2013400 W \/ kanal<\/td>\n<\/tr>\n<tr>\n<th>Voolutugevus<\/th>\n<td>10 A<\/td>\n<\/tr>\n<tr>\n<th>Sisendpinge<\/th>\n<td>AC 110\u2013240 V, 50\/60 Hz<\/td>\n<\/tr>\n<tr>\n<th>J\u00e4\u00e4kv\u00f5imsus<\/th>\n<td>0,45 W \/ 0,1 mA<\/td>\n<\/tr>\n<tr>\n<th>Wi-Fi sagedusala<\/th>\n<td>2.4 GHz<\/td>\n<\/tr>\n<tr>\n<th>Korpuse materjal<\/th>\n<td>ABS<\/td>\n<\/tr>\n<tr>\n<th>Paneeli materjal<\/th>\n<td>Karastatud klaas<\/td>\n<\/tr>\n<tr>\n<th>M\u00f5\u00f5dud<\/th>\n<td>86 \u00d7 86 \u00d7 33 mm<\/td>\n<\/tr>\n<tr>\n<th>Tugitarkvara<\/th>\n<td>iOS 8.0, Android 4.0 v\u00f5i uuem<\/td>\n<\/tr>\n<tr>\n<th>Rakendus<\/th>\n<td>TUYA \/ Smart Life<\/td>\n<\/tr>\n<tr>\n<th>\u00dchilduvus<\/th>\n<td>Amazon Alexa, Google Home, Yandex Alice, SmartThings<\/td>\n<\/tr>\n<tr>\n<th>ZigBee protokoll<\/th>\n<td>ZigBee 3.0<\/td>\n<\/tr>\n<\/tbody>\n<\/table>\n<\/div>\n","protected":false},"excerpt":{"rendered":"<p>Nutikas valgusl\u00fcliti Avatto LZTS02-EU-B3, ZigBee, 3-nupuline, must, TUYA tugi, neutraaljuhet pole vaja Nutikas valgusl\u00fcliti Avatto LZTS02-EU-B3 on t\u00e4nap\u00e4evane puutetundlik lahendus, mis sobib ideaalselt targa kodu s\u00fcsteemidesse. Selle abil saab valgusteid sisse ja v\u00e4lja l\u00fclitada nii l\u00fclitilt kui ka mobiilirakenduse kaudu. ZigBee 3.0 protokolli ning TUYA \/ Smart Life platvormi tugi v\u00f5imaldavad kaugjuhtimist ja v\u00f5imalust seadistada [&hellip;]<\/p>\n","protected":false},"featured_media":168766,"comment_status":"open","ping_status":"open","template":"","meta":[],"product_brand":[3063],"product_cat":[3039],"product_tag":[],"class_list":{"0":"post-168759","1":"product","2":"type-product","3":"status-publish","4":"has-post-thumbnail","6":"product_brand-avatto","7":"product_cat-lulitid","8":"product_shipping_class-innpro","10":"first","11":"instock","12":"sale","13":"taxable","14":"shipping-taxable","15":"purchasable","16":"product-type-simple"},"_links":{"self":[{"href":"https:\/\/blankpage.ee\/_ruumist-ruumi\/wp-json\/wp\/v2\/product\/168759","targetHints":{"allow":["GET"]}}],"collection":[{"href":"https:\/\/blankpage.ee\/_ruumist-ruumi\/wp-json\/wp\/v2\/product"}],"about":[{"href":"https:\/\/blankpage.ee\/_ruumist-ruumi\/wp-json\/wp\/v2\/types\/product"}],"replies":[{"embeddable":true,"href":"https:\/\/blankpage.ee\/_ruumist-ruumi\/wp-json\/wp\/v2\/comments?post=168759"}],"wp:featuredmedia":[{"embeddable":true,"href":"https:\/\/blankpage.ee\/_ruumist-ruumi\/wp-json\/wp\/v2\/media\/168766"}],"wp:attachment":[{"href":"https:\/\/blankpage.ee\/_ruumist-ruumi\/wp-json\/wp\/v2\/media?parent=168759"}],"wp:term":[{"taxonomy":"product_brand","embeddable":true,"href":"https:\/\/blankpage.ee\/_ruumist-ruumi\/wp-json\/wp\/v2\/product_brand?post=168759"},{"taxonomy":"product_cat","embeddable":true,"href":"https:\/\/blankpage.ee\/_ruumist-ruumi\/wp-json\/wp\/v2\/product_cat?post=168759"},{"taxonomy":"product_tag","embeddable":true,"href":"https:\/\/blankpage.ee\/_ruumist-ruumi\/wp-json\/wp\/v2\/product_tag?post=168759"}],"curies":[{"name":"wp","href":"https:\/\/api.w.org\/{rel}","templated":true}]}}