{"id":168790,"date":"2025-04-18T16:36:54","date_gmt":"2025-04-18T16:36:54","guid":{"rendered":"https:\/\/ruumistruumi.ee\/pood\/nutikas-valgusluliti-avatto-n-ts10-w3-wifi-3-kohaline-valge\/"},"modified":"2025-08-21T08:19:49","modified_gmt":"2025-08-21T08:19:49","slug":"nutikas-valgusluliti-avatto-n-ts10-w3-wifi-3-kohaline-valge","status":"publish","type":"product","link":"https:\/\/blankpage.ee\/_ruumist-ruumi\/pood\/nutikas-valgusluliti-avatto-n-ts10-w3-wifi-3-kohaline-valge\/","title":{"rendered":"Nutikas valgusl\u00fcliti Avatto N-TS10-W3, WiFi, 3-kohaline, valge"},"content":{"rendered":"<h3>Nutikas valgusl\u00fcliti Avatto N-TS10-W3, WiFi, 3-kohaline, valge<\/h3>\n<p>Avatto N-TS10-W3 on t\u00e4nap\u00e4evane puudutusega juhitav nutikas valgusl\u00fcliti, mis sobib ideaalselt koju, kontorisse v\u00f5i hotelli. Seadmega on v\u00f5imalik valguste sisse- ja v\u00e4ljal\u00fclitamist mugavalt teostada nii k\u00e4sitsi kui ka nutitelefoni kaudu TUYA v\u00f5i Smart Life rakenduse abil. Nutikas valgusl\u00fcliti v\u00f5imaldab 3 erineva tsooni individuaalset juhtimist, mis teeb selle t\u00e4iuslikuks lahenduseks mitme ruumi v\u00f5i valgusti eraldi haldamiseks.<\/p>\n<p><img decoding=\"async\" src=\"https:\/\/blankpage.ee\/_ruumist-ruumi\/wp-content\/uploads\/2025\/04\/1-132.webp\" border=\"0\" alt=\"Valge Avatto nutikas valgusl\u00fcliti kolme puutetundliku nupuga\" \/><\/p>\n<h3>Kaugjuhtimine ja ligip\u00e4\u00e4su jagamine<\/h3>\n<p>Kas unustasite enne kodust lahkumist valguse kustutada? Nutikas valgusl\u00fcliti v\u00f5imaldab valguste kaugjuhtimist WiFi kaudu. Piisab vaid rakenduse avamisest telefonis ning saate valgustid igal ajal sisse v\u00f5i v\u00e4lja l\u00fclitada, olenemata asukohast. Seadme juhtimist saab h\u00f5lpsasti jagada pereliikmetega, et k\u00f5igil oleks kontroll koduse valgustuse \u00fcle.<\/p>\n<p><img decoding=\"async\" src=\"https:\/\/blankpage.ee\/_ruumist-ruumi\/wp-content\/uploads\/2025\/04\/3-129.webp\" border=\"0\" alt=\"Avatto nutikas l\u00fcliti juhtimine TUYA rakendusega\" \/><\/p>\n<h3>Ajastused, stseenid ja grupijuhtimine<\/h3>\n<p>Rakenduses on v\u00f5imalus luua automaatseid ajastusi, n\u00e4iteks valgus l\u00fclitub hommikul sisse ja \u00f5htul v\u00e4lja. Lisaks saab kasutada taimerit ja gruppides juhtimist, millega saab korraga mitut valgustit kontrollida. Targa kodu lahendused v\u00f5imaldavad valgusl\u00fcliti \u00fchendada teiste seadmetega, n\u00e4iteks sensoritega, mis aktiveerivad valguse ruumi sisenemisel automaatselt.<\/p>\n<p><img decoding=\"async\" src=\"https:\/\/blankpage.ee\/_ruumist-ruumi\/wp-content\/uploads\/2025\/04\/5-112.webp\" border=\"0\" alt=\"Valguse automaatika kodu ajastatud lahendustega\" \/><\/p>\n<h3>H\u00e4\u00e4ljuhtimise v\u00f5imalus<\/h3>\n<p>Avatto nutikas valgusl\u00fcliti \u00fchildub Google Assistanti ja Amazon Alexa h\u00e4\u00e4lassistentidega, v\u00f5imaldades valgustid sisse ja v\u00e4lja l\u00fclitada h\u00e4\u00e4lk\u00e4sklustega. See lahendus on eriti mugav juhul, kui telefon pole k\u00e4ep\u00e4rast v\u00f5i k\u00e4ed on kinni.<\/p>\n<p><img decoding=\"async\" src=\"https:\/\/blankpage.ee\/_ruumist-ruumi\/wp-content\/uploads\/2025\/04\/4-133.webp\" border=\"0\" alt=\"Valgusl\u00fcliti juhtimine h\u00e4\u00e4lega Google Assistanti v\u00f5i Alexaga\" \/><\/p>\n<h3>Kaasaegne ja vastupidav disain<\/h3>\n<p>L\u00fclitit kaunistab minimalistlik ning vastupidav disain. Selle kriimustuskindel karastatud klaasist paneel sobitub igasse interj\u00f6\u00f6ri. \u00d5rn taustavalgustus v\u00f5imaldab seadme ka pimedas h\u00f5lpsasti \u00fcles leida ning vajadusel saab taustavalguse v\u00e4lja l\u00fclitada, et v\u00e4ltida valgush\u00e4iringuid \u00f6\u00f6sel. Paigaldamine on lihtne ning seadme hooldamine eeldab vaid tolmu eemaldamist.<\/p>\n<p><img decoding=\"async\" src=\"https:\/\/blankpage.ee\/_ruumist-ruumi\/wp-content\/uploads\/2025\/04\/2-142.webp\" border=\"0\" alt=\"Kolme puutenupuga valgusl\u00fcliti t\u00e4nap\u00e4evase v\u00e4ljan\u00e4gemisega\" \/><\/p>\n<div class=\"table-wrapper\">\n<table>\n<tbody>\n<tr>\n<th>Br\u00e4nd<\/th>\n<td>Avatto<\/td>\n<\/tr>\n<tr>\n<th>Mudel<\/th>\n<td>N-TS10-W3<\/td>\n<\/tr>\n<tr>\n<th>V\u00e4rv<\/th>\n<td>Valge<\/td>\n<\/tr>\n<tr>\n<th>Nuppude arv<\/th>\n<td>3<\/td>\n<\/tr>\n<tr>\n<th>Sagedus<\/th>\n<td>2,412\u20132,484 GHz<\/td>\n<\/tr>\n<tr>\n<th>Juhtmevaba standard<\/th>\n<td>IEEE 802.11 b\/g\/n<\/td>\n<\/tr>\n<tr>\n<th>Nimiv\u00f5imsus<\/th>\n<td>800 W \/ kanal<\/td>\n<\/tr>\n<tr>\n<th>Nimivool<\/th>\n<td>10 A<\/td>\n<\/tr>\n<tr>\n<th>Sisendpinge<\/th>\n<td>AC 85\u2013265 V, 50\/60 Hz<\/td>\n<\/tr>\n<tr>\n<th>V\u00e4ljundpinge<\/th>\n<td>AC 85\u2013265 V, 50\/60 Hz<\/td>\n<\/tr>\n<tr>\n<th>Energiatarve<\/th>\n<td>\u2264 0,45 W<\/td>\n<\/tr>\n<tr>\n<th>Korpus<\/th>\n<td>ABS-plast<\/td>\n<\/tr>\n<tr>\n<th>Paneeli materjal<\/th>\n<td>Karastatud klaas<\/td>\n<\/tr>\n<tr>\n<th>M\u00f5\u00f5tmed<\/th>\n<td>V\u00e4line: 80 x 80 x (10,2+32) mm;<br \/>Sisemine: 50 x 50 x (10,2+32) mm<\/td>\n<\/tr>\n<tr>\n<th>Tugitarkvara<\/th>\n<td>iOS 8.0, Android 4.0 ja uuem<\/td>\n<\/tr>\n<tr>\n<th>Rakendus<\/th>\n<td>TUYA \/ Smart Life<\/td>\n<\/tr>\n<tr>\n<th>\u00dchilduvus<\/th>\n<td>Amazon Alexa, Google Home, Yandex Alice, SmartThings<\/td>\n<\/tr>\n<\/tbody>\n<\/table>\n<\/div>\n","protected":false},"excerpt":{"rendered":"<p>Nutikas valgusl\u00fcliti Avatto N-TS10-W3, WiFi, 3-kohaline, valge Avatto N-TS10-W3 on t\u00e4nap\u00e4evane puudutusega juhitav nutikas valgusl\u00fcliti, mis sobib ideaalselt koju, kontorisse v\u00f5i hotelli. Seadmega on v\u00f5imalik valguste sisse- ja v\u00e4ljal\u00fclitamist mugavalt teostada nii k\u00e4sitsi kui ka nutitelefoni kaudu TUYA v\u00f5i Smart Life rakenduse abil. Nutikas valgusl\u00fcliti v\u00f5imaldab 3 erineva tsooni individuaalset juhtimist, mis teeb selle t\u00e4iuslikuks [&hellip;]<\/p>\n","protected":false},"featured_media":168796,"comment_status":"open","ping_status":"open","template":"","meta":[],"product_brand":[3063],"product_cat":[3039],"product_tag":[],"class_list":{"0":"post-168790","1":"product","2":"type-product","3":"status-publish","4":"has-post-thumbnail","6":"product_brand-avatto","7":"product_cat-lulitid","8":"product_shipping_class-innpro","10":"first","11":"instock","12":"sale","13":"taxable","14":"shipping-taxable","15":"purchasable","16":"product-type-simple"},"_links":{"self":[{"href":"https:\/\/blankpage.ee\/_ruumist-ruumi\/wp-json\/wp\/v2\/product\/168790","targetHints":{"allow":["GET"]}}],"collection":[{"href":"https:\/\/blankpage.ee\/_ruumist-ruumi\/wp-json\/wp\/v2\/product"}],"about":[{"href":"https:\/\/blankpage.ee\/_ruumist-ruumi\/wp-json\/wp\/v2\/types\/product"}],"replies":[{"embeddable":true,"href":"https:\/\/blankpage.ee\/_ruumist-ruumi\/wp-json\/wp\/v2\/comments?post=168790"}],"wp:featuredmedia":[{"embeddable":true,"href":"https:\/\/blankpage.ee\/_ruumist-ruumi\/wp-json\/wp\/v2\/media\/168796"}],"wp:attachment":[{"href":"https:\/\/blankpage.ee\/_ruumist-ruumi\/wp-json\/wp\/v2\/media?parent=168790"}],"wp:term":[{"taxonomy":"product_brand","embeddable":true,"href":"https:\/\/blankpage.ee\/_ruumist-ruumi\/wp-json\/wp\/v2\/product_brand?post=168790"},{"taxonomy":"product_cat","embeddable":true,"href":"https:\/\/blankpage.ee\/_ruumist-ruumi\/wp-json\/wp\/v2\/product_cat?post=168790"},{"taxonomy":"product_tag","embeddable":true,"href":"https:\/\/blankpage.ee\/_ruumist-ruumi\/wp-json\/wp\/v2\/product_tag?post=168790"}],"curies":[{"name":"wp","href":"https:\/\/api.w.org\/{rel}","templated":true}]}}