{"id":168882,"date":"2025-04-18T16:40:40","date_gmt":"2025-04-18T16:40:40","guid":{"rendered":"https:\/\/ruumistruumi.ee\/pood\/zigbee-nutikas-lulitimoodul-avatto-zwsm16-w1-1-kanal-tuya-16a-led-800w\/"},"modified":"2025-08-21T08:19:48","modified_gmt":"2025-08-21T08:19:48","slug":"zigbee-nutikas-lulitimoodul-avatto-zwsm16-w1-1-kanal-tuya-16a-led-800w","status":"publish","type":"product","link":"https:\/\/blankpage.ee\/_ruumist-ruumi\/pood\/zigbee-nutikas-lulitimoodul-avatto-zwsm16-w1-1-kanal-tuya-16a-led-800w\/","title":{"rendered":"ZigBee nutikas l\u00fclitimoodul Avatto ZWSM16-W1 (1 kanal, TUYA, 16A, LED 800W)"},"content":{"rendered":"<h3>ZigBee nutikas l\u00fcliti Avatto ZWSM16-W1 (TUYA)<\/h3>\n<p>Zigbee nutikas l\u00fcliti Avatto ZWSM16-W1 v\u00f5imaldab juhtida kodu valgustust v\u00f5i teisi elektriseadmeid mugavalt ja kaugjuhtimisega, kasutades TUYA v\u00f5i Smart Life rakendust. T\u00e4nu ZigBee 3.0 protokollile saab seda integreerida erinevate t\u00e4nap\u00e4evaste nutikodu lahendustega \u2013 kasutamiseks on vajalik ZigBee l\u00fc\u00fcs (ei kuulu komplekti). Toode toetab ka h\u00e4\u00e4ljuhtimist Google Assistanti ja Amazon Alexa abil.<\/p>\n<p><img loading=\"lazy\" decoding=\"async\" src=\"https:\/\/blankpage.ee\/_ruumist-ruumi\/wp-content\/uploads\/2025\/04\/1-144.webp\" border=\"0\" alt=\"zigbee nutikas l\u00fcliti Avatto ZWSM16-W1 eestvaade\" width=\"1000\" height=\"637\" \/><\/p>\n<h3>Targad juhtimisv\u00f5imalused ja koduautomaatika<\/h3>\n<p>Rakenduse kaudu saad valgusteid kaugjuhtida, seadistada ajagraafikuid v\u00f5i taimerid \u2013 nii l\u00fclituvad tuled automaatselt vastavalt sinu eluviisile sisse v\u00f5i v\u00e4lja. L\u00fcliteid saab ka grupeerida ning jagada ligip\u00e4\u00e4su teiste pereliikmetega. Nutika automatiseerimisega \u00fchendad omavahel mitu seadet ning lood mugavaid kodu stsenaariume. Moodul salvestab viimased seaded ja taastab need p\u00e4rast elektrikatkestust.<\/p>\n<p><img loading=\"lazy\" decoding=\"async\" src=\"https:\/\/blankpage.ee\/_ruumist-ruumi\/wp-content\/uploads\/2025\/04\/7-88.webp\" border=\"0\" alt=\"nutikodu rakendusega juhitav ZigBee l\u00fcliti\" width=\"1000\" height=\"637\" \/><\/p>\n<h3>Laiad v\u00f5imalused ja mugavus<\/h3>\n<p>Rakendus v\u00f5imaldab lihtsalt seadistada valguse ajagraafikuid ja automatiseerida koduseid seadmeid. Zigbee nutikas l\u00fcliti talletab viimased seaded ja taastab need elektrikatkestuse korral automaatselt, tagades mugava kasutuskogemuse.<\/p>\n<p><img loading=\"lazy\" decoding=\"async\" src=\"https:\/\/blankpage.ee\/_ruumist-ruumi\/wp-content\/uploads\/2025\/04\/5-120.webp\" border=\"0\" alt=\"LED nutil\u00fcliti ajagraafikute seadistamise v\u00f5imalus\" width=\"1000\" height=\"637\" \/><\/p>\n<h3>Kompaktne paigaldus ja sobivus<\/h3>\n<p>Kompaktsete m\u00f5\u00f5tmete t\u00f5ttu sobib ZWSM16-W1 enamiku standardsete paigalduskarpide ja l\u00fclititega (kuni 95% turul olevatest lahendustest). L\u00fcliti saab paigaldada otse lambi taha ning toetab kahe l\u00fcliti kasutamist \u00fche valgusallika jaoks \u2013 sobides ideaalselt n\u00e4iteks koridori v\u00f5i trepikoja lahendustesse. Selge \u00fchendusskeem teeb paigaldamise lihtsaks.<\/p>\n<p><img loading=\"lazy\" decoding=\"async\" src=\"https:\/\/blankpage.ee\/_ruumist-ruumi\/wp-content\/uploads\/2025\/04\/3-136.webp\" border=\"0\" alt=\"kompaktne zigbee nutikas l\u00fcliti paigalduskarpi\" width=\"1000\" height=\"637\" \/><\/p>\n<h3>H\u00e4\u00e4ljuhtimise toetus<\/h3>\n<p>Toode \u00fchildub Google Home ja Amazon Alexa platvormidega, v\u00f5imaldades valgusteid juhtida \u00fcksnes h\u00e4\u00e4lk\u00e4sklusega. Seda funktsiooni saad mugavalt kasutada igap\u00e4evaelus t\u00e4iesti k\u00e4ed-vabalt.<\/p>\n<p><img loading=\"lazy\" decoding=\"async\" src=\"https:\/\/blankpage.ee\/_ruumist-ruumi\/wp-content\/uploads\/2025\/04\/6-106.webp\" border=\"0\" alt=\"Google Home ja Alexa toega zigbee l\u00fcliti\" width=\"1000\" height=\"637\" \/><\/p>\n<h3>Tehnilised andmed<\/h3>\n<table>\n<tr>\n<th>Br\u00e4nd<\/th>\n<td>Avatto<\/td>\n<\/tr>\n<tr>\n<th>Mudel<\/th>\n<td>ZWSM16-W1<\/td>\n<\/tr>\n<tr>\n<th>V\u00e4rvus<\/th>\n<td>Valge<\/td>\n<\/tr>\n<tr>\n<th>Kanalite arv<\/th>\n<td>1<\/td>\n<\/tr>\n<tr>\n<th>Pinge<\/th>\n<td>AC 100-240V 50\/60Hz<\/td>\n<\/tr>\n<tr>\n<th>Maksimaalne koormus<\/th>\n<td>LED 800W \/ 16A<\/td>\n<\/tr>\n<tr>\n<th>T\u00f6\u00f6sagedus<\/th>\n<td>2.405-2.480 GHz (IEEE 802.15.4)<\/td>\n<\/tr>\n<tr>\n<th>Kaitseklass<\/th>\n<td>IP20<\/td>\n<\/tr>\n<tr>\n<th>M\u00f5\u00f5dud<\/th>\n<td>39 \u00d7 39 \u00d7 20 mm<\/td>\n<\/tr>\n<tr>\n<th>T\u00f6\u00f6temperatuur<\/th>\n<td>-10\u00b0C kuni 40\u00b0C<\/td>\n<\/tr>\n<tr>\n<th>Sobivus rakendustega<\/th>\n<td>TUYA \/ Smart Life<\/td>\n<\/tr>\n<tr>\n<th>\u00dchilduvus<\/th>\n<td>Amazon Alexa, Google Home<\/td>\n<\/tr>\n<tr>\n<th>Sideprotokoll<\/th>\n<td>ZigBee 3.0<\/td>\n<\/tr>\n<tr>\n<th>Levikuraadius<\/th>\n<td>Kuni 100 m<\/td>\n<\/tr>\n<\/table>\n","protected":false},"excerpt":{"rendered":"<p>ZigBee nutikas l\u00fcliti Avatto ZWSM16-W1 (TUYA) Zigbee nutikas l\u00fcliti Avatto ZWSM16-W1 v\u00f5imaldab juhtida kodu valgustust v\u00f5i teisi elektriseadmeid mugavalt ja kaugjuhtimisega, kasutades TUYA v\u00f5i Smart Life rakendust. T\u00e4nu ZigBee 3.0 protokollile saab seda integreerida erinevate t\u00e4nap\u00e4evaste nutikodu lahendustega \u2013 kasutamiseks on vajalik ZigBee l\u00fc\u00fcs (ei kuulu komplekti). Toode toetab ka h\u00e4\u00e4ljuhtimist Google Assistanti ja Amazon [&hellip;]<\/p>\n","protected":false},"featured_media":168888,"comment_status":"open","ping_status":"open","template":"","meta":[],"product_brand":[3063],"product_cat":[3043],"product_tag":[],"class_list":{"0":"post-168882","1":"product","2":"type-product","3":"status-publish","4":"has-post-thumbnail","6":"product_brand-avatto","7":"product_cat-nutikontrollerid","8":"product_shipping_class-innpro","10":"first","11":"instock","12":"sale","13":"taxable","14":"shipping-taxable","15":"purchasable","16":"product-type-simple"},"_links":{"self":[{"href":"https:\/\/blankpage.ee\/_ruumist-ruumi\/wp-json\/wp\/v2\/product\/168882","targetHints":{"allow":["GET"]}}],"collection":[{"href":"https:\/\/blankpage.ee\/_ruumist-ruumi\/wp-json\/wp\/v2\/product"}],"about":[{"href":"https:\/\/blankpage.ee\/_ruumist-ruumi\/wp-json\/wp\/v2\/types\/product"}],"replies":[{"embeddable":true,"href":"https:\/\/blankpage.ee\/_ruumist-ruumi\/wp-json\/wp\/v2\/comments?post=168882"}],"wp:featuredmedia":[{"embeddable":true,"href":"https:\/\/blankpage.ee\/_ruumist-ruumi\/wp-json\/wp\/v2\/media\/168888"}],"wp:attachment":[{"href":"https:\/\/blankpage.ee\/_ruumist-ruumi\/wp-json\/wp\/v2\/media?parent=168882"}],"wp:term":[{"taxonomy":"product_brand","embeddable":true,"href":"https:\/\/blankpage.ee\/_ruumist-ruumi\/wp-json\/wp\/v2\/product_brand?post=168882"},{"taxonomy":"product_cat","embeddable":true,"href":"https:\/\/blankpage.ee\/_ruumist-ruumi\/wp-json\/wp\/v2\/product_cat?post=168882"},{"taxonomy":"product_tag","embeddable":true,"href":"https:\/\/blankpage.ee\/_ruumist-ruumi\/wp-json\/wp\/v2\/product_tag?post=168882"}],"curies":[{"name":"wp","href":"https:\/\/api.w.org\/{rel}","templated":true}]}}