{"id":168956,"date":"2025-04-18T16:43:14","date_gmt":"2025-04-18T16:43:14","guid":{"rendered":"https:\/\/ruumistruumi.ee\/pood\/nutikas-universaalpult-avatto-s16-ir-wifi-tuya-10-m-24-ghz\/"},"modified":"2025-08-21T08:19:47","modified_gmt":"2025-08-21T08:19:47","slug":"nutikas-universaalpult-avatto-s16-ir-wifi-tuya-10-m-24-ghz","status":"publish","type":"product","link":"https:\/\/blankpage.ee\/_ruumist-ruumi\/pood\/nutikas-universaalpult-avatto-s16-ir-wifi-tuya-10-m-24-ghz\/","title":{"rendered":"Nutikas universaalpult Avatto S16 IR WiFi (Tuya, 10 m, 2,4 GHz)"},"content":{"rendered":"<h3>Nutikas universaalpult Avatto S16 Tuya IR WiFi kaugjuhtimiseks<\/h3>\n<p>Nutikas universaalpult Avatto S16 v\u00f5imaldab lihtsasti asendada mitmeid erinevaid pulte kodus. Selle nutikas lahendus laseb Sul juhtida televiisoreid, konditsioneere, valgusteid, ventilaatoreid ja palju muud otse oma telefoni v\u00f5i tahvelarvuti kaudu, kasutades Tuya v\u00f5i Smart Life rakendust. T\u00e4nu stabiilsele \u00fchendusele ja kiirele reageerimisele on igap\u00e4evaste seadmete kasutamine \u00fclimalt mugav.<\/p>\n<p><img decoding=\"async\" src=\"https:\/\/blankpage.ee\/_ruumist-ruumi\/wp-content\/uploads\/2025\/04\/8-54.webp\" alt=\"Must nutikas universaalpult Avatto S16 LED-tulega\"\/><\/p>\n<h3>Lai seadmetega \u00fchilduvus<\/h3>\n<p>Avatto S16 mahukas infrapuna-koodibaas toetab \u00fcle 5000 erineva seadme \u2013 sealhulgas televiisorid, digiboksid, \u00f5hukonditsioneerid ja valgusseadmed. \u00dcheainsa nutika universaalpuldi abil saad kogu koduelektroonika lihtsalt hallata ning hoida eluruum kordades korralikumana. Seade edastab 38 kHz IR-signaale seadmetele kuni 10 meetri kauguselt.<\/p>\n<p><img decoding=\"async\" src=\"https:\/\/blankpage.ee\/_ruumist-ruumi\/wp-content\/uploads\/2025\/04\/3-144.webp\" alt=\"Universaalpult kasutamiseks erinevate koduseadmete juhtimiseks\"\/><\/p>\n<h3>Juhi oma kodu nutikalt<\/h3>\n<p>Avatto S16 t\u00f6\u00f6tab 2,4 GHz Wi-Fi v\u00f5rgus, mis t\u00e4hendab, et saad k\u00f5iki \u00fchendatud seadmeid j\u00e4lgida ja juhtida nii kodus kui ka eemalt. Seade \u00fchildub Amazoni Alexa ja Google Home&#8217;i virtuaalsete assistentidega, v\u00f5imaldades h\u00e4\u00e4lk\u00e4skluste kasutamist. Nii p\u00fcsib kogu kodu kontrolli all \u00fches mugavas rakenduses.<\/p>\n<p><img decoding=\"async\" src=\"https:\/\/blankpage.ee\/_ruumist-ruumi\/wp-content\/uploads\/2025\/04\/5-126.webp\" alt=\"Erinevad seadmed, mida juhitakse nutika universaalpuldi abil\"\/><\/p>\n<h3>360\u00b0 t\u00e4psed juhtsignaalid<\/h3>\n<p>Kaugjuhtimispult v\u00f5imaldab seadmete juhtimist igast toa nurgast \u00fcmbersuunatava 360\u00b0 infrapunasignaaliga, mis teeb kasutamise eriti mugavaks ning v\u00e4listab vajaduse pulti otse seadme poole suunata.<\/p>\n<p><img decoding=\"async\" src=\"https:\/\/blankpage.ee\/_ruumist-ruumi\/wp-content\/uploads\/2025\/04\/1-153.webp\" alt=\"Nutikas kaugjuhtimispult ruumis\"\/><\/p>\n<h3>Kestab erinevates oludes<\/h3>\n<p>Pult t\u00f6\u00f6tab laias temperatuurivahemikus (0\u202f\u00b0C\u201360\u202f\u00b0C) ja talub kuni 95% \u00f5huniiskust, sobides suurep\u00e4raselt erinevatesse ruumidesse ja oludesse kodus.<\/p>\n<p><img decoding=\"async\" src=\"https:\/\/blankpage.ee\/_ruumist-ruumi\/wp-content\/uploads\/2025\/04\/6-108.webp\" alt=\"Avatto S16 universaalpuldi vastupidav korpus\"\/><\/p>\n<h3>Kogu perele jagatav ligip\u00e4\u00e4s<\/h3>\n<p>Rakenduse kaudu saab seadistada jagatud ligip\u00e4\u00e4su teistele pereliikmetele, andes neile soovitud ulatuses juhtimis\u00f5igused. Nutikas universaalpult muudab kodu k\u00f5igile pereliikmetele kasutajas\u00f5bralikumaks.<\/p>\n<p><img decoding=\"async\" src=\"https:\/\/blankpage.ee\/_ruumist-ruumi\/wp-content\/uploads\/2025\/04\/4-144.webp\" alt=\"Pere kasutab nutikat universaalpulti \u00fchiste koduseadmete juhtimiseks\"\/><\/p>\n<table>\n<tbody>\n<tr>\n<th>Mudel<\/th>\n<td>S16<\/td>\n<\/tr>\n<tr>\n<th>M\u00f5\u00f5tmed<\/th>\n<td>\u00d865 \u00d7 21 mm<\/td>\n<\/tr>\n<tr>\n<th>Toiteallikas<\/th>\n<td>DC 5V\/1A (Micro USB 2.0)<\/td>\n<\/tr>\n<tr>\n<th>Infrapunasagedus<\/th>\n<td>38 kHz<\/td>\n<\/tr>\n<tr>\n<th>Infrapuna t\u00f6\u00f6raadius<\/th>\n<td>\u226410 m<\/td>\n<\/tr>\n<tr>\n<th>Wi-Fi protokoll<\/th>\n<td>2,4 GHz<\/td>\n<\/tr>\n<tr>\n<th>Wi-Fi standard<\/th>\n<td>IEEE 802.11 b\/g\/n<\/td>\n<\/tr>\n<tr>\n<th>T\u00f6\u00f6temperatuur<\/th>\n<td>0\u202f\u00b0C \u2013 60\u202f\u00b0C<\/td>\n<\/tr>\n<tr>\n<th>T\u00f6\u00f6\u00f5huniiskus<\/th>\n<td>0\u201395% RH<\/td>\n<\/tr>\n<\/tbody>\n<\/table>\n","protected":false},"excerpt":{"rendered":"<p>Nutikas universaalpult Avatto S16 Tuya IR WiFi kaugjuhtimiseks Nutikas universaalpult Avatto S16 v\u00f5imaldab lihtsasti asendada mitmeid erinevaid pulte kodus. Selle nutikas lahendus laseb Sul juhtida televiisoreid, konditsioneere, valgusteid, ventilaatoreid ja palju muud otse oma telefoni v\u00f5i tahvelarvuti kaudu, kasutades Tuya v\u00f5i Smart Life rakendust. T\u00e4nu stabiilsele \u00fchendusele ja kiirele reageerimisele on igap\u00e4evaste seadmete kasutamine \u00fclimalt [&hellip;]<\/p>\n","protected":false},"featured_media":168963,"comment_status":"open","ping_status":"open","template":"","meta":[],"product_brand":[3063],"product_cat":[3039],"product_tag":[],"class_list":{"0":"post-168956","1":"product","2":"type-product","3":"status-publish","4":"has-post-thumbnail","6":"product_brand-avatto","7":"product_cat-lulitid","8":"product_shipping_class-innpro","10":"first","11":"instock","12":"sale","13":"taxable","14":"shipping-taxable","15":"purchasable","16":"product-type-simple"},"_links":{"self":[{"href":"https:\/\/blankpage.ee\/_ruumist-ruumi\/wp-json\/wp\/v2\/product\/168956","targetHints":{"allow":["GET"]}}],"collection":[{"href":"https:\/\/blankpage.ee\/_ruumist-ruumi\/wp-json\/wp\/v2\/product"}],"about":[{"href":"https:\/\/blankpage.ee\/_ruumist-ruumi\/wp-json\/wp\/v2\/types\/product"}],"replies":[{"embeddable":true,"href":"https:\/\/blankpage.ee\/_ruumist-ruumi\/wp-json\/wp\/v2\/comments?post=168956"}],"wp:featuredmedia":[{"embeddable":true,"href":"https:\/\/blankpage.ee\/_ruumist-ruumi\/wp-json\/wp\/v2\/media\/168963"}],"wp:attachment":[{"href":"https:\/\/blankpage.ee\/_ruumist-ruumi\/wp-json\/wp\/v2\/media?parent=168956"}],"wp:term":[{"taxonomy":"product_brand","embeddable":true,"href":"https:\/\/blankpage.ee\/_ruumist-ruumi\/wp-json\/wp\/v2\/product_brand?post=168956"},{"taxonomy":"product_cat","embeddable":true,"href":"https:\/\/blankpage.ee\/_ruumist-ruumi\/wp-json\/wp\/v2\/product_cat?post=168956"},{"taxonomy":"product_tag","embeddable":true,"href":"https:\/\/blankpage.ee\/_ruumist-ruumi\/wp-json\/wp\/v2\/product_tag?post=168956"}],"curies":[{"name":"wp","href":"https:\/\/api.w.org\/{rel}","templated":true}]}}