{"id":169055,"date":"2025-04-18T16:46:24","date_gmt":"2025-04-18T16:46:24","guid":{"rendered":"https:\/\/ruumistruumi.ee\/pood\/nutikas-varviline-led-pirn-imou-b5-wi-fi-e27-806-lm-alexa\/"},"modified":"2025-08-21T08:19:47","modified_gmt":"2025-08-21T08:19:47","slug":"nutikas-varviline-led-pirn-imou-b5-wi-fi-e27-806-lm-alexa","status":"publish","type":"product","link":"https:\/\/blankpage.ee\/_ruumist-ruumi\/pood\/nutikas-varviline-led-pirn-imou-b5-wi-fi-e27-806-lm-alexa\/","title":{"rendered":"Nutikas v\u00e4rviline LED-pirn IMOU B5 Wi-Fi (E27, 806 lm, Alexa)"},"content":{"rendered":"<h3>Nutikas v\u00e4rviline LED-pirn IMOU B5 Wi-Fi (E27, 806 lm, Alexa)<\/h3>\n<p>IMOU B5 on kaasaegne nutikas v\u00e4rviline pirn E27 sokliga, mille valguse heledust, v\u00e4rvi ja v\u00e4rvitemperatuuri saab mugavalt reguleerida nutirakenduse v\u00f5i h\u00e4\u00e4lk\u00e4skluste abil. Imou Life \u00e4pi kaudu on v\u00f5imalik valida kuni 16 miljoni erineva v\u00e4rvitooni vahel ja luua igas olukorras sobiv meeleolu.<\/p>\n<p><img decoding=\"async\" src=\"https:\/\/blankpage.ee\/_ruumist-ruumi\/wp-content\/uploads\/2025\/04\/2-167.webp\" border=\"0\" alt=\"nutikas v\u00e4rviline pirn IMOU B5 ja mobiilirakendus\" \/><\/p>\n<h3>Valgustus Sinu vajadustele<\/h3>\n<p>IMOU B5 valguspirni saab h\u00f5lpsalt kohandada \u2013 sobib nii t\u00f6\u00f6ks, puhkuseks kui ka peo\u00f5htuks. Heledus on reguleeritav kuni 806 luumenini ja v\u00e4rvitemperatuur j\u00e4\u00e4b vahemikku 2700\u20136500 K. K\u00f5ik seaded on kiiresti tehtavad otse nutitelefoni rakendusest.<\/p>\n<p><img decoding=\"async\" src=\"https:\/\/blankpage.ee\/_ruumist-ruumi\/wp-content\/uploads\/2025\/04\/8-58.webp\" border=\"0\" alt=\"rakendusega reguleeritav LED-pirn mitme v\u00e4rviga\" \/><\/p>\n<h3>Nutikad funktsioonid ja targa kodu lahendused<\/h3>\n<p>Valgustust saab juhtida individuaalselt v\u00f5i gruppides, samuti seadistada automaatseid t\u00f6\u00f6aegu ja nutikaid stseene, n\u00e4iteks valguse sissel\u00fclitamine \u00e4rkamiseks v\u00f5i pimeduse simuleerimine reisil viibides. Nutikas v\u00e4rviline pirn IMOU B5 \u00fchildub Amazon Alexa k\u00f5lariga ning v\u00f5imaldab valgustust juhtida ka h\u00e4\u00e4lk\u00e4sklustega.<\/p>\n<p><img decoding=\"async\" src=\"https:\/\/blankpage.ee\/_ruumist-ruumi\/wp-content\/uploads\/2025\/04\/1-159.webp\" border=\"0\" alt=\"IMOU LED-pirn targa kodu lahenduses\" \/><\/p>\n<h3>Lihtne paigaldus ja kasutamine<\/h3>\n<p>Pirni paigaldamine on lihtne: keera pirn E27 soklisse, laadi telefoni rakendus ja j\u00e4rgi juhiseid ekraanil. IMOU B5 v\u00f5imaldab \u00fchendada kuni 6 pirni \u00fchte v\u00f5rku ning neid korraga juhtida.<\/p>\n<p><img decoding=\"async\" src=\"https:\/\/blankpage.ee\/_ruumist-ruumi\/wp-content\/uploads\/2025\/04\/5-134.webp\" border=\"0\" alt=\"LED-pirni paigaldamine E27 soklisse\" \/><\/p>\n<h3>Automaatika ja turvalisus<\/h3>\n<p>M\u00e4\u00e4ra t\u00f6\u00f6ajad, n\u00e4iteks valgus s\u00fcttib hommikul kell 8 v\u00f5i kustub \u00f5htul kell 23. Ajastatud juhtimine on mugav ka reisil olles, aidates suurendada kodu turvalisust.<\/p>\n<p><img decoding=\"async\" src=\"https:\/\/blankpage.ee\/_ruumist-ruumi\/wp-content\/uploads\/2025\/04\/6-115.webp\" border=\"0\" alt=\"ajastatud LED-valguspirn Imou rakenduse n\u00e4itel\" \/><\/p>\n<h3>H\u00e4\u00e4ljuhtimine ja mugav kasutamine<\/h3>\n<p>IMOU B5 pirni saad juhtida ka siis, kui k\u00e4ed on kinni \u2013 kasuta lihtsalt Amazon Alexa h\u00e4\u00e4lk\u00e4sklusi. See muudab nutika v\u00e4rvilise pirni kasutamise veelgi mugavamaks.<\/p>\n<p><img decoding=\"async\" src=\"https:\/\/blankpage.ee\/_ruumist-ruumi\/wp-content\/uploads\/2025\/04\/3-152.webp\" border=\"0\" alt=\"LED-pirni juhtimine Amazon Alexa abil\" \/><\/p>\n<h3>Silmas\u00f5bralik valgus ja energias\u00e4\u00e4st<\/h3>\n<p>Pirn kiirgab vilkumisvaba ja silmale ohutut valgust, sobib h\u00e4sti ka lastetuppa. Eluiga on kuni 15 000 tundi ning \u00f6konoomne energiatarve aitab s\u00e4\u00e4sta elektrit.<\/p>\n<p><img decoding=\"async\" src=\"https:\/\/blankpage.ee\/_ruumist-ruumi\/wp-content\/uploads\/2025\/04\/7-95.webp\" border=\"0\" alt=\"LED-pirni valgusefektid erinevates ruumides\" \/><\/p>\n<h3>\u00dchilduvus teiste Imou seadmetega<\/h3>\n<p>Nutikas v\u00e4rviline pirn IMOU B5 \u00fchilduub sujuvalt teiste Imou targa kodu seadmetega, nagu liikumis- ja ukseandurid, andes veelgi rohkem mugavust ja turvalisust Sinu igap\u00e4evaellu.<\/p>\n<p><img decoding=\"async\" src=\"https:\/\/blankpage.ee\/_ruumist-ruumi\/wp-content\/uploads\/2025\/04\/4-148.webp\" border=\"0\" alt=\"LED-pirn koos teiste targa kodu seadmetega\" \/><\/p>\n<h3>Tehnilised andmed<\/h3>\n<table>\n<tbody>\n<tr>\n<th>T\u00fc\u00fcp<\/th>\n<td>LED<\/td>\n<\/tr>\n<tr>\n<th>Pesas\u00fcsteem<\/th>\n<td>E27<\/td>\n<\/tr>\n<tr>\n<th>Heledus<\/th>\n<td>Kuni 806 lm, reguleeritav 5%\u2013100%<\/td>\n<\/tr>\n<tr>\n<th>V\u00e4rvitemperatuur<\/th>\n<td>2700\u20136500 K<\/td>\n<\/tr>\n<tr>\n<th>V\u00e4rvivalik<\/th>\n<td>16 miljonit v\u00e4rvi<\/td>\n<\/tr>\n<tr>\n<th>V\u00f5imsus<\/th>\n<td>9 W<\/td>\n<\/tr>\n<tr>\n<th>Eluiga<\/th>\n<td>ca 15 000 tundi<\/td>\n<\/tr>\n<tr>\n<th>\u00dchenduvus<\/th>\n<td>Wi-Fi 2.4 GHz, BLE<\/td>\n<\/tr>\n<tr>\n<th>\u00dchilduvus<\/th>\n<td>Amazon Alexa, Android, iOS<\/td>\n<\/tr>\n<tr>\n<th>M\u00f5\u00f5dud<\/th>\n<td>60 \u00d7 112 mm<\/td>\n<\/tr>\n<tr>\n<th>Kaal<\/th>\n<td>47,5 g<\/td>\n<\/tr>\n<tr>\n<th>Energiaklass<\/th>\n<td>F<\/td>\n<\/tr>\n<\/tbody>\n<\/table>\n<p>Komplektis: \u00fcks nutikas v\u00e4rviline pirn IMOU B5 ja kiirstardi juhend.<\/p>\n","protected":false},"excerpt":{"rendered":"<p>Nutikas v\u00e4rviline LED-pirn IMOU B5 Wi-Fi (E27, 806 lm, Alexa) IMOU B5 on kaasaegne nutikas v\u00e4rviline pirn E27 sokliga, mille valguse heledust, v\u00e4rvi ja v\u00e4rvitemperatuuri saab mugavalt reguleerida nutirakenduse v\u00f5i h\u00e4\u00e4lk\u00e4skluste abil. Imou Life \u00e4pi kaudu on v\u00f5imalik valida kuni 16 miljoni erineva v\u00e4rvitooni vahel ja luua igas olukorras sobiv meeleolu. Valgustus Sinu vajadustele IMOU [&hellip;]<\/p>\n","protected":false},"featured_media":169064,"comment_status":"open","ping_status":"open","template":"","meta":[],"product_brand":[3003],"product_cat":[1634,3047],"product_tag":[],"class_list":{"0":"post-169055","1":"product","2":"type-product","3":"status-publish","4":"has-post-thumbnail","6":"product_brand-imou","7":"product_cat-pirnid","8":"product_cat-led-pirnid","9":"product_shipping_class-innpro","11":"first","12":"instock","13":"sale","14":"taxable","15":"shipping-taxable","16":"purchasable","17":"product-type-simple"},"_links":{"self":[{"href":"https:\/\/blankpage.ee\/_ruumist-ruumi\/wp-json\/wp\/v2\/product\/169055","targetHints":{"allow":["GET"]}}],"collection":[{"href":"https:\/\/blankpage.ee\/_ruumist-ruumi\/wp-json\/wp\/v2\/product"}],"about":[{"href":"https:\/\/blankpage.ee\/_ruumist-ruumi\/wp-json\/wp\/v2\/types\/product"}],"replies":[{"embeddable":true,"href":"https:\/\/blankpage.ee\/_ruumist-ruumi\/wp-json\/wp\/v2\/comments?post=169055"}],"wp:featuredmedia":[{"embeddable":true,"href":"https:\/\/blankpage.ee\/_ruumist-ruumi\/wp-json\/wp\/v2\/media\/169064"}],"wp:attachment":[{"href":"https:\/\/blankpage.ee\/_ruumist-ruumi\/wp-json\/wp\/v2\/media?parent=169055"}],"wp:term":[{"taxonomy":"product_brand","embeddable":true,"href":"https:\/\/blankpage.ee\/_ruumist-ruumi\/wp-json\/wp\/v2\/product_brand?post=169055"},{"taxonomy":"product_cat","embeddable":true,"href":"https:\/\/blankpage.ee\/_ruumist-ruumi\/wp-json\/wp\/v2\/product_cat?post=169055"},{"taxonomy":"product_tag","embeddable":true,"href":"https:\/\/blankpage.ee\/_ruumist-ruumi\/wp-json\/wp\/v2\/product_tag?post=169055"}],"curies":[{"name":"wp","href":"https:\/\/api.w.org\/{rel}","templated":true}]}}