{"id":169120,"date":"2025-04-18T16:49:40","date_gmt":"2025-04-18T16:49:40","guid":{"rendered":"https:\/\/ruumistruumi.ee\/pood\/nutikas-valgusluliti-yeelight-ylkg07yl-bluetooth-valge-juhtmevaba-dimmer\/"},"modified":"2025-08-21T08:19:46","modified_gmt":"2025-08-21T08:19:46","slug":"nutikas-valgusluliti-yeelight-ylkg07yl-bluetooth-valge-juhtmevaba-dimmer","status":"publish","type":"product","link":"https:\/\/blankpage.ee\/_ruumist-ruumi\/pood\/nutikas-valgusluliti-yeelight-ylkg07yl-bluetooth-valge-juhtmevaba-dimmer\/","title":{"rendered":"Nutikas valgusl\u00fcliti Yeelight YLKG07YL (Bluetooth, valge, juhtmevaba dimmer)"},"content":{"rendered":"<h3>Nutikas valgusl\u00fcliti Yeelight YLKG07YL (Bluetooth, valge, juhtmevaba dimmer)<\/h3>\n<p><img loading=\"lazy\" decoding=\"async\" src=\"https:\/\/blankpage.ee\/_ruumist-ruumi\/wp-content\/uploads\/2025\/04\/xiaomi_logo1-1.webp\" alt=\"Yeelight kuulub Xiaomi \u00f6kos\u00fcsteemi\" width=\"178\" height=\"107\" \/><\/p>\n<p>Yeelight nutikas valgusl\u00fcliti on loodud just Yeelighti laevalgustitele. See juhtmevaba ja minimalistliku disainiga valgusl\u00fcliti on p\u00e4rjatud Red Dot Design Award ja iF Design Award auhindadega. Yeelight on Xiaomi \u00f6kos\u00fcsteemi usaldusv\u00e4\u00e4rne osa.<\/p>\n<h3>Juhtmevaba mugavus ja lihtne paigaldus<\/h3>\n<p>L\u00fcliti \u00fchendub valgusallikatega Bluetooth 4.2 kaudu ning v\u00f5imaldab juhtida Yeelighti LED-laevalgusteid, Galaxy-seeria v\u00f5i Crystal Pendant Lighti nii \u00e4pist kui ka h\u00e4\u00e4lk\u00e4sklustega.<\/p>\n<p><img decoding=\"async\" src=\"https:\/\/blankpage.ee\/_ruumist-ruumi\/wp-content\/uploads\/2025\/04\/10-20.webp\" alt=\"Valge nutikas valgusl\u00fcliti ilma juhtmeteta\" width=\"600\" \/><\/p>\n<h3>Pikk kasutusiga ja energiat\u00f5husus<\/h3>\n<p>See nutikas valgusl\u00fcliti kasutab v\u00e4he energiat ja aku kestab kuni 2 aastat (kuni 50 kasutust p\u00e4evas, patarei ei kuulu komplekti). Ooteaeg ulatub kuni 3 aastani. Toode talub niiskustaset 0\u201385% RH ning t\u00f6\u00f6tab temperatuuril 10\u201340 \u00b0C.<\/p>\n<p><img decoding=\"async\" src=\"https:\/\/blankpage.ee\/_ruumist-ruumi\/wp-content\/uploads\/2025\/04\/1-162.webp\" alt=\"Juhtmevaba nutikas valgusl\u00fcliti kaugjuhtimisega\" width=\"600\" \/><\/p>\n<h3>Bluetoothi kaugjuhtimine \u2013 valgus on alati k\u00e4eulatuses<\/h3>\n<p>Nutika valgusl\u00fcliti kaudu saab valgust juhtida rakenduse v\u00f5i h\u00e4\u00e4lk\u00e4skluste abil, t\u00e4nu Bluetooth-tehnoloogiale.<\/p>\n<p><img decoding=\"async\" src=\"https:\/\/blankpage.ee\/_ruumist-ruumi\/wp-content\/uploads\/2025\/04\/5-137.webp\" alt=\"Bluetoothiga nutikas valgusl\u00fcliti\" width=\"600\" \/><\/p>\n<h3>Kinnita sinna, kuhu soovid<\/h3>\n<p>Kerge paigalduss\u00fcsteem, kasutades Velcro kinnitust, v\u00f5imaldab paigutada nutika valgusl\u00fcliti just sinna, kus seda vajad \u2013 voodi v\u00f5i diivani l\u00e4hedusse \u2013 ilma juhtmeteta.<\/p>\n<p><img decoding=\"async\" src=\"https:\/\/blankpage.ee\/_ruumist-ruumi\/wp-content\/uploads\/2025\/04\/7-98.webp\" alt=\"Nutikas valgusl\u00fcliti lihtsasti paigaldatav\" width=\"600\" \/><\/p>\n<h3>Pikaealine aku t\u00f6\u00f6iga<\/h3>\n<p>Valgusl\u00fcliti aku kestab kuni 2 aastat (kuni 50 kasutust p\u00e4evas). Aku tuleb soetada eraldi.<\/p>\n<p><img decoding=\"async\" src=\"https:\/\/blankpage.ee\/_ruumist-ruumi\/wp-content\/uploads\/2025\/04\/8-61.webp\" alt=\"Valgusl\u00fcliti minimalistliku disainiga\" width=\"600\" \/><\/p>\n<h3>Paindlik reguleerimine ja kasutusmugavus<\/h3>\n<p>See multifunktsionaalne dimmer v\u00f5imaldab reguleerida valguse eredust, valguse v\u00e4rvustemperatuuri ning v\u00e4rve \u2013 lihtsalt ja loogiliselt, sobides igale leibkonnale.<\/p>\n<p><img decoding=\"async\" src=\"https:\/\/blankpage.ee\/_ruumist-ruumi\/wp-content\/uploads\/2025\/04\/6-119.webp\" alt=\"Nutikas valgusl\u00fcliti valguse reguleerimise v\u00f5imalusega\" width=\"600\" \/><\/p>\n<h3>Disain, mis sobib igasse interj\u00f6\u00f6ri<\/h3>\n<p>Valge minimalistlik valgusl\u00fcliti t\u00e4iendab nii modernseid kui ka klassikalisi ruume. M\u00f5\u00f5dud: 86 \u00d7 86 \u00d7 25 mm.<\/p>\n<p><img decoding=\"async\" src=\"https:\/\/blankpage.ee\/_ruumist-ruumi\/wp-content\/uploads\/2025\/04\/11-16.webp\" alt=\"Valge minimalistlik disainiga valgusl\u00fcliti\" width=\"600\" \/><\/p>\n<h3>Kestvad materjalid ja t\u00f6\u00f6kindel lahendus<\/h3>\n<p>Kvaliteetne nutikas valgusl\u00fcliti on valmistatud vastupidavatest materjalidest ning pakub pikkadeks aastateks mugavat kasutust. Keeratav nupp v\u00f5imaldab valgust h\u00f5lpsalt reguleerida.<\/p>\n<p><img decoding=\"async\" src=\"https:\/\/blankpage.ee\/_ruumist-ruumi\/wp-content\/uploads\/2025\/04\/3-154.webp\" alt=\"Vastupidav nutikas valgusl\u00fcliti\" width=\"600\" \/><\/p>\n<h3>T\u00e4ppisdisain ja lihtne kasutamine<\/h3>\n<p>Detailidele viimistletud nutikas valgusl\u00fcliti on kerge paigaldada ja kiirelt \u00fchendatav \u2013 vajuta nuppu 3 sekundit, et aktiveerida paarimisre\u017eiim. Keeranupp muudab valguse reguleerimise lihtsaks.<\/p>\n<p><img decoding=\"async\" src=\"https:\/\/blankpage.ee\/_ruumist-ruumi\/wp-content\/uploads\/2025\/04\/4-151.webp\" alt=\"Nutikas valgusl\u00fcliti, lihtne kasutada\" width=\"600\" \/><\/p>\n<table>\n<tbody>\n<tr>\n<th>Tootemudel<\/th>\n<td>YLKG07YL<\/td>\n<\/tr>\n<tr>\n<th>V\u00e4rv<\/th>\n<td>Valge<\/td>\n<\/tr>\n<tr>\n<th>\u00dchendus<\/th>\n<td>Bluetooth 4.2 (BLE)<\/td>\n<\/tr>\n<tr>\n<th>M\u00f5\u00f5dud<\/th>\n<td>86 \u00d7 86 \u00d7 25 mm<\/td>\n<\/tr>\n<tr>\n<th>T\u00f6\u00f6temperatuur<\/th>\n<td>10\u201340 \u00b0C<\/td>\n<\/tr>\n<tr>\n<th>\u00d5huniiskus<\/th>\n<td>0\u201385% RH<\/td>\n<\/tr>\n<\/tbody>\n<\/table>\n<p>Nutikas valgusl\u00fcliti sobib suurep\u00e4raselt igasse koju, pakkudes mugavat ja paindlikku valgusjuhtimist igap\u00e4evaelus.<\/p>\n","protected":false},"excerpt":{"rendered":"<p>Nutikas valgusl\u00fcliti Yeelight YLKG07YL (Bluetooth, valge, juhtmevaba dimmer) Yeelight nutikas valgusl\u00fcliti on loodud just Yeelighti laevalgustitele. See juhtmevaba ja minimalistliku disainiga valgusl\u00fcliti on p\u00e4rjatud Red Dot Design Award ja iF Design Award auhindadega. Yeelight on Xiaomi \u00f6kos\u00fcsteemi usaldusv\u00e4\u00e4rne osa. Juhtmevaba mugavus ja lihtne paigaldus L\u00fcliti \u00fchendub valgusallikatega Bluetooth 4.2 kaudu ning v\u00f5imaldab juhtida Yeelighti LED-laevalgusteid, [&hellip;]<\/p>\n","protected":false},"featured_media":169131,"comment_status":"open","ping_status":"open","template":"","meta":[],"product_brand":[2933],"product_cat":[3039],"product_tag":[],"class_list":{"0":"post-169120","1":"product","2":"type-product","3":"status-publish","4":"has-post-thumbnail","6":"product_brand-yeelight","7":"product_cat-lulitid","8":"product_shipping_class-innpro","10":"first","11":"instock","12":"sale","13":"taxable","14":"shipping-taxable","15":"purchasable","16":"product-type-simple"},"_links":{"self":[{"href":"https:\/\/blankpage.ee\/_ruumist-ruumi\/wp-json\/wp\/v2\/product\/169120","targetHints":{"allow":["GET"]}}],"collection":[{"href":"https:\/\/blankpage.ee\/_ruumist-ruumi\/wp-json\/wp\/v2\/product"}],"about":[{"href":"https:\/\/blankpage.ee\/_ruumist-ruumi\/wp-json\/wp\/v2\/types\/product"}],"replies":[{"embeddable":true,"href":"https:\/\/blankpage.ee\/_ruumist-ruumi\/wp-json\/wp\/v2\/comments?post=169120"}],"wp:featuredmedia":[{"embeddable":true,"href":"https:\/\/blankpage.ee\/_ruumist-ruumi\/wp-json\/wp\/v2\/media\/169131"}],"wp:attachment":[{"href":"https:\/\/blankpage.ee\/_ruumist-ruumi\/wp-json\/wp\/v2\/media?parent=169120"}],"wp:term":[{"taxonomy":"product_brand","embeddable":true,"href":"https:\/\/blankpage.ee\/_ruumist-ruumi\/wp-json\/wp\/v2\/product_brand?post=169120"},{"taxonomy":"product_cat","embeddable":true,"href":"https:\/\/blankpage.ee\/_ruumist-ruumi\/wp-json\/wp\/v2\/product_cat?post=169120"},{"taxonomy":"product_tag","embeddable":true,"href":"https:\/\/blankpage.ee\/_ruumist-ruumi\/wp-json\/wp\/v2\/product_tag?post=169120"}],"curies":[{"name":"wp","href":"https:\/\/api.w.org\/{rel}","templated":true}]}}