{"id":169205,"date":"2025-04-18T16:52:25","date_gmt":"2025-04-18T16:52:25","guid":{"rendered":"https:\/\/ruumistruumi.ee\/pood\/nutikas-kardinamootor-switchbot-curtain-u-rail-3-valge-bluetooth-kuni-16-kg\/"},"modified":"2025-08-21T08:19:44","modified_gmt":"2025-08-21T08:19:44","slug":"nutikas-kardinamootor-switchbot-curtain-u-rail-3-valge-bluetooth-kuni-16-kg","status":"publish","type":"product","link":"https:\/\/blankpage.ee\/_ruumist-ruumi\/pood\/nutikas-kardinamootor-switchbot-curtain-u-rail-3-valge-bluetooth-kuni-16-kg\/","title":{"rendered":"Nutikas kardinamootor SwitchBot Curtain U Rail 3, valge (Bluetooth, kuni 16 kg)"},"content":{"rendered":"<h3>Nutikas kardinamootor SwitchBot Curtain U Rail 3 \u2013 U-t\u00fc\u00fcpi siinile, valge<\/h3>\n<p>Nutikas kardinamootor v\u00f5imaldab muuta tavalised kardinad targa kodu lahenduseks. Seade kinnitub U-t\u00fc\u00fcpi kardinasiinile ning \u00fchendub kiiresti Bluetoothi kaudu SwitchBot \u00e4piga. Kardinaid saab juhtida mugavalt nutitelefoni vahendusel igast ruumist v\u00f5i ka kodust eemal olles.<\/p>\n<p><img decoding=\"async\" src=\"https:\/\/blankpage.ee\/_ruumist-ruumi\/wp-content\/uploads\/2025\/04\/7-101.webp\" alt=\"Nutikas kardinamootor SwitchBot Curtain U Rail 3 valge U-t\u00fc\u00fcpi siinile\" \/><\/p>\n<h3>Lihtne paigaldus ja v\u00f5imas j\u00f5udlus<\/h3>\n<p>S\u00fcsteemi paigaldus ja seadistamine on lihtne \u2013 ekraanil kuvatakse samm-sammulised juhised, mis teevad protsessi mugavaks. Kui kasutate kahte kardinat, on vaja kahte mootorit. SwitchBot U Rail 3 suudab liigutada kuni 16 kg kaaluvat kardinapaneeli, sobides h\u00e4sti ka raskemale kangale.<\/p>\n<p><img decoding=\"async\" src=\"https:\/\/blankpage.ee\/_ruumist-ruumi\/wp-content\/uploads\/2025\/04\/6-123.webp\" alt=\"U-t\u00fc\u00fcpi siiniga kardinamootori paigaldusprotsess\" \/><\/p>\n<h3>Mugav kaugjuhtimine ja valikuv\u00f5imalused<\/h3>\n<p>Kardinate avamine ja sulgemine on v\u00f5imalik nii SwitchBot \u00e4pist kui ka SwitchBot Remote puldist (saadaval eraldi). Nii saate kardinad liigutada voodist t\u00f5usmata v\u00f5i \u00fchestki toast, kus viibite.<\/p>\n<p><img decoding=\"async\" src=\"https:\/\/blankpage.ee\/_ruumist-ruumi\/wp-content\/uploads\/2025\/04\/2-178.webp\" alt=\"Kardinamootori juhtimine telefonist SwitchBot \u00e4piga\" \/><\/p>\n<h3>Nutikad funktsioonid ja ajastamine<\/h3>\n<p>SwitchBot \u00e4pp v\u00f5imaldab koostada t\u00f6\u00f6ajakavasid (kuni 5 ilma Hubita, piiramatult koos Hubiga), lisada automaatse viivituse kardinade avamisele ja sulgemisele ning kasutada valgussensori funktsiooni (beetaversioon), mis arvestab ruumi valgustatusega.<\/p>\n<p><img decoding=\"async\" src=\"https:\/\/blankpage.ee\/_ruumist-ruumi\/wp-content\/uploads\/2025\/04\/4-159.webp\" alt=\"Kardinamootori lisafunktsioonide kasutamine SwitchBot rakenduses\" \/><\/p>\n<h3>Touch &#038; Go \u2013 kombineeri k\u00e4eline ja nutikas juhtimine<\/h3>\n<p>Kardinat saab soovi korral ka k\u00e4sitsi liigutada: mootor tunneb selle \u00e4ra ning viib liigutuse automaatselt l\u00f5puni, pakkudes mugavat kombineeritud kasutuskogemust.<\/p>\n<p><img decoding=\"async\" src=\"https:\/\/blankpage.ee\/_ruumist-ruumi\/wp-content\/uploads\/2025\/04\/1-164.webp\" alt=\"Touch &#038; Go funktsiooniga nutikas kardinamootor\" \/><\/p>\n<h3>Vaikne t\u00f6\u00f6 ja pikk akukestus<\/h3>\n<p>Mootor t\u00f6\u00f6tab vaikselt: &#8220;QuietDrift&#8221; re\u017eiimis on m\u00fcratase kuni 25 dB. T\u00e4is laetud akuga kestab seade kuni 8 kuud. Soovi korral saab mootorit laadida ka eraldi m\u00fc\u00fcdava p\u00e4ikesepaneeliga.<\/p>\n<p><img decoding=\"async\" src=\"https:\/\/blankpage.ee\/_ruumist-ruumi\/wp-content\/uploads\/2025\/04\/3-160.webp\" alt=\"Nutikas kardinamootor p\u00e4ikesepaneeliga laadimiseks\" \/><\/p>\n<h3>Lai integreeritavus nutikodu lahendustega<\/h3>\n<p>Lisades SwitchBot Hub Mini juhtpaneeli (saadaval eraldi), saate kasutada Alexa, Google Assistanti v\u00f5i Siri h\u00e4\u00e4lk\u00e4sklusi ning integreerida kardinamootori IFTTT, SmartThingsi ja teiste nutikodu lahendustega. V\u00f5imalik on luua automaatseid stsenaariume kogu SwitchBoti \u00f6kos\u00fcsteemis.<\/p>\n<p><img decoding=\"async\" src=\"https:\/\/blankpage.ee\/_ruumist-ruumi\/wp-content\/uploads\/2025\/04\/9-56.webp\" alt=\"SwitchBot Hub Mini nutikodu seadmete juhtimiseks\" \/><\/p>\n<table>\n<tbody>\n<tr>\n<th>Tootja<\/th>\n<td>SwitchBot<\/td>\n<\/tr>\n<tr>\n<th>Mudel<\/th>\n<td>Curtain U Rail 3<\/td>\n<\/tr>\n<tr>\n<th>T\u00f5stev\u00f5ime<\/th>\n<td>Kuni 16 kg<\/td>\n<\/tr>\n<tr>\n<th>T\u00f6\u00f6heli<\/th>\n<td>QuietDrift: \u226425 dB; Tavaline: \u226442 dB<\/td>\n<\/tr>\n<tr>\n<th>Akukestus<\/th>\n<td>Kuni 8 kuud<\/td>\n<\/tr>\n<tr>\n<th>\u00dchilduvus (juhtpaneeliga)<\/th>\n<td>Alexa, Google Assistant, Siri Shortcuts, SmartThings, IFTTT, LINE Clova<\/td>\n<\/tr>\n<tr>\n<th>\u00dchenduvus<\/th>\n<td>Bluetooth<\/td>\n<\/tr>\n<tr>\n<th>Siinit\u00fc\u00fcp<\/th>\n<td>U-t\u00fc\u00fcpi<\/td>\n<\/tr>\n<tr>\n<th>V\u00e4rv<\/th>\n<td>Valge<\/td>\n<\/tr>\n<\/tbody>\n<\/table>\n","protected":false},"excerpt":{"rendered":"<p>Nutikas kardinamootor SwitchBot Curtain U Rail 3 \u2013 U-t\u00fc\u00fcpi siinile, valge Nutikas kardinamootor v\u00f5imaldab muuta tavalised kardinad targa kodu lahenduseks. Seade kinnitub U-t\u00fc\u00fcpi kardinasiinile ning \u00fchendub kiiresti Bluetoothi kaudu SwitchBot \u00e4piga. Kardinaid saab juhtida mugavalt nutitelefoni vahendusel igast ruumist v\u00f5i ka kodust eemal olles. Lihtne paigaldus ja v\u00f5imas j\u00f5udlus S\u00fcsteemi paigaldus ja seadistamine on lihtne [&hellip;]<\/p>\n","protected":false},"featured_media":169213,"comment_status":"open","ping_status":"open","template":"","meta":[],"product_brand":[3062],"product_cat":[3043],"product_tag":[],"class_list":{"0":"post-169205","1":"product","2":"type-product","3":"status-publish","4":"has-post-thumbnail","6":"product_brand-switchbot","7":"product_cat-nutikontrollerid","8":"product_shipping_class-innpro","10":"first","11":"outofstock","12":"sale","13":"taxable","14":"shipping-taxable","15":"purchasable","16":"product-type-simple"},"_links":{"self":[{"href":"https:\/\/blankpage.ee\/_ruumist-ruumi\/wp-json\/wp\/v2\/product\/169205","targetHints":{"allow":["GET"]}}],"collection":[{"href":"https:\/\/blankpage.ee\/_ruumist-ruumi\/wp-json\/wp\/v2\/product"}],"about":[{"href":"https:\/\/blankpage.ee\/_ruumist-ruumi\/wp-json\/wp\/v2\/types\/product"}],"replies":[{"embeddable":true,"href":"https:\/\/blankpage.ee\/_ruumist-ruumi\/wp-json\/wp\/v2\/comments?post=169205"}],"wp:featuredmedia":[{"embeddable":true,"href":"https:\/\/blankpage.ee\/_ruumist-ruumi\/wp-json\/wp\/v2\/media\/169213"}],"wp:attachment":[{"href":"https:\/\/blankpage.ee\/_ruumist-ruumi\/wp-json\/wp\/v2\/media?parent=169205"}],"wp:term":[{"taxonomy":"product_brand","embeddable":true,"href":"https:\/\/blankpage.ee\/_ruumist-ruumi\/wp-json\/wp\/v2\/product_brand?post=169205"},{"taxonomy":"product_cat","embeddable":true,"href":"https:\/\/blankpage.ee\/_ruumist-ruumi\/wp-json\/wp\/v2\/product_cat?post=169205"},{"taxonomy":"product_tag","embeddable":true,"href":"https:\/\/blankpage.ee\/_ruumist-ruumi\/wp-json\/wp\/v2\/product_tag?post=169205"}],"curies":[{"name":"wp","href":"https:\/\/api.w.org\/{rel}","templated":true}]}}