{"id":169217,"date":"2025-04-18T16:52:25","date_gmt":"2025-04-18T16:52:25","guid":{"rendered":"https:\/\/ruumistruumi.ee\/pood\/topelt-lulitiraam-voi-pistikuraam-avatto-n-ts10-frame-w2-valge\/"},"modified":"2025-08-21T08:19:44","modified_gmt":"2025-08-21T08:19:44","slug":"topelt-lulitiraam-voi-pistikuraam-avatto-n-ts10-frame-w2-valge","status":"publish","type":"product","link":"https:\/\/blankpage.ee\/_ruumist-ruumi\/pood\/topelt-lulitiraam-voi-pistikuraam-avatto-n-ts10-frame-w2-valge\/","title":{"rendered":"Topelt l\u00fclitiraam v\u00f5i pistikuraam Avatto N-TS10-Frame-W2, valge"},"content":{"rendered":"<h3>Topelt l\u00fclitiraam valge Avatto N-TS10-Frame-W2 \u2013 elegantne valik igasse interj\u00f6\u00f6ri<\/h3>\n<p>Topelt l\u00fclitiraam valge Avatto N-TS10-Frame-W2 on kaasaegse ja minimalistliku disainiga raam, mis sobib nii elektril\u00fclitite kui ka pistikupesade paigaldamiseks. Selle s\u00e4rav valge toon ja klaasjas viimistlus lisavad ruumile elegantsi ning ajatut stiili. Raam on valmistatud vastupidavatest materjalidest, mis tagavad hea kriimustuskindluse ja vastupidavuse igap\u00e4evases kasutuses.<\/p>\n<p>Antud topelt l\u00fclitiraam valge v\u00f5imaldab mugavalt paigaldada k\u00f5rvuti kaks l\u00fclitit v\u00f5i pistikupesa, pakkudes paindlikku lahendust nii elamu- kui ka \u00e4ripindadele. Neutraalne disain sobitub erinevate sisekujundusstiilidega ning pinda on lihtne puhastada. Avatto N-TS10-Frame-W2 on asendamatu abimees funktsionaalsuse ja esteetika \u00fchendamisel.<\/p>\n<p><img decoding=\"async\" src=\"https:\/\/blankpage.ee\/_ruumist-ruumi\/wp-content\/uploads\/2025\/04\/1-165.webp\" alt=\"Topelt l\u00fclitiraam valge - Avatto N-TS10-Frame-W2 esipoole vaade\"><\/p>\n<table>\n<tbody>\n<tr>\n<th>Tootja<\/th>\n<td>Avatto<\/td>\n<\/tr>\n<tr>\n<th>Mudel<\/th>\n<td>N-TS10-Frame-W2<\/td>\n<\/tr>\n<tr>\n<th>\u00dche ava m\u00f5\u00f5dud<\/th>\n<td>80 \u00d7 80 mm<\/td>\n<\/tr>\n<tr>\n<th>V\u00e4rv<\/th>\n<td>Valge<\/td>\n<\/tr>\n<\/tbody>\n<\/table>\n","protected":false},"excerpt":{"rendered":"<p>Topelt l\u00fclitiraam valge Avatto N-TS10-Frame-W2 \u2013 elegantne valik igasse interj\u00f6\u00f6ri Topelt l\u00fclitiraam valge Avatto N-TS10-Frame-W2 on kaasaegse ja minimalistliku disainiga raam, mis sobib nii elektril\u00fclitite kui ka pistikupesade paigaldamiseks. Selle s\u00e4rav valge toon ja klaasjas viimistlus lisavad ruumile elegantsi ning ajatut stiili. Raam on valmistatud vastupidavatest materjalidest, mis tagavad hea kriimustuskindluse ja vastupidavuse igap\u00e4evases kasutuses. [&hellip;]<\/p>\n","protected":false},"featured_media":169219,"comment_status":"open","ping_status":"open","template":"","meta":[],"product_brand":[3063],"product_cat":[3048],"product_tag":[],"class_list":{"0":"post-169217","1":"product","2":"type-product","3":"status-publish","4":"has-post-thumbnail","6":"product_brand-avatto","7":"product_cat-nutikodu-tarvikud","8":"product_shipping_class-innpro","10":"first","11":"instock","12":"sale","13":"taxable","14":"shipping-taxable","15":"purchasable","16":"product-type-simple"},"_links":{"self":[{"href":"https:\/\/blankpage.ee\/_ruumist-ruumi\/wp-json\/wp\/v2\/product\/169217","targetHints":{"allow":["GET"]}}],"collection":[{"href":"https:\/\/blankpage.ee\/_ruumist-ruumi\/wp-json\/wp\/v2\/product"}],"about":[{"href":"https:\/\/blankpage.ee\/_ruumist-ruumi\/wp-json\/wp\/v2\/types\/product"}],"replies":[{"embeddable":true,"href":"https:\/\/blankpage.ee\/_ruumist-ruumi\/wp-json\/wp\/v2\/comments?post=169217"}],"wp:featuredmedia":[{"embeddable":true,"href":"https:\/\/blankpage.ee\/_ruumist-ruumi\/wp-json\/wp\/v2\/media\/169219"}],"wp:attachment":[{"href":"https:\/\/blankpage.ee\/_ruumist-ruumi\/wp-json\/wp\/v2\/media?parent=169217"}],"wp:term":[{"taxonomy":"product_brand","embeddable":true,"href":"https:\/\/blankpage.ee\/_ruumist-ruumi\/wp-json\/wp\/v2\/product_brand?post=169217"},{"taxonomy":"product_cat","embeddable":true,"href":"https:\/\/blankpage.ee\/_ruumist-ruumi\/wp-json\/wp\/v2\/product_cat?post=169217"},{"taxonomy":"product_tag","embeddable":true,"href":"https:\/\/blankpage.ee\/_ruumist-ruumi\/wp-json\/wp\/v2\/product_tag?post=169217"}],"curies":[{"name":"wp","href":"https:\/\/api.w.org\/{rel}","templated":true}]}}