{"id":169313,"date":"2025-04-18T16:54:44","date_gmt":"2025-04-18T16:54:44","guid":{"rendered":"https:\/\/ruumistruumi.ee\/pood\/nutikas-valgusega-suvistatav-laevalgusti-yeelight-pro-skylight-p21-2100-lm-1600-8000k-bluetooth\/"},"modified":"2025-04-18T16:57:38","modified_gmt":"2025-04-18T16:57:38","slug":"nutikas-valgusega-suvistatav-laevalgusti-yeelight-pro-skylight-p21-2100-lm-1600-8000k-bluetooth","status":"publish","type":"product","link":"https:\/\/blankpage.ee\/_ruumist-ruumi\/pood\/nutikas-valgusega-suvistatav-laevalgusti-yeelight-pro-skylight-p21-2100-lm-1600-8000k-bluetooth\/","title":{"rendered":"Nutikas valgusega s\u00fcvistatav laevalgusti Yeelight Pro Skylight P21 (2100 lm, 1600\u20138000K, Bluetooth)"},"content":{"rendered":"<h3>Nutikas laevalgusti Yeelight Pro Skylight P21 \u2013 valgus k\u00f5ikjalt, juhtimine nutiseadmest<\/h3>\n<p>Avastage, kuidas nutikas laevalgusti lisab igale ruumile helgust ja mugavust. See s\u00fcvistatav valguspaneel j\u00e4ljendab loomulikku p\u00e4evavalgust ning v\u00f5imaldab kohandada nii heleduse tugevust kui valguse v\u00e4rvustemperatuuri \u2013 k\u00f5ik k\u00f5igest m\u00f5ne puudutuse v\u00f5i h\u00e4\u00e4lk\u00e4sklusega. Nutikas laevalgusti \u00fchildub Apple HomeKiti, Google Home&#8217;i ja Amazon Alexa platvormidega, lihtsustades valgustuse haldamist vastavalt teie soovile.<\/p>\n<p><img decoding=\"async\" src=\"https:\/\/blankpage.ee\/_ruumist-ruumi\/wp-content\/uploads\/2025\/04\/11-17.webp\" alt=\"Nutikas laevalgusti Yeelight P21 pealtvaates, modernne ja \u00f5huke s\u00fcvistatav paneel\" \/><\/p>\n<h3>Paindlik valgus vastavalt p\u00e4evats\u00fcklile<\/h3>\n<p>Kohanda valgus t\u00e4pselt oma ajakava j\u00e4rgi! Lai v\u00e4rvustemperatuuri vahemik 1600 K\u20138000 K aitab luua nii s\u00e4rtsaka hommikuvalguse kui rahustava \u00f5htumeeleolu. T\u00e4nu s\u00fcvistatavale disainile sobib valguspaneel suurep\u00e4raselt moodsatesse ja minimalistlikesse interj\u00f6\u00f6ridesse.<\/p>\n<p><img decoding=\"async\" src=\"https:\/\/blankpage.ee\/_ruumist-ruumi\/wp-content\/uploads\/2025\/04\/6-127.webp\" alt=\"S\u00fcvistatav valguspaneel kuvamas erinevaid valguse toone eluruumis\" \/><\/p>\n<h3>Loomulik valgus ka pilvise ilmaga<\/h3>\n<p>Kaasaegne Forward Projection tehnoloogia ning 30\u00b0 optiline l\u00e4\u00e4tse nurk tagavad \u00fchtlase ja loomuliku valguse terveks p\u00e4evaks. Selline nutikas laevalgusti on ideaalne kohtadesse, kus looduslikku p\u00e4evavalgust napib.<\/p>\n<p><img decoding=\"async\" src=\"https:\/\/blankpage.ee\/_ruumist-ruumi\/wp-content\/uploads\/2025\/04\/7-106.webp\" alt=\"LED-s\u00fcvisvalgus tagab loomuliku valguseefekti igas ruumis\" \/><\/p>\n<h3>Silmas\u00f5bralik valgus iga olukorra jaoks<\/h3>\n<p>P21 nutikas laevalgusti kasutab 15 LED-dioodi ja 26\u00b0 valgusnurka, pakkudes \u00fchtlast ning silmas\u00f5bralikku s\u00e4ra. K\u00f5rge 2100 luumeni valgusvoog ning v\u00e4rviedastustegur Ra\u226594 toovad esile ruumi loomuliku ilu ja detailid.<\/p>\n<p><img decoding=\"async\" src=\"https:\/\/blankpage.ee\/_ruumist-ruumi\/wp-content\/uploads\/2025\/04\/3-165.webp\" alt=\"S\u00fcvistatava LED-valgusti pehme valgus levimas suuremas eluruumis\" \/><\/p>\n<h3>Tark juhtimine ja h\u00e4\u00e4lk\u00e4sklused<\/h3>\n<p>Kontrollige oma laevalgustit h\u00f5lpsalt Yeelight Pro mobiilirakendusest \u2013 reguleerige valguse tooni ja intensiivsust v\u00f5i looge isikup\u00e4raseid valgusstseene \u00fche nupuvajutusega. Nutikas laevalgusti toetab ka k\u00f5iki peamisi h\u00e4\u00e4lassistente.<\/p>\n<p><img decoding=\"async\" src=\"https:\/\/blankpage.ee\/_ruumist-ruumi\/wp-content\/uploads\/2025\/04\/9-61.webp\" alt=\"Nutikas laevalgusti Yeelight P21 juhtimine nutitelefonist v\u00f5i h\u00e4\u00e4lega\" \/><\/p>\n<h3>Komplekt sisaldab<\/h3>\n<ul>\n<li>Lamp<\/li>\n<li>Raam<\/li>\n<li>4 suurt kinnitust<\/li>\n<li>4 v\u00e4ikest kinnitust<\/li>\n<li>6 kruvi<\/li>\n<\/ul>\n<div class=\"table-wrapper\">\n<table>\n<tbody>\n<tr>\n<th>Tootja<\/th>\n<td>Yeelight<\/td>\n<\/tr>\n<tr>\n<th>Mudel<\/th>\n<td>Pro Skylight P21<\/td>\n<\/tr>\n<tr>\n<th>Heledus<\/th>\n<td>2100 lm<\/td>\n<\/tr>\n<tr>\n<th>Heleduse reguleerimine<\/th>\n<td>1%\u2013100%<\/td>\n<\/tr>\n<tr>\n<th>V\u00e4rvustemperatuur<\/th>\n<td>1600 K \u2013 8000 K<\/td>\n<\/tr>\n<tr>\n<th>V\u00e4rviedastustegur (CRI)<\/th>\n<td>Ra\u226594<\/td>\n<\/tr>\n<tr>\n<th>Valgusnurk<\/th>\n<td>26\u00b0<\/td>\n<\/tr>\n<tr>\n<th>LED-dioodide arv<\/th>\n<td>15<\/td>\n<\/tr>\n<tr>\n<th>Minimaalne kaugus laest<\/th>\n<td>&gt;200 mm<\/td>\n<\/tr>\n<tr>\n<th>Juhtmevaba \u00fchendus<\/th>\n<td>Bluetooth 4.2LE<\/td>\n<\/tr>\n<tr>\n<th>Rakendus<\/th>\n<td>Yeelight Pro<\/td>\n<\/tr>\n<tr>\n<th>V\u00f5imsus<\/th>\n<td>80 W<\/td>\n<\/tr>\n<tr>\n<th>Sisendpinge<\/th>\n<td>220V~50\/60Hz, 0.4A<\/td>\n<\/tr>\n<tr>\n<th>M\u00f5\u00f5dud<\/th>\n<td>598 \u00d7 434 \u00d7 190 mm<\/td>\n<\/tr>\n<tr>\n<th>Kaal<\/th>\n<td>4,88 kg<\/td>\n<\/tr>\n<\/tbody>\n<\/table>\n<\/div>\n<p>Yeelight Pro Skylight P21 nutikas laevalgusti tagab alati sobiva valguse ning teeb teie kodu veelgi mugavamaks ja kaasaegsemaks!<\/p>\n","protected":false},"excerpt":{"rendered":"<p>Nutikas laevalgusti Yeelight Pro Skylight P21 \u2013 valgus k\u00f5ikjalt, juhtimine nutiseadmest Avastage, kuidas nutikas laevalgusti lisab igale ruumile helgust ja mugavust. See s\u00fcvistatav valguspaneel j\u00e4ljendab loomulikku p\u00e4evavalgust ning v\u00f5imaldab kohandada nii heleduse tugevust kui valguse v\u00e4rvustemperatuuri \u2013 k\u00f5ik k\u00f5igest m\u00f5ne puudutuse v\u00f5i h\u00e4\u00e4lk\u00e4sklusega. Nutikas laevalgusti \u00fchildub Apple HomeKiti, Google Home&#8217;i ja Amazon Alexa platvormidega, lihtsustades [&hellip;]<\/p>\n","protected":false},"featured_media":169319,"comment_status":"open","ping_status":"open","template":"","meta":[],"product_brand":[2933],"product_cat":[3049],"product_tag":[],"class_list":{"0":"post-169313","1":"product","2":"type-product","3":"status-publish","4":"has-post-thumbnail","6":"product_brand-yeelight","7":"product_cat-laelambid","8":"product_shipping_class-innpro","10":"first","11":"outofstock","12":"taxable","13":"shipping-taxable","14":"purchasable","15":"product-type-simple"},"_links":{"self":[{"href":"https:\/\/blankpage.ee\/_ruumist-ruumi\/wp-json\/wp\/v2\/product\/169313","targetHints":{"allow":["GET"]}}],"collection":[{"href":"https:\/\/blankpage.ee\/_ruumist-ruumi\/wp-json\/wp\/v2\/product"}],"about":[{"href":"https:\/\/blankpage.ee\/_ruumist-ruumi\/wp-json\/wp\/v2\/types\/product"}],"replies":[{"embeddable":true,"href":"https:\/\/blankpage.ee\/_ruumist-ruumi\/wp-json\/wp\/v2\/comments?post=169313"}],"wp:featuredmedia":[{"embeddable":true,"href":"https:\/\/blankpage.ee\/_ruumist-ruumi\/wp-json\/wp\/v2\/media\/169319"}],"wp:attachment":[{"href":"https:\/\/blankpage.ee\/_ruumist-ruumi\/wp-json\/wp\/v2\/media?parent=169313"}],"wp:term":[{"taxonomy":"product_brand","embeddable":true,"href":"https:\/\/blankpage.ee\/_ruumist-ruumi\/wp-json\/wp\/v2\/product_brand?post=169313"},{"taxonomy":"product_cat","embeddable":true,"href":"https:\/\/blankpage.ee\/_ruumist-ruumi\/wp-json\/wp\/v2\/product_cat?post=169313"},{"taxonomy":"product_tag","embeddable":true,"href":"https:\/\/blankpage.ee\/_ruumist-ruumi\/wp-json\/wp\/v2\/product_tag?post=169313"}],"curies":[{"name":"wp","href":"https:\/\/api.w.org\/{rel}","templated":true}]}}