{"id":169344,"date":"2025-04-18T16:57:43","date_gmt":"2025-04-18T16:57:43","guid":{"rendered":"https:\/\/ruumistruumi.ee\/pood\/nutikas-ukseandur-wifi-gosund-s2-tuya-alexa-google\/"},"modified":"2025-08-21T08:19:43","modified_gmt":"2025-08-21T08:19:43","slug":"nutikas-ukseandur-wifi-gosund-s2-tuya-alexa-google","status":"publish","type":"product","link":"https:\/\/blankpage.ee\/_ruumist-ruumi\/pood\/nutikas-ukseandur-wifi-gosund-s2-tuya-alexa-google\/","title":{"rendered":"Nutikas ukseandur WiFi Gosund S2 (Tuya, Alexa, Google)"},"content":{"rendered":"<h3>Nutikas ukseandur WiFi Gosund S2 (Tuya, Alexa, Google)<\/h3>\n<p>Nutikas ukseandur v\u00f5imaldab h\u00f5lpsalt j\u00e4lgida, kas teie kodu uksed v\u00f5i aknad on avatud v\u00f5i suletud. Kui sensor tuvastab liikumise ehk ukse v\u00f5i akna avanemise, saadab seade sellest koheselt teavituse nutitelefonile. Nii saate kiirelt reageerida ning vajadusel tegutseda.<\/p>\n<p><img decoding=\"async\" src=\"https:\/\/blankpage.ee\/_ruumist-ruumi\/wp-content\/uploads\/2025\/04\/3-166.webp\" border=\"0\" alt=\"nutikas ukseandur ja magnet valgel taustal\" \/><\/p>\n<h3>Lihtne paigaldada ja kohe kasutusvalmis nutikas ukseandur<\/h3>\n<p>Gosund S2 installimine on lihtne ning ei vaja erit\u00f6\u00f6riistu. Kinnitage sensor lihtsalt soovitud uksele v\u00f5i aknale. Andur tuvastab koheselt avamised ja sulgemised ning edastab info mugavalt mobiilirakendusse. Olge oma kodus toimuvaga alati kursis, ka eemal viibides.<\/p>\n<p><img decoding=\"async\" src=\"https:\/\/blankpage.ee\/_ruumist-ruumi\/wp-content\/uploads\/2025\/04\/2-185.webp\" border=\"0\" alt=\"ukseservale kinnitatud juhtmevaba sensor koduses interj\u00f6\u00f6ris\" \/><\/p>\n<h3>\u00dchilduvus populaarsete rakenduste ja h\u00e4\u00e4lassistentidega<\/h3>\n<p>Seda sensorit saab \u00fchendada Tuya Smart ja Smart Life rakendustega ning kasutada koos Amazon Alexa ja Google Assistantiga. T\u00e4nu nutikale \u00fchilduvusele on v\u00f5imalik ukse v\u00f5i akna seisundit j\u00e4lgida ja juhtida ka h\u00e4\u00e4lk\u00e4skluste abil.<\/p>\n<p><img decoding=\"async\" src=\"https:\/\/blankpage.ee\/_ruumist-ruumi\/wp-content\/uploads\/2025\/04\/9-62.webp\" border=\"0\" alt=\"sensor toimib koos Alexa ja Google Assistant teenustega \" \/><\/p>\n<h3>Tehnilised andmed ja usaldusv\u00e4\u00e4rne lahendus<\/h3>\n<ul>\n<li><strong>Br\u00e4nd:<\/strong> Gosund<\/li>\n<li><strong>Mudel:<\/strong> S2<\/li>\n<li><strong>Toide:<\/strong> 2 x AAA patareid<\/li>\n<li><strong>Kestvus:<\/strong> kuni 6000 avamis- v\u00f5i sulgemists\u00fcklit \u00fche patareikomplektiga<\/li>\n<li><strong>WiFi:<\/strong> 2,4 GHz IEEE 802.11b\/g\/n<\/li>\n<li><strong>T\u00f6\u00f6tamistemperatuur:<\/strong> 0\u00b0C \u2013 40\u00b0C<\/li>\n<li><strong>M\u00f5\u00f5dud:<\/strong> Andur: 71 \u00d7 25 \u00d7 20 mm, magnet: 36 \u00d7 10 \u00d7 17 mm<\/li>\n<li><strong>Materjal:<\/strong> ABS-plastik<\/li>\n<li><strong>Ootere\u017eiimi voolutarve:<\/strong> 8 \u03bcA<\/li>\n<li><strong>H\u00e4ire voolutarve:<\/strong> \u2264 80 mA<\/li>\n<li><strong>T\u00f6\u00f6tamise \u00f5huniiskus:<\/strong> 20\u201385% RH<\/li>\n<li><strong>\u00dchilduvus:<\/strong> Tuya Smart, Smart Life, Amazon Alexa, Google Assistant<\/li>\n<\/ul>\n<p>Rakendus annab m\u00e4rku ka siis, kui patareid vajavad vahetamist, muutes seadme kasutamise veelgi muretumaks. Nutikas ukseandur on usaldusv\u00e4\u00e4rne ja praktiline lahendus teie kodu turvalisuse automatiseerimiseks.<\/p>\n<p><img decoding=\"async\" src=\"https:\/\/blankpage.ee\/_ruumist-ruumi\/wp-content\/uploads\/2025\/04\/5-144.webp\" border=\"0\" alt=\"anduri tehnilised n\u00e4itajad ja patareivahetuse v\u00f5imalus\" \/><\/p>\n","protected":false},"excerpt":{"rendered":"<p>Nutikas ukseandur WiFi Gosund S2 (Tuya, Alexa, Google) Nutikas ukseandur v\u00f5imaldab h\u00f5lpsalt j\u00e4lgida, kas teie kodu uksed v\u00f5i aknad on avatud v\u00f5i suletud. Kui sensor tuvastab liikumise ehk ukse v\u00f5i akna avanemise, saadab seade sellest koheselt teavituse nutitelefonile. Nii saate kiirelt reageerida ning vajadusel tegutseda. Lihtne paigaldada ja kohe kasutusvalmis nutikas ukseandur Gosund S2 installimine [&hellip;]<\/p>\n","protected":false},"featured_media":169349,"comment_status":"open","ping_status":"open","template":"","meta":[],"product_brand":[2940],"product_cat":[3042],"product_tag":[],"class_list":{"0":"post-169344","1":"product","2":"type-product","3":"status-publish","4":"has-post-thumbnail","6":"product_brand-gosund","7":"product_cat-andurid","8":"product_shipping_class-innpro","10":"first","11":"instock","12":"sale","13":"taxable","14":"shipping-taxable","15":"purchasable","16":"product-type-simple"},"_links":{"self":[{"href":"https:\/\/blankpage.ee\/_ruumist-ruumi\/wp-json\/wp\/v2\/product\/169344","targetHints":{"allow":["GET"]}}],"collection":[{"href":"https:\/\/blankpage.ee\/_ruumist-ruumi\/wp-json\/wp\/v2\/product"}],"about":[{"href":"https:\/\/blankpage.ee\/_ruumist-ruumi\/wp-json\/wp\/v2\/types\/product"}],"replies":[{"embeddable":true,"href":"https:\/\/blankpage.ee\/_ruumist-ruumi\/wp-json\/wp\/v2\/comments?post=169344"}],"wp:featuredmedia":[{"embeddable":true,"href":"https:\/\/blankpage.ee\/_ruumist-ruumi\/wp-json\/wp\/v2\/media\/169349"}],"wp:attachment":[{"href":"https:\/\/blankpage.ee\/_ruumist-ruumi\/wp-json\/wp\/v2\/media?parent=169344"}],"wp:term":[{"taxonomy":"product_brand","embeddable":true,"href":"https:\/\/blankpage.ee\/_ruumist-ruumi\/wp-json\/wp\/v2\/product_brand?post=169344"},{"taxonomy":"product_cat","embeddable":true,"href":"https:\/\/blankpage.ee\/_ruumist-ruumi\/wp-json\/wp\/v2\/product_cat?post=169344"},{"taxonomy":"product_tag","embeddable":true,"href":"https:\/\/blankpage.ee\/_ruumist-ruumi\/wp-json\/wp\/v2\/product_tag?post=169344"}],"curies":[{"name":"wp","href":"https:\/\/api.w.org\/{rel}","templated":true}]}}