{"id":169378,"date":"2025-04-18T16:57:43","date_gmt":"2025-04-18T16:57:43","guid":{"rendered":"https:\/\/ruumistruumi.ee\/pood\/nutikodu-varav-bluetooth-wi-fi-alarmiga-gosund-g2\/"},"modified":"2025-08-21T08:19:43","modified_gmt":"2025-08-21T08:19:43","slug":"nutikodu-varav-bluetooth-wi-fi-alarmiga-gosund-g2","status":"publish","type":"product","link":"https:\/\/blankpage.ee\/_ruumist-ruumi\/pood\/nutikodu-varav-bluetooth-wi-fi-alarmiga-gosund-g2\/","title":{"rendered":"Nutikodu v\u00e4rav Bluetooth\/Wi-Fi alarmiga Gosund G2"},"content":{"rendered":"<h3>Nutikodu v\u00e4rav Bluetooth\/Wi-Fi alarmiga Gosund G2<\/h3>\n<p><strong>Nutikodu v\u00e4rav<\/strong> Gosund G2 on kompaktne Bluetooth- ja Wi-Fi seadmete v\u00e4rav, mis lihtsustab erinevate nutikodu seadmete haldamist ja \u00fchendamist. Selle v\u00e4rava abil saad mugavalt juhatada n\u00e4iteks nutikaid ukse- v\u00f5i aknalukke ning teisi automaatikalahendusi, kasutades spetsiaalset mobiilirakendust. Seade \u00fchildub Google Assistanti ja Amazon Alexa h\u00e4\u00e4ljuhtimisega, v\u00f5imaldades seadmete k\u00e4ivitamist v\u00f5i sulgemist ka h\u00e4\u00e4lk\u00e4sklustega.<\/p>\n<p><img decoding=\"async\" src=\"https:\/\/blankpage.ee\/_ruumist-ruumi\/wp-content\/uploads\/2025\/04\/5-146.webp\" border=\"0\" alt=\"Nutikodu v\u00e4rav Gosund G2\" \/><\/p>\n<h3>Mugav juhtimine ja seadmete \u00fchendamine<\/h3>\n<p>Gosund G2 v\u00f5imaldab kaugjuhtida seadmeid igalt poolt \u2013 n\u00e4iteks saad avada v\u00f5i lukustada oma ukse olenemata asukohast. T\u00f6\u00f6tamiskaugus on kuni 10 meetrit, mis annab paindlikkust seadmete paigutamisel. Nutikodu v\u00e4rav sobib ka muude Bluetooth- v\u00f5i Wi-Fi tehnoloogiaid kasutavate seadmetega.<\/p>\n<p><img decoding=\"async\" src=\"https:\/\/blankpage.ee\/_ruumist-ruumi\/wp-content\/uploads\/2025\/04\/8-67.webp\" border=\"0\" alt=\"Bluetooth ja Wi-Fi v\u00e4rava abil ukse avamine Gosund G2 seadmega\" \/><\/p>\n<h3>H\u00e4\u00e4lassistentide tugi ja nutikas juhtimine<\/h3>\n<p>T\u00e4nu Google Assistanti ja Amazon Alexa toele saad seadmeid juhtida h\u00e4\u00e4lk\u00e4sklustega ka siis, kui telefon pole k\u00e4ep\u00e4rast. See muudab igap\u00e4evased toimingud lihtsamaks ja t\u00f5stab kodu mugavustaset.<\/p>\n<p><img decoding=\"async\" src=\"https:\/\/blankpage.ee\/_ruumist-ruumi\/wp-content\/uploads\/2025\/04\/7-108.webp\" border=\"0\" alt=\"Gosund G2 \u00fchildub h\u00e4\u00e4lassistentidega Google ja Alexa\" \/><\/p>\n<h3>LED-indikaatorid ja selge tagasiside<\/h3>\n<p>G2 v\u00e4raval on LED-indikaatorid, mille abil saad vaadata seadme olekut reaalajas. Sinine tuli n\u00e4itab sidumisre\u017eiimi, punane valgus viitab v\u00f5rguveale ning m\u00f5lema olemasolu t\u00e4hendab t\u00f6\u00f6re\u017eiimi.<\/p>\n<p><img decoding=\"async\" src=\"https:\/\/blankpage.ee\/_ruumist-ruumi\/wp-content\/uploads\/2025\/04\/11-19.webp\" border=\"0\" alt=\"LED-indikaatoritega nutikodu v\u00e4rava esivaade Gosund G2\" \/><\/p>\n<h3>Komplektis sisaldub<\/h3>\n<ul>\n<li>Nutikodu Bluetooth\/Wi-Fi v\u00e4rav<\/li>\n<li>L\u00fchike kasutusjuhend<\/li>\n<\/ul>\n<div class=\"table-wrapper\">\n<table>\n<tbody>\n<tr>\n<th>Br\u00e4nd<\/th>\n<td>Gosund<\/td>\n<\/tr>\n<tr>\n<th>Mudel<\/th>\n<td>G2<\/td>\n<\/tr>\n<tr>\n<th>\u00dchenduvus<\/th>\n<td>Bluetooth 4.2 \/ IEEE802.3 11n\/g\/b Wi-Fi<\/td>\n<\/tr>\n<tr>\n<th>Sagedus<\/th>\n<td>2,4 GHz<\/td>\n<\/tr>\n<tr>\n<th>Toide<\/th>\n<td>USB DC 5 V 1 A<\/td>\n<\/tr>\n<tr>\n<th>T\u00f6\u00f6keskkonna temperatuur<\/th>\n<td>0\u00b0C kuni 50\u00b0C<\/td>\n<\/tr>\n<tr>\n<th>T\u00f6\u00f6niiskus<\/th>\n<td>10%\u201385% RH<\/td>\n<\/tr>\n<tr>\n<th>Ladustamistemperatuur<\/th>\n<td>0\u00b0C kuni 70\u00b0C<\/td>\n<\/tr>\n<tr>\n<th>Ladustamiskeskkonna \u00f5huniiskus<\/th>\n<td>5%\u201395% RH<\/td>\n<\/tr>\n<tr>\n<th>Kaal<\/th>\n<td>100 g<\/td>\n<\/tr>\n<tr>\n<th>M\u00f5\u00f5dud<\/th>\n<td>50 x 50 x 11 mm<\/td>\n<\/tr>\n<\/tbody>\n<\/table>\n<\/div>\n<p><strong>Nutikodu v\u00e4rav<\/strong> Gosund G2 sobib suurep\u00e4raselt neile, kes soovivad teha oma kodu targemaks ja mugavamaks, pakkudes usaldusv\u00e4\u00e4rset kaugjuhtimist ning h\u00f5lpsalt j\u00e4lgitavat t\u00f6\u00f6tamist.<\/p>\n","protected":false},"excerpt":{"rendered":"<p>Nutikodu v\u00e4rav Bluetooth\/Wi-Fi alarmiga Gosund G2 Nutikodu v\u00e4rav Gosund G2 on kompaktne Bluetooth- ja Wi-Fi seadmete v\u00e4rav, mis lihtsustab erinevate nutikodu seadmete haldamist ja \u00fchendamist. Selle v\u00e4rava abil saad mugavalt juhatada n\u00e4iteks nutikaid ukse- v\u00f5i aknalukke ning teisi automaatikalahendusi, kasutades spetsiaalset mobiilirakendust. Seade \u00fchildub Google Assistanti ja Amazon Alexa h\u00e4\u00e4ljuhtimisega, v\u00f5imaldades seadmete k\u00e4ivitamist v\u00f5i sulgemist [&hellip;]<\/p>\n","protected":false},"featured_media":169383,"comment_status":"open","ping_status":"open","template":"","meta":[],"product_brand":[2940],"product_cat":[3046],"product_tag":[],"class_list":{"0":"post-169378","1":"product","2":"type-product","3":"status-publish","4":"has-post-thumbnail","6":"product_brand-gosund","7":"product_cat-nutikeskused","8":"product_shipping_class-innpro","10":"first","11":"instock","12":"sale","13":"taxable","14":"shipping-taxable","15":"purchasable","16":"product-type-simple"},"_links":{"self":[{"href":"https:\/\/blankpage.ee\/_ruumist-ruumi\/wp-json\/wp\/v2\/product\/169378","targetHints":{"allow":["GET"]}}],"collection":[{"href":"https:\/\/blankpage.ee\/_ruumist-ruumi\/wp-json\/wp\/v2\/product"}],"about":[{"href":"https:\/\/blankpage.ee\/_ruumist-ruumi\/wp-json\/wp\/v2\/types\/product"}],"replies":[{"embeddable":true,"href":"https:\/\/blankpage.ee\/_ruumist-ruumi\/wp-json\/wp\/v2\/comments?post=169378"}],"wp:featuredmedia":[{"embeddable":true,"href":"https:\/\/blankpage.ee\/_ruumist-ruumi\/wp-json\/wp\/v2\/media\/169383"}],"wp:attachment":[{"href":"https:\/\/blankpage.ee\/_ruumist-ruumi\/wp-json\/wp\/v2\/media?parent=169378"}],"wp:term":[{"taxonomy":"product_brand","embeddable":true,"href":"https:\/\/blankpage.ee\/_ruumist-ruumi\/wp-json\/wp\/v2\/product_brand?post=169378"},{"taxonomy":"product_cat","embeddable":true,"href":"https:\/\/blankpage.ee\/_ruumist-ruumi\/wp-json\/wp\/v2\/product_cat?post=169378"},{"taxonomy":"product_tag","embeddable":true,"href":"https:\/\/blankpage.ee\/_ruumist-ruumi\/wp-json\/wp\/v2\/product_tag?post=169378"}],"curies":[{"name":"wp","href":"https:\/\/api.w.org\/{rel}","templated":true}]}}