{"id":169418,"date":"2025-04-18T17:01:04","date_gmt":"2025-04-18T17:01:04","guid":{"rendered":"https:\/\/ruumistruumi.ee\/pood\/nutikas-pistik-energiakulu-jalgimisega-meross-mss305-eu-wi-fi-16a\/"},"modified":"2025-08-21T08:19:42","modified_gmt":"2025-08-21T08:19:42","slug":"nutikas-pistik-energiakulu-jalgimisega-meross-mss305-eu-wi-fi-16a","status":"publish","type":"product","link":"https:\/\/blankpage.ee\/_ruumist-ruumi\/pood\/nutikas-pistik-energiakulu-jalgimisega-meross-mss305-eu-wi-fi-16a\/","title":{"rendered":"Nutikas pistik energiakulu j\u00e4lgimisega Meross MSS305-EU (Wi-Fi, 16A)"},"content":{"rendered":"<h3>Nutikas pistik energiakulu j\u00e4lgimisega Meross MSS305-EU (Wi-Fi, 16A)<\/h3>\n<p>Nutikas pistik energiakulu j\u00e4lgimisega v\u00f5imaldab teil mugavalt koduseadmeid juhtida olenemata asukohast. Pistik \u00fchildub Amazon Alexa, Google Home\u2019i ja SmartThingsiga, mis teeb seadmete kontrollimise lihtsaks h\u00e4\u00e4lk\u00e4sklustega. T\u00e4nu sisseehitatud energiakulu monitooringule saate j\u00e4lgida elektritarbimist ja vajadusel tarbimist optimeerida. Nutipistik t\u00f6\u00f6tab olemasoleva Wi-Fi v\u00f5rgu kaudu \u2013 lisaseadmeid pole vaja. Esmane seadistamine Bluetoothi abil on kiire ja lihtne.<\/p>\n<p><img decoding=\"async\" src=\"https:\/\/blankpage.ee\/_ruumist-ruumi\/wp-content\/uploads\/2025\/04\/1-180.webp\" alt=\"nutikas pistik energiakulu j\u00e4lgimise funktsiooniga, vaade eest ja k\u00fcljelt\"><\/p>\n<h3>Reaalajas energiakulu j\u00e4lgimine<\/h3>\n<p>Nutikas pistik energiakulu funktsiooniga v\u00f5imaldab teil saada \u00fclevaate \u00fchendatud seadmete elektritarbimisest. K\u00f5ik tarbimisandmed on mugavalt j\u00e4lgitavad Meross \u00e4pi abil ning saad v\u00f5rrelda ka ajaloolisi v\u00e4\u00e4rtusi, et anal\u00fc\u00fcsida energiakasutust ja leida v\u00f5imalusi elektriarvete v\u00e4hendamiseks.<\/p>\n<p><img decoding=\"async\" src=\"https:\/\/blankpage.ee\/_ruumist-ruumi\/wp-content\/uploads\/2025\/04\/3-171.webp\" alt=\"ENERGY-MONITOR nutipistik, energiatarbimise graafik Meross rakenduses\"><\/p>\n<h3>Juhtimine h\u00e4\u00e4lk\u00e4sklustega<\/h3>\n<p>Pistik \u00fchildub Amazon Alexa, Google Home\u2019i ja SmartThingsiga. See v\u00f5imaldab teil seadmeid sisse v\u00f5i v\u00e4lja l\u00fclitada k\u00e4ed-vaba re\u017eiimis \u2013 n\u00e4iteks kustutada tuled v\u00f5i l\u00fclitada ventilaator sisse lihtsalt h\u00e4\u00e4lega.<\/p>\n<p><img decoding=\"async\" src=\"https:\/\/blankpage.ee\/_ruumist-ruumi\/wp-content\/uploads\/2025\/04\/4-169.webp\" alt=\"pistik \u00fchendatud nutiabilisega, h\u00e4\u00e4lk\u00e4sklustega juhtimine\"><\/p>\n<h3>Meross rakendus t\u00e4ielikuks kontrolliks<\/h3>\n<p>Meross \u00e4piga saate seadmeid juhtida igast asukohast \u2013 nii kodust kui ka t\u00f6\u00f6l v\u00f5i reisil. Lisaks annab rakendus v\u00f5imaluse j\u00e4lgida otse nutika pistiku energiatarbimist ja muuta seadeid vastavalt vajadusele.<\/p>\n<p><img decoding=\"async\" src=\"https:\/\/blankpage.ee\/_ruumist-ruumi\/wp-content\/uploads\/2025\/04\/2-190.webp\" alt=\"nutika pistiku kasutamine Meross \u00e4pis, mobiiliekraanil juhtimine\"><\/p>\n<h3>Automatiseerimine igap\u00e4evasteks toiminguteks<\/h3>\n<p>Seadistage ajastusi v\u00f5i taimerid, mis l\u00fclitavad seadmed sisse v\u00f5i v\u00e4lja just \u00f5igel hetkel \u2013 n\u00e4iteks automaatselt valgustuse sissel\u00fclitamine p\u00e4ikeseloojangul v\u00f5i seadmete v\u00e4ljal\u00fclitamine kindlal ajal. Nutikas pistik energiakulu j\u00e4lgimisega aitab teil energiakasutust t\u00f5husamalt hallata.<\/p>\n<p><img decoding=\"async\" src=\"https:\/\/blankpage.ee\/_ruumist-ruumi\/wp-content\/uploads\/2025\/04\/5-149.webp\" alt=\"ajastusega nutipistik, automaatne sisse- ja v\u00e4ljal\u00fclitus\"><\/p>\n<h3>Komplekti kuulub<\/h3>\n<ul>\n<li>Nutikas pistik<\/li>\n<li>Kasutusjuhend<\/li>\n<\/ul>\n<div class=\"table-wrapper\">\n<table>\n<tbody>\n<tr>\n<th>Tootja<\/th>\n<td>Meross<\/td>\n<\/tr>\n<tr>\n<th>Mudel<\/th>\n<td>MSS305-EU<\/td>\n<\/tr>\n<tr>\n<th>Sisendpinge<\/th>\n<td>100\u2013240 V, 50\/60 Hz<\/td>\n<\/tr>\n<tr>\n<th>V\u00e4ljundvool<\/th>\n<td>16 A (max)<\/td>\n<\/tr>\n<tr>\n<th>\u00dchilduvus<\/th>\n<td>Amazon Alexa, Google Home, SmartThings<\/td>\n<\/tr>\n<tr>\n<th>Traadita \u00fchenduse standard<\/th>\n<td>IEEE 802.11 b\/g\/n, 2.4 GHz, 1T1R<\/td>\n<\/tr>\n<tr>\n<th>Traadita turvalisus<\/th>\n<td>Toetab WEP 64\/128 bit, WPA-PSK \/ WPA2-PSK (ei toeta Wi-Fi Enterprise\u2019i)<\/td>\n<\/tr>\n<tr>\n<th>Rakendus<\/th>\n<td>Meross<\/td>\n<\/tr>\n<tr>\n<th>S\u00fcsteemin\u00f5uded<\/th>\n<td>iOS 10 v\u00f5i uuem, Android 6.0 v\u00f5i uuem<\/td>\n<\/tr>\n<tr>\n<th>M\u00f5\u00f5tmed<\/th>\n<td>5 \u00d7 5,7 \u00d7 6,3 cm<\/td>\n<\/tr>\n<tr>\n<th>T\u00f6\u00f6temperatuur<\/th>\n<td>0\u00b0C kuni 40\u00b0C<\/td>\n<\/tr>\n<tr>\n<th>Hoidmistemperatuur<\/th>\n<td>\u221240\u00b0C kuni 70\u00b0C<\/td>\n<\/tr>\n<tr>\n<th>T\u00f6\u00f6tamisniiskus<\/th>\n<td>10%\u201390% (kondenseerumata)<\/td>\n<\/tr>\n<tr>\n<th>Hoiustamisniiskus<\/th>\n<td>5%\u201390% (kondenseerumata)<\/td>\n<\/tr>\n<\/tbody>\n<\/table>\n<\/div>\n","protected":false},"excerpt":{"rendered":"<p>Nutikas pistik energiakulu j\u00e4lgimisega Meross MSS305-EU (Wi-Fi, 16A) Nutikas pistik energiakulu j\u00e4lgimisega v\u00f5imaldab teil mugavalt koduseadmeid juhtida olenemata asukohast. Pistik \u00fchildub Amazon Alexa, Google Home\u2019i ja SmartThingsiga, mis teeb seadmete kontrollimise lihtsaks h\u00e4\u00e4lk\u00e4sklustega. T\u00e4nu sisseehitatud energiakulu monitooringule saate j\u00e4lgida elektritarbimist ja vajadusel tarbimist optimeerida. Nutipistik t\u00f6\u00f6tab olemasoleva Wi-Fi v\u00f5rgu kaudu \u2013 lisaseadmeid pole vaja. Esmane [&hellip;]<\/p>\n","protected":false},"featured_media":169424,"comment_status":"open","ping_status":"open","template":"","meta":[],"product_brand":[3050],"product_cat":[3036],"product_tag":[],"class_list":{"0":"post-169418","1":"product","2":"type-product","3":"status-publish","4":"has-post-thumbnail","6":"product_brand-meross","7":"product_cat-toitepistikud","8":"product_shipping_class-innpro","10":"first","11":"instock","12":"sale","13":"taxable","14":"shipping-taxable","15":"purchasable","16":"product-type-simple"},"_links":{"self":[{"href":"https:\/\/blankpage.ee\/_ruumist-ruumi\/wp-json\/wp\/v2\/product\/169418","targetHints":{"allow":["GET"]}}],"collection":[{"href":"https:\/\/blankpage.ee\/_ruumist-ruumi\/wp-json\/wp\/v2\/product"}],"about":[{"href":"https:\/\/blankpage.ee\/_ruumist-ruumi\/wp-json\/wp\/v2\/types\/product"}],"replies":[{"embeddable":true,"href":"https:\/\/blankpage.ee\/_ruumist-ruumi\/wp-json\/wp\/v2\/comments?post=169418"}],"wp:featuredmedia":[{"embeddable":true,"href":"https:\/\/blankpage.ee\/_ruumist-ruumi\/wp-json\/wp\/v2\/media\/169424"}],"wp:attachment":[{"href":"https:\/\/blankpage.ee\/_ruumist-ruumi\/wp-json\/wp\/v2\/media?parent=169418"}],"wp:term":[{"taxonomy":"product_brand","embeddable":true,"href":"https:\/\/blankpage.ee\/_ruumist-ruumi\/wp-json\/wp\/v2\/product_brand?post=169418"},{"taxonomy":"product_cat","embeddable":true,"href":"https:\/\/blankpage.ee\/_ruumist-ruumi\/wp-json\/wp\/v2\/product_cat?post=169418"},{"taxonomy":"product_tag","embeddable":true,"href":"https:\/\/blankpage.ee\/_ruumist-ruumi\/wp-json\/wp\/v2\/product_tag?post=169418"}],"curies":[{"name":"wp","href":"https:\/\/api.w.org\/{rel}","templated":true}]}}