{"id":169448,"date":"2025-04-18T17:01:04","date_gmt":"2025-04-18T17:01:04","guid":{"rendered":"https:\/\/ruumistruumi.ee\/pood\/nutikas-wi%e2%80%91fi-oovalgusti-meross-msl450hk%e2%80%91eu-homekit-reguleeritav-valgus-puute-ja-haaljuhtimine\/"},"modified":"2025-08-21T08:19:42","modified_gmt":"2025-08-21T08:19:42","slug":"nutikas-wi%e2%80%91fi-oovalgusti-meross-msl450hk%e2%80%91eu-homekit-reguleeritav-valgus-puute-ja-haaljuhtimine","status":"publish","type":"product","link":"https:\/\/blankpage.ee\/_ruumist-ruumi\/pood\/nutikas-wi%e2%80%91fi-oovalgusti-meross-msl450hk%e2%80%91eu-homekit-reguleeritav-valgus-puute-ja-haaljuhtimine\/","title":{"rendered":"Nutikas Wi\u2011Fi \u00f6\u00f6valgusti Meross MSL450HK\u2011EU (HomeKit, reguleeritav valgus, puute- ja h\u00e4\u00e4ljuhtimine)"},"content":{"rendered":"<h3>Nutikas \u00f6\u00f6valgusti Meross MSL450HK-EU \u2013 HomeKitiga nutivalgusti<\/h3>\n<p>Nutikas \u00f6\u00f6valgusti Meross MSL450HK-EU toob Sinu koju mugavuse ja mitmek\u00fclgsuse. Sisseehitatud Wi\u2011Fi v\u00f5imaldab lampi juhtida nii puutepaneelilt kui rakenduse kaudu. T\u00e4nu modernsele ja minimalistlikule disainile sobib see sisustusvalgusti ideaalselt nii magamistuppa, lastetuppa kui elutuppa. Nutikas \u00f6\u00f6valgusti sobitub igasse interj\u00f6\u00f6ri ning loob hubase valgusmeeleolu just Sulle sobival viisil.<\/p>\n<p><img decoding=\"async\" src=\"https:\/\/blankpage.ee\/_ruumist-ruumi\/wp-content\/uploads\/2025\/04\/7-113.webp\" alt=\"Nutika \u00f6\u00f6valgusti Meross MSL450HK-EU modernne silindrikujuline lamp valge p\u00f5hjaga laual\"><\/p>\n<h3>Nutikas valgus ja t\u00e4ielik reguleeritavus<\/h3>\n<p>Selle \u00f6\u00f6valgusti abil saad valida kuni 16 miljoni v\u00e4rvitooni vahel ning reguleerida valguse heledust ja v\u00e4rvustemperatuuri (2000K\u20135700K). Nutikas valgusti v\u00f5imaldab valida pehme soojema valguse l\u00f5\u00f5gastumiseks, eredama valguse \u00f5ppimiseks v\u00f5i erilise v\u00e4rvitooni t\u00e4histamiseks. Kohanda valgustus vastavalt tujule v\u00f5i s\u00fcndmusele!<\/p>\n<p><img decoding=\"async\" src=\"https:\/\/blankpage.ee\/_ruumist-ruumi\/wp-content\/uploads\/2025\/04\/2-194.webp\" alt=\"Wi-Fi \u00f6\u00f6valgusti valguse heledus ja v\u00e4rvustemperatuuri valiku v\u00f5imalused\"><\/p>\n<h3>Automaatne ajastus ja igap\u00e4evaelu lihtsus<\/h3>\n<p>Seadista individuaalsed taimerid ning automaatsed sissel\u00fclitused v\u00f5i kustutamised otse Meross rakendusest. N\u00e4iteks v\u00f5id m\u00e4\u00e4rata, et valgus h\u00e4\u00e4bub vaikselt l\u00e4bi \u00f6\u00f6 v\u00f5i s\u00fcttib automaatselt, kui Sa koju j\u00f5uad. See nutikas \u00f6\u00f6valgusti tagab muretu ja energias\u00e4\u00e4stliku igap\u00e4evaelu.<\/p>\n<p><img decoding=\"async\" src=\"https:\/\/blankpage.ee\/_ruumist-ruumi\/wp-content\/uploads\/2025\/04\/6-135.webp\" alt=\"Ajastatav nutikas LED-valgusti Meross rakenduses seadistatavate aegade ja taimerite kuvaga\"><\/p>\n<h3>H\u00e4\u00e4l- ja puutejuhtimine, lai tugi platvormidele<\/h3>\n<p>Lampi saad juhtida mugavalt Meross \u00e4pi kaudu, samuti toetavad seda Alexa, Google Assistant, Siri ja SmartThings platvormid. Intuitiivne puutetundlik paneel v\u00f5imaldab valgusparameetreid seadistada ka otse seadmel. Nii saad nautida oma nutika \u00f6\u00f6valgusti t\u00e4ielikku kontrolli igas olukorras.<\/p>\n<p><img decoding=\"async\" src=\"https:\/\/blankpage.ee\/_ruumist-ruumi\/wp-content\/uploads\/2025\/04\/1-184.webp\" alt=\"Meross nutikas \u00f6\u00f6valgusti puutetundliku juhtpaneeliga l\u00e4hedalt\"><\/p>\n<h3>Komplekti kuulub<\/h3>\n<ul>\n<li>Nutikas \u00f6\u00f6valgusti<\/li>\n<li>Toiteadapter<\/li>\n<li>Kasutusjuhend<\/li>\n<\/ul>\n<p><img decoding=\"async\" src=\"https:\/\/blankpage.ee\/_ruumist-ruumi\/wp-content\/uploads\/2025\/04\/3-172.webp\" alt=\"Meross nutikas \u00f6\u00f6valgusti koos toiteadapteri ja juhendiga laual\"><\/p>\n<table>\n<tr>\n<th>Tootja<\/th>\n<td>Meross<\/td>\n<\/tr>\n<tr>\n<th>Mudel<\/th>\n<td>MSL450HK-EU<\/td>\n<\/tr>\n<tr>\n<th>Sisendvool<\/th>\n<td>5 V \/ 1,5 A<\/td>\n<\/tr>\n<tr>\n<th>M\u00f5\u00f5dud<\/th>\n<td>\u03c610,0 \u00d7 18,0 cm<\/td>\n<\/tr>\n<tr>\n<th>V\u00e4rvustemperatuur<\/th>\n<td>2000K \u2013 5700K<\/td>\n<\/tr>\n<tr>\n<th>Traadita standard<\/th>\n<td>IEEE 802.11 b\/g\/n, 2.4 GHz<\/td>\n<\/tr>\n<tr>\n<th>Turvalisus<\/th>\n<td>WEP 64\/128 bit, WPA-PSK \/ WPA2-PSK, Enterprise WiFi ei ole toetatud<\/td>\n<\/tr>\n<tr>\n<th>Rakendus<\/th>\n<td>Meross<\/td>\n<\/tr>\n<tr>\n<th>S\u00fcsteemin\u00f5uded<\/th>\n<td>iOS 13 v\u00f5i uuem, Android 6.0 v\u00f5i uuem<\/td>\n<\/tr>\n<tr>\n<th>\u00dchilduvus<\/th>\n<td>Amazon Alexa, Google Home, SmartThings, Apple HomeKit<\/td>\n<\/tr>\n<tr>\n<th>T\u00f6\u00f6temperatuur<\/th>\n<td>0 \u00b0C \u2013 40 \u00b0C<\/td>\n<\/tr>\n<tr>\n<th>Hoidlustemperatuur<\/th>\n<td>-40 \u00b0C \u2013 70 \u00b0C<\/td>\n<\/tr>\n<tr>\n<th>T\u00f6\u00f6niiskus<\/th>\n<td>10% \u2013 90% (mittekondenseeruv)<\/td>\n<\/tr>\n<tr>\n<th>Hoidlusniiskus<\/th>\n<td>5% \u2013 90% (mittekondenseeruv)<\/td>\n<\/tr>\n<\/table>\n","protected":false},"excerpt":{"rendered":"<p>Nutikas \u00f6\u00f6valgusti Meross MSL450HK-EU \u2013 HomeKitiga nutivalgusti Nutikas \u00f6\u00f6valgusti Meross MSL450HK-EU toob Sinu koju mugavuse ja mitmek\u00fclgsuse. Sisseehitatud Wi\u2011Fi v\u00f5imaldab lampi juhtida nii puutepaneelilt kui rakenduse kaudu. T\u00e4nu modernsele ja minimalistlikule disainile sobib see sisustusvalgusti ideaalselt nii magamistuppa, lastetuppa kui elutuppa. Nutikas \u00f6\u00f6valgusti sobitub igasse interj\u00f6\u00f6ri ning loob hubase valgusmeeleolu just Sulle sobival viisil. Nutikas [&hellip;]<\/p>\n","protected":false},"featured_media":169454,"comment_status":"open","ping_status":"open","template":"","meta":[],"product_brand":[3050],"product_cat":[3040],"product_tag":[],"class_list":{"0":"post-169448","1":"product","2":"type-product","3":"status-publish","4":"has-post-thumbnail","6":"product_brand-meross","7":"product_cat-laua-ja-oolambid","8":"product_shipping_class-innpro","10":"first","11":"instock","12":"sale","13":"taxable","14":"shipping-taxable","15":"purchasable","16":"product-type-simple"},"_links":{"self":[{"href":"https:\/\/blankpage.ee\/_ruumist-ruumi\/wp-json\/wp\/v2\/product\/169448","targetHints":{"allow":["GET"]}}],"collection":[{"href":"https:\/\/blankpage.ee\/_ruumist-ruumi\/wp-json\/wp\/v2\/product"}],"about":[{"href":"https:\/\/blankpage.ee\/_ruumist-ruumi\/wp-json\/wp\/v2\/types\/product"}],"replies":[{"embeddable":true,"href":"https:\/\/blankpage.ee\/_ruumist-ruumi\/wp-json\/wp\/v2\/comments?post=169448"}],"wp:featuredmedia":[{"embeddable":true,"href":"https:\/\/blankpage.ee\/_ruumist-ruumi\/wp-json\/wp\/v2\/media\/169454"}],"wp:attachment":[{"href":"https:\/\/blankpage.ee\/_ruumist-ruumi\/wp-json\/wp\/v2\/media?parent=169448"}],"wp:term":[{"taxonomy":"product_brand","embeddable":true,"href":"https:\/\/blankpage.ee\/_ruumist-ruumi\/wp-json\/wp\/v2\/product_brand?post=169448"},{"taxonomy":"product_cat","embeddable":true,"href":"https:\/\/blankpage.ee\/_ruumist-ruumi\/wp-json\/wp\/v2\/product_cat?post=169448"},{"taxonomy":"product_tag","embeddable":true,"href":"https:\/\/blankpage.ee\/_ruumist-ruumi\/wp-json\/wp\/v2\/product_tag?post=169448"}],"curies":[{"name":"wp","href":"https:\/\/api.w.org\/{rel}","templated":true}]}}