{"id":169484,"date":"2025-04-18T17:01:04","date_gmt":"2025-04-18T17:01:04","guid":{"rendered":"https:\/\/ruumistruumi.ee\/pood\/nutikas-temperatuuri-ja-niiskusandur-sonoff-snzb-02d-zigbee-lcd-cr2450\/"},"modified":"2025-08-21T08:19:43","modified_gmt":"2025-08-21T08:19:43","slug":"nutikas-temperatuuri-ja-niiskusandur-sonoff-snzb-02d-zigbee-lcd-cr2450","status":"publish","type":"product","link":"https:\/\/blankpage.ee\/_ruumist-ruumi\/pood\/nutikas-temperatuuri-ja-niiskusandur-sonoff-snzb-02d-zigbee-lcd-cr2450\/","title":{"rendered":"Nutikas temperatuuri- ja niiskusandur Sonoff SNZB-02D (Zigbee, LCD, CR2450)"},"content":{"rendered":"<h3>Nutikas temperatuuri- ja niiskusandur Sonoff SNZB-02D (Zigbee, LCD, CR2450)<\/h3>\n<p>Nutikas \u00f5huniiskusandur Sonoff SNZB-02D v\u00f5imaldab t\u00e4pselt j\u00e4lgida temperatuuri ja \u00f5huniiskuse taset erinevates ruumides. Seade m\u00f5\u00f5dab andmeid iga 5 sekundi j\u00e4rel ning kuvab need suurel ja selgel LCD-ekraanil. T\u00e4nu Zigbee 3.0 protokollile saab nutika \u00f5huniiskusanduri h\u00f5lpsalt \u00fchendada erinevatesse nutikodu s\u00fcsteemidesse, nagu eWeLink, Home Assistant, Alexa ja Google Home.<\/p>\n<p><img decoding=\"async\" src=\"https:\/\/blankpage.ee\/_ruumist-ruumi\/wp-content\/uploads\/2025\/04\/9-65.webp\" alt=\"Nutikas \u00f5huniiskusandur Sonoff SNZB-02D koos LCD ekraaniga m\u00f5\u00f5dab temperatuuri ja niiskust\" \/><\/p>\n<h3>Mitmek\u00fclgsed kasutusv\u00f5imalused<\/h3>\n<p>Nutikas \u00f5huniiskusandur sobib kuni 120 m\u00b2 suuruste ruumide jaoks. Seade t\u00f6\u00f6tab usaldusv\u00e4\u00e4rselt kodus, lastetoas, kasvuhoones, veinikelderis, terrariumis v\u00f5i muusikainstrumentide hoiuruumides. K\u00f5rge t\u00e4psusega andur aitab j\u00e4lgida mikrokliimat k\u00f5ikjal, kus on vaja tagada sobiv temperatuur v\u00f5i niiskus.<\/p>\n<p><img decoding=\"async\" src=\"https:\/\/blankpage.ee\/_ruumist-ruumi\/wp-content\/uploads\/2025\/04\/8-70.webp\" alt=\"\u00d5huniiskusandur Sonoff SNZB-02D kasutatav lastetoas, kasvuhoones, keldris ja mujal\" \/><\/p>\n<h3>K\u00f5rge t\u00e4psus ja pidev uuendus<\/h3>\n<p>\u0160veitsi h\u00fcgrostaat tagab \u00b10,2\u00b0C ja \u00f5huniiskuse puhul kuni \u00b12% t\u00e4psuse. M\u00f5\u00f5tetulemused uuenevad iga 5 sekundi j\u00e4rel ning saab valida temperatuuri \u00fchiku kas \u00b0C v\u00f5i \u00b0F.<\/p>\n<p><img decoding=\"async\" src=\"https:\/\/blankpage.ee\/_ruumist-ruumi\/wp-content\/uploads\/2025\/04\/2-197.webp\" alt=\"Sonoff \u00f5huniiskusanduri t\u00e4psed temperatuuri- ja niiskusem\u00f5\u00f5tmised\" \/><\/p>\n<h3>Mugav juhtimine nutiseadmetega<\/h3>\n<p>K\u00f5iki andmeid saab juhtida eWeLinki rakenduse abil \u2013 j\u00e4lgi reaalajas temperatuuri ja niiskust, saada m\u00e4rguandeid seatud piirv\u00e4\u00e4rtuste \u00fcletamisel ning integreeri teisi seadmeid automaatikasse (nt l\u00fclita \u00f5huniisutaja sisse, kui niiskus langeb alla soovitud taseme).<\/p>\n<p><img decoding=\"async\" src=\"https:\/\/blankpage.ee\/_ruumist-ruumi\/wp-content\/uploads\/2025\/04\/6-139.webp\" alt=\"Sonoff nutika \u00f5huniiskusanduri juhtimine mobiilirakenduse kaudu eWeLink\" \/><\/p>\n<h3>Lai \u00fchilduvus Zigbee seadmetega<\/h3>\n<p>\u00d5huniiskusandur \u00fchildub Zigbee 3.0 protokolliga ja sobib kasutamiseks NSPanel Pro, Sonoff Zigbee Bridge\/Pro, ZBDongle-P\/E ning Alexa Zigbee HUB-iga.<\/p>\n<p><img decoding=\"async\" src=\"https:\/\/blankpage.ee\/_ruumist-ruumi\/wp-content\/uploads\/2025\/04\/3-174.webp\" alt=\"Zigbee protokolliga nutika \u00f5huniiskusanduri \u00fchilduvus teiste seadmetega\" \/><\/p>\n<h3>Andmete salvestus ja eksport<\/h3>\n<p>K\u00f5ik m\u00f5\u00f5tmistulemused salvestatakse pilve, v\u00f5imaldades kuni 6 kuu ajalugu vaadata, salvestada ja eksportida. Selleks on vajalik eWeLink \u00e4pp ja Sonoff Zigbee Gateway.<\/p>\n<p><img decoding=\"async\" src=\"https:\/\/blankpage.ee\/_ruumist-ruumi\/wp-content\/uploads\/2025\/04\/5-153.webp\" alt=\"Sonoff anduriga kogutud temperatuuri- ja niiskuseandmete ajalugu eWeLink \u00e4pis\" \/><\/p>\n<h3>Paindlik paigaldusv\u00f5imalus<\/h3>\n<p>\u00d5huniiskusandurit on lihtne paigaldada: laua peale, magnetiga metallpinnale v\u00f5i kaasasoleva 3M teibiga seinale.<\/p>\n<p><img decoding=\"async\" src=\"https:\/\/blankpage.ee\/_ruumist-ruumi\/wp-content\/uploads\/2025\/04\/7-115.webp\" alt=\"Sonoff nutikas \u00f5huniiskusandur lihtsasti paigaldatav seinale, lauale v\u00f5i metallpinnale\" \/><\/p>\n<div class=\"table-wrapper\">\n<table>\n<tbody>\n<tr>\n<th>Tootja<\/th>\n<td>Sonoff<\/td>\n<\/tr>\n<tr>\n<th>Mudel<\/th>\n<td>SNZB-02D<\/td>\n<\/tr>\n<tr>\n<th>V\u00e4rv<\/th>\n<td>valge<\/td>\n<\/tr>\n<tr>\n<th>Traadita \u00fchendus<\/th>\n<td>Zigbee 3.0<\/td>\n<\/tr>\n<tr>\n<th>T\u00f6\u00f6tav \u00f5huniiskuse vahemik<\/th>\n<td>5\u201395% RH<\/td>\n<\/tr>\n<tr>\n<th>Materjal<\/th>\n<td>PC + LCD<\/td>\n<\/tr>\n<tr>\n<th>Toiteallikas<\/th>\n<td>CR2450 patarei (3 V)<\/td>\n<\/tr>\n<tr>\n<th>T\u00f6\u00f6tav temperatuur<\/th>\n<td>-9,9\u201360\u00b0C<\/td>\n<\/tr>\n<tr>\n<th>Patarei kestvus<\/th>\n<td>Kuni 2 aastat<\/td>\n<\/tr>\n<tr>\n<th>M\u00f5\u00f5dud<\/th>\n<td>62,5 \u00d7 59,5 mm<\/td>\n<\/tr>\n<\/tbody>\n<\/table>\n<\/div>\n","protected":false},"excerpt":{"rendered":"<p>Nutikas temperatuuri- ja niiskusandur Sonoff SNZB-02D (Zigbee, LCD, CR2450) Nutikas \u00f5huniiskusandur Sonoff SNZB-02D v\u00f5imaldab t\u00e4pselt j\u00e4lgida temperatuuri ja \u00f5huniiskuse taset erinevates ruumides. Seade m\u00f5\u00f5dab andmeid iga 5 sekundi j\u00e4rel ning kuvab need suurel ja selgel LCD-ekraanil. T\u00e4nu Zigbee 3.0 protokollile saab nutika \u00f5huniiskusanduri h\u00f5lpsalt \u00fchendada erinevatesse nutikodu s\u00fcsteemidesse, nagu eWeLink, Home Assistant, Alexa ja Google [&hellip;]<\/p>\n","protected":false},"featured_media":169492,"comment_status":"open","ping_status":"open","template":"","meta":[],"product_brand":[3037],"product_cat":[3042],"product_tag":[],"class_list":{"0":"post-169484","1":"product","2":"type-product","3":"status-publish","4":"has-post-thumbnail","6":"product_brand-sonoff","7":"product_cat-andurid","8":"product_shipping_class-innpro","10":"first","11":"instock","12":"sale","13":"taxable","14":"shipping-taxable","15":"purchasable","16":"product-type-simple"},"_links":{"self":[{"href":"https:\/\/blankpage.ee\/_ruumist-ruumi\/wp-json\/wp\/v2\/product\/169484","targetHints":{"allow":["GET"]}}],"collection":[{"href":"https:\/\/blankpage.ee\/_ruumist-ruumi\/wp-json\/wp\/v2\/product"}],"about":[{"href":"https:\/\/blankpage.ee\/_ruumist-ruumi\/wp-json\/wp\/v2\/types\/product"}],"replies":[{"embeddable":true,"href":"https:\/\/blankpage.ee\/_ruumist-ruumi\/wp-json\/wp\/v2\/comments?post=169484"}],"wp:featuredmedia":[{"embeddable":true,"href":"https:\/\/blankpage.ee\/_ruumist-ruumi\/wp-json\/wp\/v2\/media\/169492"}],"wp:attachment":[{"href":"https:\/\/blankpage.ee\/_ruumist-ruumi\/wp-json\/wp\/v2\/media?parent=169484"}],"wp:term":[{"taxonomy":"product_brand","embeddable":true,"href":"https:\/\/blankpage.ee\/_ruumist-ruumi\/wp-json\/wp\/v2\/product_brand?post=169484"},{"taxonomy":"product_cat","embeddable":true,"href":"https:\/\/blankpage.ee\/_ruumist-ruumi\/wp-json\/wp\/v2\/product_cat?post=169484"},{"taxonomy":"product_tag","embeddable":true,"href":"https:\/\/blankpage.ee\/_ruumist-ruumi\/wp-json\/wp\/v2\/product_tag?post=169484"}],"curies":[{"name":"wp","href":"https:\/\/api.w.org\/{rel}","templated":true}]}}