{"id":169501,"date":"2025-04-18T17:04:33","date_gmt":"2025-04-18T17:04:33","guid":{"rendered":"https:\/\/ruumistruumi.ee\/pood\/nutikas-din-relee-shelly-pro-2-2-kanaliline-wifi-lan\/"},"modified":"2025-08-21T08:19:42","modified_gmt":"2025-08-21T08:19:42","slug":"nutikas-din-relee-shelly-pro-2-2-kanaliline-wifi-lan","status":"publish","type":"product","link":"https:\/\/blankpage.ee\/_ruumist-ruumi\/pood\/nutikas-din-relee-shelly-pro-2-2-kanaliline-wifi-lan\/","title":{"rendered":"Nutikas DIN relee Shelly Pro 2 (2-kanaliline, WiFi\/LAN)"},"content":{"rendered":"<h3>Nutikas DIN relee Shelly Pro 2 WiFi\/LAN-iga<\/h3>\n<p><img decoding=\"async\" src=\"https:\/\/blankpage.ee\/_ruumist-ruumi\/wp-content\/uploads\/2025\/04\/3-175.webp\" alt=\"Shelly Pro 2 nutikas DIN relee esivaates\"><\/p>\n<p>Shelly Pro 2 on kaasaegne, kahe kanaliga, DIN-liistule paigaldatav nutikas DIN relee, mis sobib suurep\u00e4raselt kodu ning \u00e4riruumide automaatikasse. Iga kanal v\u00f5imaldab l\u00fclitada kuni 16 A koormust ja seadme koguv\u00f5imsus ulatub 25 amprini. Seadet saab kasutada nii Wi-Fi, LAN- kui ka Bluetooth-\u00fchendustega, muutes integratsiooni erinevate nutikodu lahendustega mugavaks ja paindlikuks.<\/p>\n<p>Shelly Pro 2 sobib h\u00e4sti kokku tuntud h\u00e4\u00e4leassistentidega nagu Google Assistant, Amazon Alexa ja Samsung SmartThings, v\u00f5imaldades seadet kaugjuhtida. Potentsiaalivabad kontaktid suurendavad v\u00f5imalusi erinevate pingete l\u00fclitamisel ning skriptimise funktsioon v\u00f5imaldab luua automatiseeritud stseene, n\u00e4iteks liikumistuvastuse v\u00f5i ilmaennustuse p\u00f5hjal.<\/p>\n<h3>Paindlikud kasutusv\u00f5imalused automaatikas<\/h3>\n<p><img decoding=\"async\" src=\"https:\/\/blankpage.ee\/_ruumist-ruumi\/wp-content\/uploads\/2025\/04\/1-189.webp\" alt=\"Shelly nutirelee paigaldus ja kasutus v\u00f5imalused hoone automaatikas\"><\/p>\n<p>Nutikas DIN relee Shelly Pro 2 abil on v\u00f5imalik juhtida valgustust, uste lukustust, vannitoa ventilatsiooni v\u00f5i hoopis basseinipumpa ja aia kastmiss\u00fcsteemi. Seade muudab kodu targemaks ja igap\u00e4evased t\u00f6\u00f6d h\u00f5lpsamaks, sobitudes erinevate automaatikas\u00fcsteemidega.<\/p>\n<h3>Tehnilised andmed<\/h3>\n<table>\n<tbody>\n<tr>\n<th>Tootja<\/th>\n<td>Shelly<\/td>\n<\/tr>\n<tr>\n<th>Mudel<\/th>\n<td>SPSW-202XE16EU<\/td>\n<\/tr>\n<tr>\n<th>Toitepinge<\/th>\n<td>110\u2013240 V AC<\/td>\n<\/tr>\n<tr>\n<th>V\u00f5imsustarve<\/th>\n<td>&lt; 3 W<\/td>\n<\/tr>\n<tr>\n<th>Maksimaalne l\u00fclitatav pinge<\/th>\n<td>240 V AC<\/td>\n<\/tr>\n<tr>\n<th>Maksimaalne l\u00fclitatav vool<\/th>\n<td>16 A kanalil, 25 A kokku<\/td>\n<\/tr>\n<tr>\n<th>Sisemine temperatuurisensor<\/th>\n<td>Jah<\/td>\n<\/tr>\n<tr>\n<th>Wi-Fi protokoll<\/th>\n<td>802.11 b\/g\/n<\/td>\n<\/tr>\n<tr>\n<th>Wi-Fi leviulatus<\/th>\n<td>Kuni 30 m siseruumides, kuni 50 m v\u00e4ljas<\/td>\n<\/tr>\n<tr>\n<th>Bluetooth versioon<\/th>\n<td>4.2<\/td>\n<\/tr>\n<tr>\n<th>Bluetooth ulatus<\/th>\n<td>Kuni 10 m siseruumides, kuni 30 m v\u00e4ljas<\/td>\n<\/tr>\n<tr>\n<th>Protsessor<\/th>\n<td>ESP32-D0WDQ6<\/td>\n<\/tr>\n<tr>\n<th>M\u00e4lumaht<\/th>\n<td>8 MB<\/td>\n<\/tr>\n<tr>\n<th>M\u00f5\u00f5dud<\/th>\n<td>94 x 19 x 69 \u00b10,5 mm<\/td>\n<\/tr>\n<tr>\n<th>Kaal<\/th>\n<td>76 g<\/td>\n<\/tr>\n<tr>\n<th>Kinnitus<\/th>\n<td>DIN-liist<\/td>\n<\/tr>\n<tr>\n<th>Korpuse materjal<\/th>\n<td>Plastik<\/td>\n<\/tr>\n<tr>\n<th>T\u00f6\u00f6temperatuur<\/th>\n<td>-20\u00b0C kuni +40\u00b0C<\/td>\n<\/tr>\n<tr>\n<th>\u00d5huniiskus<\/th>\n<td>30% \u2013 70% RH<\/td>\n<\/tr>\n<tr>\n<th>Maksimaalne t\u00f6\u00f6k\u00f5rgus<\/th>\n<td>2000 m<\/td>\n<\/tr>\n<\/tbody>\n<\/table>\n","protected":false},"excerpt":{"rendered":"<p>Nutikas DIN relee Shelly Pro 2 WiFi\/LAN-iga Shelly Pro 2 on kaasaegne, kahe kanaliga, DIN-liistule paigaldatav nutikas DIN relee, mis sobib suurep\u00e4raselt kodu ning \u00e4riruumide automaatikasse. Iga kanal v\u00f5imaldab l\u00fclitada kuni 16 A koormust ja seadme koguv\u00f5imsus ulatub 25 amprini. Seadet saab kasutada nii Wi-Fi, LAN- kui ka Bluetooth-\u00fchendustega, muutes integratsiooni erinevate nutikodu lahendustega mugavaks [&hellip;]<\/p>\n","protected":false},"featured_media":169504,"comment_status":"open","ping_status":"open","template":"","meta":[],"product_brand":[3069],"product_cat":[3043],"product_tag":[],"class_list":{"0":"post-169501","1":"product","2":"type-product","3":"status-publish","4":"has-post-thumbnail","6":"product_brand-shelly","7":"product_cat-nutikontrollerid","8":"product_shipping_class-innpro","10":"first","11":"instock","12":"sale","13":"taxable","14":"shipping-taxable","15":"purchasable","16":"product-type-simple"},"_links":{"self":[{"href":"https:\/\/blankpage.ee\/_ruumist-ruumi\/wp-json\/wp\/v2\/product\/169501","targetHints":{"allow":["GET"]}}],"collection":[{"href":"https:\/\/blankpage.ee\/_ruumist-ruumi\/wp-json\/wp\/v2\/product"}],"about":[{"href":"https:\/\/blankpage.ee\/_ruumist-ruumi\/wp-json\/wp\/v2\/types\/product"}],"replies":[{"embeddable":true,"href":"https:\/\/blankpage.ee\/_ruumist-ruumi\/wp-json\/wp\/v2\/comments?post=169501"}],"wp:featuredmedia":[{"embeddable":true,"href":"https:\/\/blankpage.ee\/_ruumist-ruumi\/wp-json\/wp\/v2\/media\/169504"}],"wp:attachment":[{"href":"https:\/\/blankpage.ee\/_ruumist-ruumi\/wp-json\/wp\/v2\/media?parent=169501"}],"wp:term":[{"taxonomy":"product_brand","embeddable":true,"href":"https:\/\/blankpage.ee\/_ruumist-ruumi\/wp-json\/wp\/v2\/product_brand?post=169501"},{"taxonomy":"product_cat","embeddable":true,"href":"https:\/\/blankpage.ee\/_ruumist-ruumi\/wp-json\/wp\/v2\/product_cat?post=169501"},{"taxonomy":"product_tag","embeddable":true,"href":"https:\/\/blankpage.ee\/_ruumist-ruumi\/wp-json\/wp\/v2\/product_tag?post=169501"}],"curies":[{"name":"wp","href":"https:\/\/api.w.org\/{rel}","templated":true}]}}