{"id":169526,"date":"2025-04-18T17:04:33","date_gmt":"2025-04-18T17:04:33","guid":{"rendered":"https:\/\/ruumistruumi.ee\/pood\/nutikas-din-relee-shelly-pro-1-potentsiaalivabade-kontaktidega-wi-fi-lan-bluetooth-16a\/"},"modified":"2025-08-21T08:19:42","modified_gmt":"2025-08-21T08:19:42","slug":"nutikas-din-relee-shelly-pro-1-potentsiaalivabade-kontaktidega-wi-fi-lan-bluetooth-16a","status":"publish","type":"product","link":"https:\/\/blankpage.ee\/_ruumist-ruumi\/pood\/nutikas-din-relee-shelly-pro-1-potentsiaalivabade-kontaktidega-wi-fi-lan-bluetooth-16a\/","title":{"rendered":"Nutikas DIN relee Shelly Pro 1 potentsiaalivabade kontaktidega, Wi-Fi\/LAN\/Bluetooth, 16A"},"content":{"rendered":"<h3>Nutikas DIN relee Shelly Pro 1 \u2013 potentsiaalivabad kontaktid automaatikaks<\/h3>\n<p><strong>Nutikas DIN relee<\/strong> Shelly Pro 1 on uuenduslik \u00fchekanaliline relee, mis on m\u00f5eldud paigaldamiseks DIN-liistule ning v\u00f5imaldab juhtida kuni 16 A koormust. Seade \u00fchildub Wi-Fi, LAN-i ja Bluetoothi kaudu, mis v\u00f5imaldab seda mugavalt kasutada nii kodudes kui ka \u00e4ripindade automaatikas\u00fcsteemides. Shelly Pro 1 integreerub h\u00e4sti h\u00e4\u00e4leassistentidega nagu Google Assistant, Amazon Alexa ning Samsung SmartThings, muutes kodu v\u00f5i kontori juhtimise sujuvaks ja nutikaks. Potentsiaalivabad kontaktid tagavad mitmek\u00fclgsuse erinevate pingete l\u00fclitamisel ning seadme funktsionaalsuse laiendamiseks on v\u00f5imalik kasutada skripte ja seadistada automatiseerimisi s\u00fcndmuste v\u00f5i ilmaprognoosi p\u00f5hjal.<\/p>\n<p><img decoding=\"async\" src=\"https:\/\/blankpage.ee\/_ruumist-ruumi\/wp-content\/uploads\/2025\/04\/1-192.webp\" border=\"0\" alt=\"Nutikas DIN relee Shelly Pro 1 vaade eest, valge automaatikaseadme korpus\"><\/p>\n<h3>Lai kasutusvaldkond \u2013 DIN-liistule paigaldatav nutikas relee<\/h3>\n<p>See <strong>nutikas DIN relee<\/strong> sobib erinevate elektris\u00fcsteemide juhtimiseks: saad h\u00f5lpsalt automatiseerida valgustust, uste lukustamist ja avamist, vannitoa ventilaatori k\u00e4ivitamist liikumise tuvastamisel, basseini pumba v\u00f5i aiaprits\u00fcsteemi juhtimist. K\u00f5iki funktsioone saab juhtida kaugelt ning \u00fchendada teiste nutikodu seadmetega.<\/p>\n<p><img decoding=\"async\" src=\"https:\/\/blankpage.ee\/_ruumist-ruumi\/wp-content\/uploads\/2025\/04\/3-178.webp\" border=\"0\" alt=\"DIN-liistule paigaldatav relee erinevates kasutusstsenaariumides: valgustus, pumbad, uksed\"><\/p>\n<h3>Tehnilised andmed ja omadused<\/h3>\n<div class=\"table-wrapper\">\n<table>\n<tbody>\n<tr>\n<th>Tootja<\/th>\n<td>Shelly<\/td>\n<\/tr>\n<tr>\n<th>Mudel<\/th>\n<td>SPSW-201XE16EU<\/td>\n<\/tr>\n<tr>\n<th>Toitepinge<\/th>\n<td>110 \u2013 240 V AC<\/td>\n<\/tr>\n<tr>\n<th>V\u00f5imsustarve<\/th>\n<td>&lt; 3 W<\/td>\n<\/tr>\n<tr>\n<th>Maksimaalne vahelduvpinge<\/th>\n<td>240 V<\/td>\n<\/tr>\n<tr>\n<th>Maks. l\u00fclitusvool<\/th>\n<td>16 A<\/td>\n<\/tr>\n<tr>\n<th>Sisemine temperatuurisensor<\/th>\n<td>Jah<\/td>\n<\/tr>\n<tr>\n<th>Wi-Fi protokoll<\/th>\n<td>802.11 b\/g\/n<\/td>\n<\/tr>\n<tr>\n<th>Wi-Fi leviulatus<\/th>\n<td>Kuni 30 m siseruumides, kuni 50 m v\u00e4ljas<\/td>\n<\/tr>\n<tr>\n<th>Bluetooth protokoll<\/th>\n<td>4.2<\/td>\n<\/tr>\n<tr>\n<th>Bluetooth leviulatus<\/th>\n<td>Kuni 10 m siseruumides, kuni 30 m v\u00e4ljas<\/td>\n<\/tr>\n<tr>\n<th>Protsessor<\/th>\n<td>ESP32-D0WDQ6<\/td>\n<\/tr>\n<tr>\n<th>V\u00e4lkm\u00e4lu<\/th>\n<td>8 MB<\/td>\n<\/tr>\n<tr>\n<th>M\u00f5\u00f5dud<\/th>\n<td>94 x 19 x 69 \u00b10,5 mm<\/td>\n<\/tr>\n<tr>\n<th>Paigaldus<\/th>\n<td>DIN-liist<\/td>\n<\/tr>\n<tr>\n<th>Kesta materjal<\/th>\n<td>Plastik<\/td>\n<\/tr>\n<tr>\n<th>Kasutustemperatuur<\/th>\n<td>-20\u00b0C kuni +40\u00b0C<\/td>\n<\/tr>\n<tr>\n<th>Niiskus<\/th>\n<td>30% \u2013 70% RH<\/td>\n<\/tr>\n<tr>\n<th>Maksimaalne t\u00f6\u00f6k\u00f5rgus<\/th>\n<td>2000 m<\/td>\n<\/tr>\n<\/tbody>\n<\/table>\n<\/div>\n","protected":false},"excerpt":{"rendered":"<p>Nutikas DIN relee Shelly Pro 1 \u2013 potentsiaalivabad kontaktid automaatikaks Nutikas DIN relee Shelly Pro 1 on uuenduslik \u00fchekanaliline relee, mis on m\u00f5eldud paigaldamiseks DIN-liistule ning v\u00f5imaldab juhtida kuni 16 A koormust. Seade \u00fchildub Wi-Fi, LAN-i ja Bluetoothi kaudu, mis v\u00f5imaldab seda mugavalt kasutada nii kodudes kui ka \u00e4ripindade automaatikas\u00fcsteemides. Shelly Pro 1 integreerub h\u00e4sti [&hellip;]<\/p>\n","protected":false},"featured_media":169529,"comment_status":"open","ping_status":"open","template":"","meta":[],"product_brand":[3069],"product_cat":[3043],"product_tag":[],"class_list":{"0":"post-169526","1":"product","2":"type-product","3":"status-publish","4":"has-post-thumbnail","6":"product_brand-shelly","7":"product_cat-nutikontrollerid","8":"product_shipping_class-innpro","10":"first","11":"instock","12":"sale","13":"taxable","14":"shipping-taxable","15":"purchasable","16":"product-type-simple"},"_links":{"self":[{"href":"https:\/\/blankpage.ee\/_ruumist-ruumi\/wp-json\/wp\/v2\/product\/169526","targetHints":{"allow":["GET"]}}],"collection":[{"href":"https:\/\/blankpage.ee\/_ruumist-ruumi\/wp-json\/wp\/v2\/product"}],"about":[{"href":"https:\/\/blankpage.ee\/_ruumist-ruumi\/wp-json\/wp\/v2\/types\/product"}],"replies":[{"embeddable":true,"href":"https:\/\/blankpage.ee\/_ruumist-ruumi\/wp-json\/wp\/v2\/comments?post=169526"}],"wp:featuredmedia":[{"embeddable":true,"href":"https:\/\/blankpage.ee\/_ruumist-ruumi\/wp-json\/wp\/v2\/media\/169529"}],"wp:attachment":[{"href":"https:\/\/blankpage.ee\/_ruumist-ruumi\/wp-json\/wp\/v2\/media?parent=169526"}],"wp:term":[{"taxonomy":"product_brand","embeddable":true,"href":"https:\/\/blankpage.ee\/_ruumist-ruumi\/wp-json\/wp\/v2\/product_brand?post=169526"},{"taxonomy":"product_cat","embeddable":true,"href":"https:\/\/blankpage.ee\/_ruumist-ruumi\/wp-json\/wp\/v2\/product_cat?post=169526"},{"taxonomy":"product_tag","embeddable":true,"href":"https:\/\/blankpage.ee\/_ruumist-ruumi\/wp-json\/wp\/v2\/product_tag?post=169526"}],"curies":[{"name":"wp","href":"https:\/\/api.w.org\/{rel}","templated":true}]}}