{"id":169538,"date":"2025-04-18T17:04:33","date_gmt":"2025-04-18T17:04:33","guid":{"rendered":"https:\/\/ruumistruumi.ee\/pood\/nutikas-din-relee-shelly-pro-1pm-energiatarbimise-mootjaga-wi-fi-lan-1-kanal-16a\/"},"modified":"2025-08-21T08:19:42","modified_gmt":"2025-08-21T08:19:42","slug":"nutikas-din-relee-shelly-pro-1pm-energiatarbimise-mootjaga-wi-fi-lan-1-kanal-16a","status":"publish","type":"product","link":"https:\/\/blankpage.ee\/_ruumist-ruumi\/pood\/nutikas-din-relee-shelly-pro-1pm-energiatarbimise-mootjaga-wi-fi-lan-1-kanal-16a\/","title":{"rendered":"Nutikas DIN-relee Shelly Pro 1PM energiatarbimise m\u00f5\u00f5tjaga (Wi-Fi\/LAN, 1 kanal, 16A)"},"content":{"rendered":"<h3>Nutikas DIN relee energiatarbimise j\u00e4lgimisega \u2013 Shelly Pro 1PM<\/h3>\n<p>Nutikas DIN relee Shelly Pro 1PM on usaldusv\u00e4\u00e4rne ja mugav 1-kanaliline DIN-liistule paigaldatav l\u00fcliti, mis v\u00f5imaldab kontrollida kuni 16 A koormusega seadmeid. Integreeritud energiatarbimise m\u00f5\u00f5tja aitab sul t\u00e4pselt j\u00e4lgida automatiseeritud seadmete v\u00f5i valgustite energiakulu. Toode toetab Wi-Fi, LAN ja Bluetooth \u00fchendusi, pakkudes sobivust nii kodustesse kui ka \u00e4rihoonete automaatikas\u00fcsteemidesse. Relee \u00fchildub populaarsete h\u00e4\u00e4lassistenditega (Google Assistant, Samsung SmartThings, Amazon Alexa), v\u00f5imaldades nutikat ja mugavat juhtimist. T\u00e4nu skriptimistoe v\u00f5imalustele saad seadistada erinevaid automaatikas\u00fcsteeme, mis l\u00e4htuvad n\u00e4iteks ilmaprognoosidest v\u00f5i muudest reaalajas s\u00fcndmustest.<\/p>\n<p><img decoding=\"async\" src=\"https:\/\/blankpage.ee\/_ruumist-ruumi\/wp-content\/uploads\/2025\/04\/2-201.webp\" border=\"0\" alt=\"Nutikas DIN relee Shelly Pro 1PM punases korpuses eestvaates\"><\/p>\n<h3>Paindlikud rakendusv\u00f5imalused nutika DIN relee abil<\/h3>\n<p>Shelly Pro 1PM v\u00f5imaldab sul energiatarbimist lihtsalt hallata ning mitmeid seadmeid nutikalt juhtida. V\u00f5id n\u00e4iteks kaugjuhtida p\u00f5randak\u00fctet, spaad v\u00f5i muid koduseid s\u00fcsteeme, hoides energiakasutust alati optimaalsena. Sisseehitatud energiatarbimise monitoorimine toob selge \u00fclevaate seadmete t\u00f6\u00f6tamisest ja aitab muuta sinu igap\u00e4evased valikud veelgi s\u00e4\u00e4stlikumaks.<\/p>\n<p><img decoding=\"async\" src=\"https:\/\/blankpage.ee\/_ruumist-ruumi\/wp-content\/uploads\/2025\/04\/1-194.webp\" border=\"0\" alt=\"Energiatarbimise m\u00f5\u00f5tjaga DIN-relee kasutamine elektrikilbis\"><\/p>\n<div class=\"table-wrapper\">\n<table>\n<tbody>\n<tr>\n<th>Tootja<\/th>\n<td>Shelly<\/td>\n<\/tr>\n<tr>\n<th>Mudel<\/th>\n<td>SPSW-201PE16EU<\/td>\n<\/tr>\n<tr>\n<th>Pinge<\/th>\n<td>110\u2013240 V AC<\/td>\n<\/tr>\n<tr>\n<th>Maksimaalne vool<\/th>\n<td>16 A (kuni 240 V)<\/td>\n<\/tr>\n<tr>\n<th>Sisseehitatud andurid<\/th>\n<td>Pinge- ja voolum\u00f5\u00f5tur, temperatuuriandur<\/td>\n<\/tr>\n<tr>\n<th>Energatarve<\/th>\n<td>&lt; 3 W<\/td>\n<\/tr>\n<tr>\n<th>Wi-Fi<\/th>\n<td>802.11 b\/g\/n (kuni 30 m siseruumis, kuni 50 m v\u00e4ljas)<\/td>\n<\/tr>\n<tr>\n<th>Bluetooth<\/th>\n<td>4.2 (kuni 10 m siseruumis, kuni 30 m v\u00e4ljas)<\/td>\n<\/tr>\n<tr>\n<th>Protsessor<\/th>\n<td>ESP32-D0WDQ6<\/td>\n<\/tr>\n<tr>\n<th>M\u00e4lu<\/th>\n<td>8 MB<\/td>\n<\/tr>\n<tr>\n<th>M\u00f5\u00f5dud<\/th>\n<td>94 x 19 x 69 mm<\/td>\n<\/tr>\n<tr>\n<th>Korpus<\/th>\n<td>Plastik<\/td>\n<\/tr>\n<tr>\n<th>Paigaldus<\/th>\n<td>DIN-liist<\/td>\n<\/tr>\n<tr>\n<th>T\u00f6\u00f6temperatuur<\/th>\n<td>-20\u00b0C kuni 40\u00b0C<\/td>\n<\/tr>\n<tr>\n<th>\u00d5huniiskus<\/th>\n<td>30%\u201370% RH<\/td>\n<\/tr>\n<tr>\n<th>Maksimaalne paigaldusk\u00f5rgus<\/th>\n<td>2000 m<\/td>\n<\/tr>\n<\/tbody>\n<\/table>\n<\/div>\n","protected":false},"excerpt":{"rendered":"<p>Nutikas DIN relee energiatarbimise j\u00e4lgimisega \u2013 Shelly Pro 1PM Nutikas DIN relee Shelly Pro 1PM on usaldusv\u00e4\u00e4rne ja mugav 1-kanaliline DIN-liistule paigaldatav l\u00fcliti, mis v\u00f5imaldab kontrollida kuni 16 A koormusega seadmeid. Integreeritud energiatarbimise m\u00f5\u00f5tja aitab sul t\u00e4pselt j\u00e4lgida automatiseeritud seadmete v\u00f5i valgustite energiakulu. Toode toetab Wi-Fi, LAN ja Bluetooth \u00fchendusi, pakkudes sobivust nii kodustesse kui [&hellip;]<\/p>\n","protected":false},"featured_media":169541,"comment_status":"open","ping_status":"open","template":"","meta":[],"product_brand":[3069],"product_cat":[3043],"product_tag":[],"class_list":{"0":"post-169538","1":"product","2":"type-product","3":"status-publish","4":"has-post-thumbnail","6":"product_brand-shelly","7":"product_cat-nutikontrollerid","8":"product_shipping_class-innpro","10":"first","11":"instock","12":"sale","13":"taxable","14":"shipping-taxable","15":"purchasable","16":"product-type-simple"},"_links":{"self":[{"href":"https:\/\/blankpage.ee\/_ruumist-ruumi\/wp-json\/wp\/v2\/product\/169538","targetHints":{"allow":["GET"]}}],"collection":[{"href":"https:\/\/blankpage.ee\/_ruumist-ruumi\/wp-json\/wp\/v2\/product"}],"about":[{"href":"https:\/\/blankpage.ee\/_ruumist-ruumi\/wp-json\/wp\/v2\/types\/product"}],"replies":[{"embeddable":true,"href":"https:\/\/blankpage.ee\/_ruumist-ruumi\/wp-json\/wp\/v2\/comments?post=169538"}],"wp:featuredmedia":[{"embeddable":true,"href":"https:\/\/blankpage.ee\/_ruumist-ruumi\/wp-json\/wp\/v2\/media\/169541"}],"wp:attachment":[{"href":"https:\/\/blankpage.ee\/_ruumist-ruumi\/wp-json\/wp\/v2\/media?parent=169538"}],"wp:term":[{"taxonomy":"product_brand","embeddable":true,"href":"https:\/\/blankpage.ee\/_ruumist-ruumi\/wp-json\/wp\/v2\/product_brand?post=169538"},{"taxonomy":"product_cat","embeddable":true,"href":"https:\/\/blankpage.ee\/_ruumist-ruumi\/wp-json\/wp\/v2\/product_cat?post=169538"},{"taxonomy":"product_tag","embeddable":true,"href":"https:\/\/blankpage.ee\/_ruumist-ruumi\/wp-json\/wp\/v2\/product_tag?post=169538"}],"curies":[{"name":"wp","href":"https:\/\/api.w.org\/{rel}","templated":true}]}}