{"id":169601,"date":"2025-04-18T17:07:00","date_gmt":"2025-04-18T17:07:00","guid":{"rendered":"https:\/\/ruumistruumi.ee\/pood\/nutikas-suitsuandur-shelly-plus-smoke-alarm-wifi-fotogalvaaniline-kuni-5-aastat\/"},"modified":"2025-08-21T08:19:41","modified_gmt":"2025-08-21T08:19:41","slug":"nutikas-suitsuandur-shelly-plus-smoke-alarm-wifi-fotogalvaaniline-kuni-5-aastat","status":"publish","type":"product","link":"https:\/\/blankpage.ee\/_ruumist-ruumi\/pood\/nutikas-suitsuandur-shelly-plus-smoke-alarm-wifi-fotogalvaaniline-kuni-5-aastat\/","title":{"rendered":"Nutikas suitsuandur Shelly Plus Smoke Alarm, WiFi (fotogalvaaniline, kuni 5 aastat)"},"content":{"rendered":"<h3>Nutikas suitsuandur Shelly Plus Smoke Alarm \u2013 WiFi tuleohutus<\/h3>\n<p>Nutikas suitsuandur Shelly Plus Smoke Alarm on usaldusv\u00e4\u00e4rne fotogalvaaniline tuleandur, mis sobib ideaalselt nii kodu kui ka kontori tuleohutuse tagamiseks. T\u00e4nu kaasaegsele suitsutuvastustehnoloogiale reageerib seade ka aeglaselt h\u00f5\u00f5guvate tuleohtudele, mis v\u00f5ivad kujuneda m\u00e4rkamatult enne tulekahju arengut.<\/p>\n<p><img decoding=\"async\" src=\"https:\/\/blankpage.ee\/_ruumist-ruumi\/wp-content\/uploads\/2025\/04\/1-204.webp\" border=\"0\" alt=\"nutikas suitsuandur valge korpusega laual\"><\/p>\n<h3>Kindel ohutus ja varajane hoiatus<\/h3>\n<p>Shelly nutikas suitsuandur kasutab uudset fotogalvaanilist tehnoloogiat, et tuvastada suits kiiresti ja anda varajane hoiatussignaal veel enne leekide tekkimist. Selge LED-m\u00e4rgutuli v\u00f5imaldab h\u00f5lpsalt seadme olekut j\u00e4lgida. Selline varajane reaktsioon annab hindamatu aja ohutuks tegutsemiseks ja evakuatsiooniks.<\/p>\n<p><img decoding=\"async\" src=\"https:\/\/blankpage.ee\/_ruumist-ruumi\/wp-content\/uploads\/2025\/04\/3-184.webp\" border=\"0\" alt=\"suitsuanduri LED-indikaatori l\u00e4hiv\u00f5te laual\"><\/p>\n<h3>Juhi ja j\u00e4lgi distantsilt<\/h3>\n<p>Shelly Plus Smoke Alarm \u00fchendub WiFi ja Bluetoothi kaudu, v\u00f5imaldades mugavat juhtimist ja oleku j\u00e4lgimist mobiilirakenduses. Nii saad operatiivselt m\u00e4rguandeid suitsu tekkimisel ning reageerida vajadusel ka eemal olles. See tagab kaitse igas olukorras, s\u00f5ltumata sinu asukohast.<\/p>\n<p><img decoding=\"async\" src=\"https:\/\/blankpage.ee\/_ruumist-ruumi\/wp-content\/uploads\/2025\/04\/4-178.webp\" border=\"0\" alt=\"nutikas suitsuandur Shelly Plus Smoke Alarm mobiilirakenduses\"><\/p>\n<h3>Tehnilised andmed<\/h3>\n<table>\n<tbody>\n<tr>\n<th>Tootja<\/th>\n<td>Shelly<\/td>\n<\/tr>\n<tr>\n<th>Mudel<\/th>\n<td>Shelly Plus Smoke Alarm<\/td>\n<\/tr>\n<tr>\n<th>M\u00f5\u00f5dud<\/th>\n<td>86 \u00d7 31 mm<\/td>\n<\/tr>\n<tr>\n<th>T\u00f6\u00f6temperatuur<\/th>\n<td>0\u00b0C kuni 55\u00b0C<\/td>\n<\/tr>\n<tr>\n<th>\u00d5huniiskus<\/th>\n<td>30% \u2013 95%<\/td>\n<\/tr>\n<tr>\n<th>Toide<\/th>\n<td>1 \u00d7 3 V CR123A\/CR17335 patarei<\/td>\n<\/tr>\n<tr>\n<th>T\u00f6\u00f6tamisaeg<\/th>\n<td>kuni 5 aastat<\/td>\n<\/tr>\n<tr>\n<th>Suitsuanduri t\u00fc\u00fcp<\/th>\n<td>Fotogalvaaniline<\/td>\n<\/tr>\n<tr>\n<th>Raadiolainete sagedus<\/th>\n<td>2400\u20132495 MHz<\/td>\n<\/tr>\n<tr>\n<th>Wi-Fi protokoll<\/th>\n<td>802.11 b\/g\/n<\/td>\n<\/tr>\n<tr>\n<th>Wi-Fi leviulatus<\/th>\n<td>kuni 30 m<\/td>\n<\/tr>\n<tr>\n<th>Bluetooth versioon<\/th>\n<td>4.2<\/td>\n<\/tr>\n<tr>\n<th>Bluetooth leviulatus<\/th>\n<td>kuni 10 m<\/td>\n<\/tr>\n<\/tbody>\n<\/table>\n","protected":false},"excerpt":{"rendered":"<p>Nutikas suitsuandur Shelly Plus Smoke Alarm \u2013 WiFi tuleohutus Nutikas suitsuandur Shelly Plus Smoke Alarm on usaldusv\u00e4\u00e4rne fotogalvaaniline tuleandur, mis sobib ideaalselt nii kodu kui ka kontori tuleohutuse tagamiseks. T\u00e4nu kaasaegsele suitsutuvastustehnoloogiale reageerib seade ka aeglaselt h\u00f5\u00f5guvate tuleohtudele, mis v\u00f5ivad kujuneda m\u00e4rkamatult enne tulekahju arengut. Kindel ohutus ja varajane hoiatus Shelly nutikas suitsuandur kasutab uudset [&hellip;]<\/p>\n","protected":false},"featured_media":169605,"comment_status":"open","ping_status":"open","template":"","meta":[],"product_brand":[3069],"product_cat":[3042],"product_tag":[],"class_list":{"0":"post-169601","1":"product","2":"type-product","3":"status-publish","4":"has-post-thumbnail","6":"product_brand-shelly","7":"product_cat-andurid","8":"product_shipping_class-innpro","10":"first","11":"instock","12":"sale","13":"taxable","14":"shipping-taxable","15":"purchasable","16":"product-type-simple"},"_links":{"self":[{"href":"https:\/\/blankpage.ee\/_ruumist-ruumi\/wp-json\/wp\/v2\/product\/169601","targetHints":{"allow":["GET"]}}],"collection":[{"href":"https:\/\/blankpage.ee\/_ruumist-ruumi\/wp-json\/wp\/v2\/product"}],"about":[{"href":"https:\/\/blankpage.ee\/_ruumist-ruumi\/wp-json\/wp\/v2\/types\/product"}],"replies":[{"embeddable":true,"href":"https:\/\/blankpage.ee\/_ruumist-ruumi\/wp-json\/wp\/v2\/comments?post=169601"}],"wp:featuredmedia":[{"embeddable":true,"href":"https:\/\/blankpage.ee\/_ruumist-ruumi\/wp-json\/wp\/v2\/media\/169605"}],"wp:attachment":[{"href":"https:\/\/blankpage.ee\/_ruumist-ruumi\/wp-json\/wp\/v2\/media?parent=169601"}],"wp:term":[{"taxonomy":"product_brand","embeddable":true,"href":"https:\/\/blankpage.ee\/_ruumist-ruumi\/wp-json\/wp\/v2\/product_brand?post=169601"},{"taxonomy":"product_cat","embeddable":true,"href":"https:\/\/blankpage.ee\/_ruumist-ruumi\/wp-json\/wp\/v2\/product_cat?post=169601"},{"taxonomy":"product_tag","embeddable":true,"href":"https:\/\/blankpage.ee\/_ruumist-ruumi\/wp-json\/wp\/v2\/product_tag?post=169601"}],"curies":[{"name":"wp","href":"https:\/\/api.w.org\/{rel}","templated":true}]}}