{"id":169652,"date":"2025-04-18T17:09:10","date_gmt":"2025-04-18T17:09:10","guid":{"rendered":"https:\/\/ruumistruumi.ee\/pood\/shelly-bypass-lisaseade-vaikese-koormuse-jaoks-shelly-1l-dimmer-2-230v\/"},"modified":"2025-08-21T08:19:40","modified_gmt":"2025-08-21T08:19:40","slug":"shelly-bypass-lisaseade-vaikese-koormuse-jaoks-shelly-1l-dimmer-2-230v","status":"publish","type":"product","link":"https:\/\/blankpage.ee\/_ruumist-ruumi\/pood\/shelly-bypass-lisaseade-vaikese-koormuse-jaoks-shelly-1l-dimmer-2-230v\/","title":{"rendered":"Shelly bypass lisaseade v\u00e4ikese koormuse jaoks (Shelly 1L, Dimmer 2, 230V)"},"content":{"rendered":"<h3>Shelly bypass lisaseade nutikatele l\u00fclititele (Shelly 1L, Dimmer 2)<\/h3>\n<p>Shelly bypass lisaseade on loodud kasutamiseks nutikates l\u00fclitites Shelly 1L ja Shelly Dimmer 2. See v\u00f5imaldab seadmetel t\u00f6\u00f6kindlalt toimida situatsioonides, kus puudub neutraaljuhe ning koormus on v\u00e4iksem kui 20 W \u2013 n\u00e4iteks LED-valgustite puhul. T\u00e4nu sellele saab Shelly seadmeid kasutada madala energiatarbega valgustite juhtimiseks nii kodudes, \u00e4rihoonetes, hotellides kui ka v\u00e4ikestes kontorites ja kauplustes.<\/p>\n<p><img decoding=\"async\" src=\"https:\/\/blankpage.ee\/_ruumist-ruumi\/wp-content\/uploads\/2025\/04\/3-190.webp\" alt=\"Shelly bypass lisaseade \u2013 valge juhtmetega moodul nutika l\u00fcliti jaoks, sobib Shelly 1L ja Dimmer 2 s\u00fcsteemidega\"><\/p>\n<h3>Tehnilised andmed \u2013 Shelly bypass lisamoodul v\u00e4ikese koormuse jaoks<\/h3>\n<div class=\"table-wrapper\">\n<table>\n<tbody>\n<tr>\n<th>Tootja<\/th>\n<td>Shelly<\/td>\n<\/tr>\n<tr>\n<th>Mudel<\/th>\n<td>Bypass<\/td>\n<\/tr>\n<tr>\n<th>V\u00e4rvus<\/th>\n<td>valge<\/td>\n<\/tr>\n<tr>\n<th>\u00dchilduvus<\/th>\n<td>Shelly 1L, Shelly Dimmer 2<\/td>\n<\/tr>\n<tr>\n<th>M\u00f5\u00f5tmed<\/th>\n<td>39 x 23 x 13 mm<\/td>\n<\/tr>\n<tr>\n<th>Materjal<\/th>\n<td>plastik<\/td>\n<\/tr>\n<tr>\n<th>T\u00f6\u00f6temperatuur<\/th>\n<td>-20\u00b0C kuni +70\u00b0C<\/td>\n<\/tr>\n<tr>\n<th>\u00d5huniiskus<\/th>\n<td>30% kuni 70% suhteline \u00f5huniiskus<\/td>\n<\/tr>\n<tr>\n<th>Maksimaalne k\u00f5rgus<\/th>\n<td>2000 m<\/td>\n<\/tr>\n<tr>\n<th>T\u00f6\u00f6pinge<\/th>\n<td>230 VAC<\/td>\n<\/tr>\n<tr>\n<th>Energiatarve<\/th>\n<td>4 W<\/td>\n<\/tr>\n<\/tbody>\n<\/table>\n<\/div>\n<p>Shelly bypass lisaseade tagab, et nutikad automaatikaseadmed t\u00f6\u00f6tavad ka madala v\u00f5imsusega valgustitega alati usaldusv\u00e4\u00e4rselt. T\u00e4nu sellele laiendad nutikate lahenduste kasutusv\u00f5imalusi erinevate hoonete ja valgustite puhul.<\/p>\n","protected":false},"excerpt":{"rendered":"<p>Shelly bypass lisaseade nutikatele l\u00fclititele (Shelly 1L, Dimmer 2) Shelly bypass lisaseade on loodud kasutamiseks nutikates l\u00fclitites Shelly 1L ja Shelly Dimmer 2. See v\u00f5imaldab seadmetel t\u00f6\u00f6kindlalt toimida situatsioonides, kus puudub neutraaljuhe ning koormus on v\u00e4iksem kui 20 W \u2013 n\u00e4iteks LED-valgustite puhul. T\u00e4nu sellele saab Shelly seadmeid kasutada madala energiatarbega valgustite juhtimiseks nii kodudes, [&hellip;]<\/p>\n","protected":false},"featured_media":169654,"comment_status":"open","ping_status":"open","template":"","meta":[],"product_brand":[3069],"product_cat":[3048],"product_tag":[],"class_list":{"0":"post-169652","1":"product","2":"type-product","3":"status-publish","4":"has-post-thumbnail","6":"product_brand-shelly","7":"product_cat-nutikodu-tarvikud","8":"product_shipping_class-innpro","10":"first","11":"instock","12":"sale","13":"taxable","14":"shipping-taxable","15":"purchasable","16":"product-type-simple"},"_links":{"self":[{"href":"https:\/\/blankpage.ee\/_ruumist-ruumi\/wp-json\/wp\/v2\/product\/169652","targetHints":{"allow":["GET"]}}],"collection":[{"href":"https:\/\/blankpage.ee\/_ruumist-ruumi\/wp-json\/wp\/v2\/product"}],"about":[{"href":"https:\/\/blankpage.ee\/_ruumist-ruumi\/wp-json\/wp\/v2\/types\/product"}],"replies":[{"embeddable":true,"href":"https:\/\/blankpage.ee\/_ruumist-ruumi\/wp-json\/wp\/v2\/comments?post=169652"}],"wp:featuredmedia":[{"embeddable":true,"href":"https:\/\/blankpage.ee\/_ruumist-ruumi\/wp-json\/wp\/v2\/media\/169654"}],"wp:attachment":[{"href":"https:\/\/blankpage.ee\/_ruumist-ruumi\/wp-json\/wp\/v2\/media?parent=169652"}],"wp:term":[{"taxonomy":"product_brand","embeddable":true,"href":"https:\/\/blankpage.ee\/_ruumist-ruumi\/wp-json\/wp\/v2\/product_brand?post=169652"},{"taxonomy":"product_cat","embeddable":true,"href":"https:\/\/blankpage.ee\/_ruumist-ruumi\/wp-json\/wp\/v2\/product_cat?post=169652"},{"taxonomy":"product_tag","embeddable":true,"href":"https:\/\/blankpage.ee\/_ruumist-ruumi\/wp-json\/wp\/v2\/product_tag?post=169652"}],"curies":[{"name":"wp","href":"https:\/\/api.w.org\/{rel}","templated":true}]}}