{"id":169668,"date":"2025-04-18T17:11:02","date_gmt":"2025-04-18T17:11:02","guid":{"rendered":"https:\/\/ruumistruumi.ee\/pood\/nutikas-seinanutiluliti-sonoff-tx-t5-1c-1-kanal-taustavalgustusega-wifi\/"},"modified":"2025-08-21T08:19:39","modified_gmt":"2025-08-21T08:19:39","slug":"nutikas-seinanutiluliti-sonoff-tx-t5-1c-1-kanal-taustavalgustusega-wifi","status":"publish","type":"product","link":"https:\/\/blankpage.ee\/_ruumist-ruumi\/pood\/nutikas-seinanutiluliti-sonoff-tx-t5-1c-1-kanal-taustavalgustusega-wifi\/","title":{"rendered":"Nutikas seinanutil\u00fcliti Sonoff TX T5 1C (1 kanal, taustavalgustusega, WiFi)"},"content":{"rendered":"<h3>Nutikas seinanutil\u00fcliti Sonoff TX T5 1C (1 kanal, taustavalgustusega)<\/h3>\n<p>Nutikas seinanutil\u00fcliti aitab muuta sinu kodu t\u00f5eliselt nutikaks. Sonoff TX T5 1C on \u00fche kanaliga puutetundlik seinanutil\u00fcliti, millega saad valgusteid juhtida mugavalt nii k\u00e4sitsi kui ka kaugjuhtimise teel. L\u00fclitit on v\u00f5imalik juhtida eWeLinki rakenduse kaudu v\u00f5i h\u00e4\u00e4lk\u00e4skluste abil, lisaks on l\u00fclitil kohandatav LED-taustavalgus ja ajastamisfunktsioon. Soovi korral saab l\u00fcliti v\u00e4limust isikup\u00e4rastada erinevate v\u00e4rvipaneelidega (lisavarustus, ei kuulu komplekti).<\/p>\n<p><img decoding=\"async\" src=\"https:\/\/blankpage.ee\/_ruumist-ruumi\/wp-content\/uploads\/2025\/04\/5-159.webp\" border=\"0\" alt=\"Nutikas seinanutil\u00fcliti Sonoff TX T5 1C valge korpusega\" \/><\/p>\n<h3>H\u00e4\u00e4ljuhtimine ja kaugjuhtimine<\/h3>\n<p>Soovid elutoas tulesid kustutada ilma diivanilt t\u00f5usmata? Sonoff TX T5 1C \u00fchildub Amazon Alexa, Google Home ja Alice h\u00e4\u00e4lassistentidega, pakkudes v\u00f5imalust l\u00fclitit juhtida h\u00e4\u00e4lk\u00e4sklusega ning muuta igap\u00e4evatoimingud veelgi lihtsamaks.<\/p>\n<p><img decoding=\"async\" src=\"https:\/\/blankpage.ee\/_ruumist-ruumi\/wp-content\/uploads\/2025\/04\/3-191.webp\" border=\"0\" alt=\"WiFi seinanutil\u00fcliti paigaldatuna seinale h\u00e4\u00e4ljuhtimise v\u00f5imalusega\" \/><\/p>\n<h3>Kahesuunaline valgustuse juhtimine ja automaatstseenid<\/h3>\n<p>Seadistades eWeLinki \u00e4pis nutistseene, saab \u00fchte lampi juhtida nii TX T5 1C kui ka teiste Sonoffi seadmetega (R5 v\u00f5i S-MATE). See v\u00f5imaldab sul luua paindlikke lahendusi ning v\u00e4ltida liigset juhtmestikku.<\/p>\n<p><img decoding=\"async\" src=\"https:\/\/blankpage.ee\/_ruumist-ruumi\/wp-content\/uploads\/2025\/04\/8-71.webp\" border=\"0\" alt=\"Nutikas valgusl\u00fcliti kahe seadmega \u00fches nutikodus\" \/><\/p>\n<h3>T\u00e4iendavad funktsioonid ja taimer<\/h3>\n<p>L\u00fclitil on sisseehitatud taimer, millega saad m\u00e4\u00e4rata, millal valgus automaatselt v\u00e4lja l\u00fclitub. Kohandatav LED-taustavalgus aitab l\u00fcliti pimedas leida. Nutistseene saab seadistada ning l\u00fcliti toetab sisse-ehitatud k\u00f5larit, mist\u00f5ttu saab seda kasutada ka uksekellana (vajab SNZB-01 lisaseadet).<\/p>\n<p><img decoding=\"async\" src=\"https:\/\/blankpage.ee\/_ruumist-ruumi\/wp-content\/uploads\/2025\/04\/7-117.webp\" border=\"0\" alt=\"LED-taustavalgusega seinanutil\u00fcliti \u00f6ises vaates\" \/><\/p>\n<h3>Puutetundlik paneel ja taustavalguse re\u017eiimid<\/h3>\n<p>Sonoff TX T5 1C l\u00fcliti puutepaneelil saad valguse sisse v\u00f5i v\u00e4lja l\u00fclitada lihtsalt puudutades \u00fcksk\u00f5ik millist ala. M\u00e4rguanded toimuvad nii heli kui ka vibratsiooniga. V\u00f5imalik on valida kaheksa erineva v\u00e4rvitooni vahel, n\u00e4iteks Party, Night Light ja Color re\u017eiimid, et leida enda koju sobiv taustavalgus.<\/p>\n<p><img decoding=\"async\" src=\"https:\/\/blankpage.ee\/_ruumist-ruumi\/wp-content\/uploads\/2025\/04\/4-182.webp\" border=\"0\" alt=\"Puutetundliku paneeliga valgusl\u00fcliti v\u00e4rvilise LED-taustavalgusega\" \/><\/p>\n<h3>Komplektis<\/h3>\n<ul>\n<li>nutikas seinanutil\u00fcliti Sonoff TX T5 1C<\/li>\n<li>kruvid x2<\/li>\n<li>kasutusjuhend<\/li>\n<\/ul>\n<div class=\"table-wrapper\">\n<table>\n<tbody>\n<tr>\n<th>Tootja<\/th>\n<td>Sonoff<\/td>\n<\/tr>\n<tr>\n<th>Mudel<\/th>\n<td>TX T5 1C<\/td>\n<\/tr>\n<tr>\n<th>Kanalite arv<\/th>\n<td>1<\/td>\n<\/tr>\n<tr>\n<th>Sisend\/v\u00e4ljundpinge<\/th>\n<td>100\u2013240V ~ 50\/60 Hz, max 5 A<\/td>\n<\/tr>\n<tr>\n<th>Maksimaalne v\u00f5imsus<\/th>\n<td>1200 W<\/td>\n<\/tr>\n<tr>\n<th>LED koormus<\/th>\n<td>150 W (240V), 75 W (100V)<\/td>\n<\/tr>\n<tr>\n<th>Wi-Fi<\/th>\n<td>IEEE 802.11 b\/g\/n 2.4 GHz<\/td>\n<\/tr>\n<tr>\n<th>V\u00e4rv<\/th>\n<td>valge<\/td>\n<\/tr>\n<tr>\n<th>Materjal<\/th>\n<td>PC, CRS<\/td>\n<\/tr>\n<tr>\n<th>M\u00f5\u00f5dud<\/th>\n<td>86 \u00d7 86 \u00d7 39 mm<\/td>\n<\/tr>\n<tr>\n<th>Kaal<\/th>\n<td>164 g<\/td>\n<\/tr>\n<tr>\n<th>Tugi operatsioonis\u00fcsteemidele<\/th>\n<td>iOS, Android<\/td>\n<\/tr>\n<tr>\n<th>Bluetooth<\/th>\n<td>4.2<\/td>\n<\/tr>\n<tr>\n<th>Rakendus<\/th>\n<td>eWeLink<\/td>\n<\/tr>\n<tr>\n<th>H\u00e4\u00e4ljuhtimine<\/th>\n<td>Amazon Alexa, Google Home, Alice<\/td>\n<\/tr>\n<\/tbody>\n<\/table>\n<\/div>\n","protected":false},"excerpt":{"rendered":"<p>Nutikas seinanutil\u00fcliti Sonoff TX T5 1C (1 kanal, taustavalgustusega) Nutikas seinanutil\u00fcliti aitab muuta sinu kodu t\u00f5eliselt nutikaks. Sonoff TX T5 1C on \u00fche kanaliga puutetundlik seinanutil\u00fcliti, millega saad valgusteid juhtida mugavalt nii k\u00e4sitsi kui ka kaugjuhtimise teel. L\u00fclitit on v\u00f5imalik juhtida eWeLinki rakenduse kaudu v\u00f5i h\u00e4\u00e4lk\u00e4skluste abil, lisaks on l\u00fclitil kohandatav LED-taustavalgus ja ajastamisfunktsioon. Soovi [&hellip;]<\/p>\n","protected":false},"featured_media":169674,"comment_status":"open","ping_status":"open","template":"","meta":[],"product_brand":[3037],"product_cat":[3039],"product_tag":[],"class_list":{"0":"post-169668","1":"product","2":"type-product","3":"status-publish","4":"has-post-thumbnail","6":"product_brand-sonoff","7":"product_cat-lulitid","8":"product_shipping_class-innpro","10":"first","11":"instock","12":"sale","13":"taxable","14":"shipping-taxable","15":"purchasable","16":"product-type-simple"},"_links":{"self":[{"href":"https:\/\/blankpage.ee\/_ruumist-ruumi\/wp-json\/wp\/v2\/product\/169668","targetHints":{"allow":["GET"]}}],"collection":[{"href":"https:\/\/blankpage.ee\/_ruumist-ruumi\/wp-json\/wp\/v2\/product"}],"about":[{"href":"https:\/\/blankpage.ee\/_ruumist-ruumi\/wp-json\/wp\/v2\/types\/product"}],"replies":[{"embeddable":true,"href":"https:\/\/blankpage.ee\/_ruumist-ruumi\/wp-json\/wp\/v2\/comments?post=169668"}],"wp:featuredmedia":[{"embeddable":true,"href":"https:\/\/blankpage.ee\/_ruumist-ruumi\/wp-json\/wp\/v2\/media\/169674"}],"wp:attachment":[{"href":"https:\/\/blankpage.ee\/_ruumist-ruumi\/wp-json\/wp\/v2\/media?parent=169668"}],"wp:term":[{"taxonomy":"product_brand","embeddable":true,"href":"https:\/\/blankpage.ee\/_ruumist-ruumi\/wp-json\/wp\/v2\/product_brand?post=169668"},{"taxonomy":"product_cat","embeddable":true,"href":"https:\/\/blankpage.ee\/_ruumist-ruumi\/wp-json\/wp\/v2\/product_cat?post=169668"},{"taxonomy":"product_tag","embeddable":true,"href":"https:\/\/blankpage.ee\/_ruumist-ruumi\/wp-json\/wp\/v2\/product_tag?post=169668"}],"curies":[{"name":"wp","href":"https:\/\/api.w.org\/{rel}","templated":true}]}}