{"id":169706,"date":"2025-04-18T17:11:02","date_gmt":"2025-04-18T17:11:02","guid":{"rendered":"https:\/\/ruumistruumi.ee\/pood\/zigbee-nutinupp-sonoff-snzb-01p-juhtmevaba-umar-valge\/"},"modified":"2025-08-21T08:19:39","modified_gmt":"2025-08-21T08:19:39","slug":"zigbee-nutinupp-sonoff-snzb-01p-juhtmevaba-umar-valge","status":"publish","type":"product","link":"https:\/\/blankpage.ee\/_ruumist-ruumi\/pood\/zigbee-nutinupp-sonoff-snzb-01p-juhtmevaba-umar-valge\/","title":{"rendered":"Zigbee nutinupp Sonoff SNZB-01P juhtmevaba (\u00fcmar, valge)"},"content":{"rendered":"<h3>Zigbee nutinupp Sonoff SNZB-01P \u2013 \u00fcmmargune, valge<\/h3>\n<p>Juhtmevaba zigbee nutinupp pakub paindlikku ja mugavat v\u00f5imalust t\u00e4iustada oma nutikodu ilma keeruka paigalduseta. Kompaktne \u00fcmar vorm sobib stiilselt igasse interj\u00f6\u00f6ri ning kinnitusv\u00f5imalused (3M teip v\u00f5i metallplaat) muudavad seadme paigaldamise ja \u00fcmberpaigutamise lihtsaks. Zigbee nutinupp on kerge ja diskreetne, sobides igasse ruumi.<\/p>\n<p><img decoding=\"async\" src=\"https:\/\/blankpage.ee\/_ruumist-ruumi\/wp-content\/uploads\/2025\/04\/2-215.webp\" border=\"0\" alt=\"Zigbee nutinupp Sonoff SNZB-01P paigaldusvalikud interj\u00f6\u00f6ris\"><\/p>\n<h3>T\u00e4ielik juhitavus erinevate vajutusmustrite ja isikup\u00e4rastatud funktsioonidega<\/h3>\n<p>Nupul on kolm erinevat juhtimisvarianti: \u00fche-, kahe- ja pikaajalisel vajutamisel saab k\u00e4ivitada erinevaid seadmeid v\u00f5i stseene. Lisaks v\u00f5imaldab tegevusajalugu (kuni kolm kuud) j\u00e4lgida kasutusmustreid ning kohandada automaatikat vastavalt oma vajadustele. Seega annab zigbee nupp selge \u00fclevaate k\u00f5ige sagedamini kasutatavatest funktsioonidest ja muudab kodu juhtimise veelgi isiklikumaks.<\/p>\n<p><img decoding=\"async\" src=\"https:\/\/blankpage.ee\/_ruumist-ruumi\/wp-content\/uploads\/2025\/04\/3-194.webp\" border=\"0\" alt=\"Juhtmevaba nutinupu mitmek\u00fclgsed kasutusv\u00f5imalused kodus\"><\/p>\n<h3>Integratsioon ja laialdased kasutusv\u00f5imalused<\/h3>\n<p>Seade \u00fchilduv Zigbee 3.0 keskkonnaga ning t\u00f6\u00f6tab h\u00f5lpsalt ka Alexa platvormil, et saaksid kiirelt alustada rutiine, stseene v\u00f5i s\u00fcndmusi \u00fche nupuvajutusega. soovi korral saab seadistada nupu ka h\u00e4daabiteavituseks \u2013 \u00fcks lihtne vajutus piisab, et saata teade telefonile ning t\u00f5sta turvalisust kodus.<\/p>\n<p><img decoding=\"async\" src=\"https:\/\/blankpage.ee\/_ruumist-ruumi\/wp-content\/uploads\/2025\/04\/7-119.webp\" border=\"0\" alt=\"Sonoff SNZB-01P juhtmevaba nutinupp integreeritud Alexa platvormiga\"><\/p>\n<h3>Tehnilised andmed<\/h3>\n<table>\n<tr>\n<th>Tootja<\/th>\n<td>Sonoff<\/td>\n<\/tr>\n<tr>\n<th>Mudel<\/th>\n<td>SNZB-01P<\/td>\n<\/tr>\n<tr>\n<th>Kuju<\/th>\n<td>\u00fcmar<\/td>\n<\/tr>\n<tr>\n<th>V\u00e4rv<\/th>\n<td>valge<\/td>\n<\/tr>\n<tr>\n<th>Toide<\/th>\n<td>3.0V (CR2477 patarei)<\/td>\n<\/tr>\n<tr>\n<th>Kesta materjal<\/th>\n<td>PC-plastik<\/td>\n<\/tr>\n<tr>\n<th>M\u00f5\u00f5dud<\/th>\n<td>45 \u00d7 45 \u00d7 17,7 mm<\/td>\n<\/tr>\n<tr>\n<th>Kaal<\/th>\n<td>27,7 g<\/td>\n<\/tr>\n<tr>\n<th>Sertifikaadid<\/th>\n<td>CE, FCC, ISED, RoHS<\/td>\n<\/tr>\n<tr>\n<th>T\u00f6\u00f6keskkond<\/th>\n<td>Siseruumides, -10\u00b0C kuni 60\u00b0C<\/td>\n<\/tr>\n<tr>\n<th>Turvalisus<\/th>\n<td>AES-128 kr\u00fcpteering<\/td>\n<\/tr>\n<\/table>\n<p>Kui soovite lisada nutikust ja automatiseerimist oma igap\u00e4evaellu kasutajas\u00f5bralikult ja paindlikult, on Zigbee nutinupp Sonoff SNZB-01P usaldusv\u00e4\u00e4rne valik.<\/p>\n","protected":false},"excerpt":{"rendered":"<p>Zigbee nutinupp Sonoff SNZB-01P \u2013 \u00fcmmargune, valge Juhtmevaba zigbee nutinupp pakub paindlikku ja mugavat v\u00f5imalust t\u00e4iustada oma nutikodu ilma keeruka paigalduseta. Kompaktne \u00fcmar vorm sobib stiilselt igasse interj\u00f6\u00f6ri ning kinnitusv\u00f5imalused (3M teip v\u00f5i metallplaat) muudavad seadme paigaldamise ja \u00fcmberpaigutamise lihtsaks. Zigbee nutinupp on kerge ja diskreetne, sobides igasse ruumi. T\u00e4ielik juhitavus erinevate vajutusmustrite ja isikup\u00e4rastatud [&hellip;]<\/p>\n","protected":false},"featured_media":169710,"comment_status":"open","ping_status":"open","template":"","meta":[],"product_brand":[3037],"product_cat":[3039],"product_tag":[],"class_list":{"0":"post-169706","1":"product","2":"type-product","3":"status-publish","4":"has-post-thumbnail","6":"product_brand-sonoff","7":"product_cat-lulitid","8":"product_shipping_class-innpro","10":"first","11":"instock","12":"sale","13":"taxable","14":"shipping-taxable","15":"purchasable","16":"product-type-simple"},"_links":{"self":[{"href":"https:\/\/blankpage.ee\/_ruumist-ruumi\/wp-json\/wp\/v2\/product\/169706","targetHints":{"allow":["GET"]}}],"collection":[{"href":"https:\/\/blankpage.ee\/_ruumist-ruumi\/wp-json\/wp\/v2\/product"}],"about":[{"href":"https:\/\/blankpage.ee\/_ruumist-ruumi\/wp-json\/wp\/v2\/types\/product"}],"replies":[{"embeddable":true,"href":"https:\/\/blankpage.ee\/_ruumist-ruumi\/wp-json\/wp\/v2\/comments?post=169706"}],"wp:featuredmedia":[{"embeddable":true,"href":"https:\/\/blankpage.ee\/_ruumist-ruumi\/wp-json\/wp\/v2\/media\/169710"}],"wp:attachment":[{"href":"https:\/\/blankpage.ee\/_ruumist-ruumi\/wp-json\/wp\/v2\/media?parent=169706"}],"wp:term":[{"taxonomy":"product_brand","embeddable":true,"href":"https:\/\/blankpage.ee\/_ruumist-ruumi\/wp-json\/wp\/v2\/product_brand?post=169706"},{"taxonomy":"product_cat","embeddable":true,"href":"https:\/\/blankpage.ee\/_ruumist-ruumi\/wp-json\/wp\/v2\/product_cat?post=169706"},{"taxonomy":"product_tag","embeddable":true,"href":"https:\/\/blankpage.ee\/_ruumist-ruumi\/wp-json\/wp\/v2\/product_tag?post=169706"}],"curies":[{"name":"wp","href":"https:\/\/api.w.org\/{rel}","templated":true}]}}