{"id":169715,"date":"2025-04-18T17:11:02","date_gmt":"2025-04-18T17:11:02","guid":{"rendered":"https:\/\/ruumistruumi.ee\/pood\/nutikas-temperatuuri-ja-niiskusandur-sonoff-snzb-02p-zigbee-ummargune\/"},"modified":"2025-08-21T08:19:39","modified_gmt":"2025-08-21T08:19:39","slug":"nutikas-temperatuuri-ja-niiskusandur-sonoff-snzb-02p-zigbee-ummargune","status":"publish","type":"product","link":"https:\/\/blankpage.ee\/_ruumist-ruumi\/pood\/nutikas-temperatuuri-ja-niiskusandur-sonoff-snzb-02p-zigbee-ummargune\/","title":{"rendered":"Nutikas temperatuuri- ja niiskusandur Sonoff SNZB-02P, ZigBee, \u00fcmmargune"},"content":{"rendered":"<h3>Nutikas temperatuuri- ja niiskusandur Sonoff SNZB-02P, ZigBee, \u00fcmmargune<\/h3>\n<p>Nutikas temperatuuriandur Sonoff SNZB-02P t\u00f6\u00f6tab ZigBee protokolliga ning pakub t\u00e4pseid m\u00f5\u00f5tmistulemusi, usaldusv\u00e4\u00e4rset t\u00f6\u00f6kindlust ja mugavat integreerimist nutikodusse. Kompaktne ning minimalistliku disainiga andur sobib suurep\u00e4raselt igasse koju v\u00f5i kontorisse, aidates j\u00e4lgida ja optimeerida sisekliimat.<\/p>\n<p>\n<img decoding=\"async\" src=\"https:\/\/blankpage.ee\/_ruumist-ruumi\/wp-content\/uploads\/2025\/04\/9-66.webp\" alt=\"Nutikas temperatuuriandur Sonoff SNZB-02P \u00fcmmargune\"\/>\n<\/p>\n<h3>T\u00e4psed m\u00f5\u00f5tmistulemused<\/h3>\n<p>SNZB-02P paistab silma oma k\u00f5rge m\u00f5\u00f5tet\u00e4psusega: temperatuuri m\u00f5\u00f5tmise t\u00e4psus on \u00b10,2\u00b0C ja \u00f5huniiskuse t\u00e4psus \u00b12%RH. See usaldusv\u00e4\u00e4rne nutikas temperatuuriandur tagab sobivad tingimused nii kodus kui kontoris.<\/p>\n<p>\n<img decoding=\"async\" src=\"https:\/\/blankpage.ee\/_ruumist-ruumi\/wp-content\/uploads\/2025\/04\/5-161.webp\" alt=\"Temperatuuri ja niiskuse t\u00e4pne m\u00f5\u00f5tmine nutika anduriga\"\/>\n<\/p>\n<h3>Pika t\u00f6\u00f6eaga pattereid<\/h3>\n<p>Seda seadet toidab CR2477 patarei, mille eluiga ulatub kuni nelja aastani. T\u00e4nu sellele ei vaja andur tihedat patareivahetust ning kindlustab pikaajalise kasutusmugavuse.<\/p>\n<p>\n<img decoding=\"async\" src=\"https:\/\/blankpage.ee\/_ruumist-ruumi\/wp-content\/uploads\/2025\/04\/6-145.webp\" alt=\"Temperatuuriandur, millel on pikk patarei t\u00f6\u00f6iga\"\/>\n<\/p>\n<h3>Kiire andmete uuendus<\/h3>\n<p>M\u00f5\u00f5detud tulemused v\u00e4rskenevad iga 5 sekundi j\u00e4rel, kui temperatuur v\u00f5i niiskus muutub. Nutikas temperatuuriandur v\u00f5imaldab seel\u00e4bi j\u00e4lgida reaalajas sisekeskkonda ning automatiseerida smart home lahendusi.<\/p>\n<p>\n<img decoding=\"async\" src=\"https:\/\/blankpage.ee\/_ruumist-ruumi\/wp-content\/uploads\/2025\/04\/2-216.webp\" alt=\"Kiire andmete uuendamine nutikas temperatuurianduris\"\/>\n<\/p>\n<h3>Lai rakendusvaldkond ja \u00e4pi v\u00f5imalused<\/h3>\n<p>Rakenduse kaudu saab m\u00f5\u00f5tetulemusi salvestada ja eksportida, seadistada hoiatusi ning luua automaatseid nutikaid stsenaariume, mis v\u00f5imaldavad juhtida ka teisi ZigBee seadmeid vastavalt temperatuurile v\u00f5i niiskusele.<\/p>\n<p>\n<img decoding=\"async\" src=\"https:\/\/blankpage.ee\/_ruumist-ruumi\/wp-content\/uploads\/2025\/04\/4-185.webp\" alt=\"Rakenduse kaudu andmete eksport ja nutifunktsioonid\"\/>\n<\/p>\n<h3>Hea \u00fchilduvus ja turvalisus<\/h3>\n<p>Nutikas temperatuuriandur \u00fchildub ZigBee v\u00f5rguga ning t\u00f6\u00f6tab mitmete erinevate nutikodu seadmetega. Andmete turvalisuse tagab AES\u2011128 kr\u00fcpteerimiss\u00fcsteem.<\/p>\n<p>\n<img decoding=\"async\" src=\"https:\/\/blankpage.ee\/_ruumist-ruumi\/wp-content\/uploads\/2025\/04\/3-195.webp\" alt=\"ZigBee-\u00fchendus ja turvalisus Sonoff anduril\"\/>\n<\/p>\n<h3>Komplektis<\/h3>\n<ul>\n<li>Andur SNZB-02P<\/li>\n<li>Kruvi<\/li>\n<li>Kasutusjuhend<\/li>\n<li>3M teip paigaldamiseks<\/li>\n<li>Metallplaat<\/li>\n<\/ul>\n<h3>Tehnilised andmed<\/h3>\n<table>\n<tbody>\n<tr>\n<th>Br\u00e4nd<\/th>\n<td>Sonoff<\/td>\n<\/tr>\n<tr>\n<th>Mudel<\/th>\n<td>SNZB-02P<\/td>\n<\/tr>\n<tr>\n<th>V\u00e4rvus<\/th>\n<td>Valge<\/td>\n<\/tr>\n<tr>\n<th>Kuju<\/th>\n<td>\u00dcmmargune<\/td>\n<\/tr>\n<tr>\n<th>Toide<\/th>\n<td>3.0V<\/td>\n<\/tr>\n<tr>\n<th>Patarei t\u00fc\u00fcp<\/th>\n<td>CR2477<\/td>\n<\/tr>\n<tr>\n<th>MCU<\/th>\n<td>EFR32MG22<\/td>\n<\/tr>\n<tr>\n<th>Sertifikaadid<\/th>\n<td>CE, FCC, ISED, RoHS<\/td>\n<\/tr>\n<tr>\n<th>M\u00f5\u00f5dud<\/th>\n<td>45 \u00d7 45 \u00d7 17,7 mm<\/td>\n<\/tr>\n<tr>\n<th>Kaal<\/th>\n<td>26,7 g<\/td>\n<\/tr>\n<tr>\n<th>Materjal<\/th>\n<td>ABS<\/td>\n<\/tr>\n<tr>\n<th>Paaritamisaeg<\/th>\n<td>180 s<\/td>\n<\/tr>\n<tr>\n<th>Turvare\u017eiim<\/th>\n<td>AES-128<\/td>\n<\/tr>\n<tr>\n<th>Kasutusvaldkond<\/th>\n<td>Siseruumid<\/td>\n<\/tr>\n<tr>\n<th>T\u00f6\u00f6keskkonna temperatuur<\/th>\n<td>\u221210\u00b0C kuni 60\u00b0C<\/td>\n<\/tr>\n<tr>\n<th>T\u00f6\u00f6k\u00f5rgus<\/th>\n<td>Kuni 5000 m<\/td>\n<\/tr>\n<\/tbody>\n<\/table>\n","protected":false},"excerpt":{"rendered":"<p>Nutikas temperatuuri- ja niiskusandur Sonoff SNZB-02P, ZigBee, \u00fcmmargune Nutikas temperatuuriandur Sonoff SNZB-02P t\u00f6\u00f6tab ZigBee protokolliga ning pakub t\u00e4pseid m\u00f5\u00f5tmistulemusi, usaldusv\u00e4\u00e4rset t\u00f6\u00f6kindlust ja mugavat integreerimist nutikodusse. Kompaktne ning minimalistliku disainiga andur sobib suurep\u00e4raselt igasse koju v\u00f5i kontorisse, aidates j\u00e4lgida ja optimeerida sisekliimat. T\u00e4psed m\u00f5\u00f5tmistulemused SNZB-02P paistab silma oma k\u00f5rge m\u00f5\u00f5tet\u00e4psusega: temperatuuri m\u00f5\u00f5tmise t\u00e4psus on \u00b10,2\u00b0C ja [&hellip;]<\/p>\n","protected":false},"featured_media":169722,"comment_status":"open","ping_status":"open","template":"","meta":[],"product_brand":[3037],"product_cat":[3042],"product_tag":[],"class_list":{"0":"post-169715","1":"product","2":"type-product","3":"status-publish","4":"has-post-thumbnail","6":"product_brand-sonoff","7":"product_cat-andurid","8":"product_shipping_class-innpro","10":"first","11":"instock","12":"sale","13":"taxable","14":"shipping-taxable","15":"purchasable","16":"product-type-simple"},"_links":{"self":[{"href":"https:\/\/blankpage.ee\/_ruumist-ruumi\/wp-json\/wp\/v2\/product\/169715","targetHints":{"allow":["GET"]}}],"collection":[{"href":"https:\/\/blankpage.ee\/_ruumist-ruumi\/wp-json\/wp\/v2\/product"}],"about":[{"href":"https:\/\/blankpage.ee\/_ruumist-ruumi\/wp-json\/wp\/v2\/types\/product"}],"replies":[{"embeddable":true,"href":"https:\/\/blankpage.ee\/_ruumist-ruumi\/wp-json\/wp\/v2\/comments?post=169715"}],"wp:featuredmedia":[{"embeddable":true,"href":"https:\/\/blankpage.ee\/_ruumist-ruumi\/wp-json\/wp\/v2\/media\/169722"}],"wp:attachment":[{"href":"https:\/\/blankpage.ee\/_ruumist-ruumi\/wp-json\/wp\/v2\/media?parent=169715"}],"wp:term":[{"taxonomy":"product_brand","embeddable":true,"href":"https:\/\/blankpage.ee\/_ruumist-ruumi\/wp-json\/wp\/v2\/product_brand?post=169715"},{"taxonomy":"product_cat","embeddable":true,"href":"https:\/\/blankpage.ee\/_ruumist-ruumi\/wp-json\/wp\/v2\/product_cat?post=169715"},{"taxonomy":"product_tag","embeddable":true,"href":"https:\/\/blankpage.ee\/_ruumist-ruumi\/wp-json\/wp\/v2\/product_tag?post=169715"}],"curies":[{"name":"wp","href":"https:\/\/api.w.org\/{rel}","templated":true}]}}