{"id":169808,"date":"2025-04-18T17:14:46","date_gmt":"2025-04-18T17:14:46","guid":{"rendered":"https:\/\/ruumistruumi.ee\/pood\/zigbee-kohalolekuandur-sonoff-snzb-06p-5-8-ghz-radar-usb-c\/"},"modified":"2025-08-21T08:19:38","modified_gmt":"2025-08-21T08:19:38","slug":"zigbee-kohalolekuandur-sonoff-snzb-06p-5-8-ghz-radar-usb-c","status":"publish","type":"product","link":"https:\/\/blankpage.ee\/_ruumist-ruumi\/pood\/zigbee-kohalolekuandur-sonoff-snzb-06p-5-8-ghz-radar-usb-c\/","title":{"rendered":"Zigbee kohalolekuandur Sonoff SNZB-06P (5.8 GHz radar, USB-C)"},"content":{"rendered":"<h3>Zigbee kohalolekuandur Sonoff SNZB-06P<\/h3>\n<p>Zigbee kohalolekuandur Sonoff SNZB-06P on nutikas sensor, mis kasutab 5,8 GHz mikrolaineradarit, tuvastades nii liikumise kui ka paigaloleku. See sobib suurep\u00e4raselt koduse valgustuse ning energiakasutuse t\u00f5husaks haldamiseks, l\u00fclitades valguse automaatselt sisse \u00fcksnes siis, kui ruumis viibib inimene, ning hoides seda p\u00f5lemas seni, kuni kohalolekut tuvastatakse.<\/p>\n<p><img decoding=\"async\" src=\"https:\/\/blankpage.ee\/_ruumist-ruumi\/wp-content\/uploads\/2025\/04\/2-221.webp\" border=\"0\" alt=\"Zigbee kohalolekuandur Sonoff SNZB-06P valge korpuses\" \/><\/p>\n<h3>T\u00e4pne kohaloleku tuvastus radariga<\/h3>\n<p>5,8 GHz mikrolaineradari tehnoloogia v\u00f5imaldab SNZB-06P anduril tuvastada ka v\u00e4ga v\u00e4ikeseid liigutusi, nagu hingamine v\u00f5i s\u00fcdamel\u00f6\u00f6gid, muutes selle \u00fcheks t\u00e4pseimaks Zigbee kohalolekuanduriks. See tagab valgustuse automaatse l\u00fclitamise alati vajadusp\u00f5hiselt ning aitab v\u00e4hendada energiakulu.<\/p>\n<p><img decoding=\"async\" src=\"https:\/\/blankpage.ee\/_ruumist-ruumi\/wp-content\/uploads\/2025\/04\/6-151.webp\" border=\"0\" alt=\"Liikumisandur mikrolaineradariga\" \/><\/p>\n<h3>Valgustundlik sensor kulude s\u00e4\u00e4stmiseks<\/h3>\n<p>Sisseehitatud valgusandur l\u00fclitab valguse sisse ainult siis, kui ruum on piisavalt pime. Nii v\u00e4ldid tarbetut energiatarvet ning muudab seadme kasutamise eriti t\u00f5husaks igap\u00e4evaelus.<\/p>\n<p><img decoding=\"async\" src=\"https:\/\/blankpage.ee\/_ruumist-ruumi\/wp-content\/uploads\/2025\/04\/1-218.webp\" border=\"0\" alt=\"Valgustundlik kohalolekuandur nutikodus\" \/><\/p>\n<h3>Zigbee 3.0 \u00fchilduvus<\/h3>\n<p>Kohalolekuandur \u00fchildub Zigbee 3.0 nutikodude keskustega, n\u00e4iteks Sonoff v\u00f5i Echo Plus 2. p\u00f5lvkonna seadmetega, v\u00f5imaldades mugavat koduautomaatika juhtimist ja erinevate seadmete sidumist \u00fchtseks s\u00fcsteemiks.<\/p>\n<p><img decoding=\"async\" src=\"https:\/\/blankpage.ee\/_ruumist-ruumi\/wp-content\/uploads\/2025\/04\/5-167.webp\" border=\"0\" alt=\"Zigbee 3.0 \u00fchilduv andur Sonoff\" \/><\/p>\n<h3>Kohalik stseenide juhtimine<\/h3>\n<p>Unikaalne v\u00f5imekus luua ja hallata automaatstseene Zigbee seadmete vahel ilma interneti\u00fchenduseta. See tagab koduautomaatika t\u00f6\u00f6kindluse ka siis, kui v\u00f5rk puudub.<\/p>\n<p><img decoding=\"async\" src=\"https:\/\/blankpage.ee\/_ruumist-ruumi\/wp-content\/uploads\/2025\/04\/8-73.webp\" border=\"0\" alt=\"Stseenide juhtimine nutikodu seadmete vahel\" \/><\/p>\n<h3>Toetus erinevatele platvormidele<\/h3>\n<p>SNZB-06P toetab populaarseid platvorme, sh Alexa, Google Home, SmartThings, Alice, IFTTT ja Home Assistant. See teeb nutika Zigbee kohalolekuanduri \u00fchendamise mugavaks ja annab v\u00f5imaluse kasutada seda erinevates koduautomaatika \u00f6kos\u00fcsteemides vastavalt vajadustele.<\/p>\n<p><img decoding=\"async\" src=\"https:\/\/blankpage.ee\/_ruumist-ruumi\/wp-content\/uploads\/2025\/04\/3-202.webp\" border=\"0\" alt=\"Nutikodu platvormid ja \u00f6kos\u00fcsteemi tugi kohalolekuanduril\" \/><\/p>\n<h3>Tehnilised andmed<\/h3>\n<table>\n<tr>\n<th>Br\u00e4nd<\/th>\n<td>Sonoff<\/td>\n<\/tr>\n<tr>\n<th>Mudel<\/th>\n<td>SNZB-06P<\/td>\n<\/tr>\n<tr>\n<th>MCU<\/th>\n<td>EFR32MG22<\/td>\n<\/tr>\n<tr>\n<th>Sisend<\/th>\n<td>5V<\/td>\n<\/tr>\n<tr>\n<th>Liides<\/th>\n<td>USB-C<\/td>\n<\/tr>\n<tr>\n<th>V\u00e4rv<\/th>\n<td>Valge<\/td>\n<\/tr>\n<tr>\n<th>M\u00f5\u00f5tmed<\/th>\n<td>44,2 x 44,2 x 59 mm<\/td>\n<\/tr>\n<tr>\n<th>Kaal<\/th>\n<td>31 g<\/td>\n<\/tr>\n<tr>\n<th>Materjal<\/th>\n<td>PC, ABS<\/td>\n<\/tr>\n<tr>\n<th>Juhtmevaba \u00fchendus<\/th>\n<td>Zigbee 3.0 (IEEE802.15.4)<\/td>\n<\/tr>\n<tr>\n<th>Paaritamise aeg<\/th>\n<td>180 s<\/td>\n<\/tr>\n<tr>\n<th>T\u00f6\u00f6kaugus<\/th>\n<td>30 m<\/td>\n<\/tr>\n<tr>\n<th>Kasutusala<\/th>\n<td>Siseruumides<\/td>\n<\/tr>\n<tr>\n<th>T\u00f6\u00f6temperatuur<\/th>\n<td>-10\u00b0C kuni 60\u00b0C<\/td>\n<\/tr>\n<tr>\n<th>\u00d5huniiskus<\/th>\n<td>0%\u201390% RH<\/td>\n<\/tr>\n<tr>\n<th>T\u00f6\u00f6k\u00f5rgus<\/th>\n<td>kuni 5000 m<\/td>\n<\/tr>\n<tr>\n<th>Sertifikaadid<\/th>\n<td>CE, FCC, ISED, RoHS<\/td>\n<\/tr>\n<tr>\n<th>Standard<\/th>\n<td>EN IEC 62368-1<\/td>\n<\/tr>\n<\/table>\n","protected":false},"excerpt":{"rendered":"<p>Zigbee kohalolekuandur Sonoff SNZB-06P Zigbee kohalolekuandur Sonoff SNZB-06P on nutikas sensor, mis kasutab 5,8 GHz mikrolaineradarit, tuvastades nii liikumise kui ka paigaloleku. See sobib suurep\u00e4raselt koduse valgustuse ning energiakasutuse t\u00f5husaks haldamiseks, l\u00fclitades valguse automaatselt sisse \u00fcksnes siis, kui ruumis viibib inimene, ning hoides seda p\u00f5lemas seni, kuni kohalolekut tuvastatakse. T\u00e4pne kohaloleku tuvastus radariga 5,8 GHz [&hellip;]<\/p>\n","protected":false},"featured_media":169815,"comment_status":"open","ping_status":"open","template":"","meta":[],"product_brand":[3037],"product_cat":[3042],"product_tag":[],"class_list":{"0":"post-169808","1":"product","2":"type-product","3":"status-publish","4":"has-post-thumbnail","6":"product_brand-sonoff","7":"product_cat-andurid","8":"product_shipping_class-innpro","10":"first","11":"instock","12":"sale","13":"taxable","14":"shipping-taxable","15":"purchasable","16":"product-type-simple"},"_links":{"self":[{"href":"https:\/\/blankpage.ee\/_ruumist-ruumi\/wp-json\/wp\/v2\/product\/169808","targetHints":{"allow":["GET"]}}],"collection":[{"href":"https:\/\/blankpage.ee\/_ruumist-ruumi\/wp-json\/wp\/v2\/product"}],"about":[{"href":"https:\/\/blankpage.ee\/_ruumist-ruumi\/wp-json\/wp\/v2\/types\/product"}],"replies":[{"embeddable":true,"href":"https:\/\/blankpage.ee\/_ruumist-ruumi\/wp-json\/wp\/v2\/comments?post=169808"}],"wp:featuredmedia":[{"embeddable":true,"href":"https:\/\/blankpage.ee\/_ruumist-ruumi\/wp-json\/wp\/v2\/media\/169815"}],"wp:attachment":[{"href":"https:\/\/blankpage.ee\/_ruumist-ruumi\/wp-json\/wp\/v2\/media?parent=169808"}],"wp:term":[{"taxonomy":"product_brand","embeddable":true,"href":"https:\/\/blankpage.ee\/_ruumist-ruumi\/wp-json\/wp\/v2\/product_brand?post=169808"},{"taxonomy":"product_cat","embeddable":true,"href":"https:\/\/blankpage.ee\/_ruumist-ruumi\/wp-json\/wp\/v2\/product_cat?post=169808"},{"taxonomy":"product_tag","embeddable":true,"href":"https:\/\/blankpage.ee\/_ruumist-ruumi\/wp-json\/wp\/v2\/product_tag?post=169808"}],"curies":[{"name":"wp","href":"https:\/\/api.w.org\/{rel}","templated":true}]}}