{"id":169820,"date":"2025-04-18T17:14:46","date_gmt":"2025-04-18T17:14:46","guid":{"rendered":"https:\/\/ruumistruumi.ee\/pood\/nutikas-sisevalvekaamera-360-imou-ranger-dual-8mp-wifi-oonagemine-kahepoolne-heli\/"},"modified":"2025-08-21T08:19:39","modified_gmt":"2025-08-21T08:19:39","slug":"nutikas-sisevalvekaamera-360-imou-ranger-dual-8mp-wifi-oonagemine-kahepoolne-heli","status":"publish","type":"product","link":"https:\/\/blankpage.ee\/_ruumist-ruumi\/pood\/nutikas-sisevalvekaamera-360-imou-ranger-dual-8mp-wifi-oonagemine-kahepoolne-heli\/","title":{"rendered":"Nutikas sisevalvekaamera 360\u00b0 IMOU Ranger Dual 8MP (WiFi, \u00f6\u00f6n\u00e4gemine, kahepoolne heli)"},"content":{"rendered":"<h3>Nutikas sisevalvekaamera 360\u00b0 IMOU Ranger Dual 8MP<\/h3>\n<p>IMOU Ranger Dual 8MP on t\u00e4nap\u00e4evane nutikas sisevalvekaamera, mis \u00fchendab endas WiFi toe, kahe objektiivi ja nutika j\u00e4lgimiss\u00fcsteemi. Kaamera p\u00f5hifunktsioonideks on 360\u00b0 vaatenurk, terav \u00f6\u00f6n\u00e4gemine ja kahepoolne heliside, et tagada teie kodu turvalisus \u00f6\u00f6p\u00e4evaringselt. Esimene 3MP\/2K objektiiv on fikseeritud fookusega, teine 5MP\/3K objektiiv v\u00f5imaldab panoraam- ja kallutusvaadet, et katta kogu ruum ning j\u00e4\u00e4dvustada detailid olulistes hetkedes.<\/p>\n<p><img decoding=\"async\" src=\"https:\/\/blankpage.ee\/_ruumist-ruumi\/wp-content\/uploads\/2025\/04\/1-219.webp\" alt=\"nutikas sisevalvekaamera IMOU Ranger Dual 8MP eestvaade\" border=\"0\" \/><\/p>\n<h3>\u00dclevaatlik j\u00e4lgimine ja lai vaatev\u00e4li<\/h3>\n<p>T\u00e4nu kahe objektiivi s\u00fcsteemile suudab see valvekaamera korraga j\u00e4lgida nii ruumi \u00fcldist vaadet kui ka \u00fcksikasju. Panoraam- ja kallutusfunktsioonid v\u00f5imaldavad liigutada vaatenurka, et \u00fckski ala ei j\u00e4\u00e4ks valveta. Vajadusel saad vaadet juhtida otse rakendusest.<\/p>\n<p><img decoding=\"async\" src=\"https:\/\/blankpage.ee\/_ruumist-ruumi\/wp-content\/uploads\/2025\/04\/7-127.webp\" alt=\"panoraam- ja kallutusfunktsiooniga nutikas sisevalvekaamera\" border=\"0\" \/><\/p>\n<h3>Selge kvaliteet ka pimeduses<\/h3>\n<p>Nutikas sisevalvekaamera on varustatud nelja \u00f6\u00f6re\u017eiimiga, mis kindlustavad detailide selguse nii t\u00e4ielikus pimeduses kui ka h\u00e4marates tingimustes. Infra- ja valge valguse kombinatsioon tagab usaldusv\u00e4\u00e4rse pildikvaliteedi igal hetkel.<\/p>\n<p><img decoding=\"async\" src=\"https:\/\/blankpage.ee\/_ruumist-ruumi\/wp-content\/uploads\/2025\/04\/6-152.webp\" alt=\"IMOU Ranger Dual sisevalvekaamera \u00f6\u00f6n\u00e4gemisega\" border=\"0\" \/><\/p>\n<h3>T\u00e4iustatud tuvastus ja teavitused<\/h3>\n<p>Kaamera tundlik liikumisandur eristab inimesi ja lemmikloomi ning saadab teavituse nutiseadmesse kohe, kui tuvastab liikumise v\u00f5i anomaalse heli. T\u00e4iendava turvalisuse tagab anomaalsete helide j\u00e4lgimine, et olete alati teadlik v\u00f5imalikest riskidest.<\/p>\n<p><img decoding=\"async\" src=\"https:\/\/blankpage.ee\/_ruumist-ruumi\/wp-content\/uploads\/2025\/04\/8-74.webp\" alt=\"nutikas sisevalvekaamera liikumistuvastusega\" border=\"0\" \/><\/p>\n<h3>Aktiivne t\u00f5rje ja kahepoolne heliside<\/h3>\n<p>IMOU Ranger Dual 8MP nutikas sisevalvekaamera v\u00f5imaldab vajadusel k\u00e4ivitada sisseehitatud valgusti v\u00f5i sireeni, mis aitab t\u00f5rjuda soovimatuid k\u00fclalisi. Kahepoolse heliside abil saab koheselt suhelda ruumis olijatega, olgu selleks pereliikmed, k\u00fclalised v\u00f5i teenindajad.<\/p>\n<p><img decoding=\"async\" src=\"https:\/\/blankpage.ee\/_ruumist-ruumi\/wp-content\/uploads\/2025\/04\/9-67.webp\" alt=\"sisevalvekaamera sisseehitatud valgusega t\u00f5rjeks\" border=\"0\" \/><\/p>\n<p><img decoding=\"async\" src=\"https:\/\/blankpage.ee\/_ruumist-ruumi\/wp-content\/uploads\/2025\/04\/2-222.webp\" alt=\"nutikas sisevalvekaamera kahepoolse helisidega\" border=\"0\" \/><\/p>\n<h3>Privaatsus ja intelligentne j\u00e4lgimine<\/h3>\n<p>Kaameral on privaatsusre\u017eiim, mis v\u00f5imaldab j\u00e4lgida ainult m\u00e4\u00e4ratud piirkondi ning optimeerida videopilti vastavalt sinu vajadustele. Intelligentne j\u00e4lgimisfunktsioon suudab automaatselt j\u00e4lgida ja ka vajadusel varjata liikuvaid objekte, tagades maksimaalse kontrolli ja privaatsuse.<\/p>\n<p><img decoding=\"async\" src=\"https:\/\/blankpage.ee\/_ruumist-ruumi\/wp-content\/uploads\/2025\/04\/3-203.webp\" alt=\"IMOU nutikas sisevalvekaamera privaatsusre\u017eiimiga\" border=\"0\" \/><\/p>\n<h3>Komplektis sisaldub<\/h3>\n<ul>\n<li>IMOU Ranger Dual 8MP nutikas sisevalvekaamera<\/li>\n<li>L\u00fchijuhend<\/li>\n<li>Toiteadapter<\/li>\n<li>USB-kaabel<\/li>\n<li>Kruvikomplekt<\/li>\n<li>Kiire paigaldusplaat<\/li>\n<li>Paigaldusasukoha skeem<\/li>\n<\/ul>\n<h3>Tehnilised andmed<\/h3>\n<table>\n<tbody>\n<tr>\n<th>Br\u00e4nd<\/th>\n<td>IMOU<\/td>\n<\/tr>\n<tr>\n<th>Mudel<\/th>\n<td>Ranger Dual 8MP<\/td>\n<\/tr>\n<tr>\n<th>Kaal<\/th>\n<td>225 g<\/td>\n<\/tr>\n<tr>\n<th>M\u00f5\u00f5dud<\/th>\n<td>82,2 \u00d7 82,2 \u00d7 115,4 mm<\/td>\n<\/tr>\n<tr>\n<th>T\u00f6\u00f6temperatuur<\/th>\n<td>-10\u00b0C kuni +45\u00b0C<\/td>\n<\/tr>\n<tr>\n<th>Toitekasutus<\/th>\n<td>&lt;5,7 W<\/td>\n<\/tr>\n<tr>\n<th>Liidesed<\/th>\n<td>MicroSD kuni 256 GB, sisseehitatud mikrofon ja k\u00f5lar, l\u00e4htestusnupp<\/td>\n<\/tr>\n<tr>\n<th>V\u00f5rk<\/th>\n<td>Ethernet 100 Mbps, Wi-Fi 2,4 GHz, Wi-Fi 6, IEEE 802.1 b\/g\/n<\/td>\n<\/tr>\n<tr>\n<th>\u00dchilduvus<\/th>\n<td>iOS, Android<\/td>\n<\/tr>\n<tr>\n<th>M\u00e4rguanded<\/th>\n<td>Liikumistuvastus, inimese\/looma tuvastus, m\u00e4\u00e4ratav piirkond, helialarm<\/td>\n<\/tr>\n<tr>\n<th>Lahutusv\u00f5ime<\/th>\n<td>Fikseeritud 3MP, p\u00f6\u00f6rlev ja kallutatav 5MP<\/td>\n<\/tr>\n<\/tbody>\n<\/table>\n","protected":false},"excerpt":{"rendered":"<p>Nutikas sisevalvekaamera 360\u00b0 IMOU Ranger Dual 8MP IMOU Ranger Dual 8MP on t\u00e4nap\u00e4evane nutikas sisevalvekaamera, mis \u00fchendab endas WiFi toe, kahe objektiivi ja nutika j\u00e4lgimiss\u00fcsteemi. Kaamera p\u00f5hifunktsioonideks on 360\u00b0 vaatenurk, terav \u00f6\u00f6n\u00e4gemine ja kahepoolne heliside, et tagada teie kodu turvalisus \u00f6\u00f6p\u00e4evaringselt. Esimene 3MP\/2K objektiiv on fikseeritud fookusega, teine 5MP\/3K objektiiv v\u00f5imaldab panoraam- ja kallutusvaadet, et [&hellip;]<\/p>\n","protected":false},"featured_media":169828,"comment_status":"open","ping_status":"closed","template":"","meta":[],"product_brand":[3003],"product_cat":[3056],"product_tag":[],"class_list":{"0":"post-169820","1":"product","2":"type-product","3":"status-publish","4":"has-post-thumbnail","6":"product_brand-imou","7":"product_cat-ip-kaamerad","8":"product_shipping_class-innpro","10":"first","11":"instock","12":"sale","13":"taxable","14":"shipping-taxable","15":"purchasable","16":"product-type-simple"},"_links":{"self":[{"href":"https:\/\/blankpage.ee\/_ruumist-ruumi\/wp-json\/wp\/v2\/product\/169820","targetHints":{"allow":["GET"]}}],"collection":[{"href":"https:\/\/blankpage.ee\/_ruumist-ruumi\/wp-json\/wp\/v2\/product"}],"about":[{"href":"https:\/\/blankpage.ee\/_ruumist-ruumi\/wp-json\/wp\/v2\/types\/product"}],"replies":[{"embeddable":true,"href":"https:\/\/blankpage.ee\/_ruumist-ruumi\/wp-json\/wp\/v2\/comments?post=169820"}],"wp:featuredmedia":[{"embeddable":true,"href":"https:\/\/blankpage.ee\/_ruumist-ruumi\/wp-json\/wp\/v2\/media\/169828"}],"wp:attachment":[{"href":"https:\/\/blankpage.ee\/_ruumist-ruumi\/wp-json\/wp\/v2\/media?parent=169820"}],"wp:term":[{"taxonomy":"product_brand","embeddable":true,"href":"https:\/\/blankpage.ee\/_ruumist-ruumi\/wp-json\/wp\/v2\/product_brand?post=169820"},{"taxonomy":"product_cat","embeddable":true,"href":"https:\/\/blankpage.ee\/_ruumist-ruumi\/wp-json\/wp\/v2\/product_cat?post=169820"},{"taxonomy":"product_tag","embeddable":true,"href":"https:\/\/blankpage.ee\/_ruumist-ruumi\/wp-json\/wp\/v2\/product_tag?post=169820"}],"curies":[{"name":"wp","href":"https:\/\/api.w.org\/{rel}","templated":true}]}}