{"id":169878,"date":"2025-04-18T17:19:29","date_gmt":"2025-04-18T17:19:29","guid":{"rendered":"https:\/\/ruumistruumi.ee\/pood\/nutikas-liikumisandur-switchbot-w1101500-pir-andur-valgusandur-3-aastane-aku\/"},"modified":"2025-08-21T08:19:37","modified_gmt":"2025-08-21T08:19:37","slug":"nutikas-liikumisandur-switchbot-w1101500-pir-andur-valgusandur-3-aastane-aku","status":"publish","type":"product","link":"https:\/\/blankpage.ee\/_ruumist-ruumi\/pood\/nutikas-liikumisandur-switchbot-w1101500-pir-andur-valgusandur-3-aastane-aku\/","title":{"rendered":"Nutikas liikumisandur SwitchBot W1101500 (PIR-andur, valgusandur, 3-aastane aku)"},"content":{"rendered":"<h3>Nutikas liikumisandur SwitchBot W1101500 \u2013 nutika kodu automatiseerimiseks<\/h3>\n<p>Nutikas liikumisandur v\u00f5imaldab automatiseerida koduseid seadmeid, suurendada turvalisust ja s\u00e4\u00e4sta energiat. SwitchBot liikumisandur tuvastab liikumise ning valguse muutused, saates teavitused sinu nutiseadmesse, et alati oleksid kursis kodu olukorraga. T\u00e4nu h\u00e4\u00e4leassistendi toele on kasutamine veelgi mugavam.<\/p>\n<p><img decoding=\"async\" src=\"https:\/\/blankpage.ee\/_ruumist-ruumi\/wp-content\/uploads\/2025\/04\/9-70.webp\" alt=\"Nutikas liikumisandur valget v\u00e4rvi plastkorpuses, esiplaanil juhtnupp\"\/><\/p>\n<h3>Kodu, mis tervitab sind valgusega<\/h3>\n<p>Kui paigaldad nutika liikumisanduri n\u00e4iteks esikusse, saavad tuled, \u00f5huniisutajad, ventilaatorid v\u00f5i muud seadmed s\u00fcttida automaatselt sinu sisenemisel. Voodi alla, koridori v\u00f5i k\u00f6\u00f6ki paigutatuna aitab see s\u00fc\u00fcdata \u00f6\u00f6siti \u00f5rnalt valguse, suurendades ohutust ja mugavust.<\/p>\n<p><img decoding=\"async\" src=\"https:\/\/blankpage.ee\/_ruumist-ruumi\/wp-content\/uploads\/2025\/04\/7-131.webp\" alt=\"Liikumisandur kodukoridoris, taustal aktiveeruvad tuled\"\/><\/p>\n<h3>Turvalisus nutikalt<\/h3>\n<p>Kombineerides SwitchBot liikumisanduri SwitchBot Hub Mini v\u00f5i siseruumikaameraga, saad luua t\u00f5husa turvalahenduse. Liikumise tuvastamisel aktiveerub kaamera automaatselt ning salvestab s\u00fcndmused \u2013 ideaalne lahendus sissep\u00e4\u00e4sude v\u00f5i oluliste ruumide kaitseks.<\/p>\n<p><img decoding=\"async\" src=\"https:\/\/blankpage.ee\/_ruumist-ruumi\/wp-content\/uploads\/2025\/04\/3-206.webp\" alt=\"SwitchBot liikumisandur koos turvakaameraga koduses lahenduses\"\/><\/p>\n<h3>Automaatika ja nutikodu s\u00fcsteemid<\/h3>\n<p>Liikumisandur \u00fchildub teiste SwitchBot seadmetega ja toetab nii kohapealset kui ka pilvep\u00f5hist automatiseerimist. SwitchBot Hub Mini vahendusel saab aktiveerida h\u00e4\u00e4lejuhtimist ja kaugjuhtimist nutiseadmetest.<\/p>\n<p><img decoding=\"async\" src=\"https:\/\/blankpage.ee\/_ruumist-ruumi\/wp-content\/uploads\/2025\/04\/11-22.webp\" alt=\"SwitchBot seadmete \u00f6kos\u00fcsteem koos liikumisanduriga\"\/><\/p>\n<h3>T\u00e4pne liikumis- ja valgusandur<\/h3>\n<p>SwitchBot liikumisandur kasutab PIR-andurit, mis tuvastab liikumist kuni 9 meetri kauguselt (110\u00b0 horisontaalselt, 55\u00b0 vertikaalselt), ning valgussensorit, mis v\u00f5imaldab valida automaatikat p\u00e4evaseks v\u00f5i \u00f6iseks kasutuseks. Tundlikkust saab reguleerida, et v\u00e4ltida valeh\u00e4ireid.<\/p>\n<p><img decoding=\"async\" src=\"https:\/\/blankpage.ee\/_ruumist-ruumi\/wp-content\/uploads\/2025\/04\/5-170.webp\" alt=\"Liikumisanduri m\u00f5\u00f5detav leviala ja t\u00e4psus graafilisel kujutisel\"\/><\/p>\n<h3>Teavitused ja s\u00fcndmuste ajalugu<\/h3>\n<p>Iga tuvastatud liikumise v\u00f5i valguse muudatuse puhul saadetakse teavitus nutiseadmesse. S\u00fcndmused salvestatakse ja s\u00fcnkroonitakse rakendusega. NB! T\u00e4isfunktsionaalsuseks on vajalik SwitchBot Hub Mini olemasolu.<\/p>\n<p><img decoding=\"async\" src=\"https:\/\/blankpage.ee\/_ruumist-ruumi\/wp-content\/uploads\/2025\/04\/2-227.webp\" alt=\"Liikumisandur saadab teavitusi nutitelefonile\"\/><\/p>\n<h3>H\u00e4\u00e4leassistentide tugi<\/h3>\n<p>Nutikas liikumisandur \u00fchildub Alexa ja Google Assistantiga, v\u00f5imaldades seadmeid lihtsalt h\u00e4\u00e4lk\u00e4sklustega juhtida ning saada liikumisteavitusi \u00f6\u00f6p\u00e4evaringselt.<\/p>\n<p><img decoding=\"async\" src=\"https:\/\/blankpage.ee\/_ruumist-ruumi\/wp-content\/uploads\/2025\/04\/6-155.webp\" alt=\"Liikumisandurit kasutatakse Alexa ja Google Assistantiga\"\/><\/p>\n<h3>Pikk aku t\u00f6\u00f6iga ja lihtne paigaldus<\/h3>\n<p>Kaks AAA-patareid v\u00f5imaldavad andurit kasutada kuni kolm aastat j\u00e4rjest. Magnetkinnitus muudab paigaldamise lihtsaks \u2013 kinnita see n\u00e4iteks seinale, lauale, riiulisse, uksele v\u00f5i k\u00fclmkapi k\u00fclge.<\/p>\n<p><img decoding=\"async\" src=\"https:\/\/blankpage.ee\/_ruumist-ruumi\/wp-content\/uploads\/2025\/04\/4-193.webp\" alt=\"Liikumisanduri magnetkinnitus v\u00f5imaldab paigutamist erinevatesse kohtadesse\"\/><\/p>\n<div class=\"table-wrapper\">\n<table>\n<tbody>\n<tr>\n<th>Tootja<\/th>\n<td>SwitchBot<\/td>\n<\/tr>\n<tr>\n<th>Mudel<\/th>\n<td>W1101500<\/td>\n<\/tr>\n<tr>\n<th>M\u00f5\u00f5tmed<\/th>\n<td>Andur: 54 \u00d7 54 \u00d7 30 mm; alus: 45 \u00d7 45 \u00d7 32 mm<\/td>\n<\/tr>\n<tr>\n<th>Kaal<\/th>\n<td>Andur koos patareidega: 56 g; alus: 19 g<\/td>\n<\/tr>\n<tr>\n<th>Toide ja aku kestvus<\/th>\n<td>2 \u00d7 AAA patarei, kuni 3 aastat (120 liikumis- ja 40 valguse tuvastust ning 20 lokaalstseeni p\u00e4evas temperatuuril kuni 25\u00b0C)<\/td>\n<\/tr>\n<tr>\n<th>T\u00f6\u00f6temperatuur<\/th>\n<td>10\u00b0C kuni 60\u00b0C<\/td>\n<\/tr>\n<tr>\n<th>T\u00f6\u00f6niiskus<\/th>\n<td>20\u201385% RH<\/td>\n<\/tr>\n<tr>\n<th>Ulatus<\/th>\n<td>9 m; 110\u00b0 horisontaalselt ja 55\u00b0 vertikaalselt<\/td>\n<\/tr>\n<\/tbody>\n<\/table>\n<\/div>\n","protected":false},"excerpt":{"rendered":"<p>Nutikas liikumisandur SwitchBot W1101500 \u2013 nutika kodu automatiseerimiseks Nutikas liikumisandur v\u00f5imaldab automatiseerida koduseid seadmeid, suurendada turvalisust ja s\u00e4\u00e4sta energiat. SwitchBot liikumisandur tuvastab liikumise ning valguse muutused, saates teavitused sinu nutiseadmesse, et alati oleksid kursis kodu olukorraga. T\u00e4nu h\u00e4\u00e4leassistendi toele on kasutamine veelgi mugavam. Kodu, mis tervitab sind valgusega Kui paigaldad nutika liikumisanduri n\u00e4iteks esikusse, saavad [&hellip;]<\/p>\n","protected":false},"featured_media":169887,"comment_status":"open","ping_status":"open","template":"","meta":[],"product_brand":[3062],"product_cat":[3042],"product_tag":[],"class_list":{"0":"post-169878","1":"product","2":"type-product","3":"status-publish","4":"has-post-thumbnail","6":"product_brand-switchbot","7":"product_cat-andurid","8":"product_shipping_class-innpro","10":"first","11":"instock","12":"sale","13":"taxable","14":"shipping-taxable","15":"purchasable","16":"product-type-simple"},"_links":{"self":[{"href":"https:\/\/blankpage.ee\/_ruumist-ruumi\/wp-json\/wp\/v2\/product\/169878","targetHints":{"allow":["GET"]}}],"collection":[{"href":"https:\/\/blankpage.ee\/_ruumist-ruumi\/wp-json\/wp\/v2\/product"}],"about":[{"href":"https:\/\/blankpage.ee\/_ruumist-ruumi\/wp-json\/wp\/v2\/types\/product"}],"replies":[{"embeddable":true,"href":"https:\/\/blankpage.ee\/_ruumist-ruumi\/wp-json\/wp\/v2\/comments?post=169878"}],"wp:featuredmedia":[{"embeddable":true,"href":"https:\/\/blankpage.ee\/_ruumist-ruumi\/wp-json\/wp\/v2\/media\/169887"}],"wp:attachment":[{"href":"https:\/\/blankpage.ee\/_ruumist-ruumi\/wp-json\/wp\/v2\/media?parent=169878"}],"wp:term":[{"taxonomy":"product_brand","embeddable":true,"href":"https:\/\/blankpage.ee\/_ruumist-ruumi\/wp-json\/wp\/v2\/product_brand?post=169878"},{"taxonomy":"product_cat","embeddable":true,"href":"https:\/\/blankpage.ee\/_ruumist-ruumi\/wp-json\/wp\/v2\/product_cat?post=169878"},{"taxonomy":"product_tag","embeddable":true,"href":"https:\/\/blankpage.ee\/_ruumist-ruumi\/wp-json\/wp\/v2\/product_tag?post=169878"}],"curies":[{"name":"wp","href":"https:\/\/api.w.org\/{rel}","templated":true}]}}