{"id":169916,"date":"2025-04-18T17:19:29","date_gmt":"2025-04-18T17:19:29","guid":{"rendered":"https:\/\/ruumistruumi.ee\/pood\/switchbot-nfc-silt-tag-lihtne-paigaldus-nutika-kodu-automatiseerimine\/"},"modified":"2025-08-21T08:19:38","modified_gmt":"2025-08-21T08:19:38","slug":"switchbot-nfc-silt-tag-lihtne-paigaldus-nutika-kodu-automatiseerimine","status":"publish","type":"product","link":"https:\/\/blankpage.ee\/_ruumist-ruumi\/pood\/switchbot-nfc-silt-tag-lihtne-paigaldus-nutika-kodu-automatiseerimine\/","title":{"rendered":"SwitchBot NFC silt Tag (lihtne paigaldus, nutika kodu automatiseerimine)"},"content":{"rendered":"<h3>SwitchBot NFC silt \u2013 nutikodu lahendus<\/h3>\n<p>SwitchBot NFC silt v\u00f5imaldab sul juhtida eri SwitchBot seadmeid lihtsalt nutitelefoniga. Kiire paigaldus t\u00e4nu kaasasolevale 3M teibile teeb selle sobivaks uksele, seinale v\u00f5i lauale. See kompaktne ja mitmek\u00fclgne silt muudab kodu automatiseerimise veelgi mugavamaks ja intuitiivsemaks.<\/p>\n<p><img decoding=\"async\" src=\"https:\/\/blankpage.ee\/_ruumist-ruumi\/wp-content\/uploads\/2025\/04\/3-210.webp\" alt=\"SwitchBot NFC silt \u2013 \u00fcmmargune nutim\u00e4rgis valgel taustal\"><\/p>\n<h3>Nutikas kodu automaatika ja mugavus<\/h3>\n<p>SwitchBot NFC silt v\u00f5imaldab luua automaatseid tegevusi, n\u00e4iteks l\u00fclitada tuled v\u00e4lja t\u00f6\u00f6le lahkudes v\u00f5i lasta konditsioneeril enne koju j\u00f5udmist t\u00f6\u00f6le hakata. NFC silti puudutades saad k\u00e4ivitada erinevaid stseene: avada kardinaid, k\u00e4ivitada ventilatsiooni v\u00f5i juhtida k\u00f5iki teisi SwitchBot seadmeid lihtsalt ja kiiresti. Seotud fraasid: nutikas m\u00e4rgis, automatiseerimisv\u00f5imalus.<\/p>\n<p><img decoding=\"async\" src=\"https:\/\/blankpage.ee\/_ruumist-ruumi\/wp-content\/uploads\/2025\/04\/7-133.webp\" alt=\"SwitchBot NFC sildi kasutamine nutikodu seadmete automatiseerimiseks\"><\/p>\n<h3>Lihtne paigaldamine ja kiire kasutamine<\/h3>\n<p>Kasutamine on \u00fclimalt lihtne \u2013 l\u00e4henda telefon SwitchBot NFC sildile (0,5\u20132 cm) ning varem seadistatud tegevus k\u00e4ivitub momentaalselt. Kui s\u00fcsteemi lisada SwitchBot Hub Mini (m\u00fc\u00fcgil eraldi), saad juhtida keerukamaid nutikodu stsenaariume ja mitut seadet korraga. SwitchBot NFC silt tagab kiire ja mugava automatiseerimise igal sammul. Seotud fraasid: NFC nutim\u00e4rgis, automaatika lahendus.<\/p>\n<p><img decoding=\"async\" src=\"https:\/\/blankpage.ee\/_ruumist-ruumi\/wp-content\/uploads\/2025\/04\/6-157.webp\" alt=\"Telefon kasutab SwitchBot NFC silti nutika kodu automaatika jaoks\"><\/p>\n<div class=\"table-wrapper\">\n<table>\n<tbody>\n<tr>\n<th>Tootja<\/th>\n<td>SwitchBot<\/td>\n<\/tr>\n<tr>\n<th>Lugemiskaugus<\/th>\n<td>0,5\u20132 cm<\/td>\n<\/tr>\n<tr>\n<th>S\u00fcsteemin\u00f5uded<\/th>\n<td>iOS 13 v\u00f5i uuem, Android 5.0 v\u00f5i uuem<\/td>\n<\/tr>\n<\/tbody>\n<\/table>\n<\/div>\n","protected":false},"excerpt":{"rendered":"<p>SwitchBot NFC silt \u2013 nutikodu lahendus SwitchBot NFC silt v\u00f5imaldab sul juhtida eri SwitchBot seadmeid lihtsalt nutitelefoniga. Kiire paigaldus t\u00e4nu kaasasolevale 3M teibile teeb selle sobivaks uksele, seinale v\u00f5i lauale. See kompaktne ja mitmek\u00fclgne silt muudab kodu automatiseerimise veelgi mugavamaks ja intuitiivsemaks. Nutikas kodu automaatika ja mugavus SwitchBot NFC silt v\u00f5imaldab luua automaatseid tegevusi, n\u00e4iteks [&hellip;]<\/p>\n","protected":false},"featured_media":169920,"comment_status":"open","ping_status":"open","template":"","meta":[],"product_brand":[3062],"product_cat":[3039],"product_tag":[],"class_list":{"0":"post-169916","1":"product","2":"type-product","3":"status-publish","4":"has-post-thumbnail","6":"product_brand-switchbot","7":"product_cat-lulitid","8":"product_shipping_class-innpro","10":"first","11":"instock","12":"sale","13":"taxable","14":"shipping-taxable","15":"purchasable","16":"product-type-simple"},"_links":{"self":[{"href":"https:\/\/blankpage.ee\/_ruumist-ruumi\/wp-json\/wp\/v2\/product\/169916","targetHints":{"allow":["GET"]}}],"collection":[{"href":"https:\/\/blankpage.ee\/_ruumist-ruumi\/wp-json\/wp\/v2\/product"}],"about":[{"href":"https:\/\/blankpage.ee\/_ruumist-ruumi\/wp-json\/wp\/v2\/types\/product"}],"replies":[{"embeddable":true,"href":"https:\/\/blankpage.ee\/_ruumist-ruumi\/wp-json\/wp\/v2\/comments?post=169916"}],"wp:featuredmedia":[{"embeddable":true,"href":"https:\/\/blankpage.ee\/_ruumist-ruumi\/wp-json\/wp\/v2\/media\/169920"}],"wp:attachment":[{"href":"https:\/\/blankpage.ee\/_ruumist-ruumi\/wp-json\/wp\/v2\/media?parent=169916"}],"wp:term":[{"taxonomy":"product_brand","embeddable":true,"href":"https:\/\/blankpage.ee\/_ruumist-ruumi\/wp-json\/wp\/v2\/product_brand?post=169916"},{"taxonomy":"product_cat","embeddable":true,"href":"https:\/\/blankpage.ee\/_ruumist-ruumi\/wp-json\/wp\/v2\/product_cat?post=169916"},{"taxonomy":"product_tag","embeddable":true,"href":"https:\/\/blankpage.ee\/_ruumist-ruumi\/wp-json\/wp\/v2\/product_tag?post=169916"}],"curies":[{"name":"wp","href":"https:\/\/api.w.org\/{rel}","templated":true}]}}