{"id":169932,"date":"2025-04-18T17:19:29","date_gmt":"2025-04-18T17:19:29","guid":{"rendered":"https:\/\/ruumistruumi.ee\/pood\/nutikas-ohuniiskuse-andur-avatto-whs20-wi-fi-lcd-tuya\/"},"modified":"2025-08-21T08:19:38","modified_gmt":"2025-08-21T08:19:38","slug":"nutikas-ohuniiskuse-andur-avatto-whs20-wi-fi-lcd-tuya","status":"publish","type":"product","link":"https:\/\/blankpage.ee\/_ruumist-ruumi\/pood\/nutikas-ohuniiskuse-andur-avatto-whs20-wi-fi-lcd-tuya\/","title":{"rendered":"Nutikas \u00f5huniiskuse andur Avatto WHS20 (Wi-Fi, LCD, Tuya)"},"content":{"rendered":"<h3>Nutikas \u00f5huniiskuse andur Avatto WHS20 (Wi-Fi, LCD, Tuya)<\/h3>\n<p>Nutikas \u00f5huniiskuse andur Avatto WHS20 pakub lihtsat viisi kodu sisekliima j\u00e4lgimiseks. Temperatuuri- ja niiskusandur m\u00f5\u00f5dab t\u00e4pselt ning kuvab tulemused selgelt loetaval LCD-ekraanil. Lisaks n\u00e4itab seade ka kellaaega, kuup\u00e4eva ja aku taset. Ekraani heledust saab vastavalt vajadusele reguleerida, et seade sobituks igasse ruumi.<\/p>\n<p><img decoding=\"async\" src=\"https:\/\/blankpage.ee\/_ruumist-ruumi\/wp-content\/uploads\/2025\/04\/4-196.webp\" alt=\"Nutikas \u00f5huniiskuse andur Avatto WHS20 laadimisalusel selge LCD-ekraaniga\" \/><\/p>\n<h3>Usaldusv\u00e4\u00e4rne temperatuuri- ja niiskuse m\u00f5\u00f5tmine<\/h3>\n<p>Avatto WHS20 m\u00f5\u00f5dab temperatuuri vahemikus 0\u00baC kuni 60\u00baC ja suhtelist \u00f5huniiskust 0%\u201399% RH t\u00e4psusega vastavalt \u00b11\u00baC ja \u00b15% RH. Kasutaja saab valida n\u00e4itude kuvamist kas Celsiuse v\u00f5i Fahrenheiti kraadides, tagades selge ja t\u00e4pse \u00fclevaate sisekliimast.<\/p>\n<p><img decoding=\"async\" src=\"https:\/\/blankpage.ee\/_ruumist-ruumi\/wp-content\/uploads\/2025\/04\/2-230.webp\" alt=\"Avatto WHS20 temperatuuri ja \u00f5huniiskuse m\u00f5\u00f5tmise ekraan\" \/><\/p>\n<h3>K\u00f5ik andmed nutirakenduses<\/h3>\n<p>Andur \u00fchildub Smart Life ja Tuya Smart rakendustega, v\u00f5imaldades temperatuuri ning niiskuse j\u00e4lgimist ja automatiseerimisi ka siis, kui oled kodust eemal. Rakenduste kaudu saab seadistada automaatseid tegevusi, n\u00e4iteks l\u00fclitada t\u00f6\u00f6le konditsioneer, \u00f5huniisuti v\u00f5i \u00f5hupuhastaja vastavalt m\u00f5\u00f5detud v\u00e4\u00e4rtustele. See teeb Avatto WHS20 andurist nutika lahenduse iga kodu jaoks.<\/p>\n<p><img decoding=\"async\" src=\"https:\/\/blankpage.ee\/_ruumist-ruumi\/wp-content\/uploads\/2025\/04\/3-211.webp\" alt=\"\u00d5huniiskuse ja temperatuuri m\u00f5\u00f5tmise mobiilirakenduse vaade\" \/><\/p>\n<h3>Lihtne juhtimine ja jagatav ligip\u00e4\u00e4s<\/h3>\n<p>Seade \u00fchildub Amazon Alexa ja Google Home h\u00e4\u00e4lassistentidega, v\u00f5imaldades seadme juhtimist h\u00e4\u00e4lk\u00e4sklustega. Lisaks saab \u00f5huniiskuse anduri ligip\u00e4\u00e4su jagada pereliikmetega, kellel on samuti v\u00f5imalus j\u00e4lgida kodu sisekliimat otse oma nutiseadmest.<\/p>\n<h3>Mugav igap\u00e4evakasutus<\/h3>\n<p>Avatto WHS20 nutika temperatuuri- ja niiskusanduri lisafunktsioonid nagu \u00e4ratuskell, stopper ja taimer muudavad selle praktiliseks abimeheks ka igap\u00e4evaelus. Seade t\u00f6\u00f6tab laadimisaluse ja USB-toitekaabliga ning kasutada saab ka kolme AA patareid, mis tagab paindlikkuse paigaldusel.<\/p>\n<p><img decoding=\"async\" src=\"https:\/\/blankpage.ee\/_ruumist-ruumi\/wp-content\/uploads\/2025\/04\/9-71.webp\" alt=\"Avatto WHS20 anduri multifunktsionaalne LCD-ekraan\" \/><\/p>\n<h3>Tehnilised andmed<\/h3>\n<div class=\"table-wrapper\">\n<table>\n<tbody>\n<tr>\n<th>Tootja<\/th>\n<td>Avatto<\/td>\n<\/tr>\n<tr>\n<th>Mudel<\/th>\n<td>WHS20<\/td>\n<\/tr>\n<tr>\n<th>Rakenduse tugi<\/th>\n<td>Smart Life, Tuya Smart<\/td>\n<\/tr>\n<tr>\n<th>H\u00e4\u00e4ljuhtimine<\/th>\n<td>Amazon Alexa, Google Home<\/td>\n<\/tr>\n<tr>\n<th>Temperatuuri m\u00f5\u00f5tepiirkond<\/th>\n<td>0\u00baC\u201360\u00baC<\/td>\n<\/tr>\n<tr>\n<th>\u00d5huniiskuse m\u00f5\u00f5tepiirkond<\/th>\n<td>0%\u201399% RH<\/td>\n<\/tr>\n<tr>\n<th>Temperatuuri t\u00e4psus<\/th>\n<td>\u00b11\u00baC<\/td>\n<\/tr>\n<tr>\n<th>\u00d5huniiskuse t\u00e4psus<\/th>\n<td>\u00b15% RH<\/td>\n<\/tr>\n<tr>\n<th>Juhtmevaba \u00fchendus<\/th>\n<td>Wi-Fi 2.4 GHz (IEEE 802.11 b\/g\/n)<\/td>\n<\/tr>\n<tr>\n<th>M\u00f5\u00f5tmed<\/th>\n<td>80 \u00d7 86 \u00d7 105 mm<\/td>\n<\/tr>\n<tr>\n<th>Kaal<\/th>\n<td>130 g<\/td>\n<\/tr>\n<tr>\n<th>Toiteallikas<\/th>\n<td>5V\/1A v\u00f5i 3 \u00d7 AA patareid<\/td>\n<\/tr>\n<\/tbody>\n<\/table>\n<\/div>\n<h3>Komplekti kuulub<\/h3>\n<ul>\n<li>Nutikas temperatuuri- ja \u00f5huniiskuse andur<\/li>\n<li>Laadimisalus<\/li>\n<li>USB-toitekaabel<\/li>\n<li>Kasutusjuhend<\/li>\n<\/ul>\n<p>Kui vajad usaldusv\u00e4\u00e4rset ja mugavat seadet sisekliima j\u00e4lgimiseks ja juhtimiseks, siis nutikas \u00f5huniiskuse andur Avatto WHS20 vastab k\u00f5ikidele ootustele.<\/p>\n","protected":false},"excerpt":{"rendered":"<p>Nutikas \u00f5huniiskuse andur Avatto WHS20 (Wi-Fi, LCD, Tuya) Nutikas \u00f5huniiskuse andur Avatto WHS20 pakub lihtsat viisi kodu sisekliima j\u00e4lgimiseks. Temperatuuri- ja niiskusandur m\u00f5\u00f5dab t\u00e4pselt ning kuvab tulemused selgelt loetaval LCD-ekraanil. Lisaks n\u00e4itab seade ka kellaaega, kuup\u00e4eva ja aku taset. Ekraani heledust saab vastavalt vajadusele reguleerida, et seade sobituks igasse ruumi. Usaldusv\u00e4\u00e4rne temperatuuri- ja niiskuse m\u00f5\u00f5tmine [&hellip;]<\/p>\n","protected":false},"featured_media":169937,"comment_status":"open","ping_status":"open","template":"","meta":[],"product_brand":[3063],"product_cat":[3042],"product_tag":[],"class_list":{"0":"post-169932","1":"product","2":"type-product","3":"status-publish","4":"has-post-thumbnail","6":"product_brand-avatto","7":"product_cat-andurid","8":"product_shipping_class-innpro","10":"first","11":"instock","12":"sale","13":"taxable","14":"shipping-taxable","15":"purchasable","16":"product-type-simple"},"_links":{"self":[{"href":"https:\/\/blankpage.ee\/_ruumist-ruumi\/wp-json\/wp\/v2\/product\/169932","targetHints":{"allow":["GET"]}}],"collection":[{"href":"https:\/\/blankpage.ee\/_ruumist-ruumi\/wp-json\/wp\/v2\/product"}],"about":[{"href":"https:\/\/blankpage.ee\/_ruumist-ruumi\/wp-json\/wp\/v2\/types\/product"}],"replies":[{"embeddable":true,"href":"https:\/\/blankpage.ee\/_ruumist-ruumi\/wp-json\/wp\/v2\/comments?post=169932"}],"wp:featuredmedia":[{"embeddable":true,"href":"https:\/\/blankpage.ee\/_ruumist-ruumi\/wp-json\/wp\/v2\/media\/169937"}],"wp:attachment":[{"href":"https:\/\/blankpage.ee\/_ruumist-ruumi\/wp-json\/wp\/v2\/media?parent=169932"}],"wp:term":[{"taxonomy":"product_brand","embeddable":true,"href":"https:\/\/blankpage.ee\/_ruumist-ruumi\/wp-json\/wp\/v2\/product_brand?post=169932"},{"taxonomy":"product_cat","embeddable":true,"href":"https:\/\/blankpage.ee\/_ruumist-ruumi\/wp-json\/wp\/v2\/product_cat?post=169932"},{"taxonomy":"product_tag","embeddable":true,"href":"https:\/\/blankpage.ee\/_ruumist-ruumi\/wp-json\/wp\/v2\/product_tag?post=169932"}],"curies":[{"name":"wp","href":"https:\/\/api.w.org\/{rel}","templated":true}]}}