{"id":169974,"date":"2025-04-18T17:23:30","date_gmt":"2025-04-18T17:23:30","guid":{"rendered":"https:\/\/ruumistruumi.ee\/pood\/nutikas-ruumitermostaat-avatto-zwt198-zigbee-tuya-wifi-haaljuhtimine-patareitoide\/"},"modified":"2025-08-21T08:19:37","modified_gmt":"2025-08-21T08:19:37","slug":"nutikas-ruumitermostaat-avatto-zwt198-zigbee-tuya-wifi-haaljuhtimine-patareitoide","status":"publish","type":"product","link":"https:\/\/blankpage.ee\/_ruumist-ruumi\/pood\/nutikas-ruumitermostaat-avatto-zwt198-zigbee-tuya-wifi-haaljuhtimine-patareitoide\/","title":{"rendered":"Nutikas ruumitermostaat Avatto ZWT198 ZigBee (Tuya, WiFi, h\u00e4\u00e4ljuhtimine, patareitoide)"},"content":{"rendered":"<h3>Nutikas ruumitermostaat Avatto ZWT198 ZigBee Tuya \u00fchilduvusega<\/h3>\n<p>Nutikas ruumitermostaat Avatto ZWT198 v\u00f5imaldab kodu temperatuuri lihtsalt ja mugavalt juhtida. Seade kasutab ZigBee \u00fchendust ning \u00fchildub Smart Life ja Tuya rakendustega, pakkudes mitmek\u00fclgseid kaugjuhtimise v\u00f5imalusi nii nutitelefoni kui ka h\u00e4\u00e4lassistentide kaudu.<\/p>\n<p><img decoding=\"async\" src=\"https:\/\/blankpage.ee\/_ruumist-ruumi\/wp-content\/uploads\/2025\/04\/3-214.webp\" alt=\"Nutikas ruumitermostaat Avatto ZWT198 musta ekraaniga l\u00e4hivaates\" \/><\/p>\n<h3>Paindlik ajaplaneerimine ja n\u00e4dalap\u00f5hised graafikud<\/h3>\n<p>T\u00e4nu erinevatele programmeeritavatele temperatuuriseadetele saab igale n\u00e4dalap\u00e4evale ja ajavahemikule seada just sulle sobiva sisekliima. T\u00f6\u00f6p\u00e4evadel v\u00f5imaldab ruumitermostaat m\u00e4\u00e4rata kuni 6 iseseisvat perioodi ning n\u00e4dalavahetusel kuni 2 \u2013 nii on n\u00e4iteks v\u00f5imalik hommikuti k\u00f5rgem ning muul ajal madalam temperatuur. See aitab energiat s\u00e4\u00e4sta ja loob m\u00f5nusa elukeskkonna.<\/p>\n<p><img decoding=\"async\" src=\"https:\/\/blankpage.ee\/_ruumist-ruumi\/wp-content\/uploads\/2025\/04\/2-234.webp\" alt=\"Avatto ZWT198 ruumitermostaadi n\u00e4dalagraafikute seadistamine digitaalsel ekraanil\" \/><\/p>\n<h3>Kaugjuhtimine ning h\u00e4\u00e4lassistendi tugi<\/h3>\n<p>Nutikas ruumitermostaat Avatto ZWT198 on juhitav otse kohapeal v\u00f5i kaugelt, kasutades Smart Life v\u00f5i Tuya mobiilirakendust. Toode \u00fchildub ka Amazon Alexa ja Google Home h\u00e4\u00e4lassistentidega, v\u00f5imaldades temperatuuri muuta h\u00e4\u00e4le abil. V\u00f5imalik on anda ligip\u00e4\u00e4s erinevatele pereliikmetele, et temperatuuri seadistamine oleks k\u00f5igile mugav.<\/p>\n<p><img decoding=\"async\" src=\"https:\/\/blankpage.ee\/_ruumist-ruumi\/wp-content\/uploads\/2025\/04\/5-177.webp\" alt=\"Nutikas ruumitermostaat Avatto ZWT198 kaugjuhtimine mobiilirakenduses\" \/><\/p>\n<h3>Turvalisus ja abifunktsioonid<\/h3>\n<p>Seadmel on mitmed praktilised funktsioonid: k\u00fclmumisvastane re\u017eiim kaitseb k\u00fcttes\u00fcsteemi v\u00f5imalike kahjustuste eest pikema pausiga perioodidel, samas kui lapse lukk hoiab \u00e4ra soovimatud muudatused seadetes.<\/p>\n<p><img decoding=\"async\" src=\"https:\/\/blankpage.ee\/_ruumist-ruumi\/wp-content\/uploads\/2025\/04\/1-224.webp\" alt=\"Avatto ZWT198 ruumitermostaadi turvalisuse ja lapsekaitse funktsioonid digiekraanil\" \/><\/p>\n<h3>Lihtne paigaldus ja t\u00e4pne m\u00f5\u00f5tmine<\/h3>\n<p>Nutikas ruumitermostaat Avatto ZWT198 on lihtsasti paigaldatav ja t\u00f6\u00f6tab kolmel AAA patareil \u2013 toitekaablit pole vaja. T\u00e4pne NTC temperatuuriandur ning kalibreerimise v\u00f5imalus tagavad usaldusv\u00e4\u00e4rse tulemi. Soovi korral saad temperatuuri reguleerida h\u00fcstereesi (0,5\u201210\u00b0C) ning t\u00e4psuse (\u00b11\u00b0C) piires.<\/p>\n<p><img decoding=\"async\" src=\"https:\/\/blankpage.ee\/_ruumist-ruumi\/wp-content\/uploads\/2025\/04\/6-162.webp\" alt=\"Avatto ZWT198 termostaadi paigaldus ja temperatuuri seadistamine seinal\" \/><\/p>\n<h3>Komplektis<\/h3>\n<ul>\n<li>Avatto ZWT198 ruumitermostaat<\/li>\n<li>Paigaldustarvikud<\/li>\n<li>Kasutusjuhend<\/li>\n<\/ul>\n<div class=\"table-wrapper\">\n<table>\n<tbody>\n<tr>\n<th>Tootja<\/th>\n<td>Avatto<\/td>\n<\/tr>\n<tr>\n<th>Mudel<\/th>\n<td>ZWT198<\/td>\n<\/tr>\n<tr>\n<th>\u00dchilduvus rakendustega<\/th>\n<td>Smart Life \/ Tuya<\/td>\n<\/tr>\n<tr>\n<th>H\u00e4\u00e4ljuhtimine<\/th>\n<td>Amazon Alexa, Google Home<\/td>\n<\/tr>\n<tr>\n<th>Sideprotokoll<\/th>\n<td>ZigBee<\/td>\n<\/tr>\n<tr>\n<th>Temperatuuriandur<\/th>\n<td>NTC<\/td>\n<\/tr>\n<tr>\n<th>M\u00f5\u00f5tet\u00e4psus<\/th>\n<td>\u00b11\u00b0C<\/td>\n<\/tr>\n<tr>\n<th>Temperatuurih\u00fcsteresis<\/th>\n<td>0,5\u201310\u00b0C<\/td>\n<\/tr>\n<tr>\n<th>Kalibreerimise samm<\/th>\n<td>0,1\u00b0C<\/td>\n<\/tr>\n<tr>\n<th>Minimaalne seatav temperatuur<\/th>\n<td>0,5\u00b0C<\/td>\n<\/tr>\n<tr>\n<th>Temperatuuri vahemik<\/th>\n<td>15\u201395\u00b0C<\/td>\n<\/tr>\n<tr>\n<th>Tarbimine<\/th>\n<td>&lt;170 uW<\/td>\n<\/tr>\n<tr>\n<th>Toide<\/th>\n<td>3 x AAA patarei<\/td>\n<\/tr>\n<tr>\n<th>Lubatud koormusvool<\/th>\n<td>3A (negatiivne)<\/td>\n<\/tr>\n<tr>\n<th>Kaitseklass<\/th>\n<td>IP20<\/td>\n<\/tr>\n<\/tbody>\n<\/table>\n<\/div>\n","protected":false},"excerpt":{"rendered":"<p>Nutikas ruumitermostaat Avatto ZWT198 ZigBee Tuya \u00fchilduvusega Nutikas ruumitermostaat Avatto ZWT198 v\u00f5imaldab kodu temperatuuri lihtsalt ja mugavalt juhtida. Seade kasutab ZigBee \u00fchendust ning \u00fchildub Smart Life ja Tuya rakendustega, pakkudes mitmek\u00fclgseid kaugjuhtimise v\u00f5imalusi nii nutitelefoni kui ka h\u00e4\u00e4lassistentide kaudu. Paindlik ajaplaneerimine ja n\u00e4dalap\u00f5hised graafikud T\u00e4nu erinevatele programmeeritavatele temperatuuriseadetele saab igale n\u00e4dalap\u00e4evale ja ajavahemikule seada just [&hellip;]<\/p>\n","protected":false},"featured_media":169980,"comment_status":"open","ping_status":"open","template":"","meta":[],"product_brand":[3063],"product_cat":[3061],"product_tag":[],"class_list":{"0":"post-169974","1":"product","2":"type-product","3":"status-publish","4":"has-post-thumbnail","6":"product_brand-avatto","7":"product_cat-termostaatid","8":"product_shipping_class-innpro","10":"first","11":"outofstock","12":"sale","13":"taxable","14":"shipping-taxable","15":"purchasable","16":"product-type-simple"},"_links":{"self":[{"href":"https:\/\/blankpage.ee\/_ruumist-ruumi\/wp-json\/wp\/v2\/product\/169974","targetHints":{"allow":["GET"]}}],"collection":[{"href":"https:\/\/blankpage.ee\/_ruumist-ruumi\/wp-json\/wp\/v2\/product"}],"about":[{"href":"https:\/\/blankpage.ee\/_ruumist-ruumi\/wp-json\/wp\/v2\/types\/product"}],"replies":[{"embeddable":true,"href":"https:\/\/blankpage.ee\/_ruumist-ruumi\/wp-json\/wp\/v2\/comments?post=169974"}],"wp:featuredmedia":[{"embeddable":true,"href":"https:\/\/blankpage.ee\/_ruumist-ruumi\/wp-json\/wp\/v2\/media\/169980"}],"wp:attachment":[{"href":"https:\/\/blankpage.ee\/_ruumist-ruumi\/wp-json\/wp\/v2\/media?parent=169974"}],"wp:term":[{"taxonomy":"product_brand","embeddable":true,"href":"https:\/\/blankpage.ee\/_ruumist-ruumi\/wp-json\/wp\/v2\/product_brand?post=169974"},{"taxonomy":"product_cat","embeddable":true,"href":"https:\/\/blankpage.ee\/_ruumist-ruumi\/wp-json\/wp\/v2\/product_cat?post=169974"},{"taxonomy":"product_tag","embeddable":true,"href":"https:\/\/blankpage.ee\/_ruumist-ruumi\/wp-json\/wp\/v2\/product_tag?post=169974"}],"curies":[{"name":"wp","href":"https:\/\/api.w.org\/{rel}","templated":true}]}}