{"id":169983,"date":"2025-04-18T17:23:30","date_gmt":"2025-04-18T17:23:30","guid":{"rendered":"https:\/\/ruumistruumi.ee\/pood\/nutikas-kuttekontroller-avatto-wt410-16a-w-elektrilisele-kuttele-16a-wifi-ga\/"},"modified":"2025-08-21T08:19:37","modified_gmt":"2025-08-21T08:19:37","slug":"nutikas-kuttekontroller-avatto-wt410-16a-w-elektrilisele-kuttele-16a-wifi-ga","status":"publish","type":"product","link":"https:\/\/blankpage.ee\/_ruumist-ruumi\/pood\/nutikas-kuttekontroller-avatto-wt410-16a-w-elektrilisele-kuttele-16a-wifi-ga\/","title":{"rendered":"Nutikas k\u00fcttekontroller Avatto WT410-16A-W elektrilisele k\u00fcttele, 16A WiFi-ga"},"content":{"rendered":"<h3>Nutikas k\u00fcttekontroller Avatto WT410-16A-W elektrilisele k\u00fcttele, 16A WiFi-ga<\/h3>\n<p>Nutikas k\u00fcttekontroller Avatto WT410-16A-W v\u00f5imaldab t\u00f5husalt ja mugavalt juhtida elektrilist k\u00fcttes\u00fcsteemi. Seade talub kuni 16A koormust ning tagab t\u00e4ieliku juhtimise l\u00e4bi nutitelefoni ning WiFi-\u00fchenduse. Mugav nutika k\u00fcttekontrolleri kasutamine on v\u00f5imalik ka Amazon Alexa, Google Home&#8217;i ja Yandex Alice h\u00e4\u00e4ljuhtimise abil ning seda saab sobitada ka muude nutikodu s\u00fcsteemidega.<\/p>\n<p><img decoding=\"async\" src=\"https:\/\/blankpage.ee\/_ruumist-ruumi\/wp-content\/uploads\/2025\/04\/4-199.webp\" alt=\"Nutikas k\u00fcttekontroller Avatto WT410-16A-W, valge korpus, esivaade\"><\/p>\n<h3>Paindlik ajastamine ja kaugjuhtimine<\/h3>\n<p>K\u00fcttekontrolleri abil saad m\u00e4\u00e4rata n\u00e4dala t\u00f6\u00f6graafiku: t\u00f6\u00f6p\u00e4evadel kuni kuus ning n\u00e4dalavahetustel kaks ajavahemikku. V\u00f5imalik on reguleerida HD-LED-ekraani taustvalgust, et nutikas k\u00fcttekontroller oleks h\u00f5lpsasti kasutatav ka \u00f6\u00f6siti.<\/p>\n<p><img decoding=\"async\" src=\"https:\/\/blankpage.ee\/_ruumist-ruumi\/wp-content\/uploads\/2025\/04\/6-163.webp\" alt=\"LED-ekraaniga nutikas k\u00fcttekontroller, valgustatud ekraan \u00f6isel kasutusel\"><\/p>\n<h3>T\u00e4pne temperatuuri reguleerimine ja energias\u00e4\u00e4st<\/h3>\n<p>Nutikas k\u00fcttekontroller v\u00f5imaldab valida temperatuuri sammuga 0,5\u00b0C ning kuvab ruumitemperatuuri 0,1\u00b0C t\u00e4psusega. H\u00fcstereesi seadevahemik (0,5\u00b0C \u2013 10\u00b0C) aitab optimeerida energiatarbimist ning tagada soovitud soojusmugavuse.<\/p>\n<p><img decoding=\"async\" src=\"https:\/\/blankpage.ee\/_ruumist-ruumi\/wp-content\/uploads\/2025\/04\/2-235.webp\" alt=\"Temperatuuri t\u00e4pne seadistamine Avatto nutika k\u00fcttekontrolleriga\"><\/p>\n<h3>Mitmek\u00fclgsed juhtimisre\u017eiimid sinu vajadustele<\/h3>\n<p>Kasutajal on valida nelja t\u00f6\u00f6re\u017eiimi vahel: k\u00e4sitsi, programmi, ajutise programmeerimise ja puhkuse re\u017eiim. See v\u00f5imaldab kiiresti kohandada k\u00fctmise vastavalt vajadusele, tagades mugavuse k\u00f5igis olukordades.<\/p>\n<p><img decoding=\"async\" src=\"https:\/\/blankpage.ee\/_ruumist-ruumi\/wp-content\/uploads\/2025\/04\/3-215.webp\" alt=\"K\u00fcttekontrolleri t\u00f6\u00f6re\u017eiimide valik puutetundlikul ekraanil\"><\/p>\n<h3>Kaugjuhtimise tugi ja nutikodu lahendused<\/h3>\n<p>Nutikas k\u00fcttekontroller \u00fchildub Smart Life ja Tuya Smart rakendustega \u2013 saad juhtida seadmeid distantsilt ning jagada neid teiste pereliikmetega. Lapse lukk hoiab \u00e4ra soovimatud muudatused, samas kui juhtpaneeli saab kasutada ka seadme juures.<\/p>\n<p><img decoding=\"async\" src=\"https:\/\/blankpage.ee\/_ruumist-ruumi\/wp-content\/uploads\/2025\/04\/1-225.webp\" alt=\"K\u00fcttekontrolleri kaugjuhtimine nutitelefoni abil\"><\/p>\n<h3>Nutikodu integreerimine ja grupijuhtimine<\/h3>\n<p>Avatto nutika k\u00fcttekontrolleri saab siduda teiste koduautomaatika seadmetega ning luua automaatseid stseene eri olukordade jaoks \u2013 n\u00e4iteks ruumip\u00f5hine grupijuhtimine v\u00f5i stseenid vastavalt elur\u00fctmile.<\/p>\n<p><img decoding=\"async\" src=\"https:\/\/blankpage.ee\/_ruumist-ruumi\/wp-content\/uploads\/2025\/04\/8-79.webp\" alt=\"Nutikas k\u00fcttekontroller t\u00f6\u00f6tab r\u00fchmades mitmes ruumis\"><\/p>\n<h3>Komplekti kuulub:<\/h3>\n<ul>\n<li>Avatto WT410-16A-W nutikas k\u00fcttekontroller<\/li>\n<li>Kruvid (2 tk)<\/li>\n<li>V\u00e4line temperatuuriandur (3 m)<\/li>\n<li>Kasutusjuhend<\/li>\n<\/ul>\n<div class=\"table-wrapper\">\n<table>\n<tbody>\n<tr>\n<th>Tootja<\/th>\n<td>Avatto<\/td>\n<\/tr>\n<tr>\n<th>Mudel<\/th>\n<td>WT410-16A-W<\/td>\n<\/tr>\n<tr>\n<th>Rakendus<\/th>\n<td>Smart Life \/ Tuya Smart<\/td>\n<\/tr>\n<tr>\n<th>H\u00e4\u00e4ljuhtimine<\/th>\n<td>Amazon Alexa, Google Home, Yandex Alice<\/td>\n<\/tr>\n<tr>\n<th>Termoandur<\/th>\n<td>NTC<\/td>\n<\/tr>\n<tr>\n<th>M\u00f5\u00f5tmist\u00e4psus<\/th>\n<td>\u00b11\u00b0C<\/td>\n<\/tr>\n<tr>\n<th>Kuva<\/th>\n<td>LED<\/td>\n<\/tr>\n<tr>\n<th>T\u00f6\u00f6tamistemperatuur<\/th>\n<td>-5\u00b0C kuni 50\u00b0C<\/td>\n<\/tr>\n<tr>\n<th>Omaenergiatarve<\/th>\n<td>&lt;1W<\/td>\n<\/tr>\n<tr>\n<th>Seadistusvahemik<\/th>\n<td>15\u00b0C kuni 95\u00b0C<\/td>\n<\/tr>\n<tr>\n<th>Seadistuse t\u00e4psus<\/th>\n<td>0,5\u00b0C<\/td>\n<\/tr>\n<tr>\n<th>Kalibreerimisvahemik<\/th>\n<td>-9,9\u00b0C kuni 9,9\u00b0C<\/td>\n<\/tr>\n<tr>\n<th>Temperatuurin\u00e4idu t\u00e4psus<\/th>\n<td>0,1\u00b0C<\/td>\n<\/tr>\n<tr>\n<th>H\u00fcstereesi vahemik<\/th>\n<td>0,5\u00b0C kuni 10\u00b0C<\/td>\n<\/tr>\n<tr>\n<th>Koormusvool<\/th>\n<td>16 A<\/td>\n<\/tr>\n<tr>\n<th>Pinge<\/th>\n<td>AC 100-240V 50\/60Hz<\/td>\n<\/tr>\n<tr>\n<th>M\u00f5\u00f5dud<\/th>\n<td>86 \u00d7 86 \u00d7 14 mm (eesosa) + 26 mm (tagumine osa)<\/td>\n<\/tr>\n<tr>\n<th>V\u00e4rvus<\/th>\n<td>valge<\/td>\n<\/tr>\n<\/tbody>\n<\/table>\n<\/div>\n","protected":false},"excerpt":{"rendered":"<p>Nutikas k\u00fcttekontroller Avatto WT410-16A-W elektrilisele k\u00fcttele, 16A WiFi-ga Nutikas k\u00fcttekontroller Avatto WT410-16A-W v\u00f5imaldab t\u00f5husalt ja mugavalt juhtida elektrilist k\u00fcttes\u00fcsteemi. Seade talub kuni 16A koormust ning tagab t\u00e4ieliku juhtimise l\u00e4bi nutitelefoni ning WiFi-\u00fchenduse. Mugav nutika k\u00fcttekontrolleri kasutamine on v\u00f5imalik ka Amazon Alexa, Google Home&#8217;i ja Yandex Alice h\u00e4\u00e4ljuhtimise abil ning seda saab sobitada ka muude nutikodu [&hellip;]<\/p>\n","protected":false},"featured_media":169990,"comment_status":"open","ping_status":"open","template":"","meta":[],"product_brand":[3063],"product_cat":[3061],"product_tag":[],"class_list":{"0":"post-169983","1":"product","2":"type-product","3":"status-publish","4":"has-post-thumbnail","6":"product_brand-avatto","7":"product_cat-termostaatid","8":"product_shipping_class-innpro","10":"first","11":"instock","12":"sale","13":"taxable","14":"shipping-taxable","15":"purchasable","16":"product-type-simple"},"_links":{"self":[{"href":"https:\/\/blankpage.ee\/_ruumist-ruumi\/wp-json\/wp\/v2\/product\/169983","targetHints":{"allow":["GET"]}}],"collection":[{"href":"https:\/\/blankpage.ee\/_ruumist-ruumi\/wp-json\/wp\/v2\/product"}],"about":[{"href":"https:\/\/blankpage.ee\/_ruumist-ruumi\/wp-json\/wp\/v2\/types\/product"}],"replies":[{"embeddable":true,"href":"https:\/\/blankpage.ee\/_ruumist-ruumi\/wp-json\/wp\/v2\/comments?post=169983"}],"wp:featuredmedia":[{"embeddable":true,"href":"https:\/\/blankpage.ee\/_ruumist-ruumi\/wp-json\/wp\/v2\/media\/169990"}],"wp:attachment":[{"href":"https:\/\/blankpage.ee\/_ruumist-ruumi\/wp-json\/wp\/v2\/media?parent=169983"}],"wp:term":[{"taxonomy":"product_brand","embeddable":true,"href":"https:\/\/blankpage.ee\/_ruumist-ruumi\/wp-json\/wp\/v2\/product_brand?post=169983"},{"taxonomy":"product_cat","embeddable":true,"href":"https:\/\/blankpage.ee\/_ruumist-ruumi\/wp-json\/wp\/v2\/product_cat?post=169983"},{"taxonomy":"product_tag","embeddable":true,"href":"https:\/\/blankpage.ee\/_ruumist-ruumi\/wp-json\/wp\/v2\/product_tag?post=169983"}],"curies":[{"name":"wp","href":"https:\/\/api.w.org\/{rel}","templated":true}]}}