{"id":170001,"date":"2025-04-18T17:23:30","date_gmt":"2025-04-18T17:23:30","guid":{"rendered":"https:\/\/ruumistruumi.ee\/pood\/nutikas-katla-termostaat-avatto-wt410-bh-3a-b-gaasikatlale-3a-must-wifi\/"},"modified":"2025-08-21T08:19:37","modified_gmt":"2025-08-21T08:19:37","slug":"nutikas-katla-termostaat-avatto-wt410-bh-3a-b-gaasikatlale-3a-must-wifi","status":"publish","type":"product","link":"https:\/\/blankpage.ee\/_ruumist-ruumi\/pood\/nutikas-katla-termostaat-avatto-wt410-bh-3a-b-gaasikatlale-3a-must-wifi\/","title":{"rendered":"Nutikas katla termostaat Avatto WT410-BH-3A-B gaasikatlale (3A, must, WiFi)"},"content":{"rendered":"<h3>Nutikas katla termostaat Avatto WT410-BH-3A-B gaasikatlale (3A, WiFi)<\/h3>\n<p>Nutikas katla termostaat Avatto WT410-BH-3A-B on kaasaegne WiFi-\u00fchendusega seade, mis v\u00f5imaldab gaasikatla juhtimist kuni 3A koormusega. Termostaati saab kasutada kas puutetundliku LED-ekraani v\u00f5i mugavate nutirakenduste (Smart Life ja Tuya Smart) kaudu \u2013 k\u00f5ikjal, kus viibid. Lisaks saad seadet hallata h\u00e4\u00e4leassistentidega, nagu Amazon Alexa, Google Home v\u00f5i Yandex Alice.<\/p>\n<p><img decoding=\"async\" src=\"https:\/\/blankpage.ee\/_ruumist-ruumi\/wp-content\/uploads\/2025\/04\/4-201.webp\" alt=\"Nutikas katla termostaat LED-puutetundliku ekraaniga seinal, Avatto WT410-BH-3A-B must\"><\/p>\n<h3>Paindlikud ajastused igaks p\u00e4evaks<\/h3>\n<p>Termostaat v\u00f5imaldab n\u00e4dalap\u00f5hist ajastust: saad programmeerida argip\u00e4evadeks kuni kuus ja n\u00e4dalavahetuseks kaks erinevat temperatuuriperioodi. See teeb nutika katla termostaadi eriti mugavaks perele, kelle elu n\u00f5uab erisugust p\u00e4evaplaani. Samuti v\u00f5id reguleerida LED-ekraani eredust ning soovi korral kuvamise t\u00e4ielikult \u00f6\u00f6seks v\u00e4lja l\u00fclitada, v\u00e4ltimaks h\u00e4irivat valgust.<\/p>\n<p><img decoding=\"async\" src=\"https:\/\/blankpage.ee\/_ruumist-ruumi\/wp-content\/uploads\/2025\/04\/6-165.webp\" alt=\"Nutirakenduse kasutamine ja kolme t\u00f6\u00f6re\u017eiimi seadistamine termostaadil\"><\/p>\n<h3>T\u00e4pne temperatuuri juhtimine ja energias\u00e4\u00e4st<\/h3>\n<p>Nutikas katla termostaat v\u00f5imaldab reguleerida temperatuuri 0,5\u00b0C t\u00e4psusega, toatemperatuuri n\u00e4it on koguni 0,1\u00b0C t\u00e4psusega. H\u00fcstereesi seadistus 0,5\u201310\u00b0C ulatuses aitab hoida stabiilset siseruumi temperatuuri ja s\u00e4\u00e4sta energiat.<\/p>\n<p><img decoding=\"async\" src=\"https:\/\/blankpage.ee\/_ruumist-ruumi\/wp-content\/uploads\/2025\/04\/2-237.webp\" alt=\"LED-ekraaniga nutitermostaat soojusregulatsiooni juhtimiseks, Avatto must\"><\/p>\n<h3>Mitmek\u00fclgsed t\u00f6\u00f6re\u017eiimid igaks olukorraks<\/h3>\n<p>Valida saab nelja re\u017eiimi vahel: k\u00e4sitsi, ajastatud, ajutine ja &#8220;puhkus&#8221;. See annab vajaliku paindlikkuse vastavalt sinu v\u00f5i pere vajadustele ning muudab nutika katla termostaadi igap\u00e4evak\u00e4sitluses \u00e4\u00e4rmiselt mugavaks.<\/p>\n<p><img decoding=\"async\" src=\"https:\/\/blankpage.ee\/_ruumist-ruumi\/wp-content\/uploads\/2025\/04\/3-217.webp\" alt=\"Termostaadi mitmed t\u00f6\u00f6re\u017eiimid LED-ekraanil, kasulik katlajuhtimiseks\"><\/p>\n<h3>Kaugjuhtimine ja nutikas kodu tugi<\/h3>\n<p>Saad termostaadi jagada pereliikmetega, et k\u00f5igil oleks juurdep\u00e4\u00e4s seadistustele. Laste turvalisust suurendab lapselukk, mis v\u00e4listab soovimatud muudatused. Erinevate ruumide iseseisvaks temperatuuri juhtimiseks saab kasutada seadmete grupijuhtimist.<\/p>\n<p><img decoding=\"async\" src=\"https:\/\/blankpage.ee\/_ruumist-ruumi\/wp-content\/uploads\/2025\/04\/5-179.webp\" alt=\"Nutikas katla termostaat digitaalse juhtimisega nutirakenduses\"><br \/>\n<img decoding=\"async\" src=\"https:\/\/blankpage.ee\/_ruumist-ruumi\/wp-content\/uploads\/2025\/04\/8-81.webp\" alt=\"Nutitermostaat perele jagatud kasutamiseks ja grupijuhtimiseks mobiilirakenduse kaudu\"><\/p>\n<h3>Tehnilised andmed<\/h3>\n<div class=\"table-wrapper\">\n<table>\n<tbody>\n<tr>\n<th>Tootja<\/th>\n<td>Avatto<\/td>\n<\/tr>\n<tr>\n<th>Mudel<\/th>\n<td>WT410-BH-3A-B<\/td>\n<\/tr>\n<tr>\n<th>Rakendus<\/th>\n<td>Smart Life, Tuya Smart<\/td>\n<\/tr>\n<tr>\n<th>H\u00e4\u00e4lejuhtimine<\/th>\n<td>Amazon Alexa, Google Home, Yandex Alice<\/td>\n<\/tr>\n<tr>\n<th>Temperatuuriandur<\/th>\n<td>NTC<\/td>\n<\/tr>\n<tr>\n<th>M\u00f5\u00f5tet\u00e4psus<\/th>\n<td>\u00b11\u00b0C<\/td>\n<\/tr>\n<tr>\n<th>Ekraan<\/th>\n<td>LED<\/td>\n<\/tr>\n<tr>\n<th>T\u00f6\u00f6temperatuur<\/th>\n<td>-5\u00b0C kuni 50\u00b0C<\/td>\n<\/tr>\n<tr>\n<th>Oma tarbimine<\/th>\n<td>&lt;1W<\/td>\n<\/tr>\n<tr>\n<th>Temperatuurivahemik<\/th>\n<td>15\u00b0C kuni 95\u00b0C<\/td>\n<\/tr>\n<tr>\n<th>Seadistust\u00e4psus<\/th>\n<td>0,5\u00b0C<\/td>\n<\/tr>\n<tr>\n<th>Kalibreerimisvahemik<\/th>\n<td>-9,9\u00b0C kuni 9,9\u00b0C<\/td>\n<\/tr>\n<tr>\n<th>Toatm\u00f5\u00f5tmise t\u00e4psus<\/th>\n<td>0,1\u00b0C<\/td>\n<\/tr>\n<tr>\n<th>H\u00fcstereesi ulatus<\/th>\n<td>0,5\u00b0C kuni 10\u00b0C<\/td>\n<\/tr>\n<tr>\n<th>Koormusvool<\/th>\n<td>3A<\/td>\n<\/tr>\n<tr>\n<th>Pinge<\/th>\n<td>AC 100\u2013240V 50\/60Hz<\/td>\n<\/tr>\n<tr>\n<th>M\u00f5\u00f5dud<\/th>\n<td>86 \u00d7 86 \u00d7 14 mm (esiosa) + 26 mm (tagumine osa)<\/td>\n<\/tr>\n<tr>\n<th>V\u00e4rvus<\/th>\n<td>must<\/td>\n<\/tr>\n<\/tbody>\n<\/table>\n<\/div>\n<h3>Komplekti kuulub<\/h3>\n<ul>\n<li>Avatto WT410-BH-3A-B nutitermostaat<\/li>\n<li>2 kruvi<\/li>\n<li>Kasutusjuhend<\/li>\n<\/ul>\n","protected":false},"excerpt":{"rendered":"<p>Nutikas katla termostaat Avatto WT410-BH-3A-B gaasikatlale (3A, WiFi) Nutikas katla termostaat Avatto WT410-BH-3A-B on kaasaegne WiFi-\u00fchendusega seade, mis v\u00f5imaldab gaasikatla juhtimist kuni 3A koormusega. Termostaati saab kasutada kas puutetundliku LED-ekraani v\u00f5i mugavate nutirakenduste (Smart Life ja Tuya Smart) kaudu \u2013 k\u00f5ikjal, kus viibid. Lisaks saad seadet hallata h\u00e4\u00e4leassistentidega, nagu Amazon Alexa, Google Home v\u00f5i Yandex [&hellip;]<\/p>\n","protected":false},"featured_media":170008,"comment_status":"open","ping_status":"open","template":"","meta":[],"product_brand":[3063],"product_cat":[3061],"product_tag":[],"class_list":{"0":"post-170001","1":"product","2":"type-product","3":"status-publish","4":"has-post-thumbnail","6":"product_brand-avatto","7":"product_cat-termostaatid","8":"product_shipping_class-innpro","10":"first","11":"instock","12":"sale","13":"taxable","14":"shipping-taxable","15":"purchasable","16":"product-type-simple"},"_links":{"self":[{"href":"https:\/\/blankpage.ee\/_ruumist-ruumi\/wp-json\/wp\/v2\/product\/170001","targetHints":{"allow":["GET"]}}],"collection":[{"href":"https:\/\/blankpage.ee\/_ruumist-ruumi\/wp-json\/wp\/v2\/product"}],"about":[{"href":"https:\/\/blankpage.ee\/_ruumist-ruumi\/wp-json\/wp\/v2\/types\/product"}],"replies":[{"embeddable":true,"href":"https:\/\/blankpage.ee\/_ruumist-ruumi\/wp-json\/wp\/v2\/comments?post=170001"}],"wp:featuredmedia":[{"embeddable":true,"href":"https:\/\/blankpage.ee\/_ruumist-ruumi\/wp-json\/wp\/v2\/media\/170008"}],"wp:attachment":[{"href":"https:\/\/blankpage.ee\/_ruumist-ruumi\/wp-json\/wp\/v2\/media?parent=170001"}],"wp:term":[{"taxonomy":"product_brand","embeddable":true,"href":"https:\/\/blankpage.ee\/_ruumist-ruumi\/wp-json\/wp\/v2\/product_brand?post=170001"},{"taxonomy":"product_cat","embeddable":true,"href":"https:\/\/blankpage.ee\/_ruumist-ruumi\/wp-json\/wp\/v2\/product_cat?post=170001"},{"taxonomy":"product_tag","embeddable":true,"href":"https:\/\/blankpage.ee\/_ruumist-ruumi\/wp-json\/wp\/v2\/product_tag?post=170001"}],"curies":[{"name":"wp","href":"https:\/\/api.w.org\/{rel}","templated":true}]}}