{"id":170059,"date":"2025-04-18T17:28:12","date_gmt":"2025-04-18T17:28:12","guid":{"rendered":"https:\/\/ruumistruumi.ee\/pood\/nutipistikute-komplekt-gosund-sp111-3680w-16a-tuya-2-tk\/"},"modified":"2025-08-21T08:19:35","modified_gmt":"2025-08-21T08:19:35","slug":"nutipistikute-komplekt-gosund-sp111-3680w-16a-tuya-2-tk","status":"publish","type":"product","link":"https:\/\/blankpage.ee\/_ruumist-ruumi\/pood\/nutipistikute-komplekt-gosund-sp111-3680w-16a-tuya-2-tk\/","title":{"rendered":"Nutipistikute komplekt Gosund SP111 (3680W, 16A, Tuya, 2 tk)"},"content":{"rendered":"<h3>Nutipistikute komplekt Gosund SP111 \u2013 lihtne juhtimine nutitelefonist<\/h3>\n<p>Gosund SP111 nutipistikute komplekt v\u00f5imaldab mugavalt juhtida kodumasinaid ja valgustust otse nutitelefonist \u2013 kasutades tasuta Smart Life v\u00f5i Tuya rakendusi, mis sobivad nii Androidi kui ka iOS seadmetele. P\u00e4rast seadmete \u00fchendamist kohaliku WiFi-v\u00f5rguga ning \u00e4pis registreerimist saad pistikuid juhtida k\u00f5ikjalt, kus on interneti\u00fchendus. Saad lisada mitu kasutajat, et kogu pere saaks seadmeid h\u00f5lpsasti kasutada. Nutipistik \u00fchildub ka IFTTT, Amazon Alexa ja Google Home nutikodu lahendustega.<\/p>\n<p><img decoding=\"async\" src=\"https:\/\/blankpage.ee\/_ruumist-ruumi\/wp-content\/uploads\/2025\/04\/4-205.webp\" border=\"0\" alt=\"nutipistikute komplekt pakendis koos kasutusjuhendiga\" \/><\/p>\n<h3>Laiad v\u00f5imalused ja nutikas kasutamine<\/h3>\n<p>\nSmart Life rakendus v\u00f5imaldab lisaks sisse- ja v\u00e4ljal\u00fclitamisele seadistada ajagraafikuid automaatseks juhtimiseks ning j\u00e4lgida \u00fchendatud seadmete hetke- ja ajaloolist energiatarbimist graafikute abil. T\u00e4nu isiklikele ajakavadele saab valgusteid v\u00f5i muid koduseadmeid kasutada nii turvalisuse suurendamiseks kui ka energiakulu optimeerimiseks \u2013 n\u00e4iteks luues mulje, nagu oleksid kodus ka siis, kui ise eemal viibid.<\/p>\n<p><img decoding=\"async\" src=\"https:\/\/blankpage.ee\/_ruumist-ruumi\/wp-content\/uploads\/2025\/04\/1-230.webp\" border=\"0\" alt=\"Gosund SP111 nutipistikud vooluv\u00f5rgus\" \/><\/p>\n<h3>Kompaktne ja turvaline disain<\/h3>\n<p>SP111 nutipistikud on valmistatud kvaliteetsetest tulekindlatest materjalidest ning t\u00e4nu ergonoomilisele kujule sobivad need erinevatesse pistikuribadesse ja seinakontaktidesse, v\u00f5imaldades kasutada korraga k\u00f5iki pesasid. Tehases lisatud turvakatted muudavad p\u00fcstikud eriti ohutuks lastega kodudes. Seade vastab ROHS ja CE sertifikaadi n\u00f5uetele.<\/p>\n<p><img decoding=\"async\" src=\"https:\/\/blankpage.ee\/_ruumist-ruumi\/wp-content\/uploads\/2025\/04\/3-224.webp\" border=\"0\" alt=\"Kaks WiFi nutipistikut l\u00e4hivaates\" \/><\/p>\n<h3>Komplekti sisu<\/h3>\n<ul>\n<li>2 \u00d7 SP111 nutipistik<\/li>\n<li>Kasutusjuhend<\/li>\n<\/ul>\n<table>\n<tbody>\n<tr>\n<th>Tootja<\/th>\n<td>Gosund<\/td>\n<\/tr>\n<tr>\n<th>Mudel<\/th>\n<td>SP111<\/td>\n<\/tr>\n<tr>\n<th>Pistik<\/th>\n<td>Euroopalik (EU)<\/td>\n<\/tr>\n<tr>\n<th>M\u00f5\u00f5dud<\/th>\n<td>7,9 \u00d7 4,8 \u00d7 4,6 cm<\/td>\n<\/tr>\n<tr>\n<th>Pinge<\/th>\n<td>230V<\/td>\n<\/tr>\n<tr>\n<th>Maksimaalne vool<\/th>\n<td>16A<\/td>\n<\/tr>\n<tr>\n<th>Maksimaalne v\u00f5imsus<\/th>\n<td>3680 W<\/td>\n<\/tr>\n<tr>\n<th>\u00dchenduvus<\/th>\n<td>WiFi (2,4 GHz)<\/td>\n<\/tr>\n<tr>\n<th>P\u00fcsivara<\/th>\n<td>ESP8266 (v\u00f5imalik paigaldada alternatiivne tarkvara: Tasmota, Supla)<\/td>\n<\/tr>\n<tr>\n<th>M\u00f5\u00f5tmist\u00e4psus<\/th>\n<td>0,1 kWh<\/td>\n<\/tr>\n<tr>\n<th>Rakendus<\/th>\n<td>TuyaSmart, Gosund<\/td>\n<\/tr>\n<tr>\n<th>\u00dchilduvus<\/th>\n<td>IFTTT, Amazon Alexa, Google Home<\/td>\n<\/tr>\n<tr>\n<th>Kaal<\/th>\n<td>18,1 g<\/td>\n<\/tr>\n<tr>\n<th>LED indikaator<\/th>\n<td>Jah<\/td>\n<\/tr>\n<tr>\n<th>Taimer<\/th>\n<td>Jah<\/td>\n<\/tr>\n<tr>\n<th>Energiatarbimise m\u00f5\u00f5tmine<\/th>\n<td>Jah<\/td>\n<\/tr>\n<\/tbody>\n<\/table>\n","protected":false},"excerpt":{"rendered":"<p>Nutipistikute komplekt Gosund SP111 \u2013 lihtne juhtimine nutitelefonist Gosund SP111 nutipistikute komplekt v\u00f5imaldab mugavalt juhtida kodumasinaid ja valgustust otse nutitelefonist \u2013 kasutades tasuta Smart Life v\u00f5i Tuya rakendusi, mis sobivad nii Androidi kui ka iOS seadmetele. P\u00e4rast seadmete \u00fchendamist kohaliku WiFi-v\u00f5rguga ning \u00e4pis registreerimist saad pistikuid juhtida k\u00f5ikjalt, kus on interneti\u00fchendus. Saad lisada mitu kasutajat, [&hellip;]<\/p>\n","protected":false},"featured_media":170063,"comment_status":"open","ping_status":"open","template":"","meta":[],"product_brand":[2940],"product_cat":[3036],"product_tag":[],"class_list":{"0":"post-170059","1":"product","2":"type-product","3":"status-publish","4":"has-post-thumbnail","6":"product_brand-gosund","7":"product_cat-toitepistikud","8":"product_shipping_class-innpro","10":"first","11":"instock","12":"sale","13":"taxable","14":"shipping-taxable","15":"purchasable","16":"product-type-simple"},"_links":{"self":[{"href":"https:\/\/blankpage.ee\/_ruumist-ruumi\/wp-json\/wp\/v2\/product\/170059","targetHints":{"allow":["GET"]}}],"collection":[{"href":"https:\/\/blankpage.ee\/_ruumist-ruumi\/wp-json\/wp\/v2\/product"}],"about":[{"href":"https:\/\/blankpage.ee\/_ruumist-ruumi\/wp-json\/wp\/v2\/types\/product"}],"replies":[{"embeddable":true,"href":"https:\/\/blankpage.ee\/_ruumist-ruumi\/wp-json\/wp\/v2\/comments?post=170059"}],"wp:featuredmedia":[{"embeddable":true,"href":"https:\/\/blankpage.ee\/_ruumist-ruumi\/wp-json\/wp\/v2\/media\/170063"}],"wp:attachment":[{"href":"https:\/\/blankpage.ee\/_ruumist-ruumi\/wp-json\/wp\/v2\/media?parent=170059"}],"wp:term":[{"taxonomy":"product_brand","embeddable":true,"href":"https:\/\/blankpage.ee\/_ruumist-ruumi\/wp-json\/wp\/v2\/product_brand?post=170059"},{"taxonomy":"product_cat","embeddable":true,"href":"https:\/\/blankpage.ee\/_ruumist-ruumi\/wp-json\/wp\/v2\/product_cat?post=170059"},{"taxonomy":"product_tag","embeddable":true,"href":"https:\/\/blankpage.ee\/_ruumist-ruumi\/wp-json\/wp\/v2\/product_tag?post=170059"}],"curies":[{"name":"wp","href":"https:\/\/api.w.org\/{rel}","templated":true}]}}