{"id":170161,"date":"2025-04-18T17:32:06","date_gmt":"2025-04-18T17:32:06","guid":{"rendered":"https:\/\/ruumistruumi.ee\/pood\/nutikas-wi-fi-alarmisireen-neo-nas-ab02w-100-db-tuya-temperatuuri-ja-niiskusanduriga\/"},"modified":"2025-08-21T08:19:35","modified_gmt":"2025-08-21T08:19:35","slug":"nutikas-wi-fi-alarmisireen-neo-nas-ab02w-100-db-tuya-temperatuuri-ja-niiskusanduriga","status":"publish","type":"product","link":"https:\/\/blankpage.ee\/_ruumist-ruumi\/pood\/nutikas-wi-fi-alarmisireen-neo-nas-ab02w-100-db-tuya-temperatuuri-ja-niiskusanduriga\/","title":{"rendered":"Nutikas Wi-Fi alarmisireen NEO NAS-AB02W (100 dB, Tuya, temperatuuri- ja niiskusanduriga)"},"content":{"rendered":"<h3>Nutikas alarmisireen NEO NAS-AB02W Wi-Fi \u00fchendusega (100 dB, Tuya, temperatuuri- ja niiskusanduriga)<\/h3>\n<p>Nutikas alarmisireen NEO NAS-AB02W pakub kindlustunnet ja mugavust igas kodus. Seade \u00fchildub 2,4 GHz Wi-Fi v\u00f5rguga ning t\u00f6\u00f6tab sujuvalt koos tuntud nutikodu platvormidega nagu Tuya Smart, Amazon Alexa ja Google Assistant. Sisseehitatud temperatuuri- ja niiskusandurid v\u00f5imaldavad j\u00e4lgida ruumi sisekliimat ning saadab rakenduse kaudu teavitusi asukohast s\u00f5ltumata.<\/p>\n<p><img decoding=\"async\" src=\"https:\/\/blankpage.ee\/_ruumist-ruumi\/wp-content\/uploads\/2025\/04\/3-228.webp\" alt=\"nutikas alarmisireen NEO NAS-AB02W esivaates\" \/><\/p>\n<h3>Lihtne paigaldus ja kasutajas\u00f5bralik juhtimine<\/h3>\n<p>Nutika alarmisireeni seadistamine on kiire ja lihtne: \u00fchenda seade Wi-Fi v\u00f5rku, laadi alla rakendus ja lisa oma kontosse. T\u00e4nu kompaktsetele m\u00f5\u00f5tudele (65 \u00d7 65 \u00d7 30 mm) ja diskreetsele disainile sobib alarmisireen igasse interj\u00f6\u00f6ri m\u00e4rkamatult.<\/p>\n<p><img decoding=\"async\" src=\"https:\/\/blankpage.ee\/_ruumist-ruumi\/wp-content\/uploads\/2025\/04\/6-175.webp\" alt=\"kompaktne alarmisireen paigaldatuna seinale\" \/><\/p>\n<h3>Kaksiktoide \u2013 t\u00f6\u00f6tab ka voolukatkestuse korral<\/h3>\n<p>NEO NAS-AB02W nutikas alarmisireen t\u00f6\u00f6tab mini USB-kaabli v\u00f5i kahe CR123A patareiga, v\u00f5imaldades katkematut kasutust ka elektrikatkestuse korral. Patareid ei kuulu komplekti.<\/p>\n<p><img decoding=\"async\" src=\"https:\/\/blankpage.ee\/_ruumist-ruumi\/wp-content\/uploads\/2025\/04\/7-145.webp\" alt=\"alarmisireeni USB- ja patareitoide\" \/><\/p>\n<h3>T\u00e4iustatud nuti\u00e4pp ja kaugjuhtimine<\/h3>\n<p>K\u00f5iki funktsioone saad juhtida nutitelefoni rakendusest. Kiirteavitused j\u00f5uavad kohe ning saad h\u00f5lpsalt muuta alarmi parameetreid, m\u00e4\u00e4rata temperatuuril\u00e4ved ja niiskuse piirid vastavalt vajadusele. Sinu alarmisireen on alati k\u00e4eulatuses, olenemata asukohast.<\/p>\n<p><img decoding=\"async\" src=\"https:\/\/blankpage.ee\/_ruumist-ruumi\/wp-content\/uploads\/2025\/04\/5-191.webp\" alt=\"rakenduse seadistusvaade turvas\u00fcsteemi haldamiseks\" \/><\/p>\n<h3>\u00dchildub erinevate nutikodu lahendustega<\/h3>\n<p>NEO NAS-AB02W integreerub lihtsalt teiste nutikodu lahenduste ja anduritega, v\u00f5imaldades luua automaatseid stsenaariume turvalisuse ja mugavuse suurendamiseks.<\/p>\n<p><img decoding=\"async\" src=\"https:\/\/blankpage.ee\/_ruumist-ruumi\/wp-content\/uploads\/2025\/04\/1-235.webp\" alt=\"nutikas alarmisireen koos teiste anduritega nutikodu s\u00fcsteemis\" \/><\/p>\n<h3>Ruumi sisekliima j\u00e4lgimine<\/h3>\n<p>Sisseehitatud temperatuuri- ja niiskusandurid j\u00e4lgivad kodu sisekliimat \u2013 sobilik valik peredele, lastega kodudesse, allergikutele ja vanemaealistele.<\/p>\n<p><img decoding=\"async\" src=\"https:\/\/blankpage.ee\/_ruumist-ruumi\/wp-content\/uploads\/2025\/04\/2-244.webp\" alt=\"temperatuuri ja niiskuse m\u00f5\u00f5tmine ruumis\" \/><\/p>\n<h3>Kohandatavad alarmi seaded<\/h3>\n<p>Saad valida kaheksa erineva alarmiheli vahel ning seadistada individuaalsed piirv\u00e4\u00e4rtused. Nii kohandub nutikas alarmisireen just sinu vajadustega.<\/p>\n<p><img decoding=\"async\" src=\"https:\/\/blankpage.ee\/_ruumist-ruumi\/wp-content\/uploads\/2025\/04\/4-214.webp\" alt=\"alarmisireeni individuaalsed heli- ja seadevalikud\" \/><\/p>\n<h3>Komplekti kuulub<\/h3>\n<ul>\n<li>Alarmisireen<\/li>\n<li>USB-kaabel<\/li>\n<li>Kinnitusvahendid<\/li>\n<li>Kasutusjuhend<\/li>\n<\/ul>\n<div class=\"table-wrapper\">\n<table>\n<tbody>\n<tr>\n<th>Tootja<\/th>\n<td>NEO<\/td>\n<\/tr>\n<tr>\n<th>Mudel<\/th>\n<td>NAS-AB02W<\/td>\n<\/tr>\n<tr>\n<th>Toide<\/th>\n<td>Mini USB, 5V\/1A<\/td>\n<\/tr>\n<tr>\n<th>Varutoide<\/th>\n<td>CR123A x2 (ei kuulu komplekti)<\/td>\n<\/tr>\n<tr>\n<th>Helitugevus<\/th>\n<td>100 dB<\/td>\n<\/tr>\n<tr>\n<th>Juhtmevaba \u00fchendus<\/th>\n<td>2.4 GHz Wi-Fi<\/td>\n<\/tr>\n<tr>\n<th>Protokoll<\/th>\n<td>IEEE 802.11b\/g\/n<\/td>\n<\/tr>\n<tr>\n<th>T\u00f6\u00f6raadius<\/th>\n<td>45 m<\/td>\n<\/tr>\n<tr>\n<th>T\u00f6\u00f6temperatuur<\/th>\n<td>0\u00b0C kuni 40\u00b0C<\/td>\n<\/tr>\n<tr>\n<th>T\u00f6\u00f6niiskus<\/th>\n<td>20% kuni 85%<\/td>\n<\/tr>\n<tr>\n<th>Ladustamistemperatuur<\/th>\n<td>0\u00b0C kuni 60\u00b0C<\/td>\n<\/tr>\n<tr>\n<th>Ladustamisniiskus<\/th>\n<td>0% kuni 90%<\/td>\n<\/tr>\n<tr>\n<th>Sertifikaadid<\/th>\n<td>RoHS, FCC, CE<\/td>\n<\/tr>\n<\/tbody>\n<\/table>\n<\/div>\n","protected":false},"excerpt":{"rendered":"<p>Nutikas alarmisireen NEO NAS-AB02W Wi-Fi \u00fchendusega (100 dB, Tuya, temperatuuri- ja niiskusanduriga) Nutikas alarmisireen NEO NAS-AB02W pakub kindlustunnet ja mugavust igas kodus. Seade \u00fchildub 2,4 GHz Wi-Fi v\u00f5rguga ning t\u00f6\u00f6tab sujuvalt koos tuntud nutikodu platvormidega nagu Tuya Smart, Amazon Alexa ja Google Assistant. Sisseehitatud temperatuuri- ja niiskusandurid v\u00f5imaldavad j\u00e4lgida ruumi sisekliimat ning saadab rakenduse kaudu [&hellip;]<\/p>\n","protected":false},"featured_media":170169,"comment_status":"open","ping_status":"open","template":"","meta":[],"product_brand":[3067],"product_cat":[3044],"product_tag":[],"class_list":{"0":"post-170161","1":"product","2":"type-product","3":"status-publish","4":"has-post-thumbnail","6":"product_brand-neo","7":"product_cat-juurdepaasu-kontroll","8":"product_shipping_class-innpro","10":"first","11":"outofstock","12":"sale","13":"taxable","14":"shipping-taxable","15":"purchasable","16":"product-type-simple"},"_links":{"self":[{"href":"https:\/\/blankpage.ee\/_ruumist-ruumi\/wp-json\/wp\/v2\/product\/170161","targetHints":{"allow":["GET"]}}],"collection":[{"href":"https:\/\/blankpage.ee\/_ruumist-ruumi\/wp-json\/wp\/v2\/product"}],"about":[{"href":"https:\/\/blankpage.ee\/_ruumist-ruumi\/wp-json\/wp\/v2\/types\/product"}],"replies":[{"embeddable":true,"href":"https:\/\/blankpage.ee\/_ruumist-ruumi\/wp-json\/wp\/v2\/comments?post=170161"}],"wp:featuredmedia":[{"embeddable":true,"href":"https:\/\/blankpage.ee\/_ruumist-ruumi\/wp-json\/wp\/v2\/media\/170169"}],"wp:attachment":[{"href":"https:\/\/blankpage.ee\/_ruumist-ruumi\/wp-json\/wp\/v2\/media?parent=170161"}],"wp:term":[{"taxonomy":"product_brand","embeddable":true,"href":"https:\/\/blankpage.ee\/_ruumist-ruumi\/wp-json\/wp\/v2\/product_brand?post=170161"},{"taxonomy":"product_cat","embeddable":true,"href":"https:\/\/blankpage.ee\/_ruumist-ruumi\/wp-json\/wp\/v2\/product_cat?post=170161"},{"taxonomy":"product_tag","embeddable":true,"href":"https:\/\/blankpage.ee\/_ruumist-ruumi\/wp-json\/wp\/v2\/product_tag?post=170161"}],"curies":[{"name":"wp","href":"https:\/\/api.w.org\/{rel}","templated":true}]}}