{"id":170190,"date":"2025-04-18T17:32:06","date_gmt":"2025-04-18T17:32:06","guid":{"rendered":"https:\/\/ruumistruumi.ee\/pood\/universaalne-wifi-kontroller-shelly-plus-uni-2-releed-pulssloendur-andurite-tugi\/"},"modified":"2025-08-21T08:19:35","modified_gmt":"2025-08-21T08:19:35","slug":"universaalne-wifi-kontroller-shelly-plus-uni-2-releed-pulssloendur-andurite-tugi","status":"publish","type":"product","link":"https:\/\/blankpage.ee\/_ruumist-ruumi\/pood\/universaalne-wifi-kontroller-shelly-plus-uni-2-releed-pulssloendur-andurite-tugi\/","title":{"rendered":"Universaalne WiFi kontroller Shelly Plus UNI (2 releed, pulssloendur, andurite tugi)"},"content":{"rendered":"<h3>Universaalne WiFi kontroller Shelly Plus UNI (2 releed, pulssloendur, andurite tugi)<\/h3>\n<p>Universaalne WiFi kontroller Shelly Plus UNI v\u00f5imaldab teil kogu maailmast juhtida erinevaid elektriseadmeid, olenemata asukohast. Selle seadme abil saate kaugjuhtida n\u00e4iteks valgustust, k\u00fctet v\u00f5i ventilatsiooni, kasutades nutitelefoni, tahvelarvutit, arvutit v\u00f5i koduautomaatikas\u00fcsteemi. Universaalne WiFi kontroller on varustatud kahe potentsiaalivaba tahkisrelee, pulssloenduri, analoogsisendite ja kahe digitaalsisendiga. Seade v\u00f5ib t\u00f6\u00f6tada autonoomselt teie kohaliku WiFi-v\u00f5rgu kaudu v\u00f5i olla juhitav pilvep\u00f5histe koduautomaatikateenuste abil. Lisaks v\u00f5imaldab veebiliides seadet j\u00e4lgida, juhtida ning seadeid kohandada.<\/p>\n<p><img decoding=\"async\" src=\"https:\/\/blankpage.ee\/_ruumist-ruumi\/wp-content\/uploads\/2025\/04\/2-249.webp\" alt=\"Universaalne WiFi kontroller Shelly Plus UNI \u00fchendatud juhtmete ja elektroonikaplokiga targa kodu lahenduses\">  <\/p>\n<h3>Kaugjuhtimine k\u00f5ikjalt \u2013 universaalne WiFi moodul koduautomaatika jaoks<\/h3>\n<p>Olenemata sellest, kas viibite t\u00f6\u00f6l, reisil v\u00f5i teises toas, on teil alati v\u00f5imalik kontrollida ja juhtida universaalse WiFi kontrolleri Shelly Plus UNI abil \u00fchendatud seadmeid \u2013 vaja on vaid interneti\u00fchendust. See universaalne kontroller \u00fchildub tuntud platvormidega, nagu Google Home, Samsung SmartThings ja Amazon Alexa, v\u00f5imaldades lihtsalt integreerida olemasolevatesse targa kodu s\u00fcsteemidesse ning laiendada juhtimisv\u00f5imalusi vastavalt soovidele.<\/p>\n<p><img decoding=\"async\" src=\"https:\/\/blankpage.ee\/_ruumist-ruumi\/wp-content\/uploads\/2025\/04\/4-215.webp\" alt=\"Juhtmevaba universaalne WiFi kontroller Shelly Plus UNI automaatikalahendustes\">  <\/p>\n<div class=\"table-wrapper\">\n<table>\n<tbody>\n<tr>\n<th>Tootja<\/th>\n<td>Shelly<\/td>\n<\/tr>\n<tr>\n<th>Mudel<\/th>\n<td>Plus UNI<\/td>\n<\/tr>\n<tr>\n<th>Toiteallikas<\/th>\n<td>8\u201324 VAC; 9\u201328 VDC; 5 VDC (stabiliseeritud, +5 VDC ja GND kaudu)<\/td>\n<\/tr>\n<tr>\n<th>Energiatarve<\/th>\n<td>&lt; 1 W<\/td>\n<\/tr>\n<tr>\n<th>Digitaalsisendite takistus<\/th>\n<td>50 k\u03a9<\/td>\n<\/tr>\n<tr>\n<th>Digitaalsisendite l\u00fclituspinge<\/th>\n<td>1,5 V (aktiivne madal tase)<\/td>\n<\/tr>\n<tr>\n<th>Maksimaalne l\u00fclituspinge<\/th>\n<td>30 V<\/td>\n<\/tr>\n<tr>\n<th>Maksimaalne l\u00fclitusvool<\/th>\n<td>300 mA<\/td>\n<\/tr>\n<tr>\n<th>Voltimeeter<\/th>\n<td>0\u201315 VDC \/ 0\u201330 VDC (kahe vahemikuga)<\/td>\n<\/tr>\n<tr>\n<th>Pulssloenduri sisendi l\u00fclituspinge<\/th>\n<td>1,5 V (aktiivne madal tase)<\/td>\n<\/tr>\n<tr>\n<th>Maksimaalne pulssloenduri sagedus<\/th>\n<td>1 kHz<\/td>\n<\/tr>\n<tr>\n<th>Toetatud v\u00e4lised andurid<\/th>\n<td>\u00dcks DHT22 v\u00f5i kuni viis DS18B20 andurit<\/td>\n<\/tr>\n<tr>\n<th>Wi-Fi protokoll<\/th>\n<td>802.11 b\/g\/n<\/td>\n<\/tr>\n<tr>\n<th>Wi-Fi ulatus<\/th>\n<td>Kuni 30 m siseruumides ja kuni 50 m v\u00e4litingimustes<\/td>\n<\/tr>\n<tr>\n<th>Bluetooth protokoll<\/th>\n<td>4.2<\/td>\n<\/tr>\n<tr>\n<th>Bluetooth ulatus<\/th>\n<td>Kuni 10 m siseruumides ja kuni 30 m v\u00e4ljas<\/td>\n<\/tr>\n<tr>\n<th>Protsessor<\/th>\n<td>ESP32<\/td>\n<\/tr>\n<tr>\n<th>V\u00e4lkm\u00e4lu<\/th>\n<td>4 MB<\/td>\n<\/tr>\n<tr>\n<th>Ajastusi<\/th>\n<td>20<\/td>\n<\/tr>\n<tr>\n<th>Veebihookid (URL-id)<\/th>\n<td>20; iga\u00fches kuni 5 URL-i<\/td>\n<\/tr>\n<tr>\n<th>Skriptide tugi<\/th>\n<td>Jah<\/td>\n<\/tr>\n<tr>\n<th>MQTT<\/th>\n<td>Jah<\/td>\n<\/tr>\n<tr>\n<th>CoAP<\/th>\n<td>Ei<\/td>\n<\/tr>\n<tr>\n<th>M\u00f5\u00f5tmed<\/th>\n<td>40 x 21 x 7 mm<\/td>\n<\/tr>\n<tr>\n<th>Kaal<\/th>\n<td>8,5 g<\/td>\n<\/tr>\n<tr>\n<th>T\u00f6\u00f6keskkonna temperatuur<\/th>\n<td>-20 \u00b0C kuni +40 \u00b0C<\/td>\n<\/tr>\n<tr>\n<th>\u00d5huniiskus<\/th>\n<td>30% kuni 70% RH<\/td>\n<\/tr>\n<\/tbody>\n<\/table>\n<\/div>\n<p>Universaalne WiFi kontroller Shelly Plus UNI on usaldusv\u00e4\u00e4rne valik erinevate targa kodu s\u00fcsteemide juhtimiseks, pakkudes samal ajal madalat energiakulu ning laialdasi seadistamisv\u00f5imalusi.<\/p>\n","protected":false},"excerpt":{"rendered":"<p>Universaalne WiFi kontroller Shelly Plus UNI (2 releed, pulssloendur, andurite tugi) Universaalne WiFi kontroller Shelly Plus UNI v\u00f5imaldab teil kogu maailmast juhtida erinevaid elektriseadmeid, olenemata asukohast. Selle seadme abil saate kaugjuhtida n\u00e4iteks valgustust, k\u00fctet v\u00f5i ventilatsiooni, kasutades nutitelefoni, tahvelarvutit, arvutit v\u00f5i koduautomaatikas\u00fcsteemi. Universaalne WiFi kontroller on varustatud kahe potentsiaalivaba tahkisrelee, pulssloenduri, analoogsisendite ja kahe digitaalsisendiga. [&hellip;]<\/p>\n","protected":false},"featured_media":170193,"comment_status":"open","ping_status":"open","template":"","meta":[],"product_brand":[3069],"product_cat":[3043],"product_tag":[],"class_list":{"0":"post-170190","1":"product","2":"type-product","3":"status-publish","4":"has-post-thumbnail","6":"product_brand-shelly","7":"product_cat-nutikontrollerid","8":"product_shipping_class-innpro","10":"first","11":"instock","12":"sale","13":"taxable","14":"shipping-taxable","15":"purchasable","16":"product-type-simple"},"_links":{"self":[{"href":"https:\/\/blankpage.ee\/_ruumist-ruumi\/wp-json\/wp\/v2\/product\/170190","targetHints":{"allow":["GET"]}}],"collection":[{"href":"https:\/\/blankpage.ee\/_ruumist-ruumi\/wp-json\/wp\/v2\/product"}],"about":[{"href":"https:\/\/blankpage.ee\/_ruumist-ruumi\/wp-json\/wp\/v2\/types\/product"}],"replies":[{"embeddable":true,"href":"https:\/\/blankpage.ee\/_ruumist-ruumi\/wp-json\/wp\/v2\/comments?post=170190"}],"wp:featuredmedia":[{"embeddable":true,"href":"https:\/\/blankpage.ee\/_ruumist-ruumi\/wp-json\/wp\/v2\/media\/170193"}],"wp:attachment":[{"href":"https:\/\/blankpage.ee\/_ruumist-ruumi\/wp-json\/wp\/v2\/media?parent=170190"}],"wp:term":[{"taxonomy":"product_brand","embeddable":true,"href":"https:\/\/blankpage.ee\/_ruumist-ruumi\/wp-json\/wp\/v2\/product_brand?post=170190"},{"taxonomy":"product_cat","embeddable":true,"href":"https:\/\/blankpage.ee\/_ruumist-ruumi\/wp-json\/wp\/v2\/product_cat?post=170190"},{"taxonomy":"product_tag","embeddable":true,"href":"https:\/\/blankpage.ee\/_ruumist-ruumi\/wp-json\/wp\/v2\/product_tag?post=170190"}],"curies":[{"name":"wp","href":"https:\/\/api.w.org\/{rel}","templated":true}]}}