{"id":170195,"date":"2025-04-18T17:32:06","date_gmt":"2025-04-18T17:32:06","guid":{"rendered":"https:\/\/ruumistruumi.ee\/pood\/energiatarbimise-mootja-shelly-em-50a-trafokomplekt-wi-fi-2-kanalit\/"},"modified":"2025-08-20T23:47:20","modified_gmt":"2025-08-20T23:47:20","slug":"energiatarbimise-mootja-shelly-em-50a-trafokomplekt-wi-fi-2-kanalit","status":"publish","type":"product","link":"https:\/\/blankpage.ee\/_ruumist-ruumi\/pood\/energiatarbimise-mootja-shelly-em-50a-trafokomplekt-wi-fi-2-kanalit\/","title":{"rendered":"Energiatarbimise m\u00f5\u00f5tja Shelly EM + 50A trafokomplekt (Wi-Fi, 2 kanalit)"},"content":{"rendered":"<h3>Energiatarbimise m\u00f5\u00f5tja Shelly EM + 50A trafokomplekt \u2013 t\u00e4pne tarbimise j\u00e4lgimine<\/h3>\n<p>Energiatarbimise m\u00f5\u00f5tja Shelly EM koos 50A voolutrafoga v\u00f5imaldab j\u00e4lgida elektrienergia kasutust nii kodus kui ka ettev\u00f5ttes. Selle komplekti abil saad reaalajas \u00fclevaate, millised seadmed v\u00f5i vooluahelad kui palju energiat kulutavad, et teha teadlikumaid otsuseid kulude v\u00e4hendamiseks ja energias\u00e4\u00e4stuks.<\/p>\n<p><img decoding=\"async\" src=\"https:\/\/blankpage.ee\/_ruumist-ruumi\/wp-content\/uploads\/2025\/04\/4-216.webp\" border=\"0\" alt=\"Energiatarbimise m\u00f5\u00f5tja Shelly EM koos 50A voolutrafoga\" \/><\/p>\n<h3>Tarbimise anal\u00fc\u00fcs ja andmete eksport<\/h3>\n<p>Shelly EM pakub detailset \u00fclevaadet hetke- ja ajaloolistest andmetest elektritarbimise kohta. V\u00f5imalik on j\u00e4lgida p\u00e4evaste, n\u00e4dalaste, kuiste ning aastaste m\u00f5\u00f5tmiste andmeid. See aitab optimeerida energiakasutust ja koostada j\u00e4tkusuutlikke plaanisid elektrikulude juhtimiseks.<\/p>\n<p><img decoding=\"async\" src=\"https:\/\/blankpage.ee\/_ruumist-ruumi\/wp-content\/uploads\/2025\/04\/3-229.webp\" border=\"0\" alt=\"Shelly EM seade energiatarbimise m\u00f5\u00f5tmiseks ja juhtmeklemmidega\" \/><\/p>\n<h3>50A voolutrafo \u2013 t\u00e4pne tulemus igas olukorras<\/h3>\n<p>Kaasa tulev 50A voolutrafo teisendab suure voolu t\u00e4pselt m\u00f5\u00f5detavateks v\u00e4\u00e4rtusteks, m\u00f5jutamata sinu elektris\u00fcsteemi toimimist. See tagab t\u00e4psed m\u00f5\u00f5tmistulemused nii kodustes tingimustes kui ka professionaalsetes lahendustes ning t\u00f6\u00f6tab ideaalselt energiatarbimise m\u00f5\u00f5tjaga Shelly EM.<\/p>\n<p><img decoding=\"async\" src=\"https:\/\/blankpage.ee\/_ruumist-ruumi\/wp-content\/uploads\/2025\/04\/1-237.webp\" border=\"0\" alt=\"50A voolutrafo Shelly energiatarbimise m\u00f5\u00f5tjale\" \/><\/p>\n<div class=\"table-wrapper\">\n<h3>Shelly EM peamised tehnilised andmed<\/h3>\n<table>\n<tbody>\n<tr>\n<th>Toitepinge<\/th>\n<td>110\u2013230V, 50\/60Hz<\/td>\n<\/tr>\n<tr>\n<th>Kontaktori juhtimine<\/th>\n<td>Jah \u2013 kuni 2A<\/td>\n<\/tr>\n<tr>\n<th>Ruloo re\u017eiim<\/th>\n<td>Ei<\/td>\n<\/tr>\n<tr>\n<th>\u00dclekuumenemiskaitse<\/th>\n<td>Jah<\/td>\n<\/tr>\n<tr>\n<th>\u00dclekoormuskaitse<\/th>\n<td>Ei<\/td>\n<\/tr>\n<tr>\n<th>Energiatarbimise m\u00f5\u00f5tmine<\/th>\n<td>Jah<\/td>\n<\/tr>\n<tr>\n<th>Kanalite arv<\/th>\n<td>2 (\u00fchefaasiline)<\/td>\n<\/tr>\n<tr>\n<th>T\u00f6\u00f6temperatuur<\/th>\n<td>0 kuni +40\u202f\u00b0C<\/td>\n<\/tr>\n<tr>\n<th>Seadme oma tarbimine<\/th>\n<td>Kuni 1 W<\/td>\n<\/tr>\n<tr>\n<th>Nutikas sisse\/v\u00e4lja l\u00fclitamine<\/th>\n<td>Jah<\/td>\n<\/tr>\n<tr>\n<th>Lokaalne ja kaugjuhtimine<\/th>\n<td>Jah<\/td>\n<\/tr>\n<tr>\n<th>P\u00e4ikeset\u00f5usu\/loojangu funktsioon<\/th>\n<td>Jah<\/td>\n<\/tr>\n<tr>\n<th>N\u00e4dalaplaan<\/th>\n<td>Jah<\/td>\n<\/tr>\n<tr>\n<th>UL-sertifikaat<\/th>\n<td>Ei<\/td>\n<\/tr>\n<tr>\n<th>Wi-Fi protokoll<\/th>\n<td>802.11 b\/g\/n<\/td>\n<\/tr>\n<tr>\n<th>Wi-Fi leviulatus<\/th>\n<td>Kuni 30 m siseruumides, kuni 50 m v\u00e4litingimustes<\/td>\n<\/tr>\n<tr>\n<th>M\u00f5\u00f5dud<\/th>\n<td>39 \u00d7 36 \u00d7 17 mm<\/td>\n<\/tr>\n<\/tbody>\n<\/table>\n<\/div>\n<div class=\"table-wrapper\">\n<h3>50A voolutrafo tehnilised andmed<\/h3>\n<table>\n<tbody>\n<tr>\n<th>Tootja<\/th>\n<td>Shelly<\/td>\n<\/tr>\n<tr>\n<th>T\u00e4psus<\/th>\n<td>1%<\/td>\n<\/tr>\n<tr>\n<th>S\u00fcdamik<\/th>\n<td>Ferriit<\/td>\n<\/tr>\n<tr>\n<th>Elektriline tugevus<\/th>\n<td>3000VAC 1mA, 60 sekundit<\/td>\n<\/tr>\n<tr>\n<th>Sisemine l\u00e4bim\u00f5\u00f5t<\/th>\n<td>11 mm<\/td>\n<\/tr>\n<tr>\n<th>Juhtme pikkus<\/th>\n<td>60 cm<\/td>\n<\/tr>\n<tr>\n<th>Koormustakistus<\/th>\n<td>20 \u03a9<\/td>\n<\/tr>\n<tr>\n<th>Primaarvool<\/th>\n<td>50A<\/td>\n<\/tr>\n<tr>\n<th>Sekundaarvool<\/th>\n<td>16,67 mA<\/td>\n<\/tr>\n<tr>\n<th>K\u00fcllastusvool<\/th>\n<td>\u226585A<\/td>\n<\/tr>\n<tr>\n<th>M\u00f5\u00f5dud<\/th>\n<td>23,5 \u00d7 41,5 \u00d7 26 mm<\/td>\n<\/tr>\n<tr>\n<th>\u00dchilduvus<\/th>\n<td>Shelly EM<\/td>\n<\/tr>\n<\/tbody>\n<\/table>\n<\/div>\n","protected":false},"excerpt":{"rendered":"<p>Energiatarbimise m\u00f5\u00f5tja Shelly EM + 50A trafokomplekt \u2013 t\u00e4pne tarbimise j\u00e4lgimine Energiatarbimise m\u00f5\u00f5tja Shelly EM koos 50A voolutrafoga v\u00f5imaldab j\u00e4lgida elektrienergia kasutust nii kodus kui ka ettev\u00f5ttes. Selle komplekti abil saad reaalajas \u00fclevaate, millised seadmed v\u00f5i vooluahelad kui palju energiat kulutavad, et teha teadlikumaid otsuseid kulude v\u00e4hendamiseks ja energias\u00e4\u00e4stuks. Tarbimise anal\u00fc\u00fcs ja andmete eksport Shelly [&hellip;]<\/p>\n","protected":false},"featured_media":170199,"comment_status":"open","ping_status":"open","template":"","meta":[],"product_brand":[3069],"product_cat":[3043],"product_tag":[],"class_list":{"0":"post-170195","1":"product","2":"type-product","3":"status-publish","4":"has-post-thumbnail","6":"product_brand-shelly","7":"product_cat-nutikontrollerid","8":"product_shipping_class-innpro","10":"first","11":"instock","12":"sale","13":"taxable","14":"shipping-taxable","15":"purchasable","16":"product-type-simple"},"_links":{"self":[{"href":"https:\/\/blankpage.ee\/_ruumist-ruumi\/wp-json\/wp\/v2\/product\/170195","targetHints":{"allow":["GET"]}}],"collection":[{"href":"https:\/\/blankpage.ee\/_ruumist-ruumi\/wp-json\/wp\/v2\/product"}],"about":[{"href":"https:\/\/blankpage.ee\/_ruumist-ruumi\/wp-json\/wp\/v2\/types\/product"}],"replies":[{"embeddable":true,"href":"https:\/\/blankpage.ee\/_ruumist-ruumi\/wp-json\/wp\/v2\/comments?post=170195"}],"wp:featuredmedia":[{"embeddable":true,"href":"https:\/\/blankpage.ee\/_ruumist-ruumi\/wp-json\/wp\/v2\/media\/170199"}],"wp:attachment":[{"href":"https:\/\/blankpage.ee\/_ruumist-ruumi\/wp-json\/wp\/v2\/media?parent=170195"}],"wp:term":[{"taxonomy":"product_brand","embeddable":true,"href":"https:\/\/blankpage.ee\/_ruumist-ruumi\/wp-json\/wp\/v2\/product_brand?post=170195"},{"taxonomy":"product_cat","embeddable":true,"href":"https:\/\/blankpage.ee\/_ruumist-ruumi\/wp-json\/wp\/v2\/product_cat?post=170195"},{"taxonomy":"product_tag","embeddable":true,"href":"https:\/\/blankpage.ee\/_ruumist-ruumi\/wp-json\/wp\/v2\/product_tag?post=170195"}],"curies":[{"name":"wp","href":"https:\/\/api.w.org\/{rel}","templated":true}]}}