{"id":170221,"date":"2025-04-18T17:34:49","date_gmt":"2025-04-18T17:34:49","guid":{"rendered":"https:\/\/ruumistruumi.ee\/pood\/shelly-z-wave-kontroller-qubino-wave-1-1-kanal-kuni-16a-relee\/"},"modified":"2025-08-21T08:19:34","modified_gmt":"2025-08-21T08:19:34","slug":"shelly-z-wave-kontroller-qubino-wave-1-1-kanal-kuni-16a-relee","status":"publish","type":"product","link":"https:\/\/blankpage.ee\/_ruumist-ruumi\/pood\/shelly-z-wave-kontroller-qubino-wave-1-1-kanal-kuni-16a-relee\/","title":{"rendered":"Shelly Z-Wave kontroller Qubino Wave 1 \u2013 1 kanal, kuni 16A, relee"},"content":{"rendered":"<h3>Shelly Z-Wave kontroller Qubino Wave 1 (1 kanal, kuni 16A, relee)<\/h3>\n<p><strong>Shelly Z-Wave kontroller<\/strong> on \u00fche kanaliga Z-Wave\u2122 standardil t\u00f6\u00f6tav nutikas l\u00fcliti, millega saab kaugjuhtida erinevaid elektriseadmeid \u2013 n\u00e4iteks valgusteid, elektrilukke v\u00f5i kastmiss\u00fcsteeme. Seade sobib nii koduseks kui ka professionaalseks kasutuseks, toetades automaatikat ja energias\u00e4\u00e4stu. Sellel on pingevabad kontaktid ning v\u00e4ga madal energiatarve, pakkudes mitmek\u00fclgseid lahendusi nutikodu juhtimisel.<\/p>\n<p><img decoding=\"async\" src=\"https:\/\/blankpage.ee\/_ruumist-ruumi\/wp-content\/uploads\/2025\/04\/1-240.webp\" alt=\"Shelly Z-Wave kontroller \u2013 sinist v\u00e4rvi nutikontroller, Shelly Qubino Wave 1 klemmidega seade\" \/><\/p>\n<h3>Lai \u00fchilduvus ja suurem turvalisus<\/h3>\n<p>Kontroller \u00fchildub k\u00f5igi Z-Wave sertifitseeritud v\u00e4ravate ja enam kui 4000 muu seadmega, olles lihtne osa sinu olemasolevas nutikodu s\u00fcsteemis. T\u00e4nu AES128-kr\u00fcptimisele on \u00fchendus turvaline ning v\u00f5imaldab usaldusv\u00e4\u00e4rselt j\u00e4lgida ning juhtida seadmete energiatarvet.<\/p>\n<p><img decoding=\"async\" src=\"https:\/\/blankpage.ee\/_ruumist-ruumi\/wp-content\/uploads\/2025\/04\/2-253.webp\" alt=\"Shelly Z-Wave kontrolleri lisamine t\u00fc\u00fcpilise nutikodu s\u00fcsteemi rakenduses\" \/><\/p>\n<h3>Nutikas juhtimine vastavalt elu r\u00fctmile<\/h3>\n<p>Shelly lahendusega saad muuta tavalise valgusl\u00fcliti nutikaks. Automaatika lubab valguste ja seadmete t\u00f6\u00f6d ajastada vastavalt p\u00e4ikese t\u00f5usule ja loojangule \u2013 tuled v\u00f5ivad s\u00fcttida koju saabudes v\u00f5i kustuda automaatselt \u00f5htul. Samas saad soovi korral seadmeid alati ka k\u00e4sitsi juhtida.<\/p>\n<p><img decoding=\"async\" src=\"https:\/\/blankpage.ee\/_ruumist-ruumi\/wp-content\/uploads\/2025\/04\/6-177.webp\" alt=\"Nutikodu valgusl\u00fclitid Shelly Z-Wave kontrolleriga\" \/><\/p>\n<h3>Paindlikud automaatikav\u00f5imalused Z-Wave seadmetega<\/h3>\n<p>Shelly Z-Wave kontroller v\u00f5imaldab siduda teisi Z-Wave v\u00f5rgu seadmeid ja koostada reegleid \u2013 n\u00e4iteks saab l\u00fclitada esikutuled sisse kohe, kui v\u00e4lisuks avaneb, ka ilma keskse v\u00e4ravata. Seadme paindlikkus sobib h\u00e4sti kodu v\u00f5i aia erinevatesse automaatikalahendustesse.<\/p>\n<p><img decoding=\"async\" src=\"https:\/\/blankpage.ee\/_ruumist-ruumi\/wp-content\/uploads\/2025\/04\/3-232.webp\" alt=\"Automaatikaseadistused Shelly Z-Wave kontrolleriga nutiseadmes\" \/><\/p>\n<h3>Lihtne lahendus aia ja garaa\u017ei automatiseerimiseks<\/h3>\n<p>Lisaks kodule saad kontrollerit kasutada aia kastmiss\u00fcsteemi v\u00f5i garaa\u017eiukse juhtimiseks. Juhi ja j\u00e4lgi s\u00fcsteemi nutiseadme kaudu igal hetkel ning seadista t\u00f6\u00f6aja graafikuid vastavalt vajadusele. Lai pingevahemik (12\u00a0V DC, 24\u201348\u00a0V DC) muudab selle sobivaks erinevate automaatikalahenduste jaoks siseruumides ja v\u00e4ljaspool.<\/p>\n<p><img decoding=\"async\" src=\"https:\/\/blankpage.ee\/_ruumist-ruumi\/wp-content\/uploads\/2025\/04\/5-195.webp\" alt=\"Aia kastmiss\u00fcsteemi juhtimine Shelly Z-Wave kontrolleri abil nutiseadmest\" \/><\/p>\n<div class=\"table-wrapper\">\n<table>\n<tbody>\n<tr>\n<th>Tootja<\/th>\n<td>Shelly<\/td>\n<\/tr>\n<tr>\n<th>Mudel<\/th>\n<td>QubinoWave1<\/td>\n<\/tr>\n<tr>\n<th>Toitepinge<\/th>\n<td>110\u2013240 V AC \/ 24\u201348 V DC \/ 12 V DC \u00b110%<\/td>\n<\/tr>\n<tr>\n<th>Energiatarve<\/th>\n<td>&lt;0,3 W<\/td>\n<\/tr>\n<tr>\n<th>Maks. l\u00fclituspinge (AC)<\/th>\n<td>240 V<\/td>\n<\/tr>\n<tr>\n<th>Maks. l\u00fclitusvool (AC)<\/th>\n<td>16 A<\/td>\n<\/tr>\n<tr>\n<th>Maks. l\u00fclituspinge (DC)<\/th>\n<td>30 V<\/td>\n<\/tr>\n<tr>\n<th>Maks. l\u00fclitusvool (DC)<\/th>\n<td>10 A<\/td>\n<\/tr>\n<tr>\n<th>Kaitse \u00fclekuumenemise eest<\/th>\n<td>Jah<\/td>\n<\/tr>\n<tr>\n<th>Levimiskaugus<\/th>\n<td>Kuni 40 m siseruumides (tingimustest s\u00f5ltuvalt)<\/td>\n<\/tr>\n<tr>\n<th>Z-Wave kordaja<\/th>\n<td>Jah<\/td>\n<\/tr>\n<tr>\n<th>Protsessor<\/th>\n<td>Z-Wave\u2122 S800<\/td>\n<\/tr>\n<tr>\n<th>Z-Wave sagedusvahemikud<\/th>\n<td>868.4 MHz; 865.2 MHz; 869.0 MHz; 921.4 MHz; 908.4 MHz; 916 MHz; 919.8 MHz; 922.5 MHz; 919.7-921.7-923.7 MHz; 868.1 MHz; 920.9 MHz<\/td>\n<\/tr>\n<tr>\n<th>Maksimaalne raadiosageduse v\u00f5imsus<\/th>\n<td>&lt;25 mW<\/td>\n<\/tr>\n<tr>\n<th>M\u00f5\u00f5tmed (K x L x S)<\/th>\n<td>37 x 42 x 16 \u00b10,5 mm<\/td>\n<\/tr>\n<tr>\n<th>Kaal<\/th>\n<td>26 g<\/td>\n<\/tr>\n<tr>\n<th>Paigaldus<\/th>\n<td>seinal\u00fcliti taha<\/td>\n<\/tr>\n<tr>\n<th>Kruviklemmide maksimaalne p\u00f6\u00f6rdemoment<\/th>\n<td>0,4 Nm<\/td>\n<\/tr>\n<tr>\n<th>Juhtme ristl\u00f5ige<\/th>\n<td>0,5\u20131,5 mm\u00b2<\/td>\n<\/tr>\n<tr>\n<th>Juhtme paljas osa<\/th>\n<td>5\u20136 mm<\/td>\n<\/tr>\n<tr>\n<th>Kesta materjal<\/th>\n<td>plastik<\/td>\n<\/tr>\n<tr>\n<th>V\u00e4rvus<\/th>\n<td>sinine<\/td>\n<\/tr>\n<tr>\n<th>T\u00f6\u00f6temperatuur<\/th>\n<td>-20 \u00b0C kuni 40 \u00b0C<\/td>\n<\/tr>\n<tr>\n<th>\u00d5huniiskus<\/th>\n<td>30\u201370% suhteline \u00f5huniiskus<\/td>\n<\/tr>\n<tr>\n<th>Maksimaalne paigaldusk\u00f5rgus<\/th>\n<td>2000 m<\/td>\n<\/tr>\n<\/tbody>\n<\/table>\n<\/div>\n<p><strong>Shelly Z-Wave kontroller<\/strong> on suurep\u00e4rane valik kodu ja aia nutikaks automatiseerimiseks, pakkudes turvalist ja mugavat juhtimist ning laia \u00fchilduvust v\u00f5imaldavaid funktsioone.<\/p>\n","protected":false},"excerpt":{"rendered":"<p>Shelly Z-Wave kontroller Qubino Wave 1 (1 kanal, kuni 16A, relee) Shelly Z-Wave kontroller on \u00fche kanaliga Z-Wave\u2122 standardil t\u00f6\u00f6tav nutikas l\u00fcliti, millega saab kaugjuhtida erinevaid elektriseadmeid \u2013 n\u00e4iteks valgusteid, elektrilukke v\u00f5i kastmiss\u00fcsteeme. Seade sobib nii koduseks kui ka professionaalseks kasutuseks, toetades automaatikat ja energias\u00e4\u00e4stu. Sellel on pingevabad kontaktid ning v\u00e4ga madal energiatarve, pakkudes mitmek\u00fclgseid [&hellip;]<\/p>\n","protected":false},"featured_media":170227,"comment_status":"open","ping_status":"open","template":"","meta":[],"product_brand":[3069],"product_cat":[3043],"product_tag":[],"class_list":{"0":"post-170221","1":"product","2":"type-product","3":"status-publish","4":"has-post-thumbnail","6":"product_brand-shelly","7":"product_cat-nutikontrollerid","8":"product_shipping_class-innpro","10":"first","11":"instock","12":"sale","13":"taxable","14":"shipping-taxable","15":"purchasable","16":"product-type-simple"},"_links":{"self":[{"href":"https:\/\/blankpage.ee\/_ruumist-ruumi\/wp-json\/wp\/v2\/product\/170221","targetHints":{"allow":["GET"]}}],"collection":[{"href":"https:\/\/blankpage.ee\/_ruumist-ruumi\/wp-json\/wp\/v2\/product"}],"about":[{"href":"https:\/\/blankpage.ee\/_ruumist-ruumi\/wp-json\/wp\/v2\/types\/product"}],"replies":[{"embeddable":true,"href":"https:\/\/blankpage.ee\/_ruumist-ruumi\/wp-json\/wp\/v2\/comments?post=170221"}],"wp:featuredmedia":[{"embeddable":true,"href":"https:\/\/blankpage.ee\/_ruumist-ruumi\/wp-json\/wp\/v2\/media\/170227"}],"wp:attachment":[{"href":"https:\/\/blankpage.ee\/_ruumist-ruumi\/wp-json\/wp\/v2\/media?parent=170221"}],"wp:term":[{"taxonomy":"product_brand","embeddable":true,"href":"https:\/\/blankpage.ee\/_ruumist-ruumi\/wp-json\/wp\/v2\/product_brand?post=170221"},{"taxonomy":"product_cat","embeddable":true,"href":"https:\/\/blankpage.ee\/_ruumist-ruumi\/wp-json\/wp\/v2\/product_cat?post=170221"},{"taxonomy":"product_tag","embeddable":true,"href":"https:\/\/blankpage.ee\/_ruumist-ruumi\/wp-json\/wp\/v2\/product_tag?post=170221"}],"curies":[{"name":"wp","href":"https:\/\/api.w.org\/{rel}","templated":true}]}}