{"id":170232,"date":"2025-04-18T17:34:49","date_gmt":"2025-04-18T17:34:49","guid":{"rendered":"https:\/\/ruumistruumi.ee\/pood\/nutikas-ruloo-ja-kardina-juhtseade-shelly-qubino-wave-z-wave\/"},"modified":"2025-08-21T08:19:34","modified_gmt":"2025-08-21T08:19:34","slug":"nutikas-ruloo-ja-kardina-juhtseade-shelly-qubino-wave-z-wave","status":"publish","type":"product","link":"https:\/\/blankpage.ee\/_ruumist-ruumi\/pood\/nutikas-ruloo-ja-kardina-juhtseade-shelly-qubino-wave-z-wave\/","title":{"rendered":"Nutikas ruloo ja kardina juhtseade Shelly Qubino Wave, Z-Wave"},"content":{"rendered":"<h3>Nutikas ruloo juhtimine Shelly Qubino Wave Shutter Controlleriga<\/h3>\n<p><strong>Nutikas ruloo juhtimine<\/strong> muutub h\u00f5lpsaks Shelly Qubino Wave Shutter Controlleri abil, mis v\u00f5imaldab kaugjuhtida ja automatiseerida aknakatteid ning muid kahesuunalise mootoriga seadmeid, n\u00e4iteks ruloosid ja kardinaid. See seade sobitub ideaalselt nutikasse koju ja t\u00e4nu Z-Wave protokollile \u00fchildub rohkem kui 4000 erineva seadmega.<\/p>\n<p><img decoding=\"async\" src=\"https:\/\/blankpage.ee\/_ruumist-ruumi\/wp-content\/uploads\/2025\/04\/1-241.webp\" alt=\"Shelly Qubino Wave Shutter Controller, must mootorikontroller seinal\" \/><\/p>\n<h3>Automaatne avamine ja sulgemine vastavalt sinu soovile<\/h3>\n<p>Shelly Qubino v\u00f5imaldab seadistada ruloode ja kardinatega igap\u00e4evaseid ajakavasid, et reguleerida kodu valgusekogust ja privaatsust. Mugavalt saad valida aja, millal aknakatted avanevad v\u00f5i sulguvad, ning m\u00e4\u00e4rata nende t\u00e4pse asendi kas seinal\u00fcliti, nupu v\u00f5i nutirakendusega.<\/p>\n<p><img decoding=\"async\" src=\"https:\/\/blankpage.ee\/_ruumist-ruumi\/wp-content\/uploads\/2025\/04\/6-178.webp\" alt=\"Aknakatete asendi nutikas reguleerimine\" \/><\/p>\n<h3>Kaugjuhtimine ja paindlikud v\u00f5imalused<\/h3>\n<p>Mugavuse nimel saab ruloode v\u00f5i kardinate asendit kontrollida nutitelefoni kaudu \u2013 saad muuta aknakatete asendit ka kontorilaua tagant t\u00f5usmata. Samuti on v\u00f5imalik reguleerida ribakardinate lamellide nurka, et muuta ruum valgemaks v\u00f5i tagada rohkem privaatsust.<\/p>\n<p><img decoding=\"async\" src=\"https:\/\/blankpage.ee\/_ruumist-ruumi\/wp-content\/uploads\/2025\/04\/8-84.webp\" alt=\"Nutikas ruloo juhtimine mobiilirakenduse kaudu\" \/><\/p>\n<h3>Usaldusv\u00e4\u00e4rne Z-Wave \u00fchenduvus<\/h3>\n<p>Shelly Qubino \u00fchildub k\u00f5igi sertifitseeritud Z-Wave keskustega ning t\u00f6\u00f6tab ka otse teiste Z-Wave seadmetega. N\u00e4iteks saab ilma keskseadmeta \u00fchendada tuuleanduri v\u00f5i ilmajaama, et tugeva tuule korral ruloode sulgemine toimuks automaatselt. Nutikate stseenide ja ajakavade kasutamine eeldab keskseadet.<\/p>\n<p><img decoding=\"async\" src=\"https:\/\/blankpage.ee\/_ruumist-ruumi\/wp-content\/uploads\/2025\/04\/5-196.webp\" alt=\"Z-Wave seadmete integratsioon targa kodu s\u00fcsteemis\" \/><\/p>\n<h3>Kodu turvalisus ja automatiseerimine<\/h3>\n<p>Puhkuse v\u00f5i eemaloleku ajal saad t\u00f5sta kodu turvalisust, integreerides Shelly Qubino teistesse nutiseadmetesse. Nii avanevad ja sulguvad aknakatted kindlaksm\u00e4\u00e4ratud aegadel ning tuled l\u00fclituvad automaatselt \u2013 kodu paistab alati asustatud.<\/p>\n<p><img decoding=\"async\" src=\"https:\/\/blankpage.ee\/_ruumist-ruumi\/wp-content\/uploads\/2025\/04\/7-146.webp\" alt=\"Aknakatete automaatne liikumine kodu kaitsmiseks\" \/><\/p>\n<h3>Laiendatud integreerimine Z-Wave seadmetega<\/h3>\n<p>Shelly v\u00f5imaldab seadmete vahel otse\u00fchendust, isegi ilma keskseadmeta. Saad siduda nutika ruloo juhtimise n\u00e4iteks tuuleanduri v\u00f5i ilmajaamaga, nii et tugeva tuule korral markiisid sulguvad automaatselt. T\u00e4psemate stseenide ja ajakavade seadistamiseks on vajalik keskseade.<\/p>\n<p><img decoding=\"async\" src=\"https:\/\/blankpage.ee\/_ruumist-ruumi\/wp-content\/uploads\/2025\/04\/2-254.webp\" alt=\"Nutikas ruloo juhtimine koos tuuleanduri automaatikaga\" \/><\/p>\n<h3>Tehnilised andmed<\/h3>\n<div class=\"table-wrapper\">\n<table>\n<tbody>\n<tr>\n<th>Tootja<\/th>\n<td>Shelly<\/td>\n<\/tr>\n<tr>\n<th>Mudel<\/th>\n<td>QubinoWaveShutter<\/td>\n<\/tr>\n<tr>\n<th>M\u00f5\u00f5tmed<\/th>\n<td>37 \u00d7 42 \u00d7 16 mm<\/td>\n<\/tr>\n<tr>\n<th>Kaal<\/th>\n<td>29 g<\/td>\n<\/tr>\n<tr>\n<th>Paigaldus<\/th>\n<td>seinakonsoolile<\/td>\n<\/tr>\n<tr>\n<th>Korpuse materjal<\/th>\n<td>plastik<\/td>\n<\/tr>\n<tr>\n<th>V\u00e4rv<\/th>\n<td>must<\/td>\n<\/tr>\n<tr>\n<th>T\u00f6\u00f6keskkonna temperatuur<\/th>\n<td>-20\u00b0C kuni 40\u00b0C<\/td>\n<\/tr>\n<tr>\n<th>\u00d5huniiskus<\/th>\n<td>30% kuni 70% suhtelist \u00f5huniiskust<\/td>\n<\/tr>\n<tr>\n<th>Maksimaalne k\u00f5rgus<\/th>\n<td>2000 m<\/td>\n<\/tr>\n<tr>\n<th>Toitepinge<\/th>\n<td>110\u2013240 V AC \u00b110%<\/td>\n<\/tr>\n<tr>\n<th>Energiatarve<\/th>\n<td>&lt; 0,3 W<\/td>\n<\/tr>\n<tr>\n<th>V\u00f5imsuse m\u00f5\u00f5tmine<\/th>\n<td>jah<\/td>\n<\/tr>\n<tr>\n<th>Maksimaalne l\u00fclituspinge<\/th>\n<td>240 V<\/td>\n<\/tr>\n<tr>\n<th>Maksimaalne l\u00fclitusvool<\/th>\n<td>10 A\/kanal<\/td>\n<\/tr>\n<tr>\n<th>Z-Wave sagedusalad<\/th>\n<td>868.4 MHz; 865.2 MHz; 869.0 MHz; 921.4 MHz; jne<\/td>\n<\/tr>\n<tr>\n<th>Z-Wave kordaja<\/th>\n<td>jah<\/td>\n<\/tr>\n<tr>\n<th>Z-Wave ulatus<\/th>\n<td>kuni 40 m siseruumides<\/td>\n<\/tr>\n<tr>\n<th>\u00dclekoormuskaitse<\/th>\n<td>jah<\/td>\n<\/tr>\n<tr>\n<th>\u00dclekuumenemiskaitse<\/th>\n<td>jah<\/td>\n<\/tr>\n<\/tbody>\n<\/table>\n<\/div>\n<p>Shelly Qubino Wave Shutter Controller v\u00f5imaldab t\u00f5husat <strong>nutikat ruloo juhtimist<\/strong>, tuues igap\u00e4evaellu rohkem paindlikkust, energias\u00e4\u00e4stu ja turvalisust.<\/p>\n","protected":false},"excerpt":{"rendered":"<p>Nutikas ruloo juhtimine Shelly Qubino Wave Shutter Controlleriga Nutikas ruloo juhtimine muutub h\u00f5lpsaks Shelly Qubino Wave Shutter Controlleri abil, mis v\u00f5imaldab kaugjuhtida ja automatiseerida aknakatteid ning muid kahesuunalise mootoriga seadmeid, n\u00e4iteks ruloosid ja kardinaid. See seade sobitub ideaalselt nutikasse koju ja t\u00e4nu Z-Wave protokollile \u00fchildub rohkem kui 4000 erineva seadmega. Automaatne avamine ja sulgemine vastavalt [&hellip;]<\/p>\n","protected":false},"featured_media":170239,"comment_status":"open","ping_status":"open","template":"","meta":[],"product_brand":[3069],"product_cat":[3043],"product_tag":[],"class_list":{"0":"post-170232","1":"product","2":"type-product","3":"status-publish","4":"has-post-thumbnail","6":"product_brand-shelly","7":"product_cat-nutikontrollerid","8":"product_shipping_class-innpro","10":"first","11":"instock","12":"sale","13":"taxable","14":"shipping-taxable","15":"purchasable","16":"product-type-simple"},"_links":{"self":[{"href":"https:\/\/blankpage.ee\/_ruumist-ruumi\/wp-json\/wp\/v2\/product\/170232","targetHints":{"allow":["GET"]}}],"collection":[{"href":"https:\/\/blankpage.ee\/_ruumist-ruumi\/wp-json\/wp\/v2\/product"}],"about":[{"href":"https:\/\/blankpage.ee\/_ruumist-ruumi\/wp-json\/wp\/v2\/types\/product"}],"replies":[{"embeddable":true,"href":"https:\/\/blankpage.ee\/_ruumist-ruumi\/wp-json\/wp\/v2\/comments?post=170232"}],"wp:featuredmedia":[{"embeddable":true,"href":"https:\/\/blankpage.ee\/_ruumist-ruumi\/wp-json\/wp\/v2\/media\/170239"}],"wp:attachment":[{"href":"https:\/\/blankpage.ee\/_ruumist-ruumi\/wp-json\/wp\/v2\/media?parent=170232"}],"wp:term":[{"taxonomy":"product_brand","embeddable":true,"href":"https:\/\/blankpage.ee\/_ruumist-ruumi\/wp-json\/wp\/v2\/product_brand?post=170232"},{"taxonomy":"product_cat","embeddable":true,"href":"https:\/\/blankpage.ee\/_ruumist-ruumi\/wp-json\/wp\/v2\/product_cat?post=170232"},{"taxonomy":"product_tag","embeddable":true,"href":"https:\/\/blankpage.ee\/_ruumist-ruumi\/wp-json\/wp\/v2\/product_tag?post=170232"}],"curies":[{"name":"wp","href":"https:\/\/api.w.org\/{rel}","templated":true}]}}