{"id":170295,"date":"2025-04-18T17:38:50","date_gmt":"2025-04-18T17:38:50","guid":{"rendered":"https:\/\/ruumistruumi.ee\/pood\/shelly-seinapistikupesa-valge-euroopa-standard-uhilduv-shelly-seadmetega\/"},"modified":"2025-08-21T08:19:33","modified_gmt":"2025-08-21T08:19:33","slug":"shelly-seinapistikupesa-valge-euroopa-standard-uhilduv-shelly-seadmetega","status":"publish","type":"product","link":"https:\/\/blankpage.ee\/_ruumist-ruumi\/pood\/shelly-seinapistikupesa-valge-euroopa-standard-uhilduv-shelly-seadmetega\/","title":{"rendered":"Shelly seinapistikupesa valge (Euroopa standard, \u00fchilduv Shelly seadmetega)"},"content":{"rendered":"<h3>Shelly seinapistikupesa valge \u2013 \u00fchilduv nutikate Shelly seadmetega<\/h3>\n<p>Shelly seinapistikupesa sobib paigaldamiseks k\u00f5ikidesse standardsetesse Euroopa seinapesadesse ning on t\u00e4ielikult \u00fchilduv Shelly nutiseadmete sarjaga: Shelly 1, Shelly 1PM, Shelly Plus 1, Shelly Plus 1PM, Shelly 1L ning Shelly Dimmer. Kompaktne ehitus ja lihtne \u00fchendamise v\u00f5imalus v\u00f5imaldavad paigaldada pistikupesa ka kitsamatesse kohtadesse, pakkudes laitmatut funktsionaalsust igas ruumis.<\/p>\n<p>Shelly seinapistikupesa vastab k\u00f5igile Euroopa standarditele ning sobib ideaalselt neile, kes hindavad nutikodu mugavust, turvalisust ja esteetilist v\u00e4limust. Kombineerides selle sama sarja Shelly l\u00fclitite ning pistikutega, saavutad l\u00e4bim\u00f5eldud ja \u00fchtlase sisekujunduse.<\/p>\n<p>\n  <img decoding=\"async\" src=\"https:\/\/blankpage.ee\/_ruumist-ruumi\/wp-content\/uploads\/2025\/04\/1-245.webp\" alt=\"Shelly seinapistikupesa valge l\u00e4hivaade Euroopa standardile vastavaks nutikodulahenduseks\" \/>\n<\/p>\n<table>\n<tbody>\n<tr>\n<th>Tootja<\/th>\n<td>Shelly<\/td>\n<\/tr>\n<tr>\n<th>Mudel<\/th>\n<td>WallsocketWhite<\/td>\n<\/tr>\n<tr>\n<th>\u00dchilduvus<\/th>\n<td>Shelly 1, Shelly 1PM, Shelly Plus 1, Shelly Plus 1PM, Shelly 1L, Shelly Dimmer<\/td>\n<\/tr>\n<\/tbody>\n<\/table>\n","protected":false},"excerpt":{"rendered":"<p>Shelly seinapistikupesa valge \u2013 \u00fchilduv nutikate Shelly seadmetega Shelly seinapistikupesa sobib paigaldamiseks k\u00f5ikidesse standardsetesse Euroopa seinapesadesse ning on t\u00e4ielikult \u00fchilduv Shelly nutiseadmete sarjaga: Shelly 1, Shelly 1PM, Shelly Plus 1, Shelly Plus 1PM, Shelly 1L ning Shelly Dimmer. Kompaktne ehitus ja lihtne \u00fchendamise v\u00f5imalus v\u00f5imaldavad paigaldada pistikupesa ka kitsamatesse kohtadesse, pakkudes laitmatut funktsionaalsust igas ruumis. [&hellip;]<\/p>\n","protected":false},"featured_media":170297,"comment_status":"open","ping_status":"open","template":"","meta":[],"product_brand":[3069],"product_cat":[3036],"product_tag":[],"class_list":{"0":"post-170295","1":"product","2":"type-product","3":"status-publish","4":"has-post-thumbnail","6":"product_brand-shelly","7":"product_cat-toitepistikud","8":"product_shipping_class-innpro","10":"first","11":"instock","12":"sale","13":"taxable","14":"shipping-taxable","15":"purchasable","16":"product-type-simple"},"_links":{"self":[{"href":"https:\/\/blankpage.ee\/_ruumist-ruumi\/wp-json\/wp\/v2\/product\/170295","targetHints":{"allow":["GET"]}}],"collection":[{"href":"https:\/\/blankpage.ee\/_ruumist-ruumi\/wp-json\/wp\/v2\/product"}],"about":[{"href":"https:\/\/blankpage.ee\/_ruumist-ruumi\/wp-json\/wp\/v2\/types\/product"}],"replies":[{"embeddable":true,"href":"https:\/\/blankpage.ee\/_ruumist-ruumi\/wp-json\/wp\/v2\/comments?post=170295"}],"wp:featuredmedia":[{"embeddable":true,"href":"https:\/\/blankpage.ee\/_ruumist-ruumi\/wp-json\/wp\/v2\/media\/170297"}],"wp:attachment":[{"href":"https:\/\/blankpage.ee\/_ruumist-ruumi\/wp-json\/wp\/v2\/media?parent=170295"}],"wp:term":[{"taxonomy":"product_brand","embeddable":true,"href":"https:\/\/blankpage.ee\/_ruumist-ruumi\/wp-json\/wp\/v2\/product_brand?post=170295"},{"taxonomy":"product_cat","embeddable":true,"href":"https:\/\/blankpage.ee\/_ruumist-ruumi\/wp-json\/wp\/v2\/product_cat?post=170295"},{"taxonomy":"product_tag","embeddable":true,"href":"https:\/\/blankpage.ee\/_ruumist-ruumi\/wp-json\/wp\/v2\/product_tag?post=170295"}],"curies":[{"name":"wp","href":"https:\/\/api.w.org\/{rel}","templated":true}]}}