{"id":170372,"date":"2025-04-18T18:51:14","date_gmt":"2025-04-18T18:51:14","guid":{"rendered":"https:\/\/ruumistruumi.ee\/pood\/nutikas-universaalpult-imou-ir1-wi-fi-ir-alexa-google-assistant\/"},"modified":"2025-08-21T08:19:33","modified_gmt":"2025-08-21T08:19:33","slug":"nutikas-universaalpult-imou-ir1-wi-fi-ir-alexa-google-assistant","status":"publish","type":"product","link":"https:\/\/blankpage.ee\/_ruumist-ruumi\/pood\/nutikas-universaalpult-imou-ir1-wi-fi-ir-alexa-google-assistant\/","title":{"rendered":"Nutikas universaalpult Imou IR1 (Wi-Fi, IR, Alexa, Google Assistant)"},"content":{"rendered":"<h3>Nutikas universaalpult Imou IR1<\/h3>\n<p>Nutikas universaalpult Imou IR1 muudab Sinu kodu mugavamaks ning v\u00f5imaldab kontrollida erinevaid seadmeid nii mobiilirakenduse kui ka h\u00e4\u00e4lk\u00e4sklustega. Looge t\u00f6\u00f6graafikuid ja automatiseeri seadmete juhtimist, et igap\u00e4evaelu oleks lihtsam ja sujuvam. Seade \u00fchildub enam kui 8000 erineva infrapuna-seadmega, sh telerid, digiboksid, ventilaatorid, valgustid, projektorid ja k\u00f5larid.<\/p>\n<p><img decoding=\"async\" src=\"https:\/\/blankpage.ee\/_ruumist-ruumi\/wp-content\/uploads\/2025\/04\/4-225.webp\" alt=\"Nutikas universaalpult Imou IR1 musta korpusega\"\/><\/p>\n<h3>K\u00f5ik seadmed \u00fches kohas \u2013 universaalne juhtimine l\u00e4bi rakenduse<\/h3>\n<p>Unusta erinevate pultide segadus! Nutikas universaalpult v\u00f5imaldab juhtida koduseadmeid mugava rakenduse kaudu. Kogu valgustuse ja muude seadmete juhtimine on vaid nupuvajutuse kaugusel ning ligip\u00e4\u00e4su saad jagada kogu perega.<\/p>\n<p><img decoding=\"async\" src=\"https:\/\/blankpage.ee\/_ruumist-ruumi\/wp-content\/uploads\/2025\/04\/2-266.webp\" alt=\"Imou IR1 universaalpult nutitelefoni rakenduse vaates\"\/><\/p>\n<h3>H\u00e4\u00e4ljuhtimine Alexa ja Google Assistantiga<\/h3>\n<p>Kui telefon pole k\u00e4ep\u00e4rast, saad kasutada nutikat universaalpulti l\u00e4bi Alexa v\u00f5i Google Assistanti h\u00e4\u00e4lk\u00e4skluste. Lihtsate k\u00e4sklustega saad sisse l\u00fclitada n\u00e4iteks teleri v\u00f5i valguse \u2013 mugav ja t\u00e4nap\u00e4evane nutiseadmete juhtimine!<\/p>\n<p><img decoding=\"async\" src=\"https:\/\/blankpage.ee\/_ruumist-ruumi\/wp-content\/uploads\/2025\/04\/1-251.webp\" alt=\"H\u00e4\u00e4lk\u00e4sklustega juhitav nutikas universaalpult\"\/><\/p>\n<h3>Lai \u00fchilduvus ja mugav seadistamine<\/h3>\n<p>Imou IR1 toetab \u00fcle 8000 seadme ning sobib enamikele infrapunaga juhitavatele seadmetele. Seadistamine toimub lihtsalt l\u00e4bi rakenduse ning \u00fchilduvad telerid, digiboksid, konditsioneerid ja teised kodumasinad.<\/p>\n<p><img decoding=\"async\" src=\"https:\/\/blankpage.ee\/_ruumist-ruumi\/wp-content\/uploads\/2025\/04\/6-187.webp\" alt=\"Koduseadmete laialdane \u00fchilduvus nutika universaalpuldiga\"\/><\/p>\n<h3>Automaatika ja ajastused mugavamaks eluks<\/h3>\n<p>Rakenduse kaudu saab luua ajastusi ja taimerid erinevatele seadmetele. N\u00e4iteks panna ventilaatori t\u00f6\u00f6le enne t\u00f6\u00f6koju naasmist v\u00f5i seadistada valgustus s\u00fcttima teatud kellaajal. Nutikas universaalpult v\u00f5imaldab nutikat kodu h\u00f5lpsalt hallata telefonist.<\/p>\n<p><img decoding=\"async\" src=\"https:\/\/blankpage.ee\/_ruumist-ruumi\/wp-content\/uploads\/2025\/04\/5-205.webp\" alt=\"Nutika universaalpuldiga loodud seadmete ajastusfunktsioonid\"\/><\/p>\n<h3>Tehnilised andmed<\/h3>\n<table>\n<tr>\n<th>Tootja<\/th>\n<td>Imou<\/td>\n<\/tr>\n<tr>\n<th>Mudel<\/th>\n<td>IR1<\/td>\n<\/tr>\n<tr>\n<th>Infrapuna sagedus<\/th>\n<td>38 kHz<\/td>\n<\/tr>\n<tr>\n<th>Levikusuund<\/th>\n<td>Multisuunaline infrapuna<\/td>\n<\/tr>\n<tr>\n<th>Levitusulatus<\/th>\n<td>Kuni 8 m<\/td>\n<\/tr>\n<tr>\n<th>Juhtimise nurk<\/th>\n<td>360\u00b0<\/td>\n<\/tr>\n<tr>\n<th>Ootere\u017eiimi v\u00f5imsus<\/th>\n<td>\u2264 0,4 W<\/td>\n<\/tr>\n<tr>\n<th>T\u00f6\u00f6ping<\/th>\n<td>DC 5 V 1 A, micro USB<\/td>\n<\/tr>\n<tr>\n<th>\u00dchenduvus<\/th>\n<td>Wi-Fi 802.11 b\/g\/n, BLE 5.0<\/td>\n<\/tr>\n<tr>\n<th>Andmesagedus<\/th>\n<td>2,4 GHz<\/td>\n<\/tr>\n<tr>\n<th>Side ulatus<\/th>\n<td>Kuni 70 m<\/td>\n<\/tr>\n<tr>\n<th>T\u00f6\u00f6temperatuur<\/th>\n<td>-10\u00b0C kuni 50\u00b0C<\/td>\n<\/tr>\n<tr>\n<th>\u00d5huniiskus<\/th>\n<td>\u2264 85% RH<\/td>\n<\/tr>\n<tr>\n<th>M\u00f5\u00f5tmed<\/th>\n<td>67,7 \u00d7 67,7 \u00d7 34 mm<\/td>\n<\/tr>\n<tr>\n<th>Sobivad seadmed<\/th>\n<td>Konditsioneerid, telerid, digiboksid, ventilaatorid, elektriradiaatorid jm.<\/td>\n<\/tr>\n<\/table>\n<h3>Komplekti kuulub<\/h3>\n<ul>\n<li>Imou IR1 nutikas universaalpult<\/li>\n<li>Kaart<\/li>\n<li>L\u00fchike kasutusjuhend<\/li>\n<\/ul>\n<p>Nutikas universaalpult Imou IR1 toob Sinu koju kaasaegse mugavuse, v\u00f5imaldades tsentraalselt hallata pea k\u00f5iki koduseadmeid lihtsalt ja t\u00f5husalt.<\/p>\n","protected":false},"excerpt":{"rendered":"<p>Nutikas universaalpult Imou IR1 Nutikas universaalpult Imou IR1 muudab Sinu kodu mugavamaks ning v\u00f5imaldab kontrollida erinevaid seadmeid nii mobiilirakenduse kui ka h\u00e4\u00e4lk\u00e4sklustega. Looge t\u00f6\u00f6graafikuid ja automatiseeri seadmete juhtimist, et igap\u00e4evaelu oleks lihtsam ja sujuvam. Seade \u00fchildub enam kui 8000 erineva infrapuna-seadmega, sh telerid, digiboksid, ventilaatorid, valgustid, projektorid ja k\u00f5larid. K\u00f5ik seadmed \u00fches kohas \u2013 universaalne [&hellip;]<\/p>\n","protected":false},"featured_media":170378,"comment_status":"open","ping_status":"open","template":"","meta":[],"product_brand":[3003],"product_cat":[3039],"product_tag":[],"class_list":{"0":"post-170372","1":"product","2":"type-product","3":"status-publish","4":"has-post-thumbnail","6":"product_brand-imou","7":"product_cat-lulitid","8":"product_shipping_class-innpro","10":"first","11":"outofstock","12":"sale","13":"taxable","14":"shipping-taxable","15":"purchasable","16":"product-type-simple"},"_links":{"self":[{"href":"https:\/\/blankpage.ee\/_ruumist-ruumi\/wp-json\/wp\/v2\/product\/170372","targetHints":{"allow":["GET"]}}],"collection":[{"href":"https:\/\/blankpage.ee\/_ruumist-ruumi\/wp-json\/wp\/v2\/product"}],"about":[{"href":"https:\/\/blankpage.ee\/_ruumist-ruumi\/wp-json\/wp\/v2\/types\/product"}],"replies":[{"embeddable":true,"href":"https:\/\/blankpage.ee\/_ruumist-ruumi\/wp-json\/wp\/v2\/comments?post=170372"}],"wp:featuredmedia":[{"embeddable":true,"href":"https:\/\/blankpage.ee\/_ruumist-ruumi\/wp-json\/wp\/v2\/media\/170378"}],"wp:attachment":[{"href":"https:\/\/blankpage.ee\/_ruumist-ruumi\/wp-json\/wp\/v2\/media?parent=170372"}],"wp:term":[{"taxonomy":"product_brand","embeddable":true,"href":"https:\/\/blankpage.ee\/_ruumist-ruumi\/wp-json\/wp\/v2\/product_brand?post=170372"},{"taxonomy":"product_cat","embeddable":true,"href":"https:\/\/blankpage.ee\/_ruumist-ruumi\/wp-json\/wp\/v2\/product_cat?post=170372"},{"taxonomy":"product_tag","embeddable":true,"href":"https:\/\/blankpage.ee\/_ruumist-ruumi\/wp-json\/wp\/v2\/product_tag?post=170372"}],"curies":[{"name":"wp","href":"https:\/\/api.w.org\/{rel}","templated":true}]}}