{"id":170407,"date":"2025-04-18T18:51:14","date_gmt":"2025-04-18T18:51:14","guid":{"rendered":"https:\/\/ruumistruumi.ee\/pood\/wifi-turvakaamera-imou-ranger-2c-3mp-360-sisevalvekaamera-h-265\/"},"modified":"2025-08-21T08:19:33","modified_gmt":"2025-08-21T08:19:33","slug":"wifi-turvakaamera-imou-ranger-2c-3mp-360-sisevalvekaamera-h-265","status":"publish","type":"product","link":"https:\/\/blankpage.ee\/_ruumist-ruumi\/pood\/wifi-turvakaamera-imou-ranger-2c-3mp-360-sisevalvekaamera-h-265\/","title":{"rendered":"WiFi turvakaamera Imou Ranger 2C 3MP 360\u00b0 sisevalvekaamera H.265"},"content":{"rendered":"<h3>WiFi turvakaamera Imou Ranger 2C 3MP 360\u00b0 sisevalvekaamera<\/h3>\n<p>WiFi turvakaamera Imou Ranger 2C on mitmek\u00fclgne ja usaldusv\u00e4\u00e4rne lahendus kodu v\u00f5i v\u00e4ikekontori siseruumide j\u00e4lgimiseks. 3MP (2304 \u00d7 1296) eraldusv\u00f5ime annab selge ja detailse 2K videopildi. Lai panoraamv\u00f5imekus \u2013 p\u00f6\u00f6rleb horisontaalselt 355\u00b0 ja vertikaalselt -5\u00b0 kuni 80\u00b0 \u2013 v\u00f5imaldab h\u00f5lpsalt katta kogu ruumi j\u00e4\u00e4des samas m\u00e4rkamatuks.<\/p>\n<p><img decoding=\"async\" src=\"https:\/\/blankpage.ee\/_ruumist-ruumi\/wp-content\/uploads\/2025\/04\/4-228.webp\" alt=\"Imou Ranger 2C WiFi turvakaamera, valge sisevalvekaamera t\u00f6\u00f6s kodus\"\/><\/p>\n<h3>J\u00e4lgi kogu ruumi korraga<\/h3>\n<p>Imou turvakaamera \u00fchildub H.264\/H.265 koodekitega ning digitaalsuum v\u00f5imaldab vaadata \u00fcksikasju l\u00e4hemalt. Integreeritud infrapuna-LED-id v\u00f5imaldavad kuni 10 meetri ulatuses kvaliteetset \u00f6\u00f6n\u00e4gemist. Lai 83\u00b0 horisontaalne ja 46\u00b0 vertikaalne vaatenurk annab hea \u00fclevaate igast ruumist, tagades kogu ala j\u00e4lgimise.<\/p>\n<p><img decoding=\"async\" src=\"https:\/\/blankpage.ee\/_ruumist-ruumi\/wp-content\/uploads\/2025\/04\/5-208.webp\" alt=\"WiFi valvekaamera lai vaatenurk ning panoraamfunktsiooniga Imou Ranger 2C\"\/><\/p>\n<h3>Usaldusv\u00e4\u00e4rne valve ja nutikas liikumistuvastus<\/h3>\n<p>Sisseehitatud liikumis- ja heliandur saadab nutitelefoni kohe teavituse, kui WiFi turvakaamera tuvastab liikumise v\u00f5i ebatavalise m\u00fcra, n\u00e4iteks lapse nuttu. Helisignaal aitab peletada soovimatud k\u00fclalised. Smart Tracking funktsioon j\u00e4lgib automaatselt liikuvaid objekte, focus&#8217;ides need alati kaadrisse.<\/p>\n<p><img decoding=\"async\" src=\"https:\/\/blankpage.ee\/_ruumist-ruumi\/wp-content\/uploads\/2025\/04\/8-86.webp\" alt=\"Liikumisanduriga sisevalvekaamera j\u00e4lgimas inimest ruumis\"\/><\/p>\n<h3>K\u00f5nele ja kuula \u2013 kahepoolne audio<\/h3>\n<p>Kaameras on sisseehitatud k\u00f5lar ja mikrofon, mis v\u00f5imaldavad mugavalt suhelda pereliikmete, k\u00fclaliste v\u00f5i kulleriga otse l\u00e4bi kaamera. See muudab suhtluse eriti lihtsaks isegi siis, kui sind endal kodus ei ole.<\/p>\n<p><img decoding=\"async\" src=\"https:\/\/blankpage.ee\/_ruumist-ruumi\/wp-content\/uploads\/2025\/04\/3-244.webp\" alt=\"Turvakaamera sisseehitatud mikrofoniga ja k\u00f5lariga Imou Ranger 2C\"\/><\/p>\n<h3>K\u00f5ik oluline juhtimine Imou Life rakendusega<\/h3>\n<p>Tasuta Imou Life \u00e4pp v\u00f5imaldab kaamerat hallata, j\u00e4lgitavaid piirkondi m\u00e4\u00e4rata, salvestisi vaadata ja objektiivi vajadusel privaatsuse eesm\u00e4rgil varjata. K\u00f5ik seadistusv\u00f5imalused on nutitelefonist kiiresti k\u00e4ttesaadavad.<\/p>\n<p><img decoding=\"async\" src=\"https:\/\/blankpage.ee\/_ruumist-ruumi\/wp-content\/uploads\/2025\/04\/6-190.webp\" alt=\"Imou Life \u00e4ppiga WiFi turvakaamera juhtimine nutitelefonis\"\/><\/p>\n<h3>Paindlikud salvestusv\u00f5imalused igale vajadusele<\/h3>\n<p>Salvestisi saab hoida microSD-kaardil (kuni 256 GB), v\u00f5rgu salvestusseadmes (NVR) v\u00f5i turvalises Imou pilveteenuses. Pilveteenuse uued kasutajad saavad 30-p\u00e4evase tasuta prooviperioodi. WiFi turvakaamera toetab mitmeid salvestamisviise, mis v\u00f5imaldavad valida just sinu vajadustele sobivaima lahenduse.<\/p>\n<p><img decoding=\"async\" src=\"https:\/\/blankpage.ee\/_ruumist-ruumi\/wp-content\/uploads\/2025\/04\/7-156.webp\" alt=\"Turvakaamera salvestusv\u00f5imalused: microSD, v\u00f5rgusalvestus ja pilveteenus\"\/><\/p>\n<h3>Komplektis<\/h3>\n<ul>\n<li>Imou Ranger 2C WiFi turvakaamera<\/li>\n<li>Toiteadapter ja -kaabel<\/li>\n<li>Kinnitustarvikud (kruvid, plaat, mall)<\/li>\n<li>Kasutusjuhend<\/li>\n<\/ul>\n<h3>Tehnilised andmed<\/h3>\n<table>\n<tr>\n<th>Tootja<\/th>\n<td>Imou<\/td>\n<\/tr>\n<tr>\n<th>Mudel<\/th>\n<td>IPC-K2ECP-3H1W<\/td>\n<\/tr>\n<tr>\n<th>Sensor<\/th>\n<td>1\/2.8&#8243; CMOS<\/td>\n<\/tr>\n<tr>\n<th>Lahutusv\u00f5ime<\/th>\n<td>3MP (2304 \u00d7 1296)<\/td>\n<\/tr>\n<tr>\n<th>\u00d6\u00f6n\u00e4gemine<\/th>\n<td>Kuni 10 m<\/td>\n<\/tr>\n<tr>\n<th>Vaatenurk<\/th>\n<td>83\u00b0 (horisontaalne), 46\u00b0 (vertikaalne)<\/td>\n<\/tr>\n<tr>\n<th>Salvestamine<\/th>\n<td>microSD (kuni 256 GB), NVR, pilveteenus<\/td>\n<\/tr>\n<tr>\n<th>\u00dchenduvus<\/th>\n<td>Wi\u2011Fi 802.11 b\/g\/n (kuni 50 m avatud alal)<\/td>\n<\/tr>\n<tr>\n<th>Toide<\/th>\n<td>DC 5V 1A<\/td>\n<\/tr>\n<tr>\n<th>M\u00f5\u00f5tmed<\/th>\n<td>83 \u00d7 83 \u00d7 106,1 mm<\/td>\n<\/tr>\n<tr>\n<th>Kaal<\/th>\n<td>201 g<\/td>\n<\/tr>\n<\/table>\n","protected":false},"excerpt":{"rendered":"<p>WiFi turvakaamera Imou Ranger 2C 3MP 360\u00b0 sisevalvekaamera WiFi turvakaamera Imou Ranger 2C on mitmek\u00fclgne ja usaldusv\u00e4\u00e4rne lahendus kodu v\u00f5i v\u00e4ikekontori siseruumide j\u00e4lgimiseks. 3MP (2304 \u00d7 1296) eraldusv\u00f5ime annab selge ja detailse 2K videopildi. Lai panoraamv\u00f5imekus \u2013 p\u00f6\u00f6rleb horisontaalselt 355\u00b0 ja vertikaalselt -5\u00b0 kuni 80\u00b0 \u2013 v\u00f5imaldab h\u00f5lpsalt katta kogu ruumi j\u00e4\u00e4des samas m\u00e4rkamatuks. J\u00e4lgi [&hellip;]<\/p>\n","protected":false},"featured_media":170414,"comment_status":"open","ping_status":"open","template":"","meta":[],"product_brand":[3003],"product_cat":[3056],"product_tag":[],"class_list":{"0":"post-170407","1":"product","2":"type-product","3":"status-publish","4":"has-post-thumbnail","6":"product_brand-imou","7":"product_cat-ip-kaamerad","8":"product_shipping_class-innpro","10":"first","11":"instock","12":"sale","13":"taxable","14":"shipping-taxable","15":"purchasable","16":"product-type-simple"},"_links":{"self":[{"href":"https:\/\/blankpage.ee\/_ruumist-ruumi\/wp-json\/wp\/v2\/product\/170407","targetHints":{"allow":["GET"]}}],"collection":[{"href":"https:\/\/blankpage.ee\/_ruumist-ruumi\/wp-json\/wp\/v2\/product"}],"about":[{"href":"https:\/\/blankpage.ee\/_ruumist-ruumi\/wp-json\/wp\/v2\/types\/product"}],"replies":[{"embeddable":true,"href":"https:\/\/blankpage.ee\/_ruumist-ruumi\/wp-json\/wp\/v2\/comments?post=170407"}],"wp:featuredmedia":[{"embeddable":true,"href":"https:\/\/blankpage.ee\/_ruumist-ruumi\/wp-json\/wp\/v2\/media\/170414"}],"wp:attachment":[{"href":"https:\/\/blankpage.ee\/_ruumist-ruumi\/wp-json\/wp\/v2\/media?parent=170407"}],"wp:term":[{"taxonomy":"product_brand","embeddable":true,"href":"https:\/\/blankpage.ee\/_ruumist-ruumi\/wp-json\/wp\/v2\/product_brand?post=170407"},{"taxonomy":"product_cat","embeddable":true,"href":"https:\/\/blankpage.ee\/_ruumist-ruumi\/wp-json\/wp\/v2\/product_cat?post=170407"},{"taxonomy":"product_tag","embeddable":true,"href":"https:\/\/blankpage.ee\/_ruumist-ruumi\/wp-json\/wp\/v2\/product_tag?post=170407"}],"curies":[{"name":"wp","href":"https:\/\/api.w.org\/{rel}","templated":true}]}}