{"id":170450,"date":"2025-04-18T18:54:04","date_gmt":"2025-04-18T18:54:04","guid":{"rendered":"https:\/\/ruumistruumi.ee\/pood\/nutikas-din-relee-energiatarbimise-mootjaga-shelly-qubino-pro-2pm-z-wave-din-liistule\/"},"modified":"2025-08-21T08:19:32","modified_gmt":"2025-08-21T08:19:32","slug":"nutikas-din-relee-energiatarbimise-mootjaga-shelly-qubino-pro-2pm-z-wave-din-liistule","status":"publish","type":"product","link":"https:\/\/blankpage.ee\/_ruumist-ruumi\/pood\/nutikas-din-relee-energiatarbimise-mootjaga-shelly-qubino-pro-2pm-z-wave-din-liistule\/","title":{"rendered":"Nutikas DIN relee energiatarbimise m\u00f5\u00f5tjaga Shelly Qubino Pro 2PM, Z-Wave, DIN-liistule"},"content":{"rendered":"<h3>Nutikas DIN relee Shelly Qubino Pro 2PM \u2013 kahekanaliline relee energiatarbimise m\u00f5\u00f5tmisega<\/h3>\n<p>Nutikas DIN relee Shelly Qubino Pro 2PM on kahekanaliline relee, mis v\u00f5imaldab mugavalt juhtida koduseid elektriseadmeid ja valgustust otse elektrikilbist, paigaldades seadme standardsele DIN-liistule. T\u00e4nu potentsiaalivabadele kontaktidele sobib see lahendus erineva pingetasemega seadmetele ning v\u00f5imaldab mitmek\u00fclgset haldust. Iga kanal suudab kanda kuni 16 amprit (kokku maksimaalselt 25 amprit), mist\u00f5ttu sobib seade ka suurema v\u00f5imsusega rakendustesse.<\/p>\n<p>Lisaks toetab nutikas DIN relee t\u00e4pset energiatarbimise m\u00f5\u00f5tmist, aidates j\u00e4lgida ja optimeerida kodu elektrikasutust ning hoida kulud kontrolli all.<\/p>\n<p><img decoding=\"async\" src=\"https:\/\/blankpage.ee\/_ruumist-ruumi\/wp-content\/uploads\/2025\/04\/4-232.webp\" alt=\"nutikas DIN relee Shelly Qubino Pro 2PM mustal taustal\"\/><\/p>\n<h3>Laiad kasutusv\u00f5imalused koduautomaatikas ja elektris\u00fcsteemides<\/h3>\n<p>Shelly Qubino Pro 2PM sobib suurep\u00e4raselt valgustuse, k\u00fctte, ventilatsiooni ja mitmesuguste muude elektriseadmete juhtimiseks. See Z-Wave tugi v\u00f5imaldab kasutada automaatseid ajakavasid, stseene ja s\u00fcndmusp\u00f5hiseid juhtimisahelaid, muutes kodu juhtimise t\u00f5eliselt nutikaks ning mugavaks.\n<\/p>\n<p><img decoding=\"async\" src=\"https:\/\/blankpage.ee\/_ruumist-ruumi\/wp-content\/uploads\/2025\/04\/1-258.webp\" alt=\"DIN-liistule paigaldatud kahekanaliline nutikas relee elektrikilbis\"\/><\/p>\n<div class=\"table-wrapper\">\n<h3>Tehnilised andmed \u2013 nutikas DIN relee<\/h3>\n<table>\n<tbody>\n<tr>\n<th>Tootja<\/th>\n<td>Shelly<\/td>\n<\/tr>\n<tr>\n<th>Toiteallikas<\/th>\n<td>110\u2013240 V AC, 50\/60 Hz<\/td>\n<\/tr>\n<tr>\n<th>Energiatarve<\/th>\n<td>&lt; 0,3 W<\/td>\n<\/tr>\n<tr>\n<th>Energia m\u00f5\u00f5tmine<\/th>\n<td>Jah<\/td>\n<\/tr>\n<tr>\n<th>Maks. l\u00fclituspinge AC<\/th>\n<td>240 V<\/td>\n<\/tr>\n<tr>\n<th>Maks. l\u00fclitusvool<\/th>\n<td>16 A kanalil, 25 A kokku<\/td>\n<\/tr>\n<tr>\n<th>Kaitse \u00fclekuumenemise, \u00fclekoormuse ja \u00fclepinge eest<\/th>\n<td>Jah<\/td>\n<\/tr>\n<tr>\n<th>T\u00f6\u00f6raadius siseruumides<\/th>\n<td>Kuni 40 m<\/td>\n<\/tr>\n<tr>\n<th>Z-Wave\u00ae v\u00f5imendi<\/th>\n<td>Jah<\/td>\n<\/tr>\n<tr>\n<th>Protsessor<\/th>\n<td>Z-Wave\u00ae S800<\/td>\n<\/tr>\n<tr>\n<th>Z-Wave\u00ae sagedusvahemikud<\/th>\n<td>868.4 MHz, 865.2 MHz, 869.0 MHz, 921.4 MHz, 908.4 MHz, 916 MHz, 919.8 MHz, 922.5 MHz, 919.7-921.7-923.7 MHz, 868.1 MHz, 920.9 MHz<\/td>\n<\/tr>\n<tr>\n<th>Maks. saatja v\u00f5imsus<\/th>\n<td>&lt; 25 mW<\/td>\n<\/tr>\n<tr>\n<th>M\u00f5\u00f5dud<\/th>\n<td>94 \u00d7 19 \u00d7 69 mm<\/td>\n<\/tr>\n<tr>\n<th>Kaal<\/th>\n<td>75 g<\/td>\n<\/tr>\n<tr>\n<th>Paigaldus<\/th>\n<td>DIN-liist<\/td>\n<\/tr>\n<tr>\n<th>Korpus<\/th>\n<td>Plastik<\/td>\n<\/tr>\n<tr>\n<th>V\u00e4rvus<\/th>\n<td>Hall<\/td>\n<\/tr>\n<tr>\n<th>T\u00f6\u00f6keskkonna temperatuur<\/th>\n<td>\u221220\u00b0C kuni 40\u00b0C<\/td>\n<\/tr>\n<tr>\n<th>\u00d5huniiskus<\/th>\n<td>30%\u201370% RH<\/td>\n<\/tr>\n<tr>\n<th>Maksimaalne paigaldusk\u00f5rgus<\/th>\n<td>2000 m<\/td>\n<\/tr>\n<\/tbody>\n<\/table>\n<\/div>\n","protected":false},"excerpt":{"rendered":"<p>Nutikas DIN relee Shelly Qubino Pro 2PM \u2013 kahekanaliline relee energiatarbimise m\u00f5\u00f5tmisega Nutikas DIN relee Shelly Qubino Pro 2PM on kahekanaliline relee, mis v\u00f5imaldab mugavalt juhtida koduseid elektriseadmeid ja valgustust otse elektrikilbist, paigaldades seadme standardsele DIN-liistule. T\u00e4nu potentsiaalivabadele kontaktidele sobib see lahendus erineva pingetasemega seadmetele ning v\u00f5imaldab mitmek\u00fclgset haldust. Iga kanal suudab kanda kuni 16 [&hellip;]<\/p>\n","protected":false},"featured_media":170453,"comment_status":"open","ping_status":"open","template":"","meta":[],"product_brand":[3069],"product_cat":[3043],"product_tag":[],"class_list":{"0":"post-170450","1":"product","2":"type-product","3":"status-publish","4":"has-post-thumbnail","6":"product_brand-shelly","7":"product_cat-nutikontrollerid","8":"product_shipping_class-innpro","10":"first","11":"instock","12":"sale","13":"taxable","14":"shipping-taxable","15":"purchasable","16":"product-type-simple"},"_links":{"self":[{"href":"https:\/\/blankpage.ee\/_ruumist-ruumi\/wp-json\/wp\/v2\/product\/170450","targetHints":{"allow":["GET"]}}],"collection":[{"href":"https:\/\/blankpage.ee\/_ruumist-ruumi\/wp-json\/wp\/v2\/product"}],"about":[{"href":"https:\/\/blankpage.ee\/_ruumist-ruumi\/wp-json\/wp\/v2\/types\/product"}],"replies":[{"embeddable":true,"href":"https:\/\/blankpage.ee\/_ruumist-ruumi\/wp-json\/wp\/v2\/comments?post=170450"}],"wp:featuredmedia":[{"embeddable":true,"href":"https:\/\/blankpage.ee\/_ruumist-ruumi\/wp-json\/wp\/v2\/media\/170453"}],"wp:attachment":[{"href":"https:\/\/blankpage.ee\/_ruumist-ruumi\/wp-json\/wp\/v2\/media?parent=170450"}],"wp:term":[{"taxonomy":"product_brand","embeddable":true,"href":"https:\/\/blankpage.ee\/_ruumist-ruumi\/wp-json\/wp\/v2\/product_brand?post=170450"},{"taxonomy":"product_cat","embeddable":true,"href":"https:\/\/blankpage.ee\/_ruumist-ruumi\/wp-json\/wp\/v2\/product_cat?post=170450"},{"taxonomy":"product_tag","embeddable":true,"href":"https:\/\/blankpage.ee\/_ruumist-ruumi\/wp-json\/wp\/v2\/product_tag?post=170450"}],"curies":[{"name":"wp","href":"https:\/\/api.w.org\/{rel}","templated":true}]}}