{"id":170467,"date":"2025-04-18T18:54:04","date_gmt":"2025-04-18T18:54:04","guid":{"rendered":"https:\/\/ruumistruumi.ee\/pood\/nutikas-veelekkeandur-gosund-st19-zigbee-tuya-1-m-kaabel-patareitoide\/"},"modified":"2025-08-21T08:19:32","modified_gmt":"2025-08-21T08:19:32","slug":"nutikas-veelekkeandur-gosund-st19-zigbee-tuya-1-m-kaabel-patareitoide","status":"publish","type":"product","link":"https:\/\/blankpage.ee\/_ruumist-ruumi\/pood\/nutikas-veelekkeandur-gosund-st19-zigbee-tuya-1-m-kaabel-patareitoide\/","title":{"rendered":"Nutikas veelekkeandur Gosund ST19 ZigBee (Tuya, 1 m kaabel, patareitoide)"},"content":{"rendered":"<h3>Nutikas veelekkeandur Gosund ST19 ZigBee (Tuya, 1 m kaabel, patareitoide)<\/h3>\n<p>Nutikas veelekkeandur Gosund ST19 on usaldusv\u00e4\u00e4rne seade, mis tuvastab kiiresti p\u00f5randale sattunud vee ja saadab Sinu nutitelefonile kohese teavituse. See aitab ennetada veekahjusid ja v\u00f5imaldab kiiresti reageerida v\u00f5imalikele leketele, uputustele v\u00f5i veevarustuss\u00fcsteemi riketele kodus. Seade \u00fchildub nii Gosundi kui ka Tuya nutirakendustega, v\u00f5imaldades j\u00e4lgida anduri seisukorda reaalajas \u00fcksk\u00f5ik kust. Nutika veelekkeanduri kasutamiseks on vajalik ZigBee tugi (v\u00e4rav ei kuulu komplekti).<\/p>\n<p>\n<img decoding=\"async\" src=\"https:\/\/blankpage.ee\/_ruumist-ruumi\/wp-content\/uploads\/2025\/04\/4-234.webp\" alt=\"nutikas veelekkeandur Gosund ST19 ZigBee koos juhtmekomplekti ja rakenduse ikooniga\" \/>\n<\/p>\n<h3>Paindlik paigaldus ja t\u00f5hus lekete avastamine<\/h3>\n<p>1-meetrise kaabliga andur v\u00f5imaldab paigaldada seadme t\u00e4pselt sinna, kus on k\u00f5ige suurem veelekke oht \u2013 n\u00e4iteks k\u00f6\u00f6ki, vannituppa, keldrisse v\u00f5i pesumasina l\u00e4hedale. Veelekke tuvastamine toimub vahetult p\u00f5randapinnal, mis aitab ennetada veekahjusid algfaasis.<\/p>\n<p>\n<img decoding=\"async\" src=\"https:\/\/blankpage.ee\/_ruumist-ruumi\/wp-content\/uploads\/2025\/04\/2-270.webp\" alt=\"veelekkeandur paigaldatuna lauale k\u00f6\u00f6gi v\u00f5i vannitoa l\u00e4hedale\" \/>\n<\/p>\n<h3>Lihtne kasutusele v\u00f5tta<\/h3>\n<p>Nutikas veelekkeandur on lihtsasti paigaldatav: asetage seade p\u00f5randale piirkonda, kus lekkeoht on suurem. Kompaktsed m\u00f5\u00f5tmed (71 \u00d7 25 \u00d7 20 mm) ja kerge kaal (61 g) v\u00f5imaldavad selle m\u00e4rkamatult paigutada. LED-tuli annab visuaalselt m\u00e4rku anduri t\u00f6\u00f6st.<\/p>\n<p>\n<img decoding=\"async\" src=\"https:\/\/blankpage.ee\/_ruumist-ruumi\/wp-content\/uploads\/2025\/04\/6-191.webp\" alt=\"kompaktse suurusega veelekkeandur p\u00f5randal, millel t\u00f6\u00f6tab LED-tuli\" \/>\n<\/p>\n<h3>Kiired teavitused nutiseadmesse<\/h3>\n<p>Seade on \u00fchilduv nii Gosundi kui Tuya rakendustega ning saadab nutitelefoni kohe teavituse, kui tuvastab lekke. Nii saab kiiresti reageerida ja v\u00e4ltida suuremaid kahjustusi.<\/p>\n<p>\n<img decoding=\"async\" src=\"https:\/\/blankpage.ee\/_ruumist-ruumi\/wp-content\/uploads\/2025\/04\/1-260.webp\" alt=\"nutitelefoni ekraanilt kuvatakse teavitus veelekke tuvastamise kohta\" \/>\n<\/p>\n<h3>Pikaajaline t\u00f6\u00f6kindlus ja \u00f6konoomsus<\/h3>\n<p>Nutikas veelekkeandur t\u00f6\u00f6tab kahe AAA-t\u00fc\u00fcpi patareiga (ei kuulu komplekti), mis v\u00f5imaldavad kuni 6000 aktiveerimist. V\u00e4ga madal voolutarve (valveseisundis vaid 8 \u03bcA) ja patarei t\u00fchjenemise hoiatus tagavad usaldusv\u00e4\u00e4rse ja pikaajalise t\u00f6\u00f6.<\/p>\n<p>\n<img decoding=\"async\" src=\"https:\/\/blankpage.ee\/_ruumist-ruumi\/wp-content\/uploads\/2025\/04\/7-158.webp\" alt=\"veelekkeanduri avatud patareipesa detailvaade\" \/>\n<\/p>\n<h3>Tehnilised andmed<\/h3>\n<div class=\"table-wrapper\">\n<table>\n<tbody>\n<tr>\n<th>Tootja<\/th>\n<td>Gosund<\/td>\n<\/tr>\n<tr>\n<th>Mudel<\/th>\n<td>ST19<\/td>\n<\/tr>\n<tr>\n<th>Materjal<\/th>\n<td>ABS-plastik<\/td>\n<\/tr>\n<tr>\n<th>M\u00f5\u00f5tmed<\/th>\n<td>71 \u00d7 25 \u00d7 20 mm, kaabli pikkus 1 m<\/td>\n<\/tr>\n<tr>\n<th>Kaal<\/th>\n<td>61 g (ilma patareideta)<\/td>\n<\/tr>\n<tr>\n<th>LED-indikaator<\/th>\n<td>Punane<\/td>\n<\/tr>\n<tr>\n<th>Patareid<\/th>\n<td>2 \u00d7 AAA (LR03, 1,5 V, leelispatarei)<\/td>\n<\/tr>\n<tr>\n<th>Patareide eluiga<\/th>\n<td>Kuni 6000 aktiveerimist<\/td>\n<\/tr>\n<tr>\n<th>Valveseisundi voolutarve<\/th>\n<td>8 \u03bcA<\/td>\n<\/tr>\n<tr>\n<th>H\u00e4ire voolutarve<\/th>\n<td>70\u2013120 mA<\/td>\n<\/tr>\n<tr>\n<th>ZigBee sagedus<\/th>\n<td>2,4 GHz IEEE 802.15.4<\/td>\n<\/tr>\n<tr>\n<th>T\u00f6\u00f6temperatuuri vahemik<\/th>\n<td>0\u00b0C kuni 40\u00b0C<\/td>\n<\/tr>\n<tr>\n<th>T\u00f6\u00f6niiskuse vahemik<\/th>\n<td>20\u201385% RH<\/td>\n<\/tr>\n<tr>\n<th>Hoiustamistemperatuur<\/th>\n<td>0\u00b0C kuni 60\u00b0C<\/td>\n<\/tr>\n<tr>\n<th>Hoiustamisniiskus<\/th>\n<td>0\u201390% RH<\/td>\n<\/tr>\n<tr>\n<th>Sertifikaadid<\/th>\n<td>CE-RED, RoHS<\/td>\n<\/tr>\n<tr>\n<th>Tarkvaratoetus<\/th>\n<td>Gosund, Tuya<\/td>\n<\/tr>\n<\/tbody>\n<\/table>\n<\/div>\n","protected":false},"excerpt":{"rendered":"<p>Nutikas veelekkeandur Gosund ST19 ZigBee (Tuya, 1 m kaabel, patareitoide) Nutikas veelekkeandur Gosund ST19 on usaldusv\u00e4\u00e4rne seade, mis tuvastab kiiresti p\u00f5randale sattunud vee ja saadab Sinu nutitelefonile kohese teavituse. See aitab ennetada veekahjusid ja v\u00f5imaldab kiiresti reageerida v\u00f5imalikele leketele, uputustele v\u00f5i veevarustuss\u00fcsteemi riketele kodus. Seade \u00fchildub nii Gosundi kui ka Tuya nutirakendustega, v\u00f5imaldades j\u00e4lgida anduri [&hellip;]<\/p>\n","protected":false},"featured_media":170473,"comment_status":"open","ping_status":"open","template":"","meta":[],"product_brand":[2940],"product_cat":[3042],"product_tag":[],"class_list":{"0":"post-170467","1":"product","2":"type-product","3":"status-publish","4":"has-post-thumbnail","6":"product_brand-gosund","7":"product_cat-andurid","8":"product_shipping_class-innpro","10":"first","11":"instock","12":"sale","13":"taxable","14":"shipping-taxable","15":"purchasable","16":"product-type-simple"},"_links":{"self":[{"href":"https:\/\/blankpage.ee\/_ruumist-ruumi\/wp-json\/wp\/v2\/product\/170467","targetHints":{"allow":["GET"]}}],"collection":[{"href":"https:\/\/blankpage.ee\/_ruumist-ruumi\/wp-json\/wp\/v2\/product"}],"about":[{"href":"https:\/\/blankpage.ee\/_ruumist-ruumi\/wp-json\/wp\/v2\/types\/product"}],"replies":[{"embeddable":true,"href":"https:\/\/blankpage.ee\/_ruumist-ruumi\/wp-json\/wp\/v2\/comments?post=170467"}],"wp:featuredmedia":[{"embeddable":true,"href":"https:\/\/blankpage.ee\/_ruumist-ruumi\/wp-json\/wp\/v2\/media\/170473"}],"wp:attachment":[{"href":"https:\/\/blankpage.ee\/_ruumist-ruumi\/wp-json\/wp\/v2\/media?parent=170467"}],"wp:term":[{"taxonomy":"product_brand","embeddable":true,"href":"https:\/\/blankpage.ee\/_ruumist-ruumi\/wp-json\/wp\/v2\/product_brand?post=170467"},{"taxonomy":"product_cat","embeddable":true,"href":"https:\/\/blankpage.ee\/_ruumist-ruumi\/wp-json\/wp\/v2\/product_cat?post=170467"},{"taxonomy":"product_tag","embeddable":true,"href":"https:\/\/blankpage.ee\/_ruumist-ruumi\/wp-json\/wp\/v2\/product_tag?post=170467"}],"curies":[{"name":"wp","href":"https:\/\/api.w.org\/{rel}","templated":true}]}}