{"id":170513,"date":"2025-04-18T18:58:19","date_gmt":"2025-04-18T18:58:19","guid":{"rendered":"https:\/\/ruumistruumi.ee\/pood\/nutikas-ukselukk-avatto-sdl-a270-s-wi-fi-hobedane-5-avamisviisi-ip55\/"},"modified":"2025-08-21T08:19:30","modified_gmt":"2025-08-21T08:19:30","slug":"nutikas-ukselukk-avatto-sdl-a270-s-wi-fi-hobedane-5-avamisviisi-ip55","status":"publish","type":"product","link":"https:\/\/blankpage.ee\/_ruumist-ruumi\/pood\/nutikas-ukselukk-avatto-sdl-a270-s-wi-fi-hobedane-5-avamisviisi-ip55\/","title":{"rendered":"Nutikas ukselukk Avatto SDL-A270-S Wi-Fi (h\u00f5bedane, 5 avamisviisi, IP55)"},"content":{"rendered":"<h3>Nutikas ukselukk Avatto SDL-A270-S Wi-Fi (h\u00f5bedane)<\/h3>\n<p>Avasta uue p\u00f5lvkonna turvalisus, mida pakub Avatto nutikas ukselukk SDL-A270-S. See mitmek\u00fclgne ukselukk v\u00f5imaldab ust avada viie erineva meetodi abil: s\u00f5rmej\u00e4lg, IC-kaart, parool, mobiilirakendus v\u00f5i traditsiooniline v\u00f5ti. Sisseehitatud Wi-Fi moodul v\u00f5imaldab lukku \u00fchendada telefoniga ning j\u00e4lgida ja hallata ukse avamisi eemalt, olenemata sinu asukohast.<\/p>\n<p><img decoding=\"async\" border=\"0\" src=\"https:\/\/blankpage.ee\/_ruumist-ruumi\/wp-content\/uploads\/2025\/04\/5-212.webp\" alt=\"Avatto h\u00f5bedane nutikas ukselukk eestvaates ukse k\u00fcljes\" \/><\/p>\n<h3>Paindlikud avamisviisid<\/h3>\n<p>Avatto nutika ukseluku saab avada s\u00f5rmej\u00e4lje, IC-kaardi, parooli, rakenduse v\u00f5i v\u00f5tmega. Ukseluku kiire reageerimine (1\u20131,5 sekundit) tagab sujuva ja viivitusteta avamise iga kord.<\/p>\n<p><img decoding=\"async\" border=\"0\" src=\"https:\/\/blankpage.ee\/_ruumist-ruumi\/wp-content\/uploads\/2025\/04\/4-238.webp\" alt=\"Avatto nutika ukseluku erinevad avamisviisid: s\u00f5rmej\u00e4lg, parool, kaart, rakendus, v\u00f5ti\" \/><\/p>\n<h3>Ligip\u00e4\u00e4su haldamine ja kontroll<\/h3>\n<p>Loo unikaalseid ja ajaliselt piiratud koode erinevatele kasutajatele \u2013 t\u00e4iuslik lahendus nii kodudesse, \u00fc\u00fcrikorteritesse kui ka \u00e4riruumidesse. T\u00e4nu sellele saad lihtsalt j\u00e4lgida ja kontrollida, kes ja millal ust avab.<\/p>\n<p><img decoding=\"async\" border=\"0\" src=\"https:\/\/blankpage.ee\/_ruumist-ruumi\/wp-content\/uploads\/2025\/04\/7-162.webp\" alt=\"Digitaalse Avatto ukseluku ligip\u00e4\u00e4su koodide seadistamine rakenduses\" \/><\/p>\n<h3>Kaugjuhtimine mobiilirakendusega<\/h3>\n<p>Wi-Fi \u00fchenduvus v\u00f5imaldab Avatto nutika ukseluku avamist ja j\u00e4lgimist rakenduse Tuya Smart v\u00f5i Smart Life kaudu. Ligip\u00e4\u00e4su saad anda pereliikmetele v\u00f5i k\u00fclalistele otse telefonist ning turvalisust hallata igal ajal \u2013 s\u00f5ltumata oma asukohast.\n<\/p>\n<p><img decoding=\"async\" border=\"0\" src=\"https:\/\/blankpage.ee\/_ruumist-ruumi\/wp-content\/uploads\/2025\/04\/6-194.webp\" alt=\"Avatto nutika ukseluku kaugjuhtimine nutitelefoniga Tuya Smart rakenduses\" \/><\/p>\n<h3>Vastupidavus ja kindlus igap\u00e4evasel kasutusel<\/h3>\n<p>Avatto nutikas ukselukk t\u00f6\u00f6tab nelja AA-t\u00fc\u00fcpi leelispatareiga ning pakub kuni 10\u201312 kuud t\u00f6\u00f6aega. Kui patareid t\u00fchjenevad, saab luku avada v\u00e4lise akupanga abil USB kaudu. Seel\u00e4bi j\u00e4\u00e4b turvalisus tagatuks ka ootamatutes olukordades.<\/p>\n<p><img decoding=\"async\" border=\"0\" src=\"https:\/\/blankpage.ee\/_ruumist-ruumi\/wp-content\/uploads\/2025\/04\/2-272.webp\" alt=\"Avatto nutikas ukselukk \u2013 patareide vahetamine\" \/><\/p>\n<h3>Kestvus igas ilmastikus<\/h3>\n<p>IP55 kaitseklass tagab nutika ukseluku t\u00f6\u00f6kindluse vihmas, lumes ja temperatuuril -20\u00b0C kuni +50\u00b0C. Seade sobib kasutamiseks ka niisketes oludes (kuni 95% suhtelist \u00f5huniiskust). Nutikas ukselukk s\u00e4ilitab t\u00f6\u00f6kindluse aastaringselt igas olukorras.<\/p>\n<p><img decoding=\"async\" border=\"0\" src=\"https:\/\/blankpage.ee\/_ruumist-ruumi\/wp-content\/uploads\/2025\/04\/1-264.webp\" alt=\"IP55 kaitseklassiga nutikas ukselukk v\u00e4lisuksel\" \/><\/p>\n<div class=\"table-wrapper\">\n<table>\n<tbody>\n<tr>\n<th>Tootja<\/th>\n<td>Avatto<\/td>\n<\/tr>\n<tr>\n<th>Mudel<\/th>\n<td>SDL-A270-S -6072<\/td>\n<\/tr>\n<tr>\n<th>V\u00e4rv<\/th>\n<td>H\u00f5bedane<\/td>\n<\/tr>\n<tr>\n<th>Materjal<\/th>\n<td>Alumiinium, ABS-plastik, karastatud klaas<\/td>\n<\/tr>\n<tr>\n<th>Ukse paksus<\/th>\n<td>35\u201360 mm<\/td>\n<\/tr>\n<tr>\n<th>Toide<\/th>\n<td>4 &times; AA leelispatarei \/ 6V<\/td>\n<\/tr>\n<tr>\n<th>Patarei kestvus<\/th>\n<td>10\u201312 kuud<\/td>\n<\/tr>\n<tr>\n<th>Avamisv\u00f5imalused<\/th>\n<td>S\u00f5rmej\u00e4lg, IC-kaart, parool, rakendus, v\u00f5ti<\/td>\n<\/tr>\n<tr>\n<th>Avamise kiirus<\/th>\n<td>1\u20131,5 s<\/td>\n<\/tr>\n<tr>\n<th>\u00dchenduvus<\/th>\n<td>Wi-Fi<\/td>\n<\/tr>\n<tr>\n<th>\u00dchilduvus<\/th>\n<td>iOS 7.0 v\u00f5i uuem, Android 4.4 v\u00f5i uuem<\/td>\n<\/tr>\n<tr>\n<th>Rakendus<\/th>\n<td>Tuya Smart \/ Smart Life<\/td>\n<\/tr>\n<tr>\n<th>Seisvool<\/th>\n<td>&lt;50 \u00b5A<\/td>\n<\/tr>\n<tr>\n<th>T\u00f6\u00f6vool<\/th>\n<td>&lt;200 mA<\/td>\n<\/tr>\n<tr>\n<th>T\u00f6\u00f6tamistemperatuur<\/th>\n<td>-20&deg;C kuni +50&deg;C<\/td>\n<\/tr>\n<tr>\n<th>T\u00f6\u00f6niiskus<\/th>\n<td>10&ndash;95%<\/td>\n<\/tr>\n<tr>\n<th>Veekindlus<\/th>\n<td>IP55<\/td>\n<\/tr>\n<tr>\n<th>Saadaolevad keeled<\/th>\n<td>Hiina, inglise, hispaania, vene, saksa, indoneesia, portugali, araabia, kasahhi<\/td>\n<\/tr>\n<\/tbody>\n<\/table>\n<\/div>\n","protected":false},"excerpt":{"rendered":"<p>Nutikas ukselukk Avatto SDL-A270-S Wi-Fi (h\u00f5bedane) Avasta uue p\u00f5lvkonna turvalisus, mida pakub Avatto nutikas ukselukk SDL-A270-S. See mitmek\u00fclgne ukselukk v\u00f5imaldab ust avada viie erineva meetodi abil: s\u00f5rmej\u00e4lg, IC-kaart, parool, mobiilirakendus v\u00f5i traditsiooniline v\u00f5ti. Sisseehitatud Wi-Fi moodul v\u00f5imaldab lukku \u00fchendada telefoniga ning j\u00e4lgida ja hallata ukse avamisi eemalt, olenemata sinu asukohast. Paindlikud avamisviisid Avatto nutika ukseluku [&hellip;]<\/p>\n","protected":false},"featured_media":170520,"comment_status":"open","ping_status":"open","template":"","meta":[],"product_brand":[3063],"product_cat":[3044],"product_tag":[],"class_list":{"0":"post-170513","1":"product","2":"type-product","3":"status-publish","4":"has-post-thumbnail","6":"product_brand-avatto","7":"product_cat-juurdepaasu-kontroll","8":"product_shipping_class-innpro","10":"first","11":"instock","12":"sale","13":"taxable","14":"shipping-taxable","15":"purchasable","16":"product-type-simple"},"_links":{"self":[{"href":"https:\/\/blankpage.ee\/_ruumist-ruumi\/wp-json\/wp\/v2\/product\/170513","targetHints":{"allow":["GET"]}}],"collection":[{"href":"https:\/\/blankpage.ee\/_ruumist-ruumi\/wp-json\/wp\/v2\/product"}],"about":[{"href":"https:\/\/blankpage.ee\/_ruumist-ruumi\/wp-json\/wp\/v2\/types\/product"}],"replies":[{"embeddable":true,"href":"https:\/\/blankpage.ee\/_ruumist-ruumi\/wp-json\/wp\/v2\/comments?post=170513"}],"wp:featuredmedia":[{"embeddable":true,"href":"https:\/\/blankpage.ee\/_ruumist-ruumi\/wp-json\/wp\/v2\/media\/170520"}],"wp:attachment":[{"href":"https:\/\/blankpage.ee\/_ruumist-ruumi\/wp-json\/wp\/v2\/media?parent=170513"}],"wp:term":[{"taxonomy":"product_brand","embeddable":true,"href":"https:\/\/blankpage.ee\/_ruumist-ruumi\/wp-json\/wp\/v2\/product_brand?post=170513"},{"taxonomy":"product_cat","embeddable":true,"href":"https:\/\/blankpage.ee\/_ruumist-ruumi\/wp-json\/wp\/v2\/product_cat?post=170513"},{"taxonomy":"product_tag","embeddable":true,"href":"https:\/\/blankpage.ee\/_ruumist-ruumi\/wp-json\/wp\/v2\/product_tag?post=170513"}],"curies":[{"name":"wp","href":"https:\/\/api.w.org\/{rel}","templated":true}]}}