{"id":170548,"date":"2025-04-18T18:58:19","date_gmt":"2025-04-18T18:58:19","guid":{"rendered":"https:\/\/ruumistruumi.ee\/pood\/nutikas-ukselukk-sormejalje-ja-rakendusega-avatto-sdl-s1-s60-60-mm-hobedane\/"},"modified":"2025-08-21T08:19:31","modified_gmt":"2025-08-21T08:19:31","slug":"nutikas-ukselukk-sormejalje-ja-rakendusega-avatto-sdl-s1-s60-60-mm-hobedane","status":"publish","type":"product","link":"https:\/\/blankpage.ee\/_ruumist-ruumi\/pood\/nutikas-ukselukk-sormejalje-ja-rakendusega-avatto-sdl-s1-s60-60-mm-hobedane\/","title":{"rendered":"Nutikas ukselukk s\u00f5rmej\u00e4lje ja rakendusega Avatto SDL-S1-S60, 60 mm, h\u00f5bedane"},"content":{"rendered":"<h3>Nutikas ukselukk s\u00f5rmej\u00e4lje ja rakendusega Avatto SDL-S1-S60, 60 mm, h\u00f5bedane<\/h3>\n<p>Avatto SDL-S1-S60 nutikas ukselukk toob sinu uksele t\u00e4nap\u00e4evased turvalahendused ja mugavuse. Ukse saad avada mitmel viisil: kasutades s\u00f5rmej\u00e4lge, IC-kaarti, Tuya \u00e4ppi v\u00f5i tavav\u00f5tit. T\u00e4nu erinevatele avamisvariantidele sobib see lukk suurep\u00e4raselt nii koju, kontorisse kui ka \u00fc\u00fcripinnale.<\/p>\n<p>\n<img decoding=\"async\" src=\"https:\/\/blankpage.ee\/_ruumist-ruumi\/wp-content\/uploads\/2025\/04\/3-248.webp\" alt=\"H\u00f5bedane Avatto nutikas ukselukk l\u00e4hivaates\"\/>\n<\/p>\n<h3>Paindlikud avamisviisid nutikale ukselukule<\/h3>\n<ul>\n<li><b>S\u00f5rmej\u00e4lje lugeja:<\/b> Kiire ja turvaline ligip\u00e4\u00e4s vaid 0,3 sekundiga.<\/li>\n<li><b>IC-kaart:<\/b> Lihtne ning sobib ka lastele ning eakatele kasutajatele.<\/li>\n<li><b>Tuya rakendus:<\/b> Ukse avamine ja ligip\u00e4\u00e4su haldamine nutiseadmega kasv\u00f5i eemalt.<\/li>\n<li><b>Klassikaline v\u00f5ti:<\/b> V\u00f5imaldab vajadusel kasutada ka tavalist v\u00f5tit.<\/li>\n<\/ul>\n<p>\n<img decoding=\"async\" src=\"https:\/\/blankpage.ee\/_ruumist-ruumi\/wp-content\/uploads\/2025\/04\/8-89.webp\" alt=\"Avatto nutikal silindrilukul on erinevad avamisv\u00f5imalused\"\/>\n<\/p>\n<h3>Lihtne paigaldus\u2014painduv sobivus<\/h3>\n<p>Sellise nutika ukseluku paigaldus v\u00f5tab aega vaid umbes 10 minutit ja selleks piisab tavalisest kuuskantkruvikeerajast. Reguleeritava silindri pikkus v\u00f5imaldab kasutada luku peaaegu k\u00f5ikidel standardsetel ustel, mis teeb sellest nutika valiku lukusilindri uuendamiseks.<\/p>\n<p>\n<img decoding=\"async\" src=\"https:\/\/blankpage.ee\/_ruumist-ruumi\/wp-content\/uploads\/2025\/04\/6-195.webp\" alt=\"Silindriluku pa\u00edgaldus on lihtne ja kiire\"\/>\n<\/p>\n<h3>Kaugjuhtimine ja kasutajate haldus Tuya \u00e4piga<\/h3>\n<p>Tuya \u00e4pi abil saad juhtida uste avamist, j\u00e4lgida ligip\u00e4\u00e4suajalugu ning lisada v\u00f5i eemaldada kasutajaid k\u00f5ikjale interneti ulatuses. Rakendus v\u00f5imaldab ka nutikat pereliikmete haldust ja teavitusi.<\/p>\n<p>\n<img decoding=\"async\" src=\"https:\/\/blankpage.ee\/_ruumist-ruumi\/wp-content\/uploads\/2025\/04\/7-165.webp\" alt=\"Nutikas ukselukk Tuya rakenduse kaudu kaugjuhtimisel\"\/>\n<\/p>\n<h3>Nutikas ja energias\u00e4\u00e4stlik t\u00f6\u00f6<\/h3>\n<p>Nutikas ukselukk t\u00f6\u00f6tab CR123A leelispatareiga, et tagada pikk t\u00f6\u00f6aeg. Aku t\u00fchjenemise korral saad vastava hoiatuse, lisaks on lukul USB laadimisport, millega saab vajadusel v\u00e4lise toite \u00fchendada.<\/p>\n<p>\n<img decoding=\"async\" src=\"https:\/\/blankpage.ee\/_ruumist-ruumi\/wp-content\/uploads\/2025\/04\/1-267.webp\" alt=\"Avatto ukse silindriluku patarei lahendus\"\/>\n<\/p>\n<h3>Kvaliteet ja ilmastikukindlus<\/h3>\n<p>Avatto lukusilindri korpus on valmistatud vastupidavatest materjalidest. 360\u00b0 s\u00f5rmej\u00e4ljetuvastus t\u00f6\u00f6tab usaldusv\u00e4\u00e4rselt, seadmel on veekindel (IP-klass) korpus ning see sobib kasutamiseks ka keerulisemates oludes.<\/p>\n<p>\n<img decoding=\"async\" src=\"https:\/\/blankpage.ee\/_ruumist-ruumi\/wp-content\/uploads\/2025\/04\/4-241.webp\" alt=\"Veekindel h\u00f5bedane ukse silindrilukk l\u00e4hivaates\"\/>\n<\/p>\n<h3>Tehnilised andmed<\/h3>\n<table>\n<tr>\n<th>Tootja<\/th>\n<td>Avatto<\/td>\n<\/tr>\n<tr>\n<th>Mudel<\/th>\n<td>SDL-S1-S60<\/td>\n<\/tr>\n<tr>\n<th>Avamisviisid<\/th>\n<td>S\u00f5rmej\u00e4lg, IC-kaart, Tuya \u00e4pp, v\u00f5ti<\/td>\n<\/tr>\n<tr>\n<th>Toiteallikas<\/th>\n<td>CR123A leelispatarei<\/td>\n<\/tr>\n<tr>\n<th>S\u00f5rmej\u00e4lje tuvastusaeg<\/th>\n<td>0,3 sekundit<\/td>\n<\/tr>\n<tr>\n<th>Maksimaalne kasutajate arv<\/th>\n<td>Kuni 100<\/td>\n<\/tr>\n<tr>\n<th>\u00dchenduvus<\/th>\n<td>Bluetooth Low Energy (BLE)<\/td>\n<\/tr>\n<tr>\n<th>M\u00f5\u00f5tmed<\/th>\n<td>170 \u00d7 100 \u00d7 80 mm<\/td>\n<\/tr>\n<tr>\n<th>Silindri pikkus<\/th>\n<td>60 mm<\/td>\n<\/tr>\n<tr>\n<th>Kaal<\/th>\n<td>0,55 kg<\/td>\n<\/tr>\n<tr>\n<th>V\u00e4rvus<\/th>\n<td>H\u00f5bedane<\/td>\n<\/tr>\n<\/table>\n","protected":false},"excerpt":{"rendered":"<p>Nutikas ukselukk s\u00f5rmej\u00e4lje ja rakendusega Avatto SDL-S1-S60, 60 mm, h\u00f5bedane Avatto SDL-S1-S60 nutikas ukselukk toob sinu uksele t\u00e4nap\u00e4evased turvalahendused ja mugavuse. Ukse saad avada mitmel viisil: kasutades s\u00f5rmej\u00e4lge, IC-kaarti, Tuya \u00e4ppi v\u00f5i tavav\u00f5tit. T\u00e4nu erinevatele avamisvariantidele sobib see lukk suurep\u00e4raselt nii koju, kontorisse kui ka \u00fc\u00fcripinnale. Paindlikud avamisviisid nutikale ukselukule S\u00f5rmej\u00e4lje lugeja: Kiire ja turvaline [&hellip;]<\/p>\n","protected":false},"featured_media":170555,"comment_status":"open","ping_status":"open","template":"","meta":[],"product_brand":[3063],"product_cat":[3044],"product_tag":[],"class_list":{"0":"post-170548","1":"product","2":"type-product","3":"status-publish","4":"has-post-thumbnail","6":"product_brand-avatto","7":"product_cat-juurdepaasu-kontroll","8":"product_shipping_class-innpro","10":"first","11":"outofstock","12":"sale","13":"taxable","14":"shipping-taxable","15":"purchasable","16":"product-type-simple"},"_links":{"self":[{"href":"https:\/\/blankpage.ee\/_ruumist-ruumi\/wp-json\/wp\/v2\/product\/170548","targetHints":{"allow":["GET"]}}],"collection":[{"href":"https:\/\/blankpage.ee\/_ruumist-ruumi\/wp-json\/wp\/v2\/product"}],"about":[{"href":"https:\/\/blankpage.ee\/_ruumist-ruumi\/wp-json\/wp\/v2\/types\/product"}],"replies":[{"embeddable":true,"href":"https:\/\/blankpage.ee\/_ruumist-ruumi\/wp-json\/wp\/v2\/comments?post=170548"}],"wp:featuredmedia":[{"embeddable":true,"href":"https:\/\/blankpage.ee\/_ruumist-ruumi\/wp-json\/wp\/v2\/media\/170555"}],"wp:attachment":[{"href":"https:\/\/blankpage.ee\/_ruumist-ruumi\/wp-json\/wp\/v2\/media?parent=170548"}],"wp:term":[{"taxonomy":"product_brand","embeddable":true,"href":"https:\/\/blankpage.ee\/_ruumist-ruumi\/wp-json\/wp\/v2\/product_brand?post=170548"},{"taxonomy":"product_cat","embeddable":true,"href":"https:\/\/blankpage.ee\/_ruumist-ruumi\/wp-json\/wp\/v2\/product_cat?post=170548"},{"taxonomy":"product_tag","embeddable":true,"href":"https:\/\/blankpage.ee\/_ruumist-ruumi\/wp-json\/wp\/v2\/product_tag?post=170548"}],"curies":[{"name":"wp","href":"https:\/\/api.w.org\/{rel}","templated":true}]}}